{"id":3507,"date":"2020-04-03T13:57:27","date_gmt":"2020-04-03T16:57:27","guid":{"rendered":"https:\/\/www.ufsm.br\/pro-reitorias\/proplan\/?page_id=3507"},"modified":"2020-05-29T14:00:38","modified_gmt":"2020-05-29T17:00:38","slug":"resolucao-n-011-1992","status":"publish","type":"page","link":"https:\/\/www.ufsm.br\/pro-reitorias\/proplan\/resolucao-n-011-1992","title":{"rendered":"Resolu\u00e7\u00e3o N. 011\/1992"},"content":{"rendered":"\t\t<div data-elementor-type=\"wp-page\" data-elementor-id=\"3507\" class=\"elementor elementor-3507\">\n\t\t\t\t\t\t<section class=\"elementor-section elementor-top-section elementor-element elementor-element-0bb7711 elementor-section-boxed elementor-section-height-default elementor-section-height-default\" data-id=\"0bb7711\" data-element_type=\"section\">\n\t\t\t\t\t\t<div class=\"elementor-container elementor-column-gap-default\">\n\t\t\t\t\t<div class=\"elementor-column elementor-col-100 elementor-top-column elementor-element elementor-element-8360e6a\" data-id=\"8360e6a\" data-element_type=\"column\">\n\t\t\t<div class=\"elementor-widget-wrap elementor-element-populated\">\n\t\t\t\t\t\t<div class=\"elementor-element elementor-element-634b4dd elementor-widget elementor-widget-html\" data-id=\"634b4dd\" data-element_type=\"widget\" data-widget_type=\"html.default\">\n\t\t\t\t<div class=\"elementor-widget-container\">\n\t\t\t\r\n\r\n\r\n<title><b>RESOLU\u00c7\u00c3O N. 011\/1992<\/b><\/title>\r\n\r\n\r\n<div align=\"center\"><img decoding=\"async\" src=\"https:\/\/www.ufsm.br\/pro-reitorias\/proplan\/wp-content\/uploads\/sites\/344\/2019\/09\/brasao-da-republica-do-brasil-logo.png\" alt=\"Bras\u00e3o Rep\u00fablica Federativa do Brasil\" width=\"6%\" height=\"6%\"><\/div>    \r\n<h1><font color=\"blue\"><font size=\"5\"><div align=\"center\">SERVI\u00c7O P\u00daBLICO FEDERAL<\/b><\/font><\/font><\/div><\/H1>\r\n\r\n<p><div align=\"center\"><b><a href=\"https:\/\/portal.ufsm.br\/documentos\/publico\/documento.html?id=4508754\"><font color=\"blue\">RESOLU\u00c7\u00c3O N. 011\/1992<\/font><\/a><\/b><\/div><\/p>\r\n\r\n<br>\r\n<p><div align=\"right\"><font color=\"800000\"><strike>Regulamenta a matr\u00edcula do Aluno Especial II no \u00e2mbito da UFSM.<\/strike><\/font><\/div><\/p>\r\n<br>\r\n<p><a href=\"https:\/\/www.ufsm.br\/pro-reitorias\/proplan\/resolucao-n-008-2020\/\" target=\"_blank\"><font color=\"blue\">Revogada pela Resolu\u00e7\u00e3o N. 008\/2020<\/font><\/a><\/p>\r\n<br>\r\n<br><div align=\"justify\">\r\n<strike>\r\n<p>O REITOR DA UNIVERSIDADE FEDERAL DE SANTA MARIA, no uso de suas atribui\u00e7\u00f5es legais e estatut\u00e1rias e, considerando o Projeto aprovado no Conselho de Ensino, Pesquisa e Extens\u00e3o - Processo n\u00ba <a href=\"fsm.br\/documentos\/publico\/processo\/documento.html?idDocumento=15241\" target=\"_blank\"><font color=\"blue\"><u>1471\/92-15<\/u><\/font><\/a>, e o constante no Guia de Matr\u00edcula do 1\u00ba semestre letivo de 1992,<\/p>\r\n<br>\r\n<p><b><div align=\"center\">RESOLVE:<\/b><\/div><\/p>\r\n<br>\r\n<p><b>Art. 1\u00ba - <\/b>Instituir no \u00e2mbito da UFSM a figura do \"Aluno Especial II\", que requer vaga em saldo de no m\u00e1ximo tr\u00eas (3) disciplinas isoladas do cadastro Geral da UFSM, por se- mestre letivo.<\/p>\r\n<p><b>Par\u00e1grafo \u00danico - <\/b>Caracteriza-se o Aluno Especial II, aquele que comprove idade m\u00ednima de 55 anos, na data da matr\u00edcula, independentemente de prova de escolaridade, para tanto:<\/p>\r\n<p><b>a) <\/b>n\u00e3o estar\u00e3o sujeitos \u00e0 avalia\u00e7\u00e3o e freq\u00fc\u00eancia regimentais, de acordo com o disposto no Art. 78, \u00a7 2\u00ba, letra b;<\/p>\r\n<p><b>b) <\/b>s\u00f3 ter\u00e3o direito a certificado de participa\u00e7\u00e3o na(s) disciplina(s), fornecido pelo DERCA, os alunos que apresentarem 75% de assist\u00eancia \u00e0s aulas.<\/p>\r\n\r\n<p><b>Art. 2\u00ba - <\/b>As inscri\u00e7\u00f5es para o acesso \u00e0s vagas de disciplinas isoladas dar-se-\u00e1 em per\u00edodo previsto no Calend\u00e1rio Escolar, por interm\u00e9dio das Coordena\u00e7\u00f5es de Curso, que apresentar\u00e3o o saldo de vagas, apos a matr\u00edcula do Aluno Especial I.<\/p>\r\n<p><b>Art. 3\u00ba - <\/b>Salvo justificativas apresentadas pelos Colegiados de Curso \u00e0 Pr\u00f3-Reitoria de Gradua\u00e7\u00e3o, todo o saldo de vagas em disciplinas, estar\u00e3o \u00e0 disposi\u00e7\u00e3o do Aluno Especial II, junto as Coordena\u00e7\u00f5es de Curso, que prestar\u00e3o orienta\u00e7\u00e3o a inscri\u00e7\u00e3o.<\/p>\r\n<p><b>Art. 4\u00ba - <\/b>A matr\u00edcula propriamente dita ser\u00e1 realizada junto ao DERCA, ap\u00f3s a inscri\u00e7\u00e3o junto aos Cursos, de acordo com per\u00edodo estabelecido pelo Calend\u00e1rio Escolar.<\/p>\r\n<p><b>Art. 5\u00ba - <\/b>A Coordena\u00e7\u00e3o do Projeto Aluno Especial II, promovera, semestralmente, um semin\u00e1rio onde dever\u00e1 apresentar resultados que permitam avaliar \u00e0 continuidade da matr\u00edcula destinada ao Aluno da Categoria Especial II, ou altera\u00e7\u00f5es que se fizerem necess\u00e1rias \u00e0 sistem\u00e1tica de matr\u00edcula, de acordo com o que disp\u00f5e o Art. 3\u00ba acima.<\/p>\r\n<p><b>Art. 6\u00ba - <\/b>Esta Resolu\u00e7\u00e3o entra em vigor na data de sua divulga\u00e7\u00e3o, revogadas as disposi\u00e7\u00f5es em contr\u00e1rio.<\/p>\r\n\r\n<p>GABINETE DO REITOR DA UNIVERSIDADE FEDERAL DE SANTA MARIA, aos 28 dias do m\u00eas de Julho do ano de mil novecentos e noventa e dois.<\/p>\r\n<\/div>\r\n<p>Prof. Tabajara Ga\u00facho da Costa,<\/p>\r\n<p>Reitor.<\/p>\r\n<\/strike>\r\n<p><font color=\"red0000\">Este texto n\u00e3o substitui o documento original, publicado no Portal de Documentos.<\/font> Dispon\u00edvel em: <a href=\"https:\/\/portal.ufsm.br\/documentos\/publico\/documento.html?id=4508754\"><font color=\"blue\">https:\/\/portal.ufsm.br\/documentos\/publico\/documento.html?id=4508754<\/font><\/a>\r\n\r\n\t\t<\/div>\n\t\t\t\t<\/div>\n\t\t\t\t\t<\/div>\n\t\t<\/div>\n\t\t\t\t\t<\/div>\n\t\t<\/section>\n\t\t\t\t<\/div>\n\t\t","protected":false},"excerpt":{"rendered":"<p>RESOLU\u00c7\u00c3O N. 011\/1992 SERVI\u00c7O P\u00daBLICO FEDERAL RESOLU\u00c7\u00c3O N. 011\/1992 Regulamenta a matr\u00edcula do Aluno Especial II no \u00e2mbito da UFSM. Revogada pela Resolu\u00e7\u00e3o N. 008\/2020 O REITOR DA UNIVERSIDADE FEDERAL DE SANTA MARIA, no uso de suas atribui\u00e7\u00f5es legais e estatut\u00e1rias e, considerando o Projeto aprovado no Conselho de Ensino, Pesquisa e Extens\u00e3o &#8211; Processo [&hellip;]<\/p>\n","protected":false},"author":205,"featured_media":0,"parent":0,"menu_order":0,"comment_status":"closed","ping_status":"closed","template":"","meta":{"footnotes":""},"categories":[],"tags":[],"class_list":["post-3507","page","type-page","status-publish","hentry"],"acf":[],"_links":{"self":[{"href":"https:\/\/www.ufsm.br\/pro-reitorias\/proplan\/wp-json\/wp\/v2\/pages\/3507","targetHints":{"allow":["GET"]}}],"collection":[{"href":"https:\/\/www.ufsm.br\/pro-reitorias\/proplan\/wp-json\/wp\/v2\/pages"}],"about":[{"href":"https:\/\/www.ufsm.br\/pro-reitorias\/proplan\/wp-json\/wp\/v2\/types\/page"}],"author":[{"embeddable":true,"href":"https:\/\/www.ufsm.br\/pro-reitorias\/proplan\/wp-json\/wp\/v2\/users\/205"}],"replies":[{"embeddable":true,"href":"https:\/\/www.ufsm.br\/pro-reitorias\/proplan\/wp-json\/wp\/v2\/comments?post=3507"}],"version-history":[{"count":0,"href":"https:\/\/www.ufsm.br\/pro-reitorias\/proplan\/wp-json\/wp\/v2\/pages\/3507\/revisions"}],"wp:attachment":[{"href":"https:\/\/www.ufsm.br\/pro-reitorias\/proplan\/wp-json\/wp\/v2\/media?parent=3507"}],"wp:term":[{"taxonomy":"category","embeddable":true,"href":"https:\/\/www.ufsm.br\/pro-reitorias\/proplan\/wp-json\/wp\/v2\/categories?post=3507"},{"taxonomy":"post_tag","embeddable":true,"href":"https:\/\/www.ufsm.br\/pro-reitorias\/proplan\/wp-json\/wp\/v2\/tags?post=3507"}],"curies":[{"name":"wp","href":"https:\/\/api.w.org\/{rel}","templated":true}]}}