{"id":3508,"date":"2020-04-03T14:05:57","date_gmt":"2020-04-03T17:05:57","guid":{"rendered":"https:\/\/www.ufsm.br\/pro-reitorias\/proplan\/?page_id=3508"},"modified":"2020-05-29T14:00:53","modified_gmt":"2020-05-29T17:00:53","slug":"resolucao-n-012-1992","status":"publish","type":"page","link":"https:\/\/www.ufsm.br\/pro-reitorias\/proplan\/resolucao-n-012-1992","title":{"rendered":"Resolu\u00e7\u00e3o N. 012\/1992"},"content":{"rendered":"\t\t<div data-elementor-type=\"wp-page\" data-elementor-id=\"3508\" class=\"elementor elementor-3508\">\n\t\t\t\t\t\t<section class=\"elementor-section elementor-top-section elementor-element elementor-element-ffd865f elementor-section-boxed elementor-section-height-default elementor-section-height-default\" data-id=\"ffd865f\" data-element_type=\"section\">\n\t\t\t\t\t\t<div class=\"elementor-container elementor-column-gap-default\">\n\t\t\t\t\t<div class=\"elementor-column elementor-col-100 elementor-top-column elementor-element elementor-element-ab812e7\" data-id=\"ab812e7\" data-element_type=\"column\">\n\t\t\t<div class=\"elementor-widget-wrap elementor-element-populated\">\n\t\t\t\t\t\t<div class=\"elementor-element elementor-element-80ccada elementor-widget elementor-widget-html\" data-id=\"80ccada\" data-element_type=\"widget\" data-widget_type=\"html.default\">\n\t\t\t\t<div class=\"elementor-widget-container\">\n\t\t\t\r\n\r\n\r\n<title><b>RESOLU\u00c7\u00c3O N. 012\/1992<\/b><\/title>\r\n\r\n\r\n<div align=\"center\"><img decoding=\"async\" src=\"https:\/\/www.ufsm.br\/pro-reitorias\/proplan\/wp-content\/uploads\/sites\/344\/2019\/09\/brasao-da-republica-do-brasil-logo.png\" alt=\"Bras\u00e3o Rep\u00fablica Federativa do Brasil\" width=\"6%\" height=\"6%\"><\/div>    \r\n<h1><font color=\"blue\"><font size=\"5\"><div align=\"center\">SERVI\u00c7O P\u00daBLICO FEDERAL<\/b><\/font><\/font><\/div><\/H1>\r\n\r\n<p><div align=\"center\"><b><a href=\"https:\/\/portal.ufsm.br\/documentos\/publico\/documento.html?id=4508755\"><font color=\"blue\">RESOLU\u00c7\u00c3O N. 012\/1992<\/font><\/a><\/b><\/div><\/p>\r\n<br>\r\n<p><a href=\"https:\/\/www.ufsm.br\/pro-reitorias\/proplan\/resolucao-n-019-2012\/\"><font color=\"blue\">Revogada pela Resolu\u00e7\u00e3o N. 019\/2012<\/font><\/a><\/p>\r\n<br>\r\n<br><div align=\"justify\">\r\n<strike>\r\n<p>O VICE-REITOR DA UNIVERSIDADE FEDERAL DE SANTA MARIA, no exerc\u00edcio da Reitoria, usando de suas atribui\u00e7\u00f5es legais e estatut\u00e1rias e considerando:<\/p>\r\n<p><b>a) - <\/b>Que a Constitui\u00e7\u00e3o Federal, no seu art. 37, determina reserva de vagas, em concursos p\u00fablicos, para portadores de defici\u00eancia;<\/p>\r\n<p><b>b) - <\/b>Que a <a href=\"http:\/\/www.planalto.gov.br\/ccivil_03\/leis\/l8112cons.htm\" target=\"_blank\"><font color=\"blue\"><u>Lei 8112\/90<\/u><\/font><\/a> (Estatuto do Servidor P\u00fablico Civil da Uni\u00e3o ), no seu art. 5\u00ba, parag. 2\u00ba, estabelece o teto do 20% para tal reserva, sem fixar piso, deixando, pois, ao alvedrio do agente p\u00fablico o poder discricion\u00e1rio de fixar o \u00edndice da reserva;<\/p>\r\n<p><b>c) - <\/b>Que h\u00e1 necessidade urgente de defini\u00e7\u00e3o desse \u00cdndice e bem assim dos procedimentos conseq\u00fcentes, para permitir imediata publica\u00e7\u00e3o do Edital referente aos concursos que viabilizam o preenchimento de vagas existentes, eis que a Institui\u00e7\u00e3o ressente a car\u00eancia de recursos humanos;<\/p>\r\n<p><b>d) - <\/b>Que a submiss\u00e3o pr\u00e9via da mat\u00e9ria ao Egr\u00e9gio Conselho Universit\u00e1rio implicaria no retardamento do processo seletivo e que a quest\u00e3o foi suscitada na fase final da prepara\u00e7\u00e3o do pr\u00e9lio;<\/p>\r\n<p><b>e) - <\/b>Que o n\u00famero de vagas dispon\u00edveis, por categoria, implicaria em inviabilizar a concorr\u00eancia dos deficientes, se fixados \u00edndices mui reduzidos, devendo ser estabelecida razo\u00e1vel propor\u00e7\u00e3o;<\/p>\r\n<br>\r\n<p><b><div align=\"center\">RESOLVE<\/b>, \u201cad referendum\u201d do Conselho Universit\u00e1rio:<\/div><\/p>\r\n<br>\r\n<p><b>I) - <\/b>fixar, em 20% (vinte por cento) do n\u00famero de vagas de cada categoria funcional, as vagas reservadas aos deficientes, assim entendidas as que couberem nos n\u00fameros inteiros decorrentes da aplica\u00e7\u00e3o desse \u00edndice;<\/p>\r\n<p><b>II) - <\/b>a verifica\u00e7\u00e3o da defici\u00eancia, assim como da compatibilidade entre o exerc\u00edcio das atribui\u00e7\u00f5es do cargo pretendido e a defici\u00eancia do inscrito, ser\u00e1 feita pela Junta M\u00e9dica da UFSM, com rela\u00e7\u00e3o aos aprovados, considerando a plenitude do exerc\u00edcio, dura\u00e7\u00e3o da jornada e o \u00f3rg\u00e3o, sentido ou fun\u00e7\u00e3o que caracterize a defici\u00eancia do candidato aprovado;<\/p>\r\n<p><b>III) - <\/b>Os candidatos aprovados, cuja defici\u00eancia n\u00e3o se comprove na forma desta Resolu\u00e7\u00e3o, ser\u00e3o inclu\u00eddos automaticamente na classifica\u00e7\u00e3o geral;<\/p>\r\n<p><b>IV) - <\/b>Os candidatos aprovados cuja defici\u00eancia seja incompat\u00edvel com o exerc\u00edcio do cargo estar\u00e3o automaticamente exclu\u00eddos;<\/p>\r\n<p><b>V) - <\/b>As vagas integrantes da reserva, esgotados os aprovados nesse regime, ser\u00e3o utilizadas por candidatos da classifica\u00e7\u00e3o geral;<\/p>\r\n<p><b>VI) - <\/b>No ato da inscri\u00e7\u00e3o, no regime da reserva, o candidato indicar\u00e1 a defici\u00eancia de que seja portador, n\u00e3o podendo modificar a causa da inclus\u00e3o na reserva, nem pleitear readapta\u00e7\u00e3o.<\/p>\r\n<p><b>VII) - <\/b>Esta Resolu\u00e7\u00e3o entra em vigor nesta data, revogadas as disposi\u00e7\u00f5es em contr\u00e1rio.<\/p>\r\n\r\n<p>GABINETE DO REITOR DA UNIVERSIDADE FEDERAL DE SANTA MARIA, aos dezenove dias do m\u00eas de outubro de mil novecentos e noventa e dois.<\/p>\r\n\r\n<\/div>\r\n<p>Prof. Jo\u00e3o Luiz de Oliveira Roth,<\/p>\r\n<p>Vice-Reitor, no exerc\u00edcio da Reitoria.<\/p>\r\n<\/strike>\r\n<p><font color=\"red0000\">Este texto n\u00e3o substitui o documento original, publicado no Portal de Documentos.<\/font> Dispon\u00edvel em: <a href=\"https:\/\/portal.ufsm.br\/documentos\/publico\/documento.html?id=4508755\"><font color=\"blue\">https:\/\/portal.ufsm.br\/documentos\/publico\/documento.html?id=4508755<\/font><\/a>\r\n\r\n\t\t<\/div>\n\t\t\t\t<\/div>\n\t\t\t\t\t<\/div>\n\t\t<\/div>\n\t\t\t\t\t<\/div>\n\t\t<\/section>\n\t\t\t\t<\/div>\n\t\t","protected":false},"excerpt":{"rendered":"<p>RESOLU\u00c7\u00c3O N. 012\/1992 SERVI\u00c7O P\u00daBLICO FEDERAL RESOLU\u00c7\u00c3O N. 012\/1992 Revogada pela Resolu\u00e7\u00e3o N. 019\/2012 O VICE-REITOR DA UNIVERSIDADE FEDERAL DE SANTA MARIA, no exerc\u00edcio da Reitoria, usando de suas atribui\u00e7\u00f5es legais e estatut\u00e1rias e considerando: a) &#8211; Que a Constitui\u00e7\u00e3o Federal, no seu art. 37, determina reserva de vagas, em concursos p\u00fablicos, para portadores de [&hellip;]<\/p>\n","protected":false},"author":205,"featured_media":0,"parent":0,"menu_order":0,"comment_status":"closed","ping_status":"closed","template":"","meta":{"footnotes":""},"categories":[],"tags":[],"class_list":["post-3508","page","type-page","status-publish","hentry"],"acf":[],"_links":{"self":[{"href":"https:\/\/www.ufsm.br\/pro-reitorias\/proplan\/wp-json\/wp\/v2\/pages\/3508","targetHints":{"allow":["GET"]}}],"collection":[{"href":"https:\/\/www.ufsm.br\/pro-reitorias\/proplan\/wp-json\/wp\/v2\/pages"}],"about":[{"href":"https:\/\/www.ufsm.br\/pro-reitorias\/proplan\/wp-json\/wp\/v2\/types\/page"}],"author":[{"embeddable":true,"href":"https:\/\/www.ufsm.br\/pro-reitorias\/proplan\/wp-json\/wp\/v2\/users\/205"}],"replies":[{"embeddable":true,"href":"https:\/\/www.ufsm.br\/pro-reitorias\/proplan\/wp-json\/wp\/v2\/comments?post=3508"}],"version-history":[{"count":0,"href":"https:\/\/www.ufsm.br\/pro-reitorias\/proplan\/wp-json\/wp\/v2\/pages\/3508\/revisions"}],"wp:attachment":[{"href":"https:\/\/www.ufsm.br\/pro-reitorias\/proplan\/wp-json\/wp\/v2\/media?parent=3508"}],"wp:term":[{"taxonomy":"category","embeddable":true,"href":"https:\/\/www.ufsm.br\/pro-reitorias\/proplan\/wp-json\/wp\/v2\/categories?post=3508"},{"taxonomy":"post_tag","embeddable":true,"href":"https:\/\/www.ufsm.br\/pro-reitorias\/proplan\/wp-json\/wp\/v2\/tags?post=3508"}],"curies":[{"name":"wp","href":"https:\/\/api.w.org\/{rel}","templated":true}]}}