{"id":3509,"date":"2020-04-03T14:06:04","date_gmt":"2020-04-03T17:06:04","guid":{"rendered":"https:\/\/www.ufsm.br\/pro-reitorias\/proplan\/?page_id=3509"},"modified":"2020-05-29T14:01:07","modified_gmt":"2020-05-29T17:01:07","slug":"resolucao-n-013-1992","status":"publish","type":"page","link":"https:\/\/www.ufsm.br\/pro-reitorias\/proplan\/resolucao-n-013-1992","title":{"rendered":"Resolu\u00e7\u00e3o N. 013\/1992"},"content":{"rendered":"\t\t<div data-elementor-type=\"wp-page\" data-elementor-id=\"3509\" class=\"elementor elementor-3509\">\n\t\t\t\t\t\t<section class=\"elementor-section elementor-top-section elementor-element elementor-element-19619aa elementor-section-boxed elementor-section-height-default elementor-section-height-default\" data-id=\"19619aa\" data-element_type=\"section\">\n\t\t\t\t\t\t<div class=\"elementor-container elementor-column-gap-default\">\n\t\t\t\t\t<div class=\"elementor-column elementor-col-100 elementor-top-column elementor-element elementor-element-feafe17\" data-id=\"feafe17\" data-element_type=\"column\">\n\t\t\t<div class=\"elementor-widget-wrap elementor-element-populated\">\n\t\t\t\t\t\t<div class=\"elementor-element elementor-element-9b0eacf elementor-widget elementor-widget-html\" data-id=\"9b0eacf\" data-element_type=\"widget\" data-widget_type=\"html.default\">\n\t\t\t\t<div class=\"elementor-widget-container\">\n\t\t\t\r\n\r\n\r\n<title><b>RESOLU\u00c7\u00c3O N. 013\/1992<\/b><\/title>\r\n\r\n\r\n<div align=\"center\"><img decoding=\"async\" src=\"https:\/\/www.ufsm.br\/pro-reitorias\/proplan\/wp-content\/uploads\/sites\/344\/2019\/09\/brasao-da-republica-do-brasil-logo.png\" alt=\"Bras\u00e3o Rep\u00fablica Federativa do Brasil\" width=\"6%\" height=\"6%\"><\/div>    \r\n<h1><font color=\"blue\"><font size=\"5\"><div align=\"center\">SERVI\u00c7O P\u00daBLICO FEDERAL<\/b><\/font><\/font><\/div><\/H1>\r\n\r\n<p><div align=\"center\"><b><a href=\"https:\/\/portal.ufsm.br\/documentos\/publico\/documento.html?id=4508756\"><font color=\"blue\">RESOLU\u00c7\u00c3O N. 013\/1992<\/font><\/a><\/b><\/div><\/p>\r\n<br>\r\n<p><a href=\"https:\/\/www.ufsm.br\/pro-reitorias\/proplan\/resolucao-n-008-1993\/\"><font color=\"blue\">Revogada pela Resolu\u00e7\u00e3o N. 008\/1993<\/font><\/a><\/p>\r\n<br>\r\n<br><div align=\"justify\">\r\n<strike>\r\n<p>O VICE-REITOR DA UNIVERSIDADE FEDERAL DE SANTA MARIA, no exerc\u00edcio da Reitoria, usando de suas atribui\u00e7\u00f5es legais e estatut\u00e1rias e tendo em vista a delibera\u00e7\u00e3o do Egr\u00e9gio Conselho Universit\u00e1rio, na sess\u00e3o n\u00ba 139, sobre o Processo n\u00ba <a href=\"https:\/\/portal.ufsm.br\/documentos\/publico\/processo\/documento.html?idDocumento=78114\" target=\"_blank\"><font color=\"blue\"><u>008462\/92-74<\/u><\/font><\/a>,<\/p>\r\n<br>\r\n<p><b><div align=\"center\">RESOLVE:<\/b><\/div><\/p>\r\n<br>\r\n<p><b>Art. 1\u00ba - <\/b>Ficam canceladas as autoriza\u00e7\u00f5es para experi\u00eancias em trinta horas de trabalho dadas pela \u201cComiss\u00e3o de Trabalho e Avalia\u00e7\u00e3o\u201d, nomeada conforme Parecer 1\u00ba n\u00ba 14\/92, dos mesmos Conselho e Processo.<\/p>\r\n<p><b>Art. 2\u00ba - <\/b>A referida Comiss\u00e3o elaborar\u00e1 um \u201cPlano de Implanta\u00e7\u00e3o do Hor\u00e1rio Escalonado\u201d e um \u201cEstudo de Redimensionamento dos Recursos Humanos\u201d.<\/p>\r\n<p><b>Par\u00e1grafo \u00danico - <\/b>Tais planos ser\u00e3o elaborados e apresentados para exame do Conselho Universit\u00e1rio com anteced\u00eancia que permita delibera\u00e7\u00e3o pelo Colegiado at\u00e9 31.03.93, face ao disposto nos artigos seguintes.<\/p>\r\n\r\n<p><b>Art. 3\u00ba - <\/b>Planos de unidades administrativas ser\u00e3o apresentados \u00e0 Comiss\u00e3o at\u00e9 22 de mar\u00e7o de 1993, visando \u00e0 implanta\u00e7\u00e3o do processo em car\u00e1ter experimental. Art. 4\u00ba O per\u00edodo experimental ser\u00e1 de 06 (seis) meses a contar de O2 de abril de 1993, prorrog\u00e1vel por igual per\u00edodo, se assim decidir o Conselho Universit\u00e1rio por necessidade de maiores elementos de avalia\u00e7\u00e3o.<\/p>\r\n<p><b>Art. 4\u00ba - <\/b>O per\u00edodo experimental ser\u00e1 de 06 (seis) meses a contar de O2 de abril de 1993, prorrog\u00e1vel por igual per\u00edodo, se assim decidir o Conselho Universit\u00e1rio por necessidade de maiores elementos de avalia\u00e7\u00e3o.<\/p>\r\n<p><b>Art. 5\u00ba - <\/b>Esta Resolu\u00e7\u00e3o entrar\u00e1 em vigor dia 26\/10\/92, revogadas as disposi\u00e7\u00f5es em contr\u00e1rio, com conseq\u00fcente retorno ao regime anterior, de 40 (quarenta) horas semanais.<\/p>\r\n\r\n\r\n<p>GABINETE DO REITOR DA UNIVERSIDADE FEDERAL DE SANTA MARIA, aos dezenove dias do m\u00eas de outubro do ano de mil novecentos e noventa e dois.<\/p>\r\n<\/div>\r\n<p>Prof. Jo\u00e3o Luiz de Oliveira Roth,<\/p>\r\n<p>Vice-Reitor, no exerc\u00edcio da Reitoria.<\/p>\r\n<\/strike>\r\n<p><font color=\"red0000\">Este texto n\u00e3o substitui o documento original, publicado no Portal de Documentos.<\/font> Dispon\u00edvel em: <a href=\"https:\/\/portal.ufsm.br\/documentos\/publico\/documento.html?id=4508756\"><font color=\"blue\">https:\/\/portal.ufsm.br\/documentos\/publico\/documento.html?id=4508756<\/font><\/a>\r\n\r\n\t\t<\/div>\n\t\t\t\t<\/div>\n\t\t\t\t\t<\/div>\n\t\t<\/div>\n\t\t\t\t\t<\/div>\n\t\t<\/section>\n\t\t\t\t<\/div>\n\t\t","protected":false},"excerpt":{"rendered":"<p>RESOLU\u00c7\u00c3O N. 013\/1992 SERVI\u00c7O P\u00daBLICO FEDERAL RESOLU\u00c7\u00c3O N. 013\/1992 Revogada pela Resolu\u00e7\u00e3o N. 008\/1993 O VICE-REITOR DA UNIVERSIDADE FEDERAL DE SANTA MARIA, no exerc\u00edcio da Reitoria, usando de suas atribui\u00e7\u00f5es legais e estatut\u00e1rias e tendo em vista a delibera\u00e7\u00e3o do Egr\u00e9gio Conselho Universit\u00e1rio, na sess\u00e3o n\u00ba 139, sobre o Processo n\u00ba 008462\/92-74, RESOLVE: Art. 1\u00ba [&hellip;]<\/p>\n","protected":false},"author":205,"featured_media":0,"parent":0,"menu_order":0,"comment_status":"closed","ping_status":"closed","template":"","meta":{"footnotes":""},"categories":[],"tags":[],"class_list":["post-3509","page","type-page","status-publish","hentry"],"acf":[],"_links":{"self":[{"href":"https:\/\/www.ufsm.br\/pro-reitorias\/proplan\/wp-json\/wp\/v2\/pages\/3509","targetHints":{"allow":["GET"]}}],"collection":[{"href":"https:\/\/www.ufsm.br\/pro-reitorias\/proplan\/wp-json\/wp\/v2\/pages"}],"about":[{"href":"https:\/\/www.ufsm.br\/pro-reitorias\/proplan\/wp-json\/wp\/v2\/types\/page"}],"author":[{"embeddable":true,"href":"https:\/\/www.ufsm.br\/pro-reitorias\/proplan\/wp-json\/wp\/v2\/users\/205"}],"replies":[{"embeddable":true,"href":"https:\/\/www.ufsm.br\/pro-reitorias\/proplan\/wp-json\/wp\/v2\/comments?post=3509"}],"version-history":[{"count":0,"href":"https:\/\/www.ufsm.br\/pro-reitorias\/proplan\/wp-json\/wp\/v2\/pages\/3509\/revisions"}],"wp:attachment":[{"href":"https:\/\/www.ufsm.br\/pro-reitorias\/proplan\/wp-json\/wp\/v2\/media?parent=3509"}],"wp:term":[{"taxonomy":"category","embeddable":true,"href":"https:\/\/www.ufsm.br\/pro-reitorias\/proplan\/wp-json\/wp\/v2\/categories?post=3509"},{"taxonomy":"post_tag","embeddable":true,"href":"https:\/\/www.ufsm.br\/pro-reitorias\/proplan\/wp-json\/wp\/v2\/tags?post=3509"}],"curies":[{"name":"wp","href":"https:\/\/api.w.org\/{rel}","templated":true}]}}