{"id":3512,"date":"2020-04-03T14:18:53","date_gmt":"2020-04-03T17:18:53","guid":{"rendered":"https:\/\/www.ufsm.br\/pro-reitorias\/proplan\/?page_id=3512"},"modified":"2020-05-29T14:01:46","modified_gmt":"2020-05-29T17:01:46","slug":"resolucao-n-017-1992","status":"publish","type":"page","link":"https:\/\/www.ufsm.br\/pro-reitorias\/proplan\/resolucao-n-017-1992","title":{"rendered":"Resolu\u00e7\u00e3o N. 017\/1992"},"content":{"rendered":"\t\t<div data-elementor-type=\"wp-page\" data-elementor-id=\"3512\" class=\"elementor elementor-3512\">\n\t\t\t\t\t\t<section class=\"elementor-section elementor-top-section elementor-element elementor-element-e8abd79 elementor-section-boxed elementor-section-height-default elementor-section-height-default\" data-id=\"e8abd79\" data-element_type=\"section\">\n\t\t\t\t\t\t<div class=\"elementor-container elementor-column-gap-default\">\n\t\t\t\t\t<div class=\"elementor-column elementor-col-100 elementor-top-column elementor-element elementor-element-f499bd4\" data-id=\"f499bd4\" data-element_type=\"column\">\n\t\t\t<div class=\"elementor-widget-wrap elementor-element-populated\">\n\t\t\t\t\t\t<div class=\"elementor-element elementor-element-cf5499a elementor-widget elementor-widget-html\" data-id=\"cf5499a\" data-element_type=\"widget\" data-widget_type=\"html.default\">\n\t\t\t\t<div class=\"elementor-widget-container\">\n\t\t\t\r\n\r\n\r\n<title><b>RESOLU\u00c7\u00c3O N. 017\/1992<\/b><\/title>\r\n\r\n\r\n<div align=\"center\"><img decoding=\"async\" src=\"https:\/\/www.ufsm.br\/pro-reitorias\/proplan\/wp-content\/uploads\/sites\/344\/2019\/09\/brasao-da-republica-do-brasil-logo.png\" alt=\"Bras\u00e3o Rep\u00fablica Federativa do Brasil\" width=\"6%\" height=\"6%\"><\/div>    \r\n<h1><font color=\"blue\"><font size=\"5\"><div align=\"center\">SERVI\u00c7O P\u00daBLICO FEDERAL<\/b><\/font><\/font><\/div><\/H1>\r\n\r\n<p><div align=\"center\"><b><a href=\"https:\/\/portal.ufsm.br\/documentos\/publico\/documento.html?id=4508743\"><font color=\"blue\">RESOLU\u00c7\u00c3O N. 017\/1992<\/font><\/a><\/b><\/div><\/p>\r\n<br>\r\n<p><div align=\"right\"><font color=\"800000\"><strike>Regulamenta, no \u00e2mbito da UFSM, na forma legal vigente, a Remunera\u00e7\u00e3o dos Cargos Efetivos, das Fun\u00e7\u00f5es Comissionadas e Gratificadas, das Incorpora\u00e7\u00f5es de Fun\u00e7\u00f5es, dos Proventos de Aposentadoria e das Pens\u00f5es.<\/strike><\/font><\/div><\/p>\r\n<br>\r\n<p><a href=\"https:\/\/www.ufsm.br\/pro-reitorias\/proplan\/resolucao-n-003-1993\/\"><font color=\"blue\">Revogada pela Resolu\u00e7\u00e3o N. 003\/1993<\/font><\/a><\/p>\r\n<br>\r\n<br><div align=\"justify\">\r\n<strike>\r\n<p>O Vice-Reitor da Universidade Federal de Santa Maria, no exerc\u00edcio da Reitoria, nos termos da legisla\u00e7\u00e3o vigente e de acordo com suas atribui\u00e7\u00f5es legais e estatut\u00e1rias, visando disciplinar a remunera\u00e7\u00e3o dos Servidores Ativos, dos Aposentados e dos Pensionistas,<\/p>\r\n<br>\r\n<p><b><div align=\"center\">RESOLVE:<\/b><\/div><\/p>\r\n<br>\r\n<p><b>Art. 1\u00ba - <\/b>Regulamentar a composi\u00e7\u00e3o da Remunera\u00e7\u00e3o dos Servidores Ativos, dos Aposentados e dos Pensionistas no \u00e2mbito da Universidade Federal de Santa Maria, nos termos da <a href=\"http:\/\/www.planalto.gov.br\/ccivil_03\/leis\/ldl\/ldl13.htm\" target=\"_blank\"><font color=\"blue\"><u>Lei Delegada n\u00ba 13 de 27 de agosto de 1992<\/u><\/font><\/a>, publicada no Di\u00e1rio Oficial da Uni\u00e3o de 28 de agosto de 1992 e <a href=\"http:\/\/www.planalto.gov.br\/ccivil_03\/LEIS\/L8460consol.htm\" target=\"_blank\"><font color=\"blue\"><u>Lei n\u00ba 8.460 de 17 de setembro de 1992<\/u><\/font><\/a>, publicada no Di\u00e1rio Oficial da Uni\u00e3o do mesmo dia, conjugadas com as Tabelas Espec\u00edficas dos Cargos e Fun\u00e7\u00f5es e <a href=\"http:\/\/www.planalto.gov.br\/ccivil_03\/leis\/l8112cons.htm\" target=\"_blank\"><font color=\"blue\"><u>Lei n\u00ba 8.112 de 11 de dezembro de 1990<\/u><\/font><\/a>, publicada no Di\u00e1rio Oficial da Uni\u00e3o de 12 de dezembro de 1990.<p>\r\n<p><b>Art. 2\u00ba - <\/b>A remunera\u00e7\u00e3o dos Servidores Ativos E dos designados para fun\u00e7\u00f5es comissionadas sem v\u00ednculo com a Institui\u00e7\u00e3o, \u00e9 definida conforme as seguintes situa\u00e7\u00f5es:<p>\r\n\r\n<p><b>I\u00ba - <\/b>Servidor ocupante de Cargo Efetivo:<p>\r\n<p><b>a) <\/b>VB - Vencimento B\u00e1sico - Tabelas de Remunera\u00e7\u00e3o;<p>\r\n<p><b>b) <\/b>GA - Gratifica\u00e7\u00e3o de Atividade - % S\/VB Art. 11 da <a href=\"http:\/\/www.planalto.gov.br\/ccivil_03\/leis\/ldl\/ldl13.htm\" target=\"_blank\"><font color=\"blue\"><u>LD n\u00ba 13\/92<\/u><\/font><\/a>;<p>\r\n<p><b>c) <\/b>Anu\u00eanio - % S\/VB - Art. 35 do anexo ao <a href=\"http:\/\/www.planalto.gov.br\/ccivil_03\/decreto\/antigos\/d94664.htm\" target=\"_blank\"><font color=\"blue\"><u>Dec. n\u00ba 94.664\/87<\/u><\/font><\/a> e Art. 67 da <a href=\"http:\/\/www.planalto.gov.br\/ccivil_03\/leis\/l8112cons.htm\" target=\"_blank\"><font color=\"blue\"><u>Lei n\u00ba 8112\/90<\/u><\/font><\/a>.<p>\r\n\r\n<p><b>II \u00ba - <\/b>Servidor ocupante de Cargo Efetivo designado para Fun\u00e7\u00e3o Gratificada:<p>\r\n<p><b>a) <\/b>VB - Vencimento B\u00e1sico - Tabelas de Remunera\u00e7\u00e3o;<p>\r\n<p><b>b) <\/b>FG - Fun\u00e7\u00e3o Gratificada - Tabelas de Retribui\u00e7\u00e3o;<p>\r\n<p><b>c) <\/b>GA - Gratifica\u00e7\u00e3o de Atividade - % S\/VB - Art. 11 da <a href=\"http:\/\/www.planalto.gov.br\/ccivil_03\/leis\/ldl\/ldl13.htm\" target=\"_blank\"><font color=\"blue\"><u>LD n\u00ba 13\/92<\/u><\/font><\/a>;<p>\r\n<p><b>d) <\/b>GADF - Gratifica\u00e7\u00e3o de Atividade pelo Desempenho da Fun\u00e7\u00e3o - Art. 14 e Art. 15 da <a href=\"http:\/\/www.planalto.gov.br\/ccivil_03\/leis\/ldl\/ldl13.htm\" target=\"_blank\"><font color=\"blue\"><u>LD n\u00ba 13\/92<\/u><\/font><\/a>;<p>\r\n<p><b>e) <\/b>Anu\u00eanio - % S\/VB - Art. 35 do anexo ao <a href=\"http:\/\/www.planalto.gov.br\/ccivil_03\/decreto\/antigos\/d94664.htm\" target=\"_blank\"><font color=\"blue\"><u>Dec. n\u00ba 94.664\/87<\/u><\/font><\/a> e Art. 67 da <a href=\"http:\/\/www.planalto.gov.br\/ccivil_03\/leis\/l8112cons.htm\" target=\"_blank\"><font color=\"blue\"><u>Lei n\u00ba 8112\/90<\/u><\/font><\/a>.<p>\r\n\r\n<p><b>III \u00ba- <\/b>Servidor ocupante de Cargo Efetivo com gratifica\u00e7\u00e3o acess\u00f3ria do cargo:<p>\r\n<p><b>a) <\/b>VB - Vencimento B\u00e1sico - Tabelas de Remunera\u00e7\u00e3o;<p>\r\n<p><b>b) <\/b>GA - Gratifica\u00e7\u00e3o de Atividade - % S\/VB - Art. 11 da <a href=\"http:\/\/www.planalto.gov.br\/ccivil_03\/leis\/ldl\/ldl13.htm\" target=\"_blank\"><font color=\"blue\"><u>LD n\u00ba 13\/92<\/u><\/font><\/a>;<p>\r\n<p><b>c) <\/b>GAc - Gratifica\u00e7\u00e3o Acess\u00f3ria - Anexo IX da <a href=\"http:\/\/www.planalto.gov.br\/ccivil_03\/LEIS\/L8460consol.htm\" target=\"_blank\"><font color=\"blue\"><u>Lei n\u00ba 8460\/92<\/u><\/font><\/a>;<p>\r\n<p><b>d) <\/b>Anu\u00eanio - % S\/VB - Art. 35 do anexo ao <a href=\"http:\/\/www.planalto.gov.br\/ccivil_03\/decreto\/antigos\/d94664.htm\" target=\"_blank\"><font color=\"blue\"><u>Dec. n\u00ba 94.664\/87<\/u><\/font><\/a> e Art. 67 da <a href=\"http:\/\/www.planalto.gov.br\/ccivil_03\/leis\/l8112cons.htm\" target=\"_blank\"><font color=\"blue\"><u>Lei n\u00ba 8112\/90<\/u><\/font><\/a>.<p>\r\n\r\n<p><b>IV \u00ba - <\/b>Ocupante de Cargo de Dire\u00e7\u00e3o sem V\u00ednculo com a Institui\u00e7\u00e3o:<p>\r\n<p><b>a) <\/b>CD - Cargo de Dire\u00e7\u00e3o - Tabela de CD - <a href=\"http:\/\/www.planalto.gov.br\/ccivil_03\/LEIS\/L8168.htm\" target=\"_blank\"><font color=\"blue\"><u>Lei n\u00ba 8168\/91<\/u><\/font><\/a>;<p>\r\n<p><b>b) <\/b>GA - Gratifica\u00e7\u00e3o de Atividade - % S\/CD - Art. 11 da <a href=\"http:\/\/www.planalto.gov.br\/ccivil_03\/leis\/ldl\/ldl13.htm\" target=\"_blank\"><font color=\"blue\"><u>LD n\u00ba 13\/92<\/u><\/font><\/a>;<p>\r\n<p><b>c) <\/b>GADF - Gratifica\u00e7\u00e3o de Atividade pelo Desempenho da Fun\u00e7\u00e3o - Art. 14 <a href=\"http:\/\/www.planalto.gov.br\/ccivil_03\/leis\/ldl\/ldl13.htm\" target=\"_blank\"><font color=\"blue\"><u>LD n\u00ba 13\/92<\/u><\/font><\/a> - Anexo I;<p>\r\n<p><b>d) <\/b>Anu\u00eanio - % S\/CD - Art. 67 da <a href=\"http:\/\/www.planalto.gov.br\/ccivil_03\/leis\/l8112cons.htm\" target=\"_blank\"><font color=\"blue\"><u>Lei n\u00ba 8112\/90<\/u><\/font><\/a> e of\u00edcio circular n\u00ba 11\/SAF de 21\/09\/92.<p>\r\n  \r\n<p><b>V \u00ba - <\/b>Servidor ocupante de Cargo Efetivo designado para cargo de Dire\u00e7\u00e3o:<p>\r\n<p><b>a) <\/b>CD - Cargo de Dire\u00e7\u00e3o -Tabela de CD - <a href=\"http:\/\/www.planalto.gov.br\/ccivil_03\/LEIS\/L8168.htm\" target=\"_blank\"><font color=\"blue\"><u>Lei n\u00ba 8168\/91<\/u><\/font><\/a>;<p>\r\n<p><b>b) <\/b>GA - Gratifica\u00e7\u00e3o de Atividade - % S\/CD - Art. 11 da <a href=\"http:\/\/www.planalto.gov.br\/ccivil_03\/leis\/ldl\/ldl13.htm\" target=\"_blank\"><font color=\"blue\"><u>LD n\u00ba 13\/92<\/u><\/font><\/a>;<p>\r\n<p><b>c) <\/b>GADF - Gratifica\u00e7\u00e3o de Atividade pelo Desempenho da Fun\u00e7\u00e3o - Art. 14 <a href=\"http:\/\/www.planalto.gov.br\/ccivil_03\/leis\/ldl\/ldl13.htm\" target=\"_blank\"><font color=\"blue\"><u>LD n\u00ba 13\/92<\/u><\/font><\/a> - Anexo I;<p>\r\n<p><b>d) <\/b>Anu\u00eanio - % S\/CD - Art. 67 da <a href=\"http:\/\/www.planalto.gov.br\/ccivil_03\/leis\/l8112cons.htm\" target=\"_blank\"><font color=\"blue\"><u>Lei n\u00ba 8112\/90<\/u><\/font><\/a> e of\u00edcio circular n\u00ba 11\/SFA de 21\/09\/92.<p>\r\n\r\n<p><b>VI \u00ba - <\/b>Servidor ocupante de Cargo Efetivo designado para Cargo de Dire\u00e7\u00e3o com op\u00e7\u00e3o pela Remunera\u00e7\u00e3o do Cargo Efetivo:<p>\r\n<p><b>a) <\/b>VB - Vencimento B\u00e1sico - Tabelas de Remunera\u00e7\u00e3o;<p>\r\n<p><b>b) <\/b>VR - Verba de Representa\u00e7\u00e3o - 55% S\/CD - <a href=\"http:\/\/www.planalto.gov.br\/ccivil_03\/LEIS\/L8168.htm\" target=\"_blank\"><font color=\"blue\"><u>Lei n\u00ba 8168\/91<\/u><\/font><\/a>;<p>\r\n<p><b>c) <\/b>GA - Gratifica\u00e7\u00e3o de Atividade - % S\/VB - Art. 11 da <a href=\"http:\/\/www.planalto.gov.br\/ccivil_03\/leis\/ldl\/ldl13.htm\" target=\"_blank\"><font color=\"blue\"><u>LD n\u00ba 13\/92<\/u><\/font><\/a>;<p>\r\n<p><b>d) <\/b>GADF - Gratifica\u00e7\u00e3o de Atividade pelo Desempenho da Fun\u00e7\u00e3o - % S\/VR - Art. 14 e 15 de <a href=\"http:\/\/www.planalto.gov.br\/ccivil_03\/leis\/ldl\/ldl13.htm\" target=\"_blank\"><font color=\"blue\"><u>LD n\u00ba 13\/92<\/u><\/font><\/a>;<p>\r\n<p><b>e) <\/b>Anu\u00eanio - % S\/VB - Art. 35 do Anexo ao <a href=\"http:\/\/www.planalto.gov.br\/ccivil_03\/decreto\/antigos\/d94664.htm\" target=\"_blank\"><font color=\"blue\"><u>Dec. n\u00ba 94.664\/87<\/u><\/font><\/a> e Art. 67 da <a href=\"http:\/\/www.planalto.gov.br\/ccivil_03\/leis\/l8112cons.htm\" target=\"_blank\"><font color=\"blue\"><u>Lei n\u00ba 8112\/90<\/u><\/font><\/a>.<p>\r\n\r\n<p><b>VII \u00ba - <\/b>Ocupante de Fun\u00e7\u00e3o Comissionada designado nos termos da Portaria MEC n\u00ba 474\/87:<p>\r\n<p><b>a) <\/b>FC - <\/b>Fun\u00e7\u00e3o Comissionada - Titular, Dr, DE,+ GA % <a href=\"http:\/\/www.planalto.gov.br\/ccivil_03\/leis\/ldl\/ldl13.htm\" target=\"_blank\"><font color=\"blue\"><u>LD 13\/92<\/u><\/font><\/a> + %da Lei 7596\/87<\/u><\/font><\/a>, Portaria MEC n\u00ba 474\/87;<p>\r\n<p><b>b) <\/b>GADF - <\/b>Gratifica\u00e7\u00e3o de Atividade pelo Exerc\u00edcio de Fun\u00e7\u00e3o - Art. 14 e 15 da <a href=\"http:\/\/www.planalto.gov.br\/ccivil_03\/leis\/ldl\/ldl13.htm\" target=\"_blank\"><font color=\"blue\"><u>LD n\u00ba 13\/92<\/u><\/font><\/a>;<p>\r\n<p><b>c) <\/b>Anu\u00eanio - <\/b>% S\/FC - Art. 35 do anexo do <a href=\"http:\/\/www.planalto.gov.br\/ccivil_03\/decreto\/antigos\/d94664.htm\" target=\"_blank\"><font color=\"blue\"><u>Dec. 94664\/87<\/u><\/font><\/a> e Art. 67 da <a href=\"http:\/\/www.planalto.gov.br\/ccivil_03\/leis\/l8112cons.htm\" target=\"_blank\"><font color=\"blue\"><u>Lei n\u00ba 8112\/90<\/u><\/font><\/a>.<p>\r\n\r\n<p><b>Art. 3\u00ba - <\/b>A incorpora\u00e7\u00e3o de Fun\u00e7\u00e3o Comissionada, Cargo de Dire\u00e7\u00e3o e Fun\u00e7\u00e3o Gratificada ser\u00e1 efetivada nos Termos do Art. 62 da <a href=\"http:\/\/www.planalto.gov.br\/ccivil_03\/leis\/l8112cons.htm\" target=\"_blank\"><font color=\"blue\"><u>Lei n\u00ba 8112\/90<\/u><\/font><\/a>, respeitados as bases de c\u00e1lculo respectivos.<p>\r\n<p><b>\u00a7 1\u00ba - <\/b>A Fun\u00e7\u00e3o Gratificada incorpora-se a remunera\u00e7\u00e3o do servidor e integra o provento de aposentadoria, na propor\u00e7\u00e3o de 1\/5 (um quinto) por ano de exerc\u00edcio da fun\u00e7\u00e3o at\u00e9 o limite de 5\/5 (cinco quintos).<p>\r\n<p><b>\u00a7 2\u00ba - <\/b>A incorpora\u00e7\u00e3o da Fun\u00e7\u00e3o Comissionada far-se-\u00e1 sobre a diferen\u00e7a entre a Fun\u00e7\u00e3o Comissionada e o vencimento do cargo efetivo, a raz\u00e3o de 1\/5 (um quinto) para cada ano de exerc\u00edcio, limitada a 5\/5 (cinco quintos), incidindo, sobre este valor, o percentual dos anu\u00eanios.<p>\r\n\r\n<p><b>Art. 4\u00ba - <\/b>A remunera\u00e7\u00e3o dos Aposentados e Pensionistas dar-se-\u00e1 de acordo com as seguintes situa\u00e7\u00f5es:<p>\r\n<p><b>I\u00ba - <\/b>Servidor Aposentado e Pensionista amparado pelo Art. 180 da <a href=\"http:\/\/www.planalto.gov.br\/ccivil_03\/leis\/1950-1969\/L1711.htm\" target=\"_blank\"><font color=\"blue\"><u>Lei 1711\/52<\/u><\/font><\/a> e Art. 193 da <a href=\"http:\/\/www.planalto.gov.br\/ccivil_03\/leis\/l8112cons.htm\" target=\"_blank\"><font color=\"blue\"><u>Lei 8112\/90<\/u><\/font><\/a>, com percep\u00e7\u00e3o de FC:<p>\r\n<p><b>a) <\/b>FC - Fun\u00e7\u00e3o Comissionada - Titular, Dr, DE+ GA % da <a href=\"http:\/\/www.planalto.gov.br\/ccivil_03\/leis\/ldl\/ldl13.htm\" target=\"_blank\"><font color=\"blue\"><u>LD n\u00ba 13\/92<\/u><\/font><\/a> + % da <a href=\"http:\/\/www.planalto.gov.br\/ccivil_03\/leis\/L7596.htm\" target=\"_blank\"><font color=\"blue\"><u>Lei n\u00ba 7596\/87<\/u><\/font><\/a> e Portaria MEC 474\/87 \u2014 Art. 180, <a href=\"http:\/\/www.planalto.gov.br\/ccivil_03\/leis\/1950-1969\/L1711.htm\" target=\"_blank\"><font color=\"blue\"><u>Lei 1711\/52<\/u><\/font><\/a> e Art. 193, <a href=\"http:\/\/www.planalto.gov.br\/ccivil_03\/leis\/l8112cons.htm\" target=\"_blank\"><font color=\"blue\"><u>Lei 8112\/90<\/u><\/font><\/a>;<p>\r\n<p><b>b) <\/b>Anu\u00eanio - % S\/FC - Art. 35 do anexo do <a href=\"http:\/\/www.planalto.gov.br\/ccivil_03\/decreto\/antigos\/d94664.htm\" target=\"_blank\"><font color=\"blue\"><u>Dec. n\u00ba 94.664\/87<\/u><\/font><\/a> e Art. 67 da <a href=\"http:\/\/www.planalto.gov.br\/ccivil_03\/leis\/l8112cons.htm\" target=\"_blank\"><font color=\"blue\"><u>Lei n\u00ba 8112\/90<\/u><\/font><\/a>.<p>\r\n\r\n<p><b>II\u00ba - <\/b>Servidor Aposentado e Pensionista amparado pelo Art. 180 da <a href=\"http:\/\/www.planalto.gov.br\/ccivil_03\/leis\/1950-1969\/L1711.htm\" target=\"_blank\"><font color=\"blue\"><u>Lei 1711\/52<\/u><\/font><\/a> e Art. 193 da <a href=\"http:\/\/www.planalto.gov.br\/ccivil_03\/leis\/l8112cons.htm\" target=\"_blank\"><font color=\"blue\"><u>Lei 8112\/90<\/u><\/font><\/a>, com percep\u00e7\u00e3o da FG.<p>\r\n<p><b>a) <\/b>VB - Vencimento B\u00e1sico - Tabelas de Remunera\u00e7\u00e3o, proporcional ou integral;<p>\r\n<p><b>b) <\/b>FG - Fun\u00e7\u00e3o Gratificada - Tabela de Remunera\u00e7\u00e3o; <p>\r\n<p><b>c) <\/b>GA - Gratifica\u00e7\u00e3o de Atividade - % S\/VB - Art. 11 da <a href=\"http:\/\/www.planalto.gov.br\/ccivil_03\/leis\/ldl\/ldl13.htm\" target=\"_blank\"><font color=\"blue\"><u>LD n\u00ba 13\/92<\/u><\/font><\/a>;<p>\r\n<p><b>d) <\/b>Anu\u00eanio - % S\/VB - Art. 35 do anexo do <a href=\"http:\/\/www.planalto.gov.br\/ccivil_03\/decreto\/antigos\/d94664.htm\" target=\"_blank\"><font color=\"blue\"><u>Dec. 94.664\/87<\/u><\/font><\/a> e Art6. 67 de <a href=\"http:\/\/www.planalto.gov.br\/ccivil_03\/leis\/l8112cons.htm\" target=\"_blank\"><font color=\"blue\"><u>Lei n\u00ba 8112\/90<\/u><\/font><\/a>.<p>\r\n\r\n<p><b>III\u00ba - <\/b>Servidor Aposentado e Pensionista amparado pelo Art. 184 - II da <a href=\"http:\/\/www.planalto.gov.br\/ccivil_03\/leis\/1950-1969\/L1711.htm\" target=\"_blank\"><font color=\"blue\"><u>Lei n\u00ba 1711\/52<\/u><\/font><\/a> e Art. 250 da <a href=\"http:\/\/www.planalto.gov.br\/ccivil_03\/leis\/l8112cons.htm\" target=\"_blank\"><font color=\"blue\"><u>Lei n\u00ba 8112\/90<\/u><\/font><\/a>:<p>\r\n<p><b>a) <\/b>VB - Vencimento B\u00e1sico - Tabelas de Remunera\u00e7\u00e3o;<p>\r\n<p><b>b) <\/b>GA - Gratifica\u00e7\u00e3o de Atividade - % S\/VB - Art. 11 da <a href=\"http:\/\/www.planalto.gov.br\/ccivil_03\/leis\/ldl\/ldl13.htm\" target=\"_blank\"><font color=\"blue\"><u>LD n\u00ba 13\/92<\/u><\/font><\/a>;<p>\r\n<p><b>c) <\/b>Anu\u00eanio - % S\/VB - Art. 35 do Anexo ao <a href=\"http:\/\/www.planalto.gov.br\/ccivil_03\/decreto\/antigos\/d94664.htm\" target=\"_blank\"><font color=\"blue\"><u>Dec. n\u00ba 94.664\/87<\/u><\/font><\/a> e Art. 67 da <a href=\"http:\/\/www.planalto.gov.br\/ccivil_03\/leis\/l8112cons.htm\" target=\"_blank\"><font color=\"blue\"><u>Lei n\u00ba 8112\/90<\/u><\/font><\/a>;<p>\r\n<p><b>d) <\/b>Vantagem Art. 184 da <a href=\"http:\/\/www.planalto.gov.br\/ccivil_03\/leis\/1950-1969\/L1711.htm\" target=\"_blank\"><font color=\"blue\"><u>Lei 1711\/52<\/u><\/font><\/a> e Art. 250 da <a href=\"http:\/\/www.planalto.gov.br\/ccivil_03\/leis\/l8112cons.htm\" target=\"_blank\"><font color=\"blue\"><u>Lei 8112\/90<\/u><\/font><\/a> - 20% sobre o total. <p>\r\n\r\n<p><b>IV\u00ba - <\/b>Servidor Aposentado e Pensionista amparado pelo Art. 184 - I da <a href=\"http:\/\/www.planalto.gov.br\/ccivil_03\/leis\/1950-1969\/L1711.htm\" target=\"_blank\"><font color=\"blue\"><u>Lei n\u00ba 1711\/52<\/u><\/font><\/a> e Art. 192 \u2013 I da <a href=\"http:\/\/www.planalto.gov.br\/ccivil_03\/leis\/l8112cons.htm\" target=\"_blank\"><font color=\"blue\"><u>lei n\u00ba 8112\/90<\/u><\/font><\/a>:<p>\r\n<p><b>a) <\/b>VB - Vencimento B\u00e1sico - Tabelas de Remunera\u00e7\u00e3o<p>\r\n<p><b>b) <\/b>GA - Gratifica\u00e7\u00e3o de Atividade - % S\/VB - Art. 11 da <a href=\"http:\/\/www.planalto.gov.br\/ccivil_03\/leis\/ldl\/ldl13.htm\" target=\"_blank\"><font color=\"blue\"><u>LD n\u00ba 13\/92<\/u><\/font><\/a><p>\r\n<p><b>c) <\/b>Anu\u00eanio - % S\/VB - Art. 35 do anexo do <a href=\"http:\/\/www.planalto.gov.br\/ccivil_03\/decreto\/antigos\/d94664.htm\" target=\"_blank\"><font color=\"blue\"><u>Dec. n\u00ba 94.664\/87<\/u><\/font><\/a> e Art. 67 de <a href=\"http:\/\/www.planalto.gov.br\/ccivil_03\/leis\/l8112cons.htm\" target=\"_blank\"><font color=\"blue\"><u>Lei n\u00ba 8112\/90<\/u><\/font><\/a><p>\r\n<p><b>d) <\/b>Vantagem Art. 184 \u2013 I da <a href=\"http:\/\/www.planalto.gov.br\/ccivil_03\/leis\/1950-1969\/L1711.htm\" target=\"_blank\"><font color=\"blue\"><u>Lei n\u00ba 1711\/52<\/u><\/font><\/a> e Art. 192 \u2013 I da <a href=\"http:\/\/www.planalto.gov.br\/ccivil_03\/leis\/l8112cons.htm\" target=\"_blank\"><font color=\"blue\"><u>Lei 8112\/90<\/u><\/font><\/a>.<p>\r\n\r\n<p><b>V\u00ba - <\/b>Servidor Aposentado e Pensionista amparado pelo Art. 192 \u2013 II da <a href=\"http:\/\/www.planalto.gov.br\/ccivil_03\/leis\/l8112cons.htm\" target=\"_blank\"><font color=\"blue\"><u>Lei n\u00ba 8112\/90<\/u><\/font><\/a>:<p>\r\n<p><b>a) <\/b>VB - Vencimento B\u00e1sico - Tabelas de Remunera\u00e7\u00e3o;<p>\r\n<p><b>b) <\/b>GA - Gratifica\u00e7\u00e3o de Atividade - % S\/VB - Art. 11 da <a href=\"http:\/\/www.planalto.gov.br\/ccivil_03\/leis\/ldl\/ldl13.htm\" target=\"_blank\"><font color=\"blue\"><u>LD n\u00ba 13\/92<\/u><\/font><\/a>;<p>\r\n<p><b>c) <\/b>Anu\u00eanio - % S\/VB - Art. 35 do anexo do <a href=\"http:\/\/www.planalto.gov.br\/ccivil_03\/decreto\/antigos\/d94664.htm\" target=\"_blank\"><font color=\"blue\"><u>Dec. n\u00ba 94.664\/87<\/u><\/font><\/a> e Art. 67 da <a href=\"http:\/\/www.planalto.gov.br\/ccivil_03\/leis\/l8112cons.htm\" target=\"_blank\"><font color=\"blue\"><u>Lei n\u00ba 8112\/90<\/u><\/font><\/a>;\r\n<p><b>d) <\/b>Vantagem artigo 192 - II da <a href=\"http:\/\/www.planalto.gov.br\/ccivil_03\/leis\/l8112cons.htm\" target=\"_blank\"><font color=\"blue\"><u>Lei n\u00ba 8112\/92<\/u><\/font><\/a> &amp; instru\u00e7\u00e3o of\u00edcio CRH\/MEC n\u00ba 1271\/91<\/u><\/font><\/a>.<p>\r\n  \r\n<p><b>Art. 5\u00ba - <\/b>A base de c\u00e1lculo para o que determina o Art. 3\u00ba, Inciso II da <a href=\"http:\/\/www.planalto.gov.br\/ccivil_03\/LEIS\/L8448.htm\" target=\"_blank\"><font color=\"blue\"><u>Lei n\u00ba 8.448\/92<\/u><\/font><\/a> e Art. 14 da <a href=\"http:\/\/www.planalto.gov.br\/ccivil_03\/leis\/ldl\/ldl13.htm\" target=\"_blank\"><font color=\"blue\"><u>Lei Delegada n\u00ba 13\/92<\/u><\/font><\/a> \u00e9 o Professor Titular da Carreira do Magist\u00e9rio Superior, em Regime de Dedica\u00e7\u00e3o Exclusiva com Doutorado.<p>\r\n<p><b>Art. 6\u00ba - <\/b>Os Servidores investidos em fun\u00e7\u00e3o de Dire\u00e7\u00e3o ou Chefia e os ocupantes de cargos em comiss\u00e3o ter\u00e3o substitutos previamente designados.<p>\r\n<p><b>\u00a7 1\u00ba - <\/b>O substituto assumira automaticamente o exerc\u00edcio do cargo ou fun\u00e7\u00e3o de dire\u00e7\u00e3o ou chefia nos afastamentos ou impedimentos regulamentares do titular.<p>\r\n<p><b>\u00a7 2\u00ba - <\/b>O substituto far\u00e1 jus a gratifica\u00e7\u00e3o pelo exerc\u00edcio da fun\u00e7\u00e3o de dire\u00e7\u00e3o ou chefia, paga na propor\u00e7\u00e3o dos dias de efetiva substitui\u00e7\u00e3o.<p>\r\n\r\n<p><b>Art. 7\u00ba - <\/b>As designa\u00e7\u00f5es e ou nomea\u00e7\u00f5es para Cargo de Dire\u00e7\u00e3o ser\u00e3o efetivados nos termos da <a href=\"http:\/\/www.planalto.gov.br\/ccivil_03\/LEIS\/L8168.htm\" target=\"_blank\"><font color=\"blue\"><u>Lei n\u00ba 8168\/91<\/u><\/font><\/a>.<\/p>\r\n\r\n<p>GABINETE DO REITOR DA UNIVERSIDADE FEDERAL DE SANTA MARIA, aos 30 dias do m\u00eas de outubro do ano de mil novecentos e noventa e dois.<\/p>\r\n<\/div>\r\n<p>Prof. Jo\u00e3o Luiz de Oliveira Roth,<\/p>\r\n<p>Vice-Reitor, no exerc\u00edcio da Reitoria.<\/p>\r\n<\/strike>\r\n<p><font color=\"red0000\">Este texto n\u00e3o substitui o documento original, publicado no Portal de Documentos.<\/font> Dispon\u00edvel em: <a href=\"https:\/\/portal.ufsm.br\/documentos\/publico\/documento.html?id=4508743\"><font color=\"blue\">https:\/\/portal.ufsm.br\/documentos\/publico\/documento.html?id=4508743<\/font><\/a>\r\n\r\n\t\t<\/div>\n\t\t\t\t<\/div>\n\t\t\t\t\t<\/div>\n\t\t<\/div>\n\t\t\t\t\t<\/div>\n\t\t<\/section>\n\t\t\t\t<\/div>\n\t\t","protected":false},"excerpt":{"rendered":"<p>RESOLU\u00c7\u00c3O N. 017\/1992 SERVI\u00c7O P\u00daBLICO FEDERAL RESOLU\u00c7\u00c3O N. 017\/1992 Regulamenta, no \u00e2mbito da UFSM, na forma legal vigente, a Remunera\u00e7\u00e3o dos Cargos Efetivos, das Fun\u00e7\u00f5es Comissionadas e Gratificadas, das Incorpora\u00e7\u00f5es de Fun\u00e7\u00f5es, dos Proventos de Aposentadoria e das Pens\u00f5es. Revogada pela Resolu\u00e7\u00e3o N. 003\/1993 O Vice-Reitor da Universidade Federal de Santa Maria, no exerc\u00edcio da [&hellip;]<\/p>\n","protected":false},"author":205,"featured_media":0,"parent":0,"menu_order":0,"comment_status":"closed","ping_status":"closed","template":"","meta":{"footnotes":""},"categories":[],"tags":[],"class_list":["post-3512","page","type-page","status-publish","hentry"],"acf":[],"_links":{"self":[{"href":"https:\/\/www.ufsm.br\/pro-reitorias\/proplan\/wp-json\/wp\/v2\/pages\/3512","targetHints":{"allow":["GET"]}}],"collection":[{"href":"https:\/\/www.ufsm.br\/pro-reitorias\/proplan\/wp-json\/wp\/v2\/pages"}],"about":[{"href":"https:\/\/www.ufsm.br\/pro-reitorias\/proplan\/wp-json\/wp\/v2\/types\/page"}],"author":[{"embeddable":true,"href":"https:\/\/www.ufsm.br\/pro-reitorias\/proplan\/wp-json\/wp\/v2\/users\/205"}],"replies":[{"embeddable":true,"href":"https:\/\/www.ufsm.br\/pro-reitorias\/proplan\/wp-json\/wp\/v2\/comments?post=3512"}],"version-history":[{"count":0,"href":"https:\/\/www.ufsm.br\/pro-reitorias\/proplan\/wp-json\/wp\/v2\/pages\/3512\/revisions"}],"wp:attachment":[{"href":"https:\/\/www.ufsm.br\/pro-reitorias\/proplan\/wp-json\/wp\/v2\/media?parent=3512"}],"wp:term":[{"taxonomy":"category","embeddable":true,"href":"https:\/\/www.ufsm.br\/pro-reitorias\/proplan\/wp-json\/wp\/v2\/categories?post=3512"},{"taxonomy":"post_tag","embeddable":true,"href":"https:\/\/www.ufsm.br\/pro-reitorias\/proplan\/wp-json\/wp\/v2\/tags?post=3512"}],"curies":[{"name":"wp","href":"https:\/\/api.w.org\/{rel}","templated":true}]}}