{"id":3514,"date":"2020-04-03T14:18:59","date_gmt":"2020-04-03T17:18:59","guid":{"rendered":"https:\/\/www.ufsm.br\/pro-reitorias\/proplan\/?page_id=3514"},"modified":"2020-07-20T12:47:57","modified_gmt":"2020-07-20T15:47:57","slug":"resolucao-n-018-1992","status":"publish","type":"page","link":"https:\/\/www.ufsm.br\/pro-reitorias\/proplan\/resolucao-n-018-1992","title":{"rendered":"Resolu\u00e7\u00e3o N. 018\/1992"},"content":{"rendered":"\t\t<div data-elementor-type=\"wp-page\" data-elementor-id=\"3514\" class=\"elementor elementor-3514\">\n\t\t\t\t\t\t<section class=\"elementor-section elementor-top-section elementor-element elementor-element-0198fdc elementor-section-boxed elementor-section-height-default elementor-section-height-default\" data-id=\"0198fdc\" data-element_type=\"section\">\n\t\t\t\t\t\t<div class=\"elementor-container elementor-column-gap-default\">\n\t\t\t\t\t<div class=\"elementor-column elementor-col-100 elementor-top-column elementor-element elementor-element-b4269d6\" data-id=\"b4269d6\" data-element_type=\"column\">\n\t\t\t<div class=\"elementor-widget-wrap elementor-element-populated\">\n\t\t\t\t\t\t<div class=\"elementor-element elementor-element-d0fc94c elementor-widget elementor-widget-html\" data-id=\"d0fc94c\" data-element_type=\"widget\" data-widget_type=\"html.default\">\n\t\t\t\t<div class=\"elementor-widget-container\">\n\t\t\t\r\n\r\n\r\n<title><b>RESOLU\u00c7\u00c3O N. 018\/1992<\/b><\/title>\r\n\r\n\r\n<div align=\"center\"><img decoding=\"async\" src=\"https:\/\/www.ufsm.br\/pro-reitorias\/proplan\/wp-content\/uploads\/sites\/344\/2019\/09\/brasao-da-republica-do-brasil-logo.png\" alt=\"Bras\u00e3o Rep\u00fablica Federativa do Brasil\" width=\"6%\" height=\"6%\"><\/div>    \r\n<h1><font color=\"blue\"><font size=\"5\"><div align=\"center\">SERVI\u00c7O P\u00daBLICO FEDERAL<\/b><\/font><\/font><\/div><\/H1>\r\n\r\n<p><div align=\"center\"><b><a href=\"https:\/\/portal.ufsm.br\/documentos\/publico\/documento.html?id=4508745\"><font color=\"blue\">RESOLU\u00c7\u00c3O N. 018\/1992<\/font><\/a><\/b><\/div><\/p>\r\n\r\n<br>\r\n<p><div align=\"right\"><font color=\"800000\"><strike>REGULAMENTA A ATIVIDADE FUNCIONAL DA UNIVERSIDADE FEDERAL DE SANTA MARIA PARA A REALIZA\u00c7\u00c3O DO CONCURSO P\u00daBLICO.<\/strike><\/font><\/div><\/p>\r\n<br>\r\n<p><a href=\"https:\/\/www.ufsm.br\/pro-reitorias\/proplan\/resolucao-n-022-2020\/\" target=\"_blank\"><font color=\"blue\">Revogada pela Resolu\u00e7\u00e3o N. 022\/2020<\/font><\/a><\/p>\r\n<br>\r\n<br><div align=\"justify\">\r\n<strike>\r\n<p>O REITOR DA UNIVERSIDADE FEDERAL DE SANTA MARIA, no uso de suas atribui\u00e7\u00f5es legais e estatut\u00e1rias e, fundamentalmente, considerando como atividade relevante da Institui\u00e7\u00e3o a realiza\u00e7\u00e3o do concurso p\u00fablico, para provimento de vagas do quadro de Pessoal T\u00e9cnico-Administrativo,<\/p>\r\n<br>\r\n<p><b><div align=\"center\">RESOLVE:<\/b><\/div><\/p>\r\n<br>\r\n<p><b>Art. 1\u00ba - <\/b>Os servidores t\u00e9cnico-administrativos lotados nos \u00d3rg\u00e3os executivos da Administra\u00e7\u00e3o, na propor\u00e7\u00e3o de no m\u00ednimo 45% e, os servidores t\u00e9cnico-administrativos lotados nas Secretarias dos Centros, nos Departamentos Did\u00e1ticos, no Col\u00e9gio Agr\u00edcola de Santa Maria e no Col\u00e9gio T\u00e9cnico Industrial de Santa Maria, na propor\u00e7\u00e3o de no m\u00ednimo de 30% por unidade de lota\u00e7\u00e3o, ficam convocados para atuarem na fiscaliza\u00e7\u00e3o do Concurso para provimento de vagas do quadro de pessoal T\u00e9cnico-Administrativo que ser\u00e1 realizado no dia 06 de dezembro de 1992.<\/p>\r\n<p><b>Art. 2\u00ba - <\/b>Para efeito de c\u00e1lculo, dever\u00e1 ser computada a lota\u00e7\u00e3o global da Unidade, n\u00e3o sendo admitido, na apura\u00e7\u00e3o do percentual, reduzir numericamente os servidores legalmente afastados.<\/p>\r\n<p><b>Art. 3\u00ba - <\/b>A rela\u00e7\u00e3o nominal do pessoal referido no artigo 1\u00ba desta resolu\u00e7\u00e3o, ser\u00e1 encaminhada pelos Diretores de Centro, Chefes de Departamentos, e Diretores ou Chefes de Unidades, ao Departamento de Pessoal, ate o dia 16 de novembro pr\u00f3ximo, a fim de facilitar a convoca\u00e7\u00e3o e orienta\u00e7\u00e3o do pessoal selecionado para o cumprimento da tarefa.<\/p>\r\n<p><b>Par\u00e1grafo \u00fanico - <\/b>Para garantir o fiel cumprimento da miss\u00e3o, n\u00e3o ser\u00e1 admitido substitui\u00e7\u00e3o de servidor.<\/p>\r\n  \r\n<p><b>Art. 4\u00ba - <\/b>A autoridade que deixar de cumprir a Presente Resolu\u00e7\u00e3o estar\u00e1 sujeita as san\u00e7\u00f5es dos regimes disciplinares regimentais e dispositivos legais vigentes.<\/p>\r\n<p><b>Art. 5\u00ba - <\/b>Todos os servidores t\u00e9cnico-administrativos relacionados e convocados nos termos desta Resolu\u00e7\u00e3o dever\u00e3o comparecer a Reuni\u00e3o de instru\u00e7\u00f5es a ser marcada pela Comiss\u00e3o e prestar\u00e3o servi\u00e7os a partir das 07h do dia 06.12.92, data da realiza\u00e7\u00e3o do Concurso.<\/p>\r\n<p><b>Art. 6\u00ba - <\/b>Aqueles que tiverem problemas de sa\u00fade que impe\u00e7am sua participa\u00e7\u00e3o neste evento dever\u00e3o, obrigatoriamente, no dia da aus\u00eancia, comunicar ao Servi\u00e7o de Per\u00edcia Medica do Departamento de Pessoal para exame, independente da apresenta\u00e7\u00e3o de atestado m\u00e9dico de outro profissional.<\/p>\r\n<p><b>Art. 7\u00ba - <\/b>Se a falta n\u00e3o for pass\u00edvel de abono, na forma legal vigente, ser\u00e1 considerada como n\u00e3o justificada, registrada em cadastro funcional e produzira todos os efeitos cominados em lei.<\/p>\r\n<p><b>Art. 8\u00ba - <\/b>Fica vedado qualquer pagamento de retribui\u00e7\u00e3o extra pela presta\u00e7\u00e3o desta tarefa, sendo garantido, pela presta\u00e7\u00e3o dos servi\u00e7os, dois dias \u00fateis de dispensa a serem gozadas em comum acordo com a chefia imediata.<\/p>\r\n<p><b>Art. 9\u00ba - <\/b>No dia do Concurso haver\u00e1 transporte especial para os fiscais a partir das 06h15min com \u00f4nibus saindo da frente da Catedral Diocesana.<\/p>\r\n\r\n<p>GABINETE DO REITOR DA UNIVERSIDADE FEDERAL DE SANTA MARIA, aos quatro dias do m\u00eas de novembro to ano de mil novecentos e noventa e dois.<\/p>\r\n<\/div>\r\n<p>Prof. Tabajara Gaucho da Costa,<\/p>\r\n<p>Reitor.<\/p>\r\n<\/strike>\r\n\r\n<p><font color=\"red0000\">Este texto n\u00e3o substitui o documento original, publicado no Portal de Documentos.<\/font> Dispon\u00edvel em: <a href=\"https:\/\/portal.ufsm.br\/documentos\/publico\/documento.html?id=4508745\"><font color=\"blue\">https:\/\/portal.ufsm.br\/documentos\/publico\/documento.html?id=4508745<\/font><\/a>\r\n\r\n\t\t<\/div>\n\t\t\t\t<\/div>\n\t\t\t\t\t<\/div>\n\t\t<\/div>\n\t\t\t\t\t<\/div>\n\t\t<\/section>\n\t\t\t\t<\/div>\n\t\t","protected":false},"excerpt":{"rendered":"<p>RESOLU\u00c7\u00c3O N. 018\/1992 SERVI\u00c7O P\u00daBLICO FEDERAL RESOLU\u00c7\u00c3O N. 018\/1992 REGULAMENTA A ATIVIDADE FUNCIONAL DA UNIVERSIDADE FEDERAL DE SANTA MARIA PARA A REALIZA\u00c7\u00c3O DO CONCURSO P\u00daBLICO. Revogada pela Resolu\u00e7\u00e3o N. 022\/2020 O REITOR DA UNIVERSIDADE FEDERAL DE SANTA MARIA, no uso de suas atribui\u00e7\u00f5es legais e estatut\u00e1rias e, fundamentalmente, considerando como atividade relevante da Institui\u00e7\u00e3o a [&hellip;]<\/p>\n","protected":false},"author":205,"featured_media":0,"parent":0,"menu_order":0,"comment_status":"closed","ping_status":"closed","template":"","meta":{"footnotes":""},"categories":[],"tags":[],"class_list":["post-3514","page","type-page","status-publish","hentry"],"acf":[],"_links":{"self":[{"href":"https:\/\/www.ufsm.br\/pro-reitorias\/proplan\/wp-json\/wp\/v2\/pages\/3514","targetHints":{"allow":["GET"]}}],"collection":[{"href":"https:\/\/www.ufsm.br\/pro-reitorias\/proplan\/wp-json\/wp\/v2\/pages"}],"about":[{"href":"https:\/\/www.ufsm.br\/pro-reitorias\/proplan\/wp-json\/wp\/v2\/types\/page"}],"author":[{"embeddable":true,"href":"https:\/\/www.ufsm.br\/pro-reitorias\/proplan\/wp-json\/wp\/v2\/users\/205"}],"replies":[{"embeddable":true,"href":"https:\/\/www.ufsm.br\/pro-reitorias\/proplan\/wp-json\/wp\/v2\/comments?post=3514"}],"version-history":[{"count":0,"href":"https:\/\/www.ufsm.br\/pro-reitorias\/proplan\/wp-json\/wp\/v2\/pages\/3514\/revisions"}],"wp:attachment":[{"href":"https:\/\/www.ufsm.br\/pro-reitorias\/proplan\/wp-json\/wp\/v2\/media?parent=3514"}],"wp:term":[{"taxonomy":"category","embeddable":true,"href":"https:\/\/www.ufsm.br\/pro-reitorias\/proplan\/wp-json\/wp\/v2\/categories?post=3514"},{"taxonomy":"post_tag","embeddable":true,"href":"https:\/\/www.ufsm.br\/pro-reitorias\/proplan\/wp-json\/wp\/v2\/tags?post=3514"}],"curies":[{"name":"wp","href":"https:\/\/api.w.org\/{rel}","templated":true}]}}