{"id":3521,"date":"2020-04-03T14:28:30","date_gmt":"2020-04-03T17:28:30","guid":{"rendered":"https:\/\/www.ufsm.br\/pro-reitorias\/proplan\/?page_id=3521"},"modified":"2020-05-29T14:41:40","modified_gmt":"2020-05-29T17:41:40","slug":"resolucao-n-002-1991","status":"publish","type":"page","link":"https:\/\/www.ufsm.br\/pro-reitorias\/proplan\/resolucao-n-002-1991","title":{"rendered":"Resolu\u00e7\u00e3o N. 002\/1991"},"content":{"rendered":"\t\t<div data-elementor-type=\"wp-page\" data-elementor-id=\"3521\" class=\"elementor elementor-3521\">\n\t\t\t\t\t\t<section class=\"elementor-section elementor-top-section elementor-element elementor-element-f36ed38 elementor-section-boxed elementor-section-height-default elementor-section-height-default\" data-id=\"f36ed38\" data-element_type=\"section\">\n\t\t\t\t\t\t<div class=\"elementor-container elementor-column-gap-default\">\n\t\t\t\t\t<div class=\"elementor-column elementor-col-100 elementor-top-column elementor-element elementor-element-0c16bce\" data-id=\"0c16bce\" data-element_type=\"column\">\n\t\t\t<div class=\"elementor-widget-wrap elementor-element-populated\">\n\t\t\t\t\t\t<div class=\"elementor-element elementor-element-085591e elementor-widget elementor-widget-html\" data-id=\"085591e\" data-element_type=\"widget\" data-widget_type=\"html.default\">\n\t\t\t\t<div class=\"elementor-widget-container\">\n\t\t\t\r\n\r\n\r\n<title><b>RESOLU\u00c7\u00c3O N. 002\/1991<\/b><\/title>\r\n\r\n\r\n<div align=\"center\"><img decoding=\"async\" src=\"https:\/\/www.ufsm.br\/pro-reitorias\/proplan\/wp-content\/uploads\/sites\/344\/2019\/09\/brasao-da-republica-do-brasil-logo.png\" alt=\"Bras\u00e3o Rep\u00fablica Federativa do Brasil\" width=\"6%\" height=\"6%\"><\/div>    \r\n<h1><font color=\"blue\"><font size=\"5\"><div align=\"center\">SERVI\u00c7O P\u00daBLICO FEDERAL<\/b><\/font><\/font><\/div><\/H1>\r\n\r\n<p><div align=\"center\"><b><a href=\"https:\/\/portal.ufsm.br\/documentos\/publico\/documento.html?id=4517110\"><font color=\"blue\">RESOLU\u00c7\u00c3O N. 002\/1991<\/font><\/a><\/b><\/div><\/p>\r\n\r\n<br>\r\n<p><div align=\"right\"><font color=\"800000\">Define procedimento para a ced\u00eancia de espa\u00e7o f\u00edsico da Institui\u00e7\u00e3o.<\/font><\/div><\/p>\r\n<br>\r\n<br><div align=\"justify\">\r\n<p>O REITOR DA UNIVERSIDADE FEDERAL DE SANTA MARIA no uso de suas atribui\u00e7\u00f5es legais e estatut\u00e1rias e tendo presente a decis\u00e3o do Egr\u00e9gio Conselho Universit\u00e1rio em sua 457\u00aa sess\u00e3o e, considerando a necessidade de:<\/p>\r\n<p>- preservar a integridade f\u00edsica, moral e patrimonial da Comunidade Universit\u00e1ria;<\/p>\r\n<p>- oferecer seguran\u00e7a ao patrim\u00f4nio da Institui\u00e7\u00e3o;<\/p>\r\n<p>- disciplinar o uso da \u00e1rea f\u00edsica da UFSM;<\/p>\r\n<br>\r\n<p><b><div align=\"center\">RESOLVE:<\/b><\/div><\/p>\r\n<br>\r\n<p><b>Art. 1\u00ba - <\/b>Determinar que a utiliza\u00e7\u00e3o de espa\u00e7o f\u00edsico da Universidade da Universidade Federal de Santa Maria seja concedida atrav\u00e9s da expressa autoriza\u00e7\u00e3o da Dire\u00e7\u00e3o do Centro ao qual estiver subordinado o espa\u00e7o f\u00edsico solicitado;<\/p>\r\n<p><b>Art. 2\u00ba - <\/b>A solicita\u00e7\u00e3o de ced\u00eancia de espa\u00e7o f\u00edsico para eventos que prevejam a presen\u00e7a de participantes de fora da cidade, ocupando o espa\u00e7o f\u00edsico de mais de um Centro e\/ou setores vinculados as Pr\u00f3-reitorias, devera ser encaminhada ao(s) setor(es) competente(s) com anteced\u00eancia m\u00ednima de 45 dias.<\/p>\r\n<p><b>Art. 3\u00ba - <\/b>A solicita\u00e7\u00e3o para utiliza\u00e7\u00e3o de espa\u00e7o f\u00edsico da UFSM dever\u00e1 conter:<\/p>\r\n<p>I - Especifica\u00e7\u00e3o, objetivos e dura\u00e7\u00e3o do evento;<\/p>\r\n<p>II - Participantes (organizadores e p\u00fablico) do evento;<\/p>\r\n<p>III - Defini\u00e7\u00e3o das instala\u00e7\u00f5es f\u00edsicas a serem utilizadas;<\/p> \r\n\r\n<p><b>Art. 4\u00ba - <\/b>Se autorizada a ced\u00eancia, o solicitante dever\u00e1 assinar termo de responsabilidade por qualquer dano causado ao patrim\u00f4nio da Institui\u00e7\u00e3o, seja em bens moveis, im\u00f3veis e\/ou equipamentos de qualquer natureza que tenha(m) sido utilizado(s);<\/p>\r\n<p><b>Art. 5\u00ba - <\/b>O setor competente da UFSM devera apos a realiza\u00e7\u00e3o do evento proceder a uma vistoria geral, com levantamento, em formul\u00e1rio pr\u00f3prio, de toda e qualquer anormalidade que vier a ser constatada, colhendo assinatura e ci\u00eancia do respons\u00e1vel pela solicita\u00e7\u00e3o.<\/p>\r\n<p><b>Art. 6\u00ba - <\/b>Esta resolu\u00e7\u00e3o entrara em vigor na data de sua publica\u00e7\u00e3o, revogadas as disposi\u00e7\u00f5es em contr\u00e1rio.<\/p>\r\n\r\n<p>GABINETE DO REITOR DA UNIVERSIDADE FEDERAL DE SANTA MARIA, aos vinte e tr\u00eas dias do m\u00eas de janeiro do ano de mil novecentos e noventa e um.<\/p>\r\n<\/div>\r\n<p>Prof. Egydio Menegotto,<\/p>\r\n<p>Diretor do CCNE, no exerc. da Reitoria.<\/p>\r\n\r\n<p><font color=\"red0000\">Este texto n\u00e3o substitui o documento original, publicado no Portal de Documentos.<\/font> Dispon\u00edvel em: <a href=\"https:\/\/portal.ufsm.br\/documentos\/publico\/documento.html?id=4517110\"><font color=\"blue\">https:\/\/portal.ufsm.br\/documentos\/publico\/documento.html?id=4517110<\/font><\/a>\r\n\r\n\t\t<\/div>\n\t\t\t\t<\/div>\n\t\t\t\t\t<\/div>\n\t\t<\/div>\n\t\t\t\t\t<\/div>\n\t\t<\/section>\n\t\t\t\t<\/div>\n\t\t","protected":false},"excerpt":{"rendered":"<p>RESOLU\u00c7\u00c3O N. 002\/1991 SERVI\u00c7O P\u00daBLICO FEDERAL RESOLU\u00c7\u00c3O N. 002\/1991 Define procedimento para a ced\u00eancia de espa\u00e7o f\u00edsico da Institui\u00e7\u00e3o. O REITOR DA UNIVERSIDADE FEDERAL DE SANTA MARIA no uso de suas atribui\u00e7\u00f5es legais e estatut\u00e1rias e tendo presente a decis\u00e3o do Egr\u00e9gio Conselho Universit\u00e1rio em sua 457\u00aa sess\u00e3o e, considerando a necessidade de: &#8211; preservar [&hellip;]<\/p>\n","protected":false},"author":205,"featured_media":0,"parent":0,"menu_order":0,"comment_status":"closed","ping_status":"closed","template":"","meta":{"footnotes":""},"categories":[],"tags":[],"class_list":["post-3521","page","type-page","status-publish","hentry"],"acf":[],"_links":{"self":[{"href":"https:\/\/www.ufsm.br\/pro-reitorias\/proplan\/wp-json\/wp\/v2\/pages\/3521","targetHints":{"allow":["GET"]}}],"collection":[{"href":"https:\/\/www.ufsm.br\/pro-reitorias\/proplan\/wp-json\/wp\/v2\/pages"}],"about":[{"href":"https:\/\/www.ufsm.br\/pro-reitorias\/proplan\/wp-json\/wp\/v2\/types\/page"}],"author":[{"embeddable":true,"href":"https:\/\/www.ufsm.br\/pro-reitorias\/proplan\/wp-json\/wp\/v2\/users\/205"}],"replies":[{"embeddable":true,"href":"https:\/\/www.ufsm.br\/pro-reitorias\/proplan\/wp-json\/wp\/v2\/comments?post=3521"}],"version-history":[{"count":0,"href":"https:\/\/www.ufsm.br\/pro-reitorias\/proplan\/wp-json\/wp\/v2\/pages\/3521\/revisions"}],"wp:attachment":[{"href":"https:\/\/www.ufsm.br\/pro-reitorias\/proplan\/wp-json\/wp\/v2\/media?parent=3521"}],"wp:term":[{"taxonomy":"category","embeddable":true,"href":"https:\/\/www.ufsm.br\/pro-reitorias\/proplan\/wp-json\/wp\/v2\/categories?post=3521"},{"taxonomy":"post_tag","embeddable":true,"href":"https:\/\/www.ufsm.br\/pro-reitorias\/proplan\/wp-json\/wp\/v2\/tags?post=3521"}],"curies":[{"name":"wp","href":"https:\/\/api.w.org\/{rel}","templated":true}]}}