{"id":3522,"date":"2020-04-03T14:39:30","date_gmt":"2020-04-03T17:39:30","guid":{"rendered":"https:\/\/www.ufsm.br\/pro-reitorias\/proplan\/?page_id=3522"},"modified":"2020-04-27T16:09:30","modified_gmt":"2020-04-27T19:09:30","slug":"resolucao-n-003-1991","status":"publish","type":"page","link":"https:\/\/www.ufsm.br\/pro-reitorias\/proplan\/resolucao-n-003-1991","title":{"rendered":"Resolu\u00e7\u00e3o N. 003\/1991"},"content":{"rendered":"\t\t<div data-elementor-type=\"wp-page\" data-elementor-id=\"3522\" class=\"elementor elementor-3522\">\n\t\t\t\t\t\t<section class=\"elementor-section elementor-top-section elementor-element elementor-element-07533a7 elementor-section-boxed elementor-section-height-default elementor-section-height-default\" data-id=\"07533a7\" data-element_type=\"section\">\n\t\t\t\t\t\t<div class=\"elementor-container elementor-column-gap-default\">\n\t\t\t\t\t<div class=\"elementor-column elementor-col-100 elementor-top-column elementor-element elementor-element-9b55875\" data-id=\"9b55875\" data-element_type=\"column\">\n\t\t\t<div class=\"elementor-widget-wrap elementor-element-populated\">\n\t\t\t\t\t\t<div class=\"elementor-element elementor-element-2263017 elementor-widget elementor-widget-html\" data-id=\"2263017\" data-element_type=\"widget\" data-widget_type=\"html.default\">\n\t\t\t\t<div class=\"elementor-widget-container\">\n\t\t\t\r\n\r\n\r\n<title><b>RESOLU\u00c7\u00c3O N. 003\/1991<\/b><\/title>\r\n\r\n\r\n<div align=\"center\"><img decoding=\"async\" src=\"https:\/\/www.ufsm.br\/pro-reitorias\/proplan\/wp-content\/uploads\/sites\/344\/2019\/09\/brasao-da-republica-do-brasil-logo.png\" alt=\"Bras\u00e3o Rep\u00fablica Federativa do Brasil\" width=\"6%\" height=\"6%\"><\/div>    \r\n<h1><font color=\"blue\"><font size=\"5\"><div align=\"center\">SERVI\u00c7O P\u00daBLICO FEDERAL<\/b><\/font><\/font><\/div><\/H1>\r\n\r\n<p><div align=\"center\"><b><a href=\"https:\/\/portal.ufsm.br\/documentos\/publico\/documento.html?id=4517111\"><font color=\"blue\">RESOLU\u00c7\u00c3O N. 003\/1991<\/font><\/a><\/b><\/div><\/p>\r\n<br>\r\n<p><a href=\"https:\/\/www.ufsm.br\/pro-reitorias\/proplan\/resolucao-n-008-2020\/\" target=\"_blank\"><font color=\"blue\">Revogada pela Resolu\u00e7\u00e3o N. 008\/2020<\/font><\/a><\/p>\r\n<br>\r\n<br><div align=\"justify\">\r\n<strike>\r\n<p>O Reitor da UFSM, no uso de suas atribui\u00e7\u00f5es legais e estatut\u00e1rias e considerando:<\/p>\r\n<p><b>a) <\/b>O maci\u00e7o comparecimento de docentes e servidores t\u00e9cnico-administrativos convocados para o vestibular de 1991;<\/p>\r\n<p><b>b) <\/b>O fato de que tais atividades n\u00e3o tiveram remunera\u00e7\u00e3o especial, rompendo-se habito duradouro e j\u00e1 consagrado;<\/p>\r\n<p><b>c) <\/b>Que a colabora\u00e7\u00e3o dada pelos convocados auxilia na reabilita\u00e7\u00e3o da Institui\u00e7\u00e3o perante a comunidade num momento de dificuldades pol\u00edticas para a Universidade Brasileira;<\/p>\r\n<p><b>d) <\/b>Que os convocados demonstraram consci\u00eancia digna do servidor p\u00fablico, disposi\u00e7\u00e3o para a colabora\u00e7\u00e3o, senso do dever e amor \u00e0 Universidade.<\/p>\r\n<p><b>e) <\/b>Que a Universidade deve reconhecer os esfor\u00e7os de seus recursos humanos, n\u00e3o s\u00f3 como incentivo, mas como habito de justi\u00e7a aos seus esfor\u00e7os, destacando a sua import\u00e2ncia como principal fator de \u00eaxito nas atividades universit\u00e1rias,<\/p>\r\n<br>\r\n<p><b><div align=\"center\">RESOLVE:<\/b><\/div><\/p>\r\n<br>\r\n<p>Determinar ao Departamento de Pessoal o lan\u00e7amento nos assentamentos individuais dos docentes e t\u00e9cnico-administrativos que participaram do evento, <b> \"o elogio e o agradecimento da Universidade, pela colabora\u00e7\u00e3o emprestada e pelo senso do dever demonstrado atrav\u00e9s de sua participa\u00e7\u00e3o no Concurso Vestibular de 1991\".<\/b><\/p>\r\n\r\n<p>GABINETE DO REITOR DA UNIVERSIDADE FEDERAL DE SANTA MARIA, aos vinte e quatro dias do m\u00eas de janeiro do ano de mil novecentos e noventa e um.<\/p>\r\n<\/div>\r\n<p>Prof. Tabajara Gaucho da Costa,<\/p>\r\n<p>Reitor.<\/p>\r\n<\/strike>\r\n<p><font color=\"red0000\">Este texto n\u00e3o substitui o documento original, publicado no Portal de Documentos.<\/font> Dispon\u00edvel em: <a href=\"https:\/\/portal.ufsm.br\/documentos\/publico\/documento.html?id=4517111\"><font color=\"blue\">https:\/\/portal.ufsm.br\/documentos\/publico\/documento.html?id=4517111<\/font><\/a>\r\n\r\n\t\t<\/div>\n\t\t\t\t<\/div>\n\t\t\t\t\t<\/div>\n\t\t<\/div>\n\t\t\t\t\t<\/div>\n\t\t<\/section>\n\t\t\t\t<\/div>\n\t\t","protected":false},"excerpt":{"rendered":"<p>RESOLU\u00c7\u00c3O N. 003\/1991 SERVI\u00c7O P\u00daBLICO FEDERAL RESOLU\u00c7\u00c3O N. 003\/1991 Revogada pela Resolu\u00e7\u00e3o N. 008\/2020 O Reitor da UFSM, no uso de suas atribui\u00e7\u00f5es legais e estatut\u00e1rias e considerando: a) O maci\u00e7o comparecimento de docentes e servidores t\u00e9cnico-administrativos convocados para o vestibular de 1991; b) O fato de que tais atividades n\u00e3o tiveram remunera\u00e7\u00e3o especial, rompendo-se [&hellip;]<\/p>\n","protected":false},"author":205,"featured_media":0,"parent":0,"menu_order":0,"comment_status":"closed","ping_status":"closed","template":"","meta":{"footnotes":""},"categories":[],"tags":[],"class_list":["post-3522","page","type-page","status-publish","hentry"],"acf":[],"_links":{"self":[{"href":"https:\/\/www.ufsm.br\/pro-reitorias\/proplan\/wp-json\/wp\/v2\/pages\/3522","targetHints":{"allow":["GET"]}}],"collection":[{"href":"https:\/\/www.ufsm.br\/pro-reitorias\/proplan\/wp-json\/wp\/v2\/pages"}],"about":[{"href":"https:\/\/www.ufsm.br\/pro-reitorias\/proplan\/wp-json\/wp\/v2\/types\/page"}],"author":[{"embeddable":true,"href":"https:\/\/www.ufsm.br\/pro-reitorias\/proplan\/wp-json\/wp\/v2\/users\/205"}],"replies":[{"embeddable":true,"href":"https:\/\/www.ufsm.br\/pro-reitorias\/proplan\/wp-json\/wp\/v2\/comments?post=3522"}],"version-history":[{"count":0,"href":"https:\/\/www.ufsm.br\/pro-reitorias\/proplan\/wp-json\/wp\/v2\/pages\/3522\/revisions"}],"wp:attachment":[{"href":"https:\/\/www.ufsm.br\/pro-reitorias\/proplan\/wp-json\/wp\/v2\/media?parent=3522"}],"wp:term":[{"taxonomy":"category","embeddable":true,"href":"https:\/\/www.ufsm.br\/pro-reitorias\/proplan\/wp-json\/wp\/v2\/categories?post=3522"},{"taxonomy":"post_tag","embeddable":true,"href":"https:\/\/www.ufsm.br\/pro-reitorias\/proplan\/wp-json\/wp\/v2\/tags?post=3522"}],"curies":[{"name":"wp","href":"https:\/\/api.w.org\/{rel}","templated":true}]}}