{"id":3526,"date":"2020-04-03T14:40:08","date_gmt":"2020-04-03T17:40:08","guid":{"rendered":"https:\/\/www.ufsm.br\/pro-reitorias\/proplan\/?page_id=3526"},"modified":"2020-05-29T14:43:13","modified_gmt":"2020-05-29T17:43:13","slug":"resolucao-n-007-1991","status":"publish","type":"page","link":"https:\/\/www.ufsm.br\/pro-reitorias\/proplan\/resolucao-n-007-1991","title":{"rendered":"Resolu\u00e7\u00e3o N. 007\/1991"},"content":{"rendered":"\t\t<div data-elementor-type=\"wp-page\" data-elementor-id=\"3526\" class=\"elementor elementor-3526\">\n\t\t\t\t\t\t<section class=\"elementor-section elementor-top-section elementor-element elementor-element-73b8bd4 elementor-section-boxed elementor-section-height-default elementor-section-height-default\" data-id=\"73b8bd4\" data-element_type=\"section\">\n\t\t\t\t\t\t<div class=\"elementor-container elementor-column-gap-default\">\n\t\t\t\t\t<div class=\"elementor-column elementor-col-100 elementor-top-column elementor-element elementor-element-b66d508\" data-id=\"b66d508\" data-element_type=\"column\">\n\t\t\t<div class=\"elementor-widget-wrap elementor-element-populated\">\n\t\t\t\t\t\t<div class=\"elementor-element elementor-element-7e09317 elementor-widget elementor-widget-html\" data-id=\"7e09317\" data-element_type=\"widget\" data-widget_type=\"html.default\">\n\t\t\t\t<div class=\"elementor-widget-container\">\n\t\t\t\r\n\r\n\r\n<title><b>RESOLU\u00c7\u00c3O N. 007\/1991<\/b><\/title>\r\n\r\n\r\n<div align=\"center\"><img decoding=\"async\" src=\"https:\/\/www.ufsm.br\/pro-reitorias\/proplan\/wp-content\/uploads\/sites\/344\/2019\/09\/brasao-da-republica-do-brasil-logo.png\" alt=\"Bras\u00e3o Rep\u00fablica Federativa do Brasil\" width=\"6%\" height=\"6%\"><\/div>    \r\n<h1><font color=\"blue\"><font size=\"5\"><div align=\"center\">SERVI\u00c7O P\u00daBLICO FEDERAL<\/b><\/font><\/font><\/div><\/H1>\r\n\r\n<p><div align=\"center\"><b><a href=\"https:\/\/portal.ufsm.br\/documentos\/publico\/documento.html?id=4517105\"><font color=\"blue\">RESOLU\u00c7\u00c3O N. 007\/1991<\/font><\/a><\/b><\/div><\/p>\r\n<br>\r\n<p><div align=\"right\"><font color=\"800000\"><strike>Estabelece normas para concess\u00e3o, acompanhamento e avalia\u00e7\u00e3o de Bolsas de Extens\u00e3o, na Universidade Federal de Santa Maria.<\/strike><\/font><\/div><\/p>\r\n<br>\r\n<p><a href=\"https:\/\/www.ufsm.br\/pro-reitorias\/proplan\/resolucao-n-012-1993\/\"><font color=\"blue\">Revogada pela Resolu\u00e7\u00e3o N. 012\/1993<\/font><\/a><\/p>\r\n<br>\r\n<br><div align=\"justify\">\r\n<strike>\r\n<p>O REITOR DA UNIVERSIDADE FEDERAL DE SANTA MARIA, no uso de suas atribui\u00e7\u00f5es legais e estatut\u00e1rias e, de acordo com os pronunciamentos das Comiss\u00f5es de Legisla\u00e7\u00e3o e Normas de Pesquisa, do Conselho de Ensino, Pesquisa e Extens\u00e3o, aprovados em sua 352\u00aa Sess\u00e3o, realizada a 05 de dezembro de 1989 e a decis\u00e3o do Egr\u00e9gio Conselho Universit\u00e1rio tomada na sua 450\u00aa Sess\u00e3o, realizada em 25 de julho de 1990,<\/p>\r\n<br>\r\n<p><b><div align=\"center\">RESOLVE:<\/b><\/div><\/p>\r\n<br>\r\n<p><b>Art. 1\u00ba - <\/b>O Programa de Bolsa de Extens\u00e3o tem como objetivo fundamental desenvolver o esp\u00edrito extensionista, desenvolvendo projetos que integrem conhecimentos te\u00f3ricos e pr\u00e1ticos, aproximando o ensino e a pesquisa com a extens\u00e3o, e a Universidade com a Comunidade.<\/p>\r\n<p><b>Art. 2\u00ba - <\/b>A Pr\u00f3-Reitoria de Extens\u00e3o coordenar\u00e1, anualmente, a concess\u00e3o, o acompanhamento e a avalia\u00e7\u00e3o do Programa de Bolsas de Extens\u00e3o.<\/p>\r\n<p><b>Art. 3\u00ba - <\/b>Poder\u00e3o concorrer as Bolsas de Extens\u00e3o os alunos regularmente matriculados na Universidade Federal de Santa Maria.<\/p>\r\n<p><b>\u00a7 1\u00ba - <\/b>Poder\u00e3o fazer jus as Bolsas de Extens\u00e3o os alunos que preencherem as condi\u00e7\u00f5es relacionadas neste artigo, desde que n\u00e3o haja acumula\u00e7\u00e3o com qualquer outro tipo de Bolsa concedida no Pa\u00eds.<\/p>\r\n<p><b>\u00a7 2\u00ba - <\/b>Os crit\u00e9rios para distribui\u00e7\u00e3o da bolsa nos respectivos centros ser\u00e3o estabelecidos pela Comiss\u00e3o de Extens\u00e3o da UFSM.<\/p>\r\n\r\n<p><b>Art. 4\u00ba - <\/b>O trabalho a ser desenvolvido pelo Bolsista dever\u00e1 fazer parte de um projeto coordenado por um professor da UFSM.<\/p>\r\n<p><b>\u00a7 1\u00ba - <\/b>O aluno devera estar integrado, preferencialmente, ao Projeto de Extens\u00e3o desde a sua fase inicial, ou seja, na sua elabora\u00e7\u00e3o.<\/p>\r\n\r\n<p><b>Art. 5\u00ba - <\/b>As Bolsas de Extens\u00e3o ser\u00e3o concedidas, anualmente, com dura\u00e7\u00e3o coincidente com o per\u00edodo letivo, ou, se necess\u00e1rio, de um semestre.<\/p>\r\n<p><b>\u00a7 1\u00ba - <\/b>Caber\u00e1 \u00e0 Comiss\u00e3o de Extens\u00e3o do Centro a indica\u00e7\u00e3o dos Bolsistas e a Pr\u00f3-Reitoria de Extens\u00e3o, a homologa\u00e7\u00e3o.<\/p>\r\n<p><b>\u00a7 2\u00ba - <\/b>As Bolsas de Extens\u00e3o poder\u00e3o ser renovadas e\/ou prorrogadas a crit\u00e9rio da Comiss\u00e3o de Extens\u00e3o, mediante solicita\u00e7\u00e3o e justificativa do Professor Coordenador.<\/p>\r\n<p><b>\u00a7 3\u00ba - <\/b>A Bolsa de Extens\u00e3o poder\u00e1 ser cancelada em qualquer \u00e9poca a ju\u00edzo e por solicita\u00e7\u00e3o justificada do Professor Coordenador, desde que homologada pela Comiss\u00e3o de Extens\u00e3o do Centro, podendo haver indica\u00e7\u00e3o de outro aluno para continuar a participar do Projeto.<\/p>\r\n<p><b>\u00a7 4\u00ba - <\/b>Quando houver desist\u00eancia por parte do aluno, este dever\u00e1 oficializar ao Coordenador do Projeto ao qual est\u00e1 vinculado, e o Coordenador, \u00e0 Comiss\u00e3o de Extens\u00e3o do Centro.<\/p>\r\n\r\n<p><b>Art. 6\u00ba - <\/b>O exerc\u00edcio da Bolsa de Extens\u00e3o n\u00e3o acarretara, em nenhuma hip\u00f3tese, v\u00ednculo empregat\u00edcio com a PRE\/UFSM, conforme a <a href=\"http:\/\/www.planalto.gov.br\/ccivil_03\/LEIS\/L6494.htm\" target=\"_blank\"><font color=\"blue\"><u>Lei n\u00ba 6.494 de 07\/12\/77<\/u><\/font><\/a>.<\/p>\r\n<p><b>Art. 7\u00ba - <\/b>Os candidatos classificados dever\u00e3o preencher e assinar Termo de Compromisso com a Comiss\u00e3o de Extens\u00e3o do Centro.<\/p>\r\n<p><b>\u00a7 1\u00ba - <\/b>O aluno bolsista devera dispor, no m\u00ednimo, de 10 (dez) horas por semana para o Projeto de Extens\u00e3o.<\/p>\r\n<p><b>\u00a7 2\u00ba - <\/b>A cada renova\u00e7\u00e3o da bolsa de Extens\u00e3o ser\u00e1, obrigatoriamente, assinado novo Termo de Compromisso.<\/p>\r\n\r\n<p><b>Art. 8\u00ba - <\/b>A Pr\u00f3-Reitoria de Extens\u00e3o divulgar\u00e1, anualmente, as vagas existentes, as quais ser\u00e3o distribu\u00eddas apos julgamento da Comiss\u00e3o de Extens\u00e3o da UFSM.<\/p>\r\n<p><b>Art. 9\u00ba - <\/b>Caber\u00e1 ao Professor Coordenador a responsabilidade de acompanhar a execu\u00e7\u00e3o do Trabalho de Extens\u00e3o do(s) respectivo(s) Bolsista(s).<\/p>\r\n<p><b>Art. 10 - <\/b>O Professor Coordenador devera ter projeto aprovado a n\u00edvel de Comiss\u00e3o de Extens\u00e3o e registrado na Pr\u00f3-Reitoria de Extens\u00e3o.<\/p>\r\n<p><b>Art. 11 - <\/b>Os alunos bolsistas dever\u00e3o entregar \u00e0 Comiss\u00e3o de Extens\u00e3o do Centro, onde se desenvolve o Projeto, Relat\u00f3rio Semestral de suas atividades.<\/p>\r\n<p><b>Art. 12 - <\/b>O aluno receber\u00e1 certificado de Bolsa de Extens\u00e3o somente apos a conclus\u00e3o do Projeto.<\/p>\r\n<p><b>Art. 13 - <\/b>Os casos omissos ser\u00e3o resolvidos pela Comiss\u00e3o de Extens\u00e3o da UFSM, na Pr\u00f3-Reitoria de Extens\u00e3o.<\/p>\r\n<p><b>Art. 14 - <\/b>Esta resolu\u00e7\u00e3o entrar\u00e1 em vigor na data de sua publica\u00e7\u00e3o, revogadas as disposi\u00e7\u00f5es em contrario.<\/p>\r\n\r\n<p>GABINETE DO REITOR DA UNIVERSIDADE FEDERAL DE SANTA MARIA, aos vinte e sete dias do m\u00eas de mar\u00e7o do ano de mil novecentos e noventa e um.<\/p>\r\n<\/div>\r\n<p>Prof. Tabajara Gaucho da Costa,<\/p>\r\n<p>Reitor.<\/p>\r\n<\/strike>\r\n<p><font color=\"red0000\">Este texto n\u00e3o substitui o documento original, publicado no Portal de Documentos.<\/font> Dispon\u00edvel em: <a href=\"https:\/\/portal.ufsm.br\/documentos\/publico\/documento.html?id=4517105\"><font color=\"blue\">https:\/\/portal.ufsm.br\/documentos\/publico\/documento.html?id=4517105<\/font><\/a>\r\n\r\n\t\t<\/div>\n\t\t\t\t<\/div>\n\t\t\t\t\t<\/div>\n\t\t<\/div>\n\t\t\t\t\t<\/div>\n\t\t<\/section>\n\t\t\t\t<\/div>\n\t\t","protected":false},"excerpt":{"rendered":"<p>RESOLU\u00c7\u00c3O N. 007\/1991 SERVI\u00c7O P\u00daBLICO FEDERAL RESOLU\u00c7\u00c3O N. 007\/1991 Estabelece normas para concess\u00e3o, acompanhamento e avalia\u00e7\u00e3o de Bolsas de Extens\u00e3o, na Universidade Federal de Santa Maria. Revogada pela Resolu\u00e7\u00e3o N. 012\/1993 O REITOR DA UNIVERSIDADE FEDERAL DE SANTA MARIA, no uso de suas atribui\u00e7\u00f5es legais e estatut\u00e1rias e, de acordo com os pronunciamentos das Comiss\u00f5es [&hellip;]<\/p>\n","protected":false},"author":205,"featured_media":0,"parent":0,"menu_order":0,"comment_status":"closed","ping_status":"closed","template":"","meta":{"footnotes":""},"categories":[],"tags":[],"class_list":["post-3526","page","type-page","status-publish","hentry"],"acf":[],"_links":{"self":[{"href":"https:\/\/www.ufsm.br\/pro-reitorias\/proplan\/wp-json\/wp\/v2\/pages\/3526","targetHints":{"allow":["GET"]}}],"collection":[{"href":"https:\/\/www.ufsm.br\/pro-reitorias\/proplan\/wp-json\/wp\/v2\/pages"}],"about":[{"href":"https:\/\/www.ufsm.br\/pro-reitorias\/proplan\/wp-json\/wp\/v2\/types\/page"}],"author":[{"embeddable":true,"href":"https:\/\/www.ufsm.br\/pro-reitorias\/proplan\/wp-json\/wp\/v2\/users\/205"}],"replies":[{"embeddable":true,"href":"https:\/\/www.ufsm.br\/pro-reitorias\/proplan\/wp-json\/wp\/v2\/comments?post=3526"}],"version-history":[{"count":0,"href":"https:\/\/www.ufsm.br\/pro-reitorias\/proplan\/wp-json\/wp\/v2\/pages\/3526\/revisions"}],"wp:attachment":[{"href":"https:\/\/www.ufsm.br\/pro-reitorias\/proplan\/wp-json\/wp\/v2\/media?parent=3526"}],"wp:term":[{"taxonomy":"category","embeddable":true,"href":"https:\/\/www.ufsm.br\/pro-reitorias\/proplan\/wp-json\/wp\/v2\/categories?post=3526"},{"taxonomy":"post_tag","embeddable":true,"href":"https:\/\/www.ufsm.br\/pro-reitorias\/proplan\/wp-json\/wp\/v2\/tags?post=3526"}],"curies":[{"name":"wp","href":"https:\/\/api.w.org\/{rel}","templated":true}]}}