{"id":3527,"date":"2020-04-03T14:40:26","date_gmt":"2020-04-03T17:40:26","guid":{"rendered":"https:\/\/www.ufsm.br\/pro-reitorias\/proplan\/?page_id=3527"},"modified":"2020-05-29T14:43:35","modified_gmt":"2020-05-29T17:43:35","slug":"resolucao-n-008-1991","status":"publish","type":"page","link":"https:\/\/www.ufsm.br\/pro-reitorias\/proplan\/resolucao-n-008-1991","title":{"rendered":"Resolu\u00e7\u00e3o N. 008\/1991"},"content":{"rendered":"\t\t<div data-elementor-type=\"wp-page\" data-elementor-id=\"3527\" class=\"elementor elementor-3527\">\n\t\t\t\t\t\t<section class=\"elementor-section elementor-top-section elementor-element elementor-element-cb6e498 elementor-section-boxed elementor-section-height-default elementor-section-height-default\" data-id=\"cb6e498\" data-element_type=\"section\">\n\t\t\t\t\t\t<div class=\"elementor-container elementor-column-gap-default\">\n\t\t\t\t\t<div class=\"elementor-column elementor-col-100 elementor-top-column elementor-element elementor-element-8899ed0\" data-id=\"8899ed0\" data-element_type=\"column\">\n\t\t\t<div class=\"elementor-widget-wrap elementor-element-populated\">\n\t\t\t\t\t\t<div class=\"elementor-element elementor-element-49328a1 elementor-widget elementor-widget-html\" data-id=\"49328a1\" data-element_type=\"widget\" data-widget_type=\"html.default\">\n\t\t\t\t<div class=\"elementor-widget-container\">\n\t\t\t\r\n\r\n\r\n<title><b>RESOLU\u00c7\u00c3O N. 008\/1991<\/b><\/title>\r\n\r\n\r\n<div align=\"center\"><img decoding=\"async\" src=\"https:\/\/www.ufsm.br\/pro-reitorias\/proplan\/wp-content\/uploads\/sites\/344\/2019\/09\/brasao-da-republica-do-brasil-logo.png\" alt=\"Bras\u00e3o Rep\u00fablica Federativa do Brasil\" width=\"6%\" height=\"6%\"><\/div>    \r\n<h1><font color=\"blue\"><font size=\"5\"><div align=\"center\">SERVI\u00c7O P\u00daBLICO FEDERAL<\/b><\/font><\/font><\/div><\/H1>\r\n\r\n<p><div align=\"center\"><b><a href=\"https:\/\/portal.ufsm.br\/documentos\/publico\/documento.html?id=4517211\"><font color=\"blue\">RESOLU\u00c7\u00c3O N. 008\/1991<\/font><\/a><\/b><\/div><\/p>\r\n<br>\r\n\r\n<p><a href=\"https:\/\/www.ufsm.br\/pro-reitorias\/proplan\/resolucao-n-021-1994\/\"><font color=\"blue\">Revogada pela Resolu\u00e7\u00e3o N. 021\/1994<\/font><\/a><\/p>\r\n<br>\r\n<br><div align=\"justify\">\r\n<strike>\r\n<p>O REITOR DA UNIVERSIDADE FEDERAL DE SANTA MARIA, no uso de suas atribui\u00e7\u00f5es legais e estatut\u00e1rias, e de acordo com a <a href=\"http:\/\/www.planalto.gov.br\/ccivil_03\/leis\/l8112cons.htm\" target=\"_blank\"><font color=\"blue\"><u>Lei n. 8.112\/90<\/u><\/font><\/a> e o Anexo ao <a href=\"http:\/\/www.planalto.gov.br\/ccivil_03\/decreto\/antigos\/d94664.htm\" target=\"_blank\"><font color=\"blue\"><u>Decreto n\u00ba 94.664\/87<\/u><\/font><\/a>,<\/p>\r\n<br>\r\n<p><b><div align=\"center\">RESOLVE:<\/b><\/div><\/p>\r\n<br>\r\n<p>EXPEDIR a presente Resolu\u00e7\u00e3o para fixar normas de concess\u00e3o de f\u00e9rias e convers\u00e3o de 1\/3 (um ter\u00e7o) do per\u00edodo de f\u00e9rias em abono pecuni\u00e1rio aos Servidores da Universidade Federal de Santa Maria:<\/p>\r\n\r\n<p><b>1. CONCESS\u00c3O DE F\u00c9RIAS<\/b><\/p>\r\n<br>\r\n<p><b>1.1. <\/b>Os Docentes ainda que no exerc\u00edcio de fun\u00e7\u00e3o do confian\u00e7a, ter\u00e3o direito a 45 dias de f\u00e9rias;<\/p>\r\n<p><b>1.2. <\/b>As Ferias poder\u00e3o ser parceladas em m\u00f3dulos de 15 e 30 dias. N\u00e3o haver\u00e1 mais que 2 parcelamentos;<\/p>\r\n<p><b>1.3. <\/b>As f\u00e9rias dos docentes n\u00e3o poder\u00e3o ser concedidas durante os per\u00edodos <p><b>LETIVOS<\/b>; salvo os casos devidamente autorizados e justificados pela Chefia Imediata, autorizados pelo Diretor do Centro, desde que n\u00e3o venham em preju\u00edzo do <b>ENSINO, PESQUISA E EXTENS\u00c3O.<\/b><\/p>\r\n<p><b>1.4. <\/b>Os servidores ocupantes dos cargos de Procurador Aut\u00e1rquico e Assistente Jur\u00eddico ter\u00e3o 60 (sessenta) dias de f\u00e9rias anuais;<\/p>\r\n<p><b>1.4.1. <\/b>As f\u00e9rias poder\u00e3o ser parceladas em m\u00f3dulos de 30 em 30 dias. N\u00e3o haver\u00e1 mais que 02 (dois) parcelamentos.<\/p>\r\n<p><b>1.5. <\/b>Os servidores que operam com Raios-X ou subst\u00e2ncias radioativas gozar\u00e3o 20 (vinte) dias consecutivos de f\u00e9rias, por semestre de atividades profissional, proibida em qualquer hip\u00f3tese a acumula\u00e7\u00e3o.<\/p>\r\n<p><b>1.5.1 <\/b>Os docentes que operam com Raios-X ou subst\u00e2ncias radioativas, ter\u00e3o 45 (quarenta e cinco) dias de f\u00e9rias gozadas, semestralmente, pela metade, devendo ser consecutivas o inacumul\u00e1veis.<\/p>\r\n<p><b>1.5.2. <\/b>Os servidores que operam com Raios-X ou subst\u00e2ncias radioativas n\u00e3o far\u00e3o Jus a convers\u00e3o de 1\/3 (um ter\u00e7o) do per\u00edodo de f\u00e9rias em abono pecuni\u00e1rio.<\/p>\r\n<p><b>1.6. <\/b>Servidores em Cursos de P\u00f3s-Gradua\u00e7\u00e3o e\/ou de Adequa\u00e7\u00e3o Funcional:<\/p>\r\n<p><b>a) <\/b>Gozar\u00e3o obrigatoriamente, F\u00c9RIAS VENCIDAS, antes do in\u00edcio do afastamento, sempre que este afastamento vier a causar, acumulo de f\u00e9rias;<\/p>\r\n<p><b>b) <\/b>Gozar\u00e3o F\u00c9RIAS durante o afastamento, no per\u00edodo de recesso escolar dos referidos cursos, com a indispens\u00e1vel comunica\u00e7\u00e3o pelo Servidor \u00e0 Chefia Imediata e desta ao Departamento de Pessoal;<\/p>\r\n<p><b>c) <\/b>N\u00e3o haver\u00e1 acumula\u00e7\u00e3o de f\u00e9rias durante o afastamento para cursos;<\/p>\r\n<p><b>d) <\/b>Poder\u00e3o converter 1\/3 (um ter\u00e7o) do per\u00edodo de f\u00e9rias em abono pecuni\u00e1rio.<\/p>\r\n<p><b>1.7. <\/b>Os Servidores que acumulam cargos na Universidade dever\u00e3o programar suas ferias de maneira a coincidir, obrigatoriamente, em ambas as unidades de lota\u00e7\u00e3o.<\/p>\r\n<p><b>1.8. <\/b>Os Servidores ocupantes de Fun\u00e7\u00e3o de Confian\u00e7a dever\u00e3o programar f\u00e9rias de comum acordo com os substitutos legais ou eventuais, j\u00e1 designados ou n\u00e3o, de modo que a Dire\u00e7\u00e3o n\u00e3o sofra solu\u00e7\u00e3o de continuidade. O Titular dever\u00e1 comunicar \u00e0 Institui\u00e7\u00e3o, o local de afastamento para caso de urg\u00eancia.<\/p>\r\n<br> \r\n<p><b>2. CONVERS\u00c3O DE 1\/3 DAS F\u00c9RIAS EM ABONO PECUNI\u00c1RIO<\/b><\/p>\r\n<br>\r\n<p><b>2.1. <\/b>\u00c9 facultado ao servidor converter 1\/3 (um ter\u00e7o) do per\u00edodo de f\u00e9rias, a que tiver direito, em abono pecuni\u00e1rio no valor da remunera\u00e7\u00e3o que lhe seria devido nos dias correspondentes de trabalho:<\/p>\r\n<p><b>2.1.1. <\/b>Os servidores que converterem 1\/3 (um ter\u00e7o) do per\u00edodo de f\u00e9rias, a que tiverem direito, em abono pecuni\u00e1rio, dever\u00e3o gozar o restante do per\u00edodo de forma consecutiva. 2.1.2. No c\u00e1lculo do abono pecuni\u00e1rio ser\u00e1 considerado o valor do adicional de f\u00e9rias de que trata o inciso XVII do Art. 79 da <a href=\"http:\/\/www.planalto.gov.br\/ccivil_03\/constituicao\/constituicao.htm\" target=\"_blank\"><font color=\"blue\"><u>Constitui\u00e7\u00e3o Federal<\/u><\/font><\/a>.<\/p>\r\n<p><b>2.1.3. <\/b>O abono de ferias dever\u00e1 ser requerido <u>com pelo menos 60 (sessenta) dias de anteced\u00eancia do in\u00edcio do per\u00edodo de f\u00e9rias.<\/u> Em nenhuma hip\u00f3tese ser\u00e1 relevado o prazo acima referido.<\/p>\r\n<p><b>2.1.4. <\/b>N\u00e3o poder\u00e1 haver altera\u00e7\u00e3o e\/ou interrup\u00e7\u00e3o no per\u00edodo de f\u00e9rias convertido em abono pecuni\u00e1rio, bem como no per\u00edodo indicado para o gozo das mesmas, salvo nos casos previstos no art. 80 da <a href=\"http:\/\/www.planalto.gov.br\/ccivil_03\/leis\/l8112cons.htm\" target=\"_blank\"><font color=\"blue\"><u>Lei 8.112\/90<\/u><\/font><\/a>.<\/p>\r\n<p><b>2.1.5. <\/b>A rotina do requerimento da convers\u00e3o de 1\/3 (um ter\u00e7o) das f\u00e9rias em abono pecuni\u00e1rio \u00e9 a seguinte:<\/p>\r\n<p><b>a) <\/b>o requerimento, dirigido ao Chefe Imediato, dever\u00e1 ser entregue pelo pr\u00f3prio interessado no Protocolo Geral, observando o prazo do item 2.1.3 e com os per\u00edodos de convers\u00e3o em abono pecuni\u00e1rio e gozo de f\u00e9rias j\u00e1 definidos.<\/p>\r\n<p><b>b) <\/b>aberto o processo, dever\u00e1 ser encaminhado ao Chefe Imediato.<\/p>\r\n<p><b>c) <\/b>o chefe imediato dever\u00e1 propor e anexar ao processo o programa de trabalho do servidor requerente para o per\u00edodo convertido em abono pecuni\u00e1rio, bem como indicar o local (salas, etc...) e hor\u00e1rio de expediente.<\/p>\r\n<p><b>d) <\/b>ap\u00f3s o processo devera ser encaminhado ao Diretor do Centro ou Pr\u00f3-Reitor conforme a vincula\u00e7\u00e3o imediata, para receber o visto.<\/p>\r\n<p><b>e) <\/b>ap\u00f3s visto, o processo ser\u00e1 encaminhado ao Departamento de Pessoal para processamento e pagamento.<\/p>\r\n<p><b>OBS.: NECESSARIAMENTE<\/b> as chefias imediatas dever\u00e3o utilizar a for\u00e7a de trabalho decorrente da convers\u00e3o. de 1\/3 (um ter\u00e7o) das ferias en abono pecuni\u00e1rio, para manter a atividade fim em seu tr\u00edplice aspecto e preferencialmente o \u201censino em todos os n\u00edveis\u201d.<\/p>\r\n<p>Neste sentido as escalas de f\u00e9rias destes Servidores dever\u00e3o adequar-se \u00e0s necessidades da Institui\u00e7\u00e3o.<\/p>\r\n<p>A presente Resolu\u00e7\u00e3o revoga as disposi\u00e7\u00f5es em contr\u00e1rio, especialmente a <a href=\"https:\/\/www.ufsm.br\/pro-reitorias\/proplan\/resolucao-n-042-1988\/\" target=\"_blank\"><font color=\"blue\"><u>Resolu\u00e7\u00e3o de n\u00ba 0042\/88<\/u><\/font><\/a>.<\/p>\r\n\r\n<p>GABINETE DO REITOR DA UNIVERSIDADE FEDERAL DE SANTA MARIA, aos onze dias do m\u00eas de abril do ano de mil novecentos e noventa e um.<\/p>\r\n<\/div>\r\n<p>Prof. Tabajara Gaucho da Costa,<\/p>\r\n<p>Reitor.<\/p>\r\n<\/strike>\r\n<p><font color=\"red0000\">Este texto n\u00e3o substitui o documento original, publicado no Portal de Documentos.<\/font> Dispon\u00edvel em: <a href=\"https:\/\/portal.ufsm.br\/documentos\/publico\/documento.html?id=4517211\"><font color=\"blue\">https:\/\/portal.ufsm.br\/documentos\/publico\/documento.html?id=4517211<\/font><\/a>\r\n\r\n\t\t<\/div>\n\t\t\t\t<\/div>\n\t\t\t\t\t<\/div>\n\t\t<\/div>\n\t\t\t\t\t<\/div>\n\t\t<\/section>\n\t\t\t\t<\/div>\n\t\t","protected":false},"excerpt":{"rendered":"<p>RESOLU\u00c7\u00c3O N. 008\/1991 SERVI\u00c7O P\u00daBLICO FEDERAL RESOLU\u00c7\u00c3O N. 008\/1991 Revogada pela Resolu\u00e7\u00e3o N. 021\/1994 O REITOR DA UNIVERSIDADE FEDERAL DE SANTA MARIA, no uso de suas atribui\u00e7\u00f5es legais e estatut\u00e1rias, e de acordo com a Lei n. 8.112\/90 e o Anexo ao Decreto n\u00ba 94.664\/87, RESOLVE: EXPEDIR a presente Resolu\u00e7\u00e3o para fixar normas de concess\u00e3o [&hellip;]<\/p>\n","protected":false},"author":205,"featured_media":0,"parent":0,"menu_order":0,"comment_status":"closed","ping_status":"closed","template":"","meta":{"footnotes":""},"categories":[],"tags":[],"class_list":["post-3527","page","type-page","status-publish","hentry"],"acf":[],"_links":{"self":[{"href":"https:\/\/www.ufsm.br\/pro-reitorias\/proplan\/wp-json\/wp\/v2\/pages\/3527","targetHints":{"allow":["GET"]}}],"collection":[{"href":"https:\/\/www.ufsm.br\/pro-reitorias\/proplan\/wp-json\/wp\/v2\/pages"}],"about":[{"href":"https:\/\/www.ufsm.br\/pro-reitorias\/proplan\/wp-json\/wp\/v2\/types\/page"}],"author":[{"embeddable":true,"href":"https:\/\/www.ufsm.br\/pro-reitorias\/proplan\/wp-json\/wp\/v2\/users\/205"}],"replies":[{"embeddable":true,"href":"https:\/\/www.ufsm.br\/pro-reitorias\/proplan\/wp-json\/wp\/v2\/comments?post=3527"}],"version-history":[{"count":0,"href":"https:\/\/www.ufsm.br\/pro-reitorias\/proplan\/wp-json\/wp\/v2\/pages\/3527\/revisions"}],"wp:attachment":[{"href":"https:\/\/www.ufsm.br\/pro-reitorias\/proplan\/wp-json\/wp\/v2\/media?parent=3527"}],"wp:term":[{"taxonomy":"category","embeddable":true,"href":"https:\/\/www.ufsm.br\/pro-reitorias\/proplan\/wp-json\/wp\/v2\/categories?post=3527"},{"taxonomy":"post_tag","embeddable":true,"href":"https:\/\/www.ufsm.br\/pro-reitorias\/proplan\/wp-json\/wp\/v2\/tags?post=3527"}],"curies":[{"name":"wp","href":"https:\/\/api.w.org\/{rel}","templated":true}]}}