{"id":3528,"date":"2020-04-03T14:40:32","date_gmt":"2020-04-03T17:40:32","guid":{"rendered":"https:\/\/www.ufsm.br\/pro-reitorias\/proplan\/?page_id=3528"},"modified":"2020-05-29T14:44:20","modified_gmt":"2020-05-29T17:44:20","slug":"resolucao-n-009-1991","status":"publish","type":"page","link":"https:\/\/www.ufsm.br\/pro-reitorias\/proplan\/resolucao-n-009-1991","title":{"rendered":"Resolu\u00e7\u00e3o N. 009\/1991"},"content":{"rendered":"\t\t<div data-elementor-type=\"wp-page\" data-elementor-id=\"3528\" class=\"elementor elementor-3528\">\n\t\t\t\t\t\t<section class=\"elementor-section elementor-top-section elementor-element elementor-element-8f02076 elementor-section-boxed elementor-section-height-default elementor-section-height-default\" data-id=\"8f02076\" data-element_type=\"section\">\n\t\t\t\t\t\t<div class=\"elementor-container elementor-column-gap-default\">\n\t\t\t\t\t<div class=\"elementor-column elementor-col-100 elementor-top-column elementor-element elementor-element-9100627\" data-id=\"9100627\" data-element_type=\"column\">\n\t\t\t<div class=\"elementor-widget-wrap elementor-element-populated\">\n\t\t\t\t\t\t<div class=\"elementor-element elementor-element-509ba89 elementor-widget elementor-widget-html\" data-id=\"509ba89\" data-element_type=\"widget\" data-widget_type=\"html.default\">\n\t\t\t\t<div class=\"elementor-widget-container\">\n\t\t\t\r\n\r\n\r\n<title><b>RESOLU\u00c7\u00c3O N. 009\/1991<\/b><\/title>\r\n\r\n\r\n<div align=\"center\"><img decoding=\"async\" src=\"https:\/\/www.ufsm.br\/pro-reitorias\/proplan\/wp-content\/uploads\/sites\/344\/2019\/09\/brasao-da-republica-do-brasil-logo.png\" alt=\"Bras\u00e3o Rep\u00fablica Federativa do Brasil\" width=\"6%\" height=\"6%\"><\/div>    \r\n<h1><font color=\"blue\"><font size=\"5\"><div align=\"center\">SERVI\u00c7O P\u00daBLICO FEDERAL<\/b><\/font><\/font><\/div><\/H1>\r\n\r\n<p><div align=\"center\"><b><a href=\"https:\/\/portal.ufsm.br\/documentos\/publico\/documento.html?id=4517094\"><font color=\"blue\">RESOLU\u00c7\u00c3O N. 009\/1991<\/font><\/a><\/b><\/div><\/p>\r\n<br>\r\n<p><a href=\"https:\/\/www.ufsm.br\/pro-reitorias\/proplan\/resolucao-n-023-1999\/\"><font color=\"blue\">Revogada pela Resolu\u00e7\u00e3o N. 023\/1999<\/font><\/a><\/p>\r\n<br>\r\n<br><div align=\"justify\">\r\n<strike>\r\n<p>O REITOR DA UNIVERSIDADE FEDERAL DE SANTA MARIA, no uso de suas atribui\u00e7\u00f5es legais e estatut\u00e1rias e de acordo com a delibera\u00e7\u00e3o do Egr\u00e9gio Conselho Universit\u00e1rio, em sua 462\u00aa Sess\u00e3o, conforme consta do Processo n\u00ba <a href=\"\t\" target=\"_blank\"><font color=\"blue\"><u>007279\/91-42<\/u><\/font><\/a> e <a href=\"\t\" target=\"_blank\"><font color=\"blue\"><u>021172\/90-16<\/u><\/font><\/a>, que tratam da aplica\u00e7\u00e3o da <a href=\"https:\/\/www.ufsm.br\/pro-reitorias\/proplan\/resolucao-n-004-1990\/\" target=\"_blank\"><font color=\"blue\"><u>Resolu\u00e7\u00e3o n\u00ba 0004\/90<\/u><\/font><\/a>,<\/p>\r\n<br>\r\n<p><b><div align=\"center\">RESOLVE:<\/b><\/div><\/p>\r\n<br>\r\n<p>Ficam aprovadas, para vig\u00eancias tempor\u00e1rias, ainda neste semestre e at\u00e9 a conclus\u00e3o dos trabalhos de avalia\u00e7\u00e3o global da <a href=\"https:\/\/www.ufsm.br\/pro-reitorias\/proplan\/resolucao-n-004-1990\/\" target=\"_blank\"><font color=\"blue\"><u>Resolu\u00e7\u00e3o n\u00ba 0004\/90<\/u><\/font><\/a>, as sugest\u00f5es constantes a fls. 0? a 07 do Processo n\u00ba <a href=\"https:\/\/portal.ufsm.br\/documentos\/publico\/processo\/documento.html?idDocumento=67493\" target=\"_blank\"><font color=\"blue\"><u>007279\/91-42<\/u><\/font><\/a>, a seguir discriminadas:<\/p>\r\n\r\n<p><b>1. <\/b>Em car\u00e1ter excepcional, quando comprovada a insufici\u00eancia de recursos humanos do Departamento respectivo imponha excesso significativo de atividade frente ao aluno, n\u00e3o haver\u00e1 limite m\u00e1ximo para pontua\u00e7\u00e3o no item 01 dos Par\u00e2metros de avalia\u00e7\u00e3o semestral dos docentes previstos no Art. 13 da <a href=\"https:\/\/www.ufsm.br\/pro-reitorias\/proplan\/resolucao-n-004-1990\/\" target=\"_blank\"><font color=\"blue\"><u>Resolu\u00e7\u00e3o n\u00ba 0004\/90<\/u><\/font><\/a>;<\/p>\r\n<p><b>2. <\/b>Os docentes submetidos ao Regime de Trabalho de 20 horas semanais, para fins de progress\u00e3o, dever\u00e3o atingir a metade dos pontos constantes dos artigos n\u00bas 15 e 22, par\u00e1grafo 1\u00ba, da <a href=\"https:\/\/www.ufsm.br\/pro-reitorias\/proplan\/resolucao-n-004-1990\/\" target=\"_blank\"><font color=\"blue\"><u>Resolu\u00e7\u00e3o n\u00ba 0004\/90<\/u><\/font><\/a>;<\/p>\r\n<p><b>3. <\/b>N\u00e3o haver\u00e1 arredondamento da pontua\u00e7\u00e3o final obtida pelo docente;<\/p>\r\n<p><b>4. <\/b>No Artigo 9\u00ba da <a href=\"https:\/\/www.ufsm.br\/pro-reitorias\/proplan\/resolucao-n-004-1990\/\" target=\"_blank\"><font color=\"blue\"><u>Resolu\u00e7\u00e3o n\u00ba 0004\/90<\/u><\/font><\/a>, inclui-se o seguinte par\u00e1grafo \u00fanico: \"Os Departamentos Did\u00e1ticos ser\u00e3o os respons\u00e1veis pelas informa\u00e7\u00f5es prestadas \u00e0 CPPD, na Planilha de Avalia\u00e7\u00e3o Docente, para que se concretize o processo de avalia\u00e7\u00e3o docente;<\/p>\r\n<p><b>5. <\/b>Ficam as datas de 30 de mar\u00e7o e 30 de setembro, como \u00faltimo prazo em que, o docente, atrav\u00e9s do Departamento, possa encaminhar recurso \u00e0 CPPD, quanto ao resultado da avalia\u00e7\u00e3o referente ao semestre anterior;<\/p>\r\n<p><b>6. <\/b>Com refer\u00eancia a avalia\u00e7\u00e3o discente, os question\u00e1rios relativos a mesma devem ser homologados nos Conselhos de Centros de Ensino aos quais perten\u00e7am as Coordena\u00e7\u00f5es de Cursos, atendendo as peculiaridades dos mesmos. A pontua\u00e7\u00e3o por question\u00e1rio respondido, deve situar-se numa escala de 0 a 100 pontos (zero a cem);<\/p>\r\n<p><b>7. <\/b>As Coordena\u00e7\u00f5es de Cursos dever\u00e3o, obrigatoriamente, dar conhecimento aos alunos e professores dos respectivos Cursos, antecipadamente, do conte\u00fado do question\u00e1rio a ser aplicado;<\/p>\r\n<p><b>8. <\/b>No corpo do question\u00e1rio da avalia\u00e7\u00e3o discente, deve haver uma mensagem direta aos alunos, mostrando os objetivos da avalia\u00e7\u00e3o com refer\u00eancia \u00e0 progress\u00e3o docente, bem como, a melhoria da qualidade do ensino;<\/p>\r\n<p><b>9. <\/b>A aplica\u00e7\u00e3o do question\u00e1rio dever\u00e1 ser feita em sala de aula, por docente designado pelo Colegiado do Curso, desde que, n\u00e3o seja o avaliado;<\/p>\r\n<p><b>10. <\/b>Por ocasi\u00e3o da aplica\u00e7\u00e3o do question\u00e1rio, dever\u00e1 ser preenchida uma ATA sobre o evento, contendo basicamente:<\/p>\r\n<p>- nome do docente avaliado;<\/p>\r\n<p>- data;<\/p>\r\n<p>- n\u00famero de alunos matriculados na disciplina;<\/p>\r\n<p>- n\u00famero de alunos que responderam o question\u00e1rio;<\/p>\r\n<p>- nome da disciplina;<\/p>\r\n<p>- assinatura de um aluno da turma;<\/p>\r\n<p>- assinatura do docente que aplicou o question\u00e1rio;<\/p>\r\n\r\n<p><b>11. <\/b>Ap\u00f3s o recolhimento dos question\u00e1rios, dever\u00e3o ser acondicionados em envelope lacrado e rubricado pelo docente que aplicou o mesmo, e por um aluno, e dever\u00e3o ser entregues na Coordena\u00e7\u00e3o do Curso. A abertura do mesmo para a tabula\u00e7\u00e3o dos dados dar-se-\u00e1 somente ap\u00f3s o t\u00e9rmino da avalia\u00e7\u00e3o final do semestre, prevista no calend\u00e1rio escolar;<\/p>\r\n<p><b>12. <\/b>A aplica\u00e7\u00e3o do question\u00e1rio dever\u00e1 ocorrer em \u00e9poca mais pr\u00f3ximo poss\u00edvel do final do semestre letivo e sempre em data anterior a \u00faltima avalia\u00e7\u00e3o parcial de cada disciplina;<\/p>\r\n<p><b>13. <\/b>O docente avaliado n\u00e3o deve permanecer na sala de aula por ocasi\u00e3o da avalia\u00e7\u00e3o;<\/p>\r\n<p><b>14. <\/b>Para fins de validade do processo de avalia\u00e7\u00e3o discente e para fins de encaminhamento \u00e0 CPPD, com vistas a avalia\u00e7\u00e3o docente, s\u00f3 ser\u00e3o computados os resultados obtidos, nos casos em que, o n\u00famero de alunos que preencheram os question\u00e1rios de avalia\u00e7\u00e3o, por disciplina, for igual ou superior a 50% do n\u00famero de alunos que est\u00e3o matriculados na respectiva disciplina;<\/p>\r\n<p><b>15. <\/b>N\u00e3o dever\u00e1 ocorrer mais de uma avalia\u00e7\u00e3o de diferentes professores, de disciplinas diferentes num mesmo hor\u00e1rio de aplica\u00e7\u00e3o do question\u00e1rio.<\/p>\r\n<p><b>16. <\/b>A comiss\u00e3o designada pela Portaria n\u00ba 25.026\/91 de 02\/05\/91, para revis\u00e3o da <a href=\"https:\/\/www.ufsm.br\/pro-reitorias\/proplan\/resolucao-n-004-1990\/\" target=\"_blank\"><font color=\"blue\"><u>Resolu\u00e7\u00e3o n\u00ba 0004\/90<\/u><\/font><\/a> tem autonomia para propor as altera\u00e7\u00f5es que julgar necess\u00e1rias no texto a ser aprovado para vig\u00eancia definitiva.<\/p>\r\n<p><b>17. <\/b>Revogam-se as disposi\u00e7\u00f5es em contr\u00e1rio.<\/p>\r\n\r\n<p>GABINETE DO REITOR DA UNIVERSIDADE FEDERAL DE SANTA MARIA, aos seis dias do m\u00eas de junho do ano de mil novecentos e noventa e um.<\/p>\r\n<\/div>\r\n<p>Prof. Tabajara Gaucho da Costa,<\/p>\r\n<p>Reitor.<\/p>\r\n<\/strike>\r\n<p><font color=\"red0000\">Este texto n\u00e3o substitui o documento original, publicado no Portal de Documentos.<\/font> Dispon\u00edvel em: <a href=\"https:\/\/portal.ufsm.br\/documentos\/publico\/documento.html?id=4517094\"><font color=\"blue\">https:\/\/portal.ufsm.br\/documentos\/publico\/documento.html?id=4517094<\/font><\/a>\r\n\r\n\t\t<\/div>\n\t\t\t\t<\/div>\n\t\t\t\t\t<\/div>\n\t\t<\/div>\n\t\t\t\t\t<\/div>\n\t\t<\/section>\n\t\t\t\t<\/div>\n\t\t","protected":false},"excerpt":{"rendered":"<p>RESOLU\u00c7\u00c3O N. 009\/1991 SERVI\u00c7O P\u00daBLICO FEDERAL RESOLU\u00c7\u00c3O N. 009\/1991 Revogada pela Resolu\u00e7\u00e3o N. 023\/1999 O REITOR DA UNIVERSIDADE FEDERAL DE SANTA MARIA, no uso de suas atribui\u00e7\u00f5es legais e estatut\u00e1rias e de acordo com a delibera\u00e7\u00e3o do Egr\u00e9gio Conselho Universit\u00e1rio, em sua 462\u00aa Sess\u00e3o, conforme consta do Processo n\u00ba 007279\/91-42 e 021172\/90-16, que tratam da [&hellip;]<\/p>\n","protected":false},"author":205,"featured_media":0,"parent":0,"menu_order":0,"comment_status":"closed","ping_status":"closed","template":"","meta":{"footnotes":""},"categories":[],"tags":[],"class_list":["post-3528","page","type-page","status-publish","hentry"],"acf":[],"_links":{"self":[{"href":"https:\/\/www.ufsm.br\/pro-reitorias\/proplan\/wp-json\/wp\/v2\/pages\/3528","targetHints":{"allow":["GET"]}}],"collection":[{"href":"https:\/\/www.ufsm.br\/pro-reitorias\/proplan\/wp-json\/wp\/v2\/pages"}],"about":[{"href":"https:\/\/www.ufsm.br\/pro-reitorias\/proplan\/wp-json\/wp\/v2\/types\/page"}],"author":[{"embeddable":true,"href":"https:\/\/www.ufsm.br\/pro-reitorias\/proplan\/wp-json\/wp\/v2\/users\/205"}],"replies":[{"embeddable":true,"href":"https:\/\/www.ufsm.br\/pro-reitorias\/proplan\/wp-json\/wp\/v2\/comments?post=3528"}],"version-history":[{"count":0,"href":"https:\/\/www.ufsm.br\/pro-reitorias\/proplan\/wp-json\/wp\/v2\/pages\/3528\/revisions"}],"wp:attachment":[{"href":"https:\/\/www.ufsm.br\/pro-reitorias\/proplan\/wp-json\/wp\/v2\/media?parent=3528"}],"wp:term":[{"taxonomy":"category","embeddable":true,"href":"https:\/\/www.ufsm.br\/pro-reitorias\/proplan\/wp-json\/wp\/v2\/categories?post=3528"},{"taxonomy":"post_tag","embeddable":true,"href":"https:\/\/www.ufsm.br\/pro-reitorias\/proplan\/wp-json\/wp\/v2\/tags?post=3528"}],"curies":[{"name":"wp","href":"https:\/\/api.w.org\/{rel}","templated":true}]}}