{"id":3531,"date":"2020-04-03T15:05:12","date_gmt":"2020-04-03T18:05:12","guid":{"rendered":"https:\/\/www.ufsm.br\/pro-reitorias\/proplan\/?page_id=3531"},"modified":"2020-05-29T14:45:00","modified_gmt":"2020-05-29T17:45:00","slug":"resolucao-n-012-1991","status":"publish","type":"page","link":"https:\/\/www.ufsm.br\/pro-reitorias\/proplan\/resolucao-n-012-1991","title":{"rendered":"Resolu\u00e7\u00e3o N. 012\/1991"},"content":{"rendered":"\t\t<div data-elementor-type=\"wp-page\" data-elementor-id=\"3531\" class=\"elementor elementor-3531\">\n\t\t\t\t\t\t<section class=\"elementor-section elementor-top-section elementor-element elementor-element-9566230 elementor-section-boxed elementor-section-height-default elementor-section-height-default\" data-id=\"9566230\" data-element_type=\"section\">\n\t\t\t\t\t\t<div class=\"elementor-container elementor-column-gap-default\">\n\t\t\t\t\t<div class=\"elementor-column elementor-col-100 elementor-top-column elementor-element elementor-element-7531bb8\" data-id=\"7531bb8\" data-element_type=\"column\">\n\t\t\t<div class=\"elementor-widget-wrap elementor-element-populated\">\n\t\t\t\t\t\t<div class=\"elementor-element elementor-element-5bf7e97 elementor-widget elementor-widget-html\" data-id=\"5bf7e97\" data-element_type=\"widget\" data-widget_type=\"html.default\">\n\t\t\t\t<div class=\"elementor-widget-container\">\n\t\t\t\r\n\r\n\r\n<title><b>RESOLU\u00c7\u00c3O N. 012\/1991<\/b><\/title>\r\n\r\n\r\n<div align=\"center\"><img decoding=\"async\" src=\"https:\/\/www.ufsm.br\/pro-reitorias\/proplan\/wp-content\/uploads\/sites\/344\/2019\/09\/brasao-da-republica-do-brasil-logo.png\" alt=\"Bras\u00e3o Rep\u00fablica Federativa do Brasil\" width=\"6%\" height=\"6%\"><\/div>    \r\n<h1><font color=\"blue\"><font size=\"5\"><div align=\"center\">SERVI\u00c7O P\u00daBLICO FEDERAL<\/b><\/font><\/font><\/div><\/H1>\r\n\r\n<p><div align=\"center\"><b><a href=\"https:\/\/portal.ufsm.br\/documentos\/publico\/documento.html?id=4517098\"><font color=\"blue\">RESOLU\u00c7\u00c3O N. 012\/1991<\/font><\/a><\/b><\/div><\/p>\r\n<br>\r\n<p><div align=\"right\"><font color=\"800000\"><strike>CRIA, NO \u00c2MBITO DA UNIVERSIDADE FEDERAL DE SANTA MARIA, A EDITORA, CONSTITUINDO-A \u00d3RG\u00c3O SUPLEMENTAR DA REITORIA.<\/strike><\/font><\/div><\/p>\r\n<br>\r\n<p><a href=\"https:\/\/www.ufsm.br\/pro-reitorias\/proplan\/resolucao-n-011-1994\/\"><font color=\"blue\">Revogada pela Resolu\u00e7\u00e3o N. 011\/1994<\/font><\/a><\/p>\r\n<br>\r\n<br><div align=\"justify\">\r\n<strike>\r\n<p>O Reitor da Universidade Federal de Santa Maria, no uso de suas atribui\u00e7\u00f5es legais e regimentais e de acordo com o que consta no Processo n\u00ba 23081.026755\/89-18 e presente decis\u00e3o do Egr\u00e9gio Conselho Universit\u00e1rio em Sess\u00e3o n\u00ba 445 de 18 de maio de 1990,<\/p>\r\n<br>\r\n<p><b><div align=\"center\">RESOLVE:<\/b><\/div><\/p>\r\n<br>\r\n<p>1\u00ba - Criar a Editora da Universidade Federal de Santa Maria, \u00f3rg\u00e3o suplementar de natureza t\u00e9cnica, subordinado \u00e0 Reitoria nos termos do Art. 11 do Regimento Geral da UFSM, sob supervis\u00e3o e coordena\u00e7\u00e3o administrativa da Pr\u00f3-Reitoria de P\u00f3s-Gradua\u00e7\u00e3o e Pesquisa.<\/p>\r\n<p>2\u00ba - Estabelecer que a estrutura organizacional, a compet\u00eancia interna e as atribui\u00e7\u00f5es de seus componentes \u00e9 a constante do Regimento Interno aprovado pelo Conselho Universit\u00e1rio na Sess\u00e3o 445 de 18 de maio de 1990.<\/p>\r\n<p>3\u00ba - Definir como objetivo da Editora:<\/p>\r\n<p>I - Incentivar a produ\u00e7\u00e3o cient\u00edfica, liter\u00e1ria e did\u00e1tica da UFSM;<\/p>\r\n<p>II - Editar, co-editar e divulgar os trabalhos que interessem \u00e0s atividades de ensino, pesquisa e extens\u00e3o cultural nas diferentes \u00e1reas de conhecimento;<\/p>\r\n<p>III - Promover o interc\u00e2mbio bibliogr\u00e1fico e t\u00e9cnico com outras Universidades, bibliotecas e entidades similares;<\/p>\r\n<p>IV - Manter postos de vendas, permanentes ou ocasionais, com a finalidade de facilitar \u00e0 comunidade acad\u00eamica e regional o acesso ao material publicado.<\/p>\r\n\r\n<p>4\u00ba Revogar as Resolu\u00e7\u00f5es n\u00ba <a href=\"https:\/\/www.ufsm.br\/pro-reitorias\/proplan\/resolucao-n-117-1981\/\" target=\"_blank\"><font color=\"blue\"><u>117\/81 de 22 de outubro de 1981<\/u><\/font><\/a> e <a href=\"https:\/\/www.ufsm.br\/pro-reitorias\/proplan\/resolucao-n-025-1987\/\" target=\"_blank\"><font color=\"blue\"><u>0025\/87 de 15 de maio de 1987<\/u><\/font><\/a>.<\/p>\r\n\r\n<p>GABINETE DO REITOR DA UNIVERSIDADE FEDERAL DE SANTA MARIA, aos vinte e tr\u00eas dias do m\u00eas de julho do ano de mil novecentos e noventa e um.<\/p>\r\n<\/div>\r\n<p>Prof. Jo\u00e3o Luiz de Oliveira Roth,<\/p>\r\n<p>Vice- Reitor, no exerc\u00edcio da Reitoria.<\/p>\r\n<\/strike>\r\n<p><font color=\"red0000\">Este texto n\u00e3o substitui o documento original, publicado no Portal de Documentos.<\/font> Dispon\u00edvel em: <a href=\"https:\/\/portal.ufsm.br\/documentos\/publico\/documento.html?id=4517098\"><font color=\"blue\">https:\/\/portal.ufsm.br\/documentos\/publico\/documento.html?id=4517098<\/font><\/a>\r\n\r\n\t\t<\/div>\n\t\t\t\t<\/div>\n\t\t\t\t\t<\/div>\n\t\t<\/div>\n\t\t\t\t\t<\/div>\n\t\t<\/section>\n\t\t\t\t<\/div>\n\t\t","protected":false},"excerpt":{"rendered":"<p>RESOLU\u00c7\u00c3O N. 012\/1991 SERVI\u00c7O P\u00daBLICO FEDERAL RESOLU\u00c7\u00c3O N. 012\/1991 CRIA, NO \u00c2MBITO DA UNIVERSIDADE FEDERAL DE SANTA MARIA, A EDITORA, CONSTITUINDO-A \u00d3RG\u00c3O SUPLEMENTAR DA REITORIA. Revogada pela Resolu\u00e7\u00e3o N. 011\/1994 O Reitor da Universidade Federal de Santa Maria, no uso de suas atribui\u00e7\u00f5es legais e regimentais e de acordo com o que consta no Processo [&hellip;]<\/p>\n","protected":false},"author":205,"featured_media":0,"parent":0,"menu_order":0,"comment_status":"closed","ping_status":"closed","template":"","meta":{"footnotes":""},"categories":[],"tags":[],"class_list":["post-3531","page","type-page","status-publish","hentry"],"acf":[],"_links":{"self":[{"href":"https:\/\/www.ufsm.br\/pro-reitorias\/proplan\/wp-json\/wp\/v2\/pages\/3531","targetHints":{"allow":["GET"]}}],"collection":[{"href":"https:\/\/www.ufsm.br\/pro-reitorias\/proplan\/wp-json\/wp\/v2\/pages"}],"about":[{"href":"https:\/\/www.ufsm.br\/pro-reitorias\/proplan\/wp-json\/wp\/v2\/types\/page"}],"author":[{"embeddable":true,"href":"https:\/\/www.ufsm.br\/pro-reitorias\/proplan\/wp-json\/wp\/v2\/users\/205"}],"replies":[{"embeddable":true,"href":"https:\/\/www.ufsm.br\/pro-reitorias\/proplan\/wp-json\/wp\/v2\/comments?post=3531"}],"version-history":[{"count":0,"href":"https:\/\/www.ufsm.br\/pro-reitorias\/proplan\/wp-json\/wp\/v2\/pages\/3531\/revisions"}],"wp:attachment":[{"href":"https:\/\/www.ufsm.br\/pro-reitorias\/proplan\/wp-json\/wp\/v2\/media?parent=3531"}],"wp:term":[{"taxonomy":"category","embeddable":true,"href":"https:\/\/www.ufsm.br\/pro-reitorias\/proplan\/wp-json\/wp\/v2\/categories?post=3531"},{"taxonomy":"post_tag","embeddable":true,"href":"https:\/\/www.ufsm.br\/pro-reitorias\/proplan\/wp-json\/wp\/v2\/tags?post=3531"}],"curies":[{"name":"wp","href":"https:\/\/api.w.org\/{rel}","templated":true}]}}