{"id":3534,"date":"2020-04-03T15:05:28","date_gmt":"2020-04-03T18:05:28","guid":{"rendered":"https:\/\/www.ufsm.br\/pro-reitorias\/proplan\/?page_id=3534"},"modified":"2020-09-15T12:49:24","modified_gmt":"2020-09-15T15:49:24","slug":"resolucao-n-015-1991","status":"publish","type":"page","link":"https:\/\/www.ufsm.br\/pro-reitorias\/proplan\/resolucao-n-015-1991","title":{"rendered":"Resolu\u00e7\u00e3o N. 015\/1991"},"content":{"rendered":"\t\t<div data-elementor-type=\"wp-page\" data-elementor-id=\"3534\" class=\"elementor elementor-3534\">\n\t\t\t\t\t\t<section class=\"elementor-section elementor-top-section elementor-element elementor-element-4d7ae6f elementor-section-boxed elementor-section-height-default elementor-section-height-default\" data-id=\"4d7ae6f\" data-element_type=\"section\">\n\t\t\t\t\t\t<div class=\"elementor-container elementor-column-gap-default\">\n\t\t\t\t\t<div class=\"elementor-column elementor-col-100 elementor-top-column elementor-element elementor-element-f0f8b33\" data-id=\"f0f8b33\" data-element_type=\"column\">\n\t\t\t<div class=\"elementor-widget-wrap elementor-element-populated\">\n\t\t\t\t\t\t<div class=\"elementor-element elementor-element-4c77efe elementor-widget elementor-widget-html\" data-id=\"4c77efe\" data-element_type=\"widget\" data-widget_type=\"html.default\">\n\t\t\t\t<div class=\"elementor-widget-container\">\n\t\t\t\r\n\r\n\r\n<title><b>RESOLU\u00c7\u00c3O N. 015\/1991<\/b><\/title>\r\n\r\n\r\n<div align=\"center\"><img decoding=\"async\" src=\"https:\/\/www.ufsm.br\/pro-reitorias\/proplan\/wp-content\/uploads\/sites\/344\/2019\/09\/brasao-da-republica-do-brasil-logo.png\" alt=\"Bras\u00e3o Rep\u00fablica Federativa do Brasil\" width=\"6%\" height=\"6%\"><\/div>    \r\n<h1><font color=\"blue\"><font size=\"5\"><div align=\"center\">SERVI\u00c7O P\u00daBLICO FEDERAL<\/b><\/font><\/font><\/div><\/H1>\r\n\r\n<p><div align=\"center\"><b><a href=\"https:\/\/portal.ufsm.br\/documentos\/publico\/documento.html?id=4517102\"><font color=\"blue\">RESOLU\u00c7\u00c3O N. 015\/1991<\/font><\/a><\/b><\/div><\/p>\r\n\r\n<br>\r\n<p><div align=\"right\"><font color=\"800000\"><strike>ESTABELECE HOR\u00c1RIO ESPECIAL PARA AS ATIVIDADES INTERNAS NA UNIVERSIDADE FEDERAL DE SANTA MARIA E D\u00c1 OUTRAS PROVID\u00caNCIAS.<\/strike><\/font><\/div><\/p>\r\n<br>\r\n<p>Alterada pelas Resolu\u00e7\u00f5es <a href=\"https:\/\/www.ufsm.br\/pro-reitorias\/proplan\/resolucao-n-002-1992\/\" target=\"_blank\"><font color=\"blue\">N. 002\/1992<\/font><\/a> e N. 003\/1992 e <a href=\"https:\/\/www.ufsm.br\/pro-reitorias\/proplan\/resolucao-n-008-2020\/\" target=\"_blank\"><font color=\"blue\">Revogada pela Resolu\u00e7\u00e3o N. 008\/2020<\/font><\/a><\/p>\r\n<br>\r\n<br><div align=\"justify\">\r\n<strike>\r\n<p>O REITOR DA UNTVERSIDADE FEDERAL DE SANTA MARIA, no uso de suas atribui\u00e7\u00f5es Legais e regimentais, e<\/p>\r\n<p>- considerando a constante eleva\u00e7\u00e3o do custo do transporte dos servidores da Universidade Federal de Santa Maria, que se destocam, diariamente, ao Campus Universit\u00e1rio;<\/p>\r\n<p>- considerando a necessidade de ampliar o uso do espa\u00e7o f\u00edsico dos pr\u00e9dios localizados no Campus, sem gerar maior demanda de pessoal;<\/p>\r\n<p>- considerando que o estabelecimento de um hor\u00e1rio interno \u00e9 necess\u00e1rio para o desempenho das atividades pr\u00f3prias de cada \u00f3rg\u00e3o, e<\/p>\r\n<p>- considerando, finalmente, que um hor\u00e1rio para expediente interno contribuir\u00e1 para que as Chefias possam promover reuni\u00f5es internas, com a finalidade de aprimorar o ato administrativo, a moderniza\u00e7\u00e3o das t\u00e9cnicas de trabalho e a pronta tomada de decis\u00f5es,<\/p>\r\n<p>- considerando as condi\u00e7\u00f5es at\u00edpicas do semestre letivo, o encerramento do exerc\u00edcio financeiro e a necessidade de adequa\u00e7\u00e3o funcional e das atividades,<\/p>\r\n<br>\r\n<p><b><div align=\"center\">RESOLVE:<\/b><\/div><\/p>\r\n<br>\r\n<p><b>Art. 1\u00ba - <\/b>Fixar o seguinte hor\u00e1rio de funcionamento da Universidade Federal de Santa Maria, a partir de 21 de dezembro de 1991:<\/p>\r\n<p><b>das 07h30min \u00e0s 23 horas.<\/b><\/p>\r\n<p><b>Art. 2\u00ba - <\/b>O hor\u00e1rio de atendimento externo na Reitoria e em seus \u00f3rg\u00e3os administrativos fica estabelecido entre<\/p>\r\n<p><b>07h30min e 13h30min<\/b><\/p>\r\n\r\n<p><b><strike>Art. 3\u00ba - <\/b>As demais Unidades Universit\u00e1rias, atendendo programa\u00e7\u00f5es did\u00e1ticas e administrativas, bem como necessidades t\u00e9cnicas, ter\u00e3o escalonamento de hor\u00e1rio de modo que o hor\u00e1rio a ser cumprido pelos seus servidores esteja inclu\u00eddo no previsto no Art. 1\u00ba desta Resolu\u00e7\u00e3o.<\/strike> <a href=\"https:\/\/www.ufsm.br\/pro-reitorias\/proplan\/resolucao-n-003-1992\/\" target=\"_blank\"><font color=\"blue\"><u>(Reda\u00e7\u00e3o alterada pela Resolu\u00e7\u00e3o N. 003\/1992)<\/u><\/font><\/a><\/p>\r\n<p><b>Art. 3\u00ba - <\/b>As Unidades Universit\u00e1rias, atendendo programa\u00e7\u00f5es did\u00e1ticas e administrativas, bem como necessidades t\u00e9cnicas, far\u00e3o escalonamento, de modo a que o hor\u00e1rio a ser cumprido pelos seus servidores, esteja inclu\u00eddo no previsto no Art. 1\u00ba daquela Resolu\u00e7\u00e3o, ou seja das 07h 30min as 23h 10min. <a href=\"https:\/\/www.ufsm.br\/pro-reitorias\/proplan\/resolucao-n-003-1992\/\" target=\"_blank\"><font color=\"blue\"><u>(Reda\u00e7\u00e3o dada pela Resolu\u00e7\u00e3o N. 003\/1992)<\/u><\/font><\/a><\/p>\r\n\r\n<p><b><strike>Art. 4\u00ba - <\/b>A presente Resolu\u00e7\u00e3o ter\u00e1 aplica\u00e7\u00e3o at\u00e9 o dia 08 de mar\u00e7o de 1992.<\/strike> <a href=\"https:\/\/www.ufsm.br\/pro-reitorias\/proplan\/resolucao-n-002-1992\/\" target=\"_blank\"><font color=\"blue\"><u>(Reda\u00e7\u00e3o alterada pela Resolu\u00e7\u00e3o N. 002\/1992)<\/u><\/font><\/a><\/p>\r\n<p><b>Art. 4\u00ba - <\/b>A presente Resolu\u00e7\u00e3o ter\u00e1 aplica\u00e7\u00e3o at\u00e9 o dia 12 de abril de 1992. <a href=\"https:\/\/www.ufsm.br\/pro-reitorias\/proplan\/resolucao-n-002-1992\/\" target=\"_blank\"><font color=\"blue\"><u>(Reda\u00e7\u00e3o dada pela Resolu\u00e7\u00e3o N. 002\/1992)<\/u><\/font><\/a><\/p>\r\n\r\n<p><b>Art. 5\u00ba - <\/b>Revogam-se as disposi\u00e7\u00f5es em contr\u00e1rio.<\/p>\r\n\r\n<p>GABINETE DO REITOR DA UNIVERSIDADE FEDERAL DE SANTA MARIA, aos vinte e nove dias do m\u00eas de novembro do ano de mil novecentos e noventa e um.<\/p>\r\n<\/div>\r\n<p>Prof. Tabajara Gaucho da Costa,<\/p>\r\n<p>Reitor.<\/p>\r\n<\/strike>\r\n<p><font color=\"red0000\">Este texto n\u00e3o substitui o documento original, publicado no Portal de Documentos.<\/font> Dispon\u00edvel em: <a href=\"https:\/\/portal.ufsm.br\/documentos\/publico\/documento.html?id=4517102\"><font color=\"blue\">https:\/\/portal.ufsm.br\/documentos\/publico\/documento.html?id=4517102<\/font><\/a>\r\n\r\n\t\t<\/div>\n\t\t\t\t<\/div>\n\t\t\t\t\t<\/div>\n\t\t<\/div>\n\t\t\t\t\t<\/div>\n\t\t<\/section>\n\t\t\t\t<\/div>\n\t\t","protected":false},"excerpt":{"rendered":"<p>RESOLU\u00c7\u00c3O N. 015\/1991 SERVI\u00c7O P\u00daBLICO FEDERAL RESOLU\u00c7\u00c3O N. 015\/1991 ESTABELECE HOR\u00c1RIO ESPECIAL PARA AS ATIVIDADES INTERNAS NA UNIVERSIDADE FEDERAL DE SANTA MARIA E D\u00c1 OUTRAS PROVID\u00caNCIAS. Alterada pelas Resolu\u00e7\u00f5es N. 002\/1992 e N. 003\/1992 e Revogada pela Resolu\u00e7\u00e3o N. 008\/2020 O REITOR DA UNTVERSIDADE FEDERAL DE SANTA MARIA, no uso de suas atribui\u00e7\u00f5es Legais e [&hellip;]<\/p>\n","protected":false},"author":205,"featured_media":0,"parent":0,"menu_order":0,"comment_status":"closed","ping_status":"closed","template":"","meta":{"footnotes":""},"categories":[],"tags":[],"class_list":["post-3534","page","type-page","status-publish","hentry"],"acf":[],"_links":{"self":[{"href":"https:\/\/www.ufsm.br\/pro-reitorias\/proplan\/wp-json\/wp\/v2\/pages\/3534","targetHints":{"allow":["GET"]}}],"collection":[{"href":"https:\/\/www.ufsm.br\/pro-reitorias\/proplan\/wp-json\/wp\/v2\/pages"}],"about":[{"href":"https:\/\/www.ufsm.br\/pro-reitorias\/proplan\/wp-json\/wp\/v2\/types\/page"}],"author":[{"embeddable":true,"href":"https:\/\/www.ufsm.br\/pro-reitorias\/proplan\/wp-json\/wp\/v2\/users\/205"}],"replies":[{"embeddable":true,"href":"https:\/\/www.ufsm.br\/pro-reitorias\/proplan\/wp-json\/wp\/v2\/comments?post=3534"}],"version-history":[{"count":0,"href":"https:\/\/www.ufsm.br\/pro-reitorias\/proplan\/wp-json\/wp\/v2\/pages\/3534\/revisions"}],"wp:attachment":[{"href":"https:\/\/www.ufsm.br\/pro-reitorias\/proplan\/wp-json\/wp\/v2\/media?parent=3534"}],"wp:term":[{"taxonomy":"category","embeddable":true,"href":"https:\/\/www.ufsm.br\/pro-reitorias\/proplan\/wp-json\/wp\/v2\/categories?post=3534"},{"taxonomy":"post_tag","embeddable":true,"href":"https:\/\/www.ufsm.br\/pro-reitorias\/proplan\/wp-json\/wp\/v2\/tags?post=3534"}],"curies":[{"name":"wp","href":"https:\/\/api.w.org\/{rel}","templated":true}]}}