{"id":3535,"date":"2020-04-03T15:05:33","date_gmt":"2020-04-03T18:05:33","guid":{"rendered":"https:\/\/www.ufsm.br\/pro-reitorias\/proplan\/?page_id=3535"},"modified":"2020-11-11T10:08:14","modified_gmt":"2020-11-11T13:08:14","slug":"resolucao-n-016-1991","status":"publish","type":"page","link":"https:\/\/www.ufsm.br\/pro-reitorias\/proplan\/resolucao-n-016-1991","title":{"rendered":"Resolu\u00e7\u00e3o N. 016\/1991"},"content":{"rendered":"\t\t<div data-elementor-type=\"wp-page\" data-elementor-id=\"3535\" class=\"elementor elementor-3535\">\n\t\t\t\t\t\t<section class=\"elementor-section elementor-top-section elementor-element elementor-element-feff605 elementor-section-boxed elementor-section-height-default elementor-section-height-default\" data-id=\"feff605\" data-element_type=\"section\">\n\t\t\t\t\t\t<div class=\"elementor-container elementor-column-gap-default\">\n\t\t\t\t\t<div class=\"elementor-column elementor-col-100 elementor-top-column elementor-element elementor-element-e598a2f\" data-id=\"e598a2f\" data-element_type=\"column\">\n\t\t\t<div class=\"elementor-widget-wrap elementor-element-populated\">\n\t\t\t\t\t\t<div class=\"elementor-element elementor-element-37c9925 elementor-widget elementor-widget-html\" data-id=\"37c9925\" data-element_type=\"widget\" data-widget_type=\"html.default\">\n\t\t\t\t<div class=\"elementor-widget-container\">\n\t\t\t\r\n\r\n\r\n<title><b>RESOLU\u00c7\u00c3O N. 016\/1991<\/b><\/title>\r\n\r\n\r\n<div align=\"center\"><img decoding=\"async\" src=\"https:\/\/www.ufsm.br\/pro-reitorias\/proplan\/wp-content\/uploads\/sites\/344\/2019\/09\/brasao-da-republica-do-brasil-logo.png\" alt=\"Bras\u00e3o Rep\u00fablica Federativa do Brasil\" width=\"6%\" height=\"6%\"><\/div>    \r\n<h1><font color=\"blue\"><font size=\"5\"><div align=\"center\">SERVI\u00c7O P\u00daBLICO FEDERAL<\/b><\/font><\/font><\/div><\/H1>\r\n\r\n<p><div align=\"center\"><b><a href=\"https:\/\/portal.ufsm.br\/documentos\/publico\/documento.html?id=4517103\"><font color=\"blue\">RESOLU\u00c7\u00c3O N. 016\/1991<\/font><\/a><\/b><\/div><\/p>\r\n\r\n<br>\r\n<p><div align=\"right\"><font color=\"800000\">DISP\u00d5E SOBRE A AVALI\u00c7\u00c3O DISCENTE DE QUE TRATA O ART. 14 DA RESOLU\u00c7\u00c3O n\u00ba 0004\/90, RELATIVA AO PRIMEIRO SEMESTRE LETIVO DE 1991.<\/font><\/div><\/p>\r\n<br>\r\n<p><a href=\"https:\/\/www.ufsm.br\/pro-reitorias\/proplan\/resolucao-n-028-2020\/\" target=\"_blank\"><font color=\"blue\">Revogada pela Resolu\u00e7\u00e3o N. 028\/2020<\/font><\/a><\/p>\r\n<br>\r\n<br><div align=\"justify\">\r\n<strike>\r\n<p>O Reitor da Universidade Federal de Santa Maria, no uso de suas atribui\u00e7\u00f5es legais e estatut\u00e1rias, de acordo com a proposta do plen\u00e1rio, aprovada na 469\u00aa sess\u00e3o do Egr\u00e9gio Conselho Universit\u00e1rio e tendo em vista o que consta do processo n\u00ba <a href=\"https:\/\/portal.ufsm.br\/documentos\/publico\/processo\/documento.html?idDocumento=2059390\" target=\"_blank\"><font color=\"blue\"><u>23081.019489\/91-91<\/u><\/font><\/a>,<\/p>\r\n<br>\r\n<p><b><div align=\"center\">RESOLVE:<\/b><\/div><\/p>\r\n<br>\r\n<p>DEFINIR os seguintes crit\u00e9rios para a avalia\u00e7\u00e3o Discente relativa ao primeiro semestre de 1991:<\/p>\r\n\r\n<p><b>Art. 1\u00ba - <\/b>Nos Centros onde houve decis\u00e3o de n\u00e3o realizar avalia\u00e7\u00e3o Discente, ou nos demais Centros para aqueles docentes que n\u00e3o foi poss\u00edvel realiz\u00e1-la, deve-se considerar como resultado para o primeiro semestre de 1991, a avalia\u00e7\u00e3o discente do semestre anterior.<\/p>\r\n<p><b>Par\u00e1grafo \u00danico - <\/b>Para os docentes que n\u00e3o possuem avalia\u00e7\u00e3o discente n\u00ba 2\u00ba semestre de 1990, considerar-se-\u00e1 como avalia\u00e7\u00e3o discente para o 1\u00ba semestre de 1991, a m\u00e9dia das pr\u00f3ximas avalia\u00e7\u00f5es discentes que completam o interst\u00edcio para progress\u00e3o.<\/p>\r\n\r\n<p><b>Art. 2\u00ba - <\/b>Nos Centros onde foi deliberado pela realiza\u00e7\u00e3o da avalia\u00e7\u00e3o Discente, ela vigorar\u00e1 nos termos do que estabelece a <a href=\"https:\/\/www.ufsm.br\/pro-reitorias\/proplan\/resolucao-n-004-1990\/\" target=\"_blank\"><font color=\"blue\"><u>Resolu\u00e7\u00e3o 0004\/90<\/u><\/font><\/a>.<\/p>\r\n<p><b>Art. 3\u00ba - <\/b>Revogam-se as disposi\u00e7\u00f5es em contr\u00e1rio.<\/p>\r\n\r\n<p>GABINETE DO REITOR DA UNIVERSIDADE FEDERAL DE SANTA MARIA, aos dois dias do m\u00eas de dezembro do ano de mil novecentos e noventa e um.<\/p>\r\n<\/div>\r\n<p>Prof. Tabajara Gaucho da Costa,<\/p>\r\n<p>Reitor.<\/p>\r\n<\/strike>\r\n<p><font color=\"red0000\">Este texto n\u00e3o substitui o documento original, publicado no Portal de Documentos.<\/font> Dispon\u00edvel em: <a href=\"https:\/\/portal.ufsm.br\/documentos\/publico\/documento.html?id=4517103\"><font color=\"blue\">https:\/\/portal.ufsm.br\/documentos\/publico\/documento.html?id=4517103<\/font><\/a>\r\n\r\n\t\t<\/div>\n\t\t\t\t<\/div>\n\t\t\t\t\t<\/div>\n\t\t<\/div>\n\t\t\t\t\t<\/div>\n\t\t<\/section>\n\t\t\t\t<\/div>\n\t\t","protected":false},"excerpt":{"rendered":"<p>RESOLU\u00c7\u00c3O N. 016\/1991 SERVI\u00c7O P\u00daBLICO FEDERAL RESOLU\u00c7\u00c3O N. 016\/1991 DISP\u00d5E SOBRE A AVALI\u00c7\u00c3O DISCENTE DE QUE TRATA O ART. 14 DA RESOLU\u00c7\u00c3O n\u00ba 0004\/90, RELATIVA AO PRIMEIRO SEMESTRE LETIVO DE 1991. Revogada pela Resolu\u00e7\u00e3o N. 028\/2020 O Reitor da Universidade Federal de Santa Maria, no uso de suas atribui\u00e7\u00f5es legais e estatut\u00e1rias, de acordo com [&hellip;]<\/p>\n","protected":false},"author":205,"featured_media":0,"parent":0,"menu_order":0,"comment_status":"closed","ping_status":"closed","template":"","meta":{"footnotes":""},"categories":[],"tags":[],"class_list":["post-3535","page","type-page","status-publish","hentry"],"acf":[],"_links":{"self":[{"href":"https:\/\/www.ufsm.br\/pro-reitorias\/proplan\/wp-json\/wp\/v2\/pages\/3535","targetHints":{"allow":["GET"]}}],"collection":[{"href":"https:\/\/www.ufsm.br\/pro-reitorias\/proplan\/wp-json\/wp\/v2\/pages"}],"about":[{"href":"https:\/\/www.ufsm.br\/pro-reitorias\/proplan\/wp-json\/wp\/v2\/types\/page"}],"author":[{"embeddable":true,"href":"https:\/\/www.ufsm.br\/pro-reitorias\/proplan\/wp-json\/wp\/v2\/users\/205"}],"replies":[{"embeddable":true,"href":"https:\/\/www.ufsm.br\/pro-reitorias\/proplan\/wp-json\/wp\/v2\/comments?post=3535"}],"version-history":[{"count":0,"href":"https:\/\/www.ufsm.br\/pro-reitorias\/proplan\/wp-json\/wp\/v2\/pages\/3535\/revisions"}],"wp:attachment":[{"href":"https:\/\/www.ufsm.br\/pro-reitorias\/proplan\/wp-json\/wp\/v2\/media?parent=3535"}],"wp:term":[{"taxonomy":"category","embeddable":true,"href":"https:\/\/www.ufsm.br\/pro-reitorias\/proplan\/wp-json\/wp\/v2\/categories?post=3535"},{"taxonomy":"post_tag","embeddable":true,"href":"https:\/\/www.ufsm.br\/pro-reitorias\/proplan\/wp-json\/wp\/v2\/tags?post=3535"}],"curies":[{"name":"wp","href":"https:\/\/api.w.org\/{rel}","templated":true}]}}