{"id":3536,"date":"2020-04-03T15:06:03","date_gmt":"2020-04-03T18:06:03","guid":{"rendered":"https:\/\/www.ufsm.br\/pro-reitorias\/proplan\/?page_id=3536"},"modified":"2020-07-20T12:37:24","modified_gmt":"2020-07-20T15:37:24","slug":"resolucao-n-017-1991","status":"publish","type":"page","link":"https:\/\/www.ufsm.br\/pro-reitorias\/proplan\/resolucao-n-017-1991","title":{"rendered":"Resolu\u00e7\u00e3o N. 017\/1991"},"content":{"rendered":"\t\t<div data-elementor-type=\"wp-page\" data-elementor-id=\"3536\" class=\"elementor elementor-3536\">\n\t\t\t\t\t\t<section class=\"elementor-section elementor-top-section elementor-element elementor-element-c25f46a elementor-section-boxed elementor-section-height-default elementor-section-height-default\" data-id=\"c25f46a\" data-element_type=\"section\">\n\t\t\t\t\t\t<div class=\"elementor-container elementor-column-gap-default\">\n\t\t\t\t\t<div class=\"elementor-column elementor-col-100 elementor-top-column elementor-element elementor-element-fbcfa02\" data-id=\"fbcfa02\" data-element_type=\"column\">\n\t\t\t<div class=\"elementor-widget-wrap elementor-element-populated\">\n\t\t\t\t\t\t<div class=\"elementor-element elementor-element-e4f181b elementor-widget elementor-widget-html\" data-id=\"e4f181b\" data-element_type=\"widget\" data-widget_type=\"html.default\">\n\t\t\t\t<div class=\"elementor-widget-container\">\n\t\t\t\r\n\r\n\r\n<title><b>RESOLU\u00c7\u00c3O N. 017\/1991<\/b><\/title>\r\n\r\n\r\n<div align=\"center\"><img decoding=\"async\" src=\"https:\/\/www.ufsm.br\/pro-reitorias\/proplan\/wp-content\/uploads\/sites\/344\/2019\/09\/brasao-da-republica-do-brasil-logo.png\" alt=\"Bras\u00e3o Rep\u00fablica Federativa do Brasil\" width=\"6%\" height=\"6%\"><\/div>    \r\n<h1><font color=\"blue\"><font size=\"5\"><div align=\"center\">SERVI\u00c7O P\u00daBLICO FEDERAL<\/b><\/font><\/font><\/div><\/H1>\r\n\r\n<p><div align=\"center\"><b><a href=\"https:\/\/portal.ufsm.br\/documentos\/publico\/documento.html?id=4517104\"><font color=\"blue\">RESOLU\u00c7\u00c3O N. 017\/1991<\/font><\/a><\/b><\/div><\/p>\r\n\r\n<br>\r\n<p><div align=\"right\"><font color=\"800000\"><strike>Regulamenta a atividade funcional e a jornada de trabalho da UFSM durante a realiza\u00e7\u00e3o do Concurso Vestibular de 1992.<\/strike><\/font><\/div><\/p>\r\n<br>\r\n<p><a href=\"https:\/\/www.ufsm.br\/pro-reitorias\/proplan\/resolucao-n-022-2020\/\" target=\"_blank\"><font color=\"blue\">Revogada pela Resolu\u00e7\u00e3o N. 022\/2020<\/font><\/a><\/p>\r\n<br>\r\n<br><div align=\"justify\">\r\n<strike>\r\n<p>O REITOR DA UNIVERSIDADE FEDERAL DE SANTA MARIA, no uso de suas atribui\u00e7\u00f5es legais e estatut\u00e1rias e, fundamentalmente, considerando como atividade relevante da Institui\u00e7\u00e3o a realiza\u00e7\u00e3o do Concurso Vestibular de 1992,<\/p>\r\n<br>\r\n<p><b><div align=\"center\">RESOLVE:<\/b><\/div><\/p>\r\n<br>\r\n<p><b>Art. 1\u00ba - <\/b>Os docentes e servidores t\u00e9cnico-administrativos, lotados nos Departamentos Did\u00e1ticos, na propor\u00e7\u00e3o de, no m\u00ednimo 50% (cinq\u00fcenta por cento) por unidade de lota\u00e7\u00e3o, ficam convocados para atuarem na fiscaliza\u00e7\u00e3o durante a aplica\u00e7\u00e3o do Concurso Vestibular de 1992.<\/p>\r\n<p><b>Par\u00e1grafo \u00danico - <\/b>Para efeito de c\u00e1lculo, dever\u00e1 ser computado a lota\u00e7\u00e3o global da Unidade, n\u00e3o sendo admitido, na apura\u00e7\u00e3o do percentual, reduzir numericamente os servidores legalmente afastados.<\/p>\r\n\r\n<p><b>Art. 2\u00ba - <\/b>Os servidores t\u00e9cnico-administrativos lotados nas Secretarias dos Centros e nos \u00d3rg\u00e3os Executivos da Administra\u00e7\u00e3o, bem como os docentes e servidores t\u00e9cnico-administrativos do Col\u00e9gio Agr\u00edcola de Santa Maria e do Col\u00e9gio T\u00e9cnico Industrial de Santa Maria, na propor\u00e7\u00e3o de, no m\u00ednimo 40% (quarenta por cento) por unidade de lota\u00e7\u00e3o, ficam igualmente convocados para atuarem na atividade referida no artigo anterior.<\/p>\r\n<p><b>Art. 3\u00ba - <\/b>A rela\u00e7\u00e3o nominal do pessoal referido nos artigos 1\u00ba e 2\u00ba desta Resolu\u00e7\u00e3o ser\u00e1 encaminhada pelos Diretores de Centro, Chefes de Departamentos e Diretores ou Chefes de Unidades, respectivamente, \u00e0 COPERVES at\u00e9 o dia 17 de dezembro pr\u00f3ximo, a fim de que a mesma possa convocar e orientar em tempo h\u00e1bil o pessoal selecionado para o cumprimento da tarefa.<\/p>\r\n<p><b>Par\u00e1grafo \u00danico - <\/b>Para garantir o fiel cumprimento da miss\u00e3o, n\u00e3o ser\u00e1 admitido substitui\u00e7\u00e3o de servidor, salvo na hip\u00f3tese prevista no Art. 7\u00ba.<\/p>\r\n\r\n<p><b>Art. 4\u00ba - <\/b>O Concurso Vestibular \u00e9 considerado priorit\u00e1rio sobre os demais encargos do per\u00edodo, devendo as Unidades de lota\u00e7\u00e3o garantirem a ades\u00e3o da for\u00e7a de trabalho nos percentuais m\u00ednimos estabelecidos nos artigos precedentes.<\/p>\r\n<p><b>Art. 5\u00ba - <\/b>A autoridade que deixar de cumprir a presente Resolu\u00e7\u00e3o estar\u00e1 sujeita as san\u00e7\u00f5es dos regimes disciplinares regimentais e dispositivos legais vigentes.<\/p>\r\n<p><b>Art. 6\u00ba - <\/b>Todos os docentes e servidores t\u00e9cnico-administrativos relacionados e convocados nos termos desta Resolu\u00e7\u00e3o dever\u00e3o comparecer \u00e0 reuni\u00e3o de instru\u00e7\u00f5es a ser marcada pela COPERVES e prestar\u00e3o servi\u00e7os a partir das 7h15min dos seguintes dias:<\/p>\r\n<p><b>- Dia 14\/01\/92 - Ter\u00e7a-Feira<\/b><\/p>\r\n<p><b>- Dia 15\/01\/92 - Quarta-Feira<\/b><\/p>\r\n<p><b>- Dia 16\/01\/92 - Quinta-Feira<\/b><\/p>\r\n<p><b>- Dia 17\/01\/92 - Sexta-Feira<\/b><\/p>\r\n\r\n<p><b>Art. 7\u00ba - <\/b>Aqueles que tiverem problemas de sa\u00fade que impe\u00e7am sua participa\u00e7\u00e3o neste evento dever\u00e3o, obrigatoriamente, no dia da aus\u00eancia, comunicar ao Servi\u00e7o de Per\u00edcia M\u00e9dica do Departamento de Pessoal para exame, independentemente de apresenta\u00e7\u00e3o de atestado m\u00e9dico de outro profissional.<\/p>\r\n<p><b>Art. 8\u00ba - <\/b>O servidor convocado que n\u00e3o comparecer ao local de trabalho conforme a escala da COPERVES, ser\u00e1 considerado ausente.<\/p>\r\n<p><b>Par\u00e1grafo \u00danico - <\/b>Se a falta n\u00e3o for pass\u00edvel de abono, na forma legal vigente, ser\u00e1 considerada como n\u00e3o justificada, registrada em cadastro funcional e produzira todos os efeitos cominados na lei.<\/p>\r\n\r\n<p><b>Art. 9\u00ba - <\/b>Ficam exclu\u00eddos da presente convoca\u00e7\u00e3o os docentes e servidores t\u00e9cnico-administrativos lotados no Hospital Universit\u00e1rio, no Hospital de Cl\u00ednicas Veterin\u00e1rias, no Col\u00e9gio Agr\u00edcola de Frederico Westphalen e no N\u00facleo de Treinamento Agr\u00edcola de Jaguari.<\/p>\r\n<p><b>Art. 10 - <\/b>As escalas de f\u00e9rias dever\u00e3o ser alteradas, se necess\u00e1rio ao cumprimento desta Resolu\u00e7\u00e3o.<\/p>\r\n<p><b>Art. 11 - <\/b>Fica vedado qualquer pagamento de retribui\u00e7\u00e3o extra pela presta\u00e7\u00e3o deste servi\u00e7o.<\/p>\r\n<p><b>Art. 12 - <\/b>Revogam-se as disposi\u00e7\u00f5es em contr\u00e1rio.<\/p>\r\n\r\n<p>GABINETE DO REITOR DA UNIVERSIDADE FEDERAL DE SANTA MARIA, aos nove dias do m\u00eas de dezembro do ano de mil novecentos e noventa e um.<\/p>\r\n<\/div>\r\n<p>Prof. Tabajara Gaucho da Costa,<\/p>\r\n<p>Reitor.<\/p>\r\n<\/strike>\r\n\r\n<p><font color=\"red0000\">Este texto n\u00e3o substitui o documento original, publicado no Portal de Documentos.<\/font> Dispon\u00edvel em: <a href=\"https:\/\/portal.ufsm.br\/documentos\/publico\/documento.html?id=4517104\"><font color=\"blue\">https:\/\/portal.ufsm.br\/documentos\/publico\/documento.html?id=4517104<\/font><\/a>\r\n\r\n\t\t<\/div>\n\t\t\t\t<\/div>\n\t\t\t\t\t<\/div>\n\t\t<\/div>\n\t\t\t\t\t<\/div>\n\t\t<\/section>\n\t\t\t\t<\/div>\n\t\t","protected":false},"excerpt":{"rendered":"<p>RESOLU\u00c7\u00c3O N. 017\/1991 SERVI\u00c7O P\u00daBLICO FEDERAL RESOLU\u00c7\u00c3O N. 017\/1991 Regulamenta a atividade funcional e a jornada de trabalho da UFSM durante a realiza\u00e7\u00e3o do Concurso Vestibular de 1992. Revogada pela Resolu\u00e7\u00e3o N. 022\/2020 O REITOR DA UNIVERSIDADE FEDERAL DE SANTA MARIA, no uso de suas atribui\u00e7\u00f5es legais e estatut\u00e1rias e, fundamentalmente, considerando como atividade relevante [&hellip;]<\/p>\n","protected":false},"author":205,"featured_media":0,"parent":0,"menu_order":0,"comment_status":"closed","ping_status":"closed","template":"","meta":{"footnotes":""},"categories":[],"tags":[],"class_list":["post-3536","page","type-page","status-publish","hentry"],"acf":[],"_links":{"self":[{"href":"https:\/\/www.ufsm.br\/pro-reitorias\/proplan\/wp-json\/wp\/v2\/pages\/3536","targetHints":{"allow":["GET"]}}],"collection":[{"href":"https:\/\/www.ufsm.br\/pro-reitorias\/proplan\/wp-json\/wp\/v2\/pages"}],"about":[{"href":"https:\/\/www.ufsm.br\/pro-reitorias\/proplan\/wp-json\/wp\/v2\/types\/page"}],"author":[{"embeddable":true,"href":"https:\/\/www.ufsm.br\/pro-reitorias\/proplan\/wp-json\/wp\/v2\/users\/205"}],"replies":[{"embeddable":true,"href":"https:\/\/www.ufsm.br\/pro-reitorias\/proplan\/wp-json\/wp\/v2\/comments?post=3536"}],"version-history":[{"count":0,"href":"https:\/\/www.ufsm.br\/pro-reitorias\/proplan\/wp-json\/wp\/v2\/pages\/3536\/revisions"}],"wp:attachment":[{"href":"https:\/\/www.ufsm.br\/pro-reitorias\/proplan\/wp-json\/wp\/v2\/media?parent=3536"}],"wp:term":[{"taxonomy":"category","embeddable":true,"href":"https:\/\/www.ufsm.br\/pro-reitorias\/proplan\/wp-json\/wp\/v2\/categories?post=3536"},{"taxonomy":"post_tag","embeddable":true,"href":"https:\/\/www.ufsm.br\/pro-reitorias\/proplan\/wp-json\/wp\/v2\/tags?post=3536"}],"curies":[{"name":"wp","href":"https:\/\/api.w.org\/{rel}","templated":true}]}}