{"id":3547,"date":"2020-04-14T15:00:21","date_gmt":"2020-04-14T18:00:21","guid":{"rendered":"https:\/\/www.ufsm.br\/pro-reitorias\/proplan\/?page_id=3547"},"modified":"2020-05-29T16:23:20","modified_gmt":"2020-05-29T19:23:20","slug":"resolucao-n-002-1990","status":"publish","type":"page","link":"https:\/\/www.ufsm.br\/pro-reitorias\/proplan\/resolucao-n-002-1990","title":{"rendered":"Resolu\u00e7\u00e3o N. 002\/1990"},"content":{"rendered":"\t\t<div data-elementor-type=\"wp-page\" data-elementor-id=\"3547\" class=\"elementor elementor-3547\">\n\t\t\t\t\t\t<section class=\"elementor-section elementor-top-section elementor-element elementor-element-25e27de elementor-section-boxed elementor-section-height-default elementor-section-height-default\" data-id=\"25e27de\" data-element_type=\"section\">\n\t\t\t\t\t\t<div class=\"elementor-container elementor-column-gap-default\">\n\t\t\t\t\t<div class=\"elementor-column elementor-col-100 elementor-top-column elementor-element elementor-element-c8fc6a5\" data-id=\"c8fc6a5\" data-element_type=\"column\">\n\t\t\t<div class=\"elementor-widget-wrap elementor-element-populated\">\n\t\t\t\t\t\t<div class=\"elementor-element elementor-element-6b51250 elementor-widget elementor-widget-html\" data-id=\"6b51250\" data-element_type=\"widget\" data-widget_type=\"html.default\">\n\t\t\t\t<div class=\"elementor-widget-container\">\n\t\t\t\r\n\r\n\r\n<title><b>RESOLU\u00c7\u00c3O N. 002\/1990<\/b><\/title>\r\n\r\n\r\n<div align=\"center\"><img decoding=\"async\" src=\"https:\/\/www.ufsm.br\/pro-reitorias\/proplan\/wp-content\/uploads\/sites\/344\/2019\/09\/brasao-da-republica-do-brasil-logo.png\" alt=\"Bras\u00e3o Rep\u00fablica Federativa do Brasil\" width=\"6%\" height=\"6%\"><\/div>    \r\n<h1><font color=\"blue\"><font size=\"5\"><div align=\"center\">SERVI\u00c7O P\u00daBLICO FEDERAL<\/b><\/font><\/font><\/div><\/H1>\r\n\r\n<p><div align=\"center\"><b><a href=\"https:\/\/portal.ufsm.br\/documentos\/publico\/documento.html?id=4519513\"><font color=\"blue\">RESOLU\u00c7\u00c3O N. 002\/1990<\/font><\/a><\/b><\/div><\/p>\r\n<br>\r\n<p><div align=\"right\"><font color=\"800000\"><strike>AUTORIZA A UTILIZA\u00c7\u00c3O DE RECURSOS OR\u00c7AMENT\u00c1RIOS PELAS UNIDADES GESTORAS DA UNIVERSIDADE FEDERAL DE SANTA MARIA AT\u00c9 O LIMITE DE 1\/12 de CADA DOTA\u00c7\u00c3O ALOCADAS NA UFSM ATRAV\u00c9S DO SISTEMA SIAFI PARA EXERC\u00cdCIO DE 1990.<\/strike><\/font><\/div><\/p>\r\n<br>\r\n<p><a href=\"https:\/\/www.ufsm.br\/pro-reitorias\/proplan\/resolucao-n-008-2020\/\" target=\"_blank\"><font color=\"blue\">Revogada pela Resolu\u00e7\u00e3o N. 008\/2020<\/font><\/a><\/p>\r\n<br>\r\n<br><div align=\"justify\">\r\n<strike>\r\n<p>O REITOR DA UNIVERSIDADE FEDERAL DE SANTA MARIA, atendendo ao parecer do Egr\u00e9gio Conselho Universit\u00e1rio, processo n\u00ba <a href=\"https:\/\/portal.ufsm.br\/documentos\/publico\/processo\/documento.html?idDocumento=2033720\" target=\"_blank\"><font color=\"blue\"><u>001131\/90-78<\/u><\/font><\/a>, Sess\u00e3o 438\u00aa,<\/p>\r\n<br>\r\n<p><b><div align=\"center\">RESOLVE:<\/div><\/b><\/p>\r\n<br>\r\n<p><b>Art. 1\u00ba - <\/b>Fica autorizado as unidades gestoras utilizar recursos or\u00e7ament\u00e1rios at\u00e9 o limite de 1\/12 (um doze avos) da proposta or\u00e7ament\u00e1ria ate a aprova\u00e7\u00e3o e publica\u00e7\u00e3o da Lei de Or\u00e7amento, conforme estabelece a Instru\u00e7\u00e3o normativa n\u00ba 001 de 11.01.90, publicada no DOU de 12.01.90, da Secretaria de Or\u00e7amento e Finan\u00e7as, da Secretaria de Planejamento da Presid\u00eancia da Rep\u00fablica.<\/p>\r\n<p><b>Art. 2\u00ba - <\/b>Os recursos a serem utilizados constam dos demonstrativos de destaques (anexo VI) que ser\u00e3o encaminhados a cada unidade gestora atrav\u00e9s da Pr\u00f3-Reitoria de Planejamento.<\/p>\r\n<p><b>Art. 3\u00ba - <\/b>Em decorr\u00eancia da realiza\u00e7\u00e3o de despesas esta resolu\u00e7\u00e3o tem efeito retroativo a data da aloca\u00e7\u00e3o de recursos atrav\u00e9s do sistema \"SIAFI\" nos terminais de acesso.<\/p>\r\n<p><b>Art. 3\u00ba - <\/b>Esta Resolu\u00e7\u00e3o entrara em vigor a partir desta data.<\/p>\r\n\r\n<p>GABINETE DO REITOR DA UNIVERSIDADE FEDERAL DE SANTA MARIA, aos vinte e tr\u00eas dias do m\u00eas de janeiro de mil novecentos e noventa.<\/p>\r\n<\/div>\r\n<p>Prof. Tabajara Ga\u00facho da Costa,<\/p>\r\n<p>Reitor.<\/p>\r\n<\/strike>\r\n<p><font color=\"red0000\">Este texto n\u00e3o substitui o documento original, publicado no Portal de Documentos.<\/font> Dispon\u00edvel em: <a href=\"https:\/\/portal.ufsm.br\/documentos\/publico\/documento.html?id=4519513\"><font color=\"blue\">https:\/\/portal.ufsm.br\/documentos\/publico\/documento.html?id=4519513<\/font><\/a>\r\n\r\n\t\t<\/div>\n\t\t\t\t<\/div>\n\t\t\t\t\t<\/div>\n\t\t<\/div>\n\t\t\t\t\t<\/div>\n\t\t<\/section>\n\t\t\t\t<\/div>\n\t\t","protected":false},"excerpt":{"rendered":"<p>RESOLU\u00c7\u00c3O N. 002\/1990 SERVI\u00c7O P\u00daBLICO FEDERAL RESOLU\u00c7\u00c3O N. 002\/1990 AUTORIZA A UTILIZA\u00c7\u00c3O DE RECURSOS OR\u00c7AMENT\u00c1RIOS PELAS UNIDADES GESTORAS DA UNIVERSIDADE FEDERAL DE SANTA MARIA AT\u00c9 O LIMITE DE 1\/12 de CADA DOTA\u00c7\u00c3O ALOCADAS NA UFSM ATRAV\u00c9S DO SISTEMA SIAFI PARA EXERC\u00cdCIO DE 1990. Revogada pela Resolu\u00e7\u00e3o N. 008\/2020 O REITOR DA UNIVERSIDADE FEDERAL DE SANTA [&hellip;]<\/p>\n","protected":false},"author":205,"featured_media":0,"parent":0,"menu_order":0,"comment_status":"closed","ping_status":"closed","template":"","meta":{"footnotes":""},"categories":[],"tags":[],"class_list":["post-3547","page","type-page","status-publish","hentry"],"acf":[],"_links":{"self":[{"href":"https:\/\/www.ufsm.br\/pro-reitorias\/proplan\/wp-json\/wp\/v2\/pages\/3547","targetHints":{"allow":["GET"]}}],"collection":[{"href":"https:\/\/www.ufsm.br\/pro-reitorias\/proplan\/wp-json\/wp\/v2\/pages"}],"about":[{"href":"https:\/\/www.ufsm.br\/pro-reitorias\/proplan\/wp-json\/wp\/v2\/types\/page"}],"author":[{"embeddable":true,"href":"https:\/\/www.ufsm.br\/pro-reitorias\/proplan\/wp-json\/wp\/v2\/users\/205"}],"replies":[{"embeddable":true,"href":"https:\/\/www.ufsm.br\/pro-reitorias\/proplan\/wp-json\/wp\/v2\/comments?post=3547"}],"version-history":[{"count":0,"href":"https:\/\/www.ufsm.br\/pro-reitorias\/proplan\/wp-json\/wp\/v2\/pages\/3547\/revisions"}],"wp:attachment":[{"href":"https:\/\/www.ufsm.br\/pro-reitorias\/proplan\/wp-json\/wp\/v2\/media?parent=3547"}],"wp:term":[{"taxonomy":"category","embeddable":true,"href":"https:\/\/www.ufsm.br\/pro-reitorias\/proplan\/wp-json\/wp\/v2\/categories?post=3547"},{"taxonomy":"post_tag","embeddable":true,"href":"https:\/\/www.ufsm.br\/pro-reitorias\/proplan\/wp-json\/wp\/v2\/tags?post=3547"}],"curies":[{"name":"wp","href":"https:\/\/api.w.org\/{rel}","templated":true}]}}