{"id":3561,"date":"2020-04-14T16:29:02","date_gmt":"2020-04-14T19:29:02","guid":{"rendered":"https:\/\/www.ufsm.br\/pro-reitorias\/proplan\/?page_id=3561"},"modified":"2020-05-29T16:25:20","modified_gmt":"2020-05-29T19:25:20","slug":"resolucao-n-015-1990","status":"publish","type":"page","link":"https:\/\/www.ufsm.br\/pro-reitorias\/proplan\/resolucao-n-015-1990","title":{"rendered":"Resolu\u00e7\u00e3o N. 015\/1990"},"content":{"rendered":"\t\t<div data-elementor-type=\"wp-page\" data-elementor-id=\"3561\" class=\"elementor elementor-3561\">\n\t\t\t\t\t\t<section class=\"elementor-section elementor-top-section elementor-element elementor-element-5e8e325 elementor-section-boxed elementor-section-height-default elementor-section-height-default\" data-id=\"5e8e325\" data-element_type=\"section\">\n\t\t\t\t\t\t<div class=\"elementor-container elementor-column-gap-default\">\n\t\t\t\t\t<div class=\"elementor-column elementor-col-100 elementor-top-column elementor-element elementor-element-4e9ee2f\" data-id=\"4e9ee2f\" data-element_type=\"column\">\n\t\t\t<div class=\"elementor-widget-wrap elementor-element-populated\">\n\t\t\t\t\t\t<div class=\"elementor-element elementor-element-ebd525f elementor-widget elementor-widget-html\" data-id=\"ebd525f\" data-element_type=\"widget\" data-widget_type=\"html.default\">\n\t\t\t\t<div class=\"elementor-widget-container\">\n\t\t\t\r\n\r\n\r\n<title><b>RESOLU\u00c7\u00c3O N. 015\/1990<\/b><\/title>\r\n\r\n\r\n<div align=\"center\"><img decoding=\"async\" src=\"https:\/\/www.ufsm.br\/pro-reitorias\/proplan\/wp-content\/uploads\/sites\/344\/2019\/09\/brasao-da-republica-do-brasil-logo.png\" alt=\"Bras\u00e3o Rep\u00fablica Federativa do Brasil\" width=\"6%\" height=\"6%\"><\/div>    \r\n<h1><font color=\"blue\"><font size=\"5\"><div align=\"center\">SERVI\u00c7O P\u00daBLICO FEDERAL<\/b><\/font><\/font><\/div><\/H1>\r\n\r\n<p><div align=\"center\"><b><a href=\"https:\/\/portal.ufsm.br\/documentos\/publico\/documento.html?id=4519528\"><font color=\"blue\">RESOLU\u00c7\u00c3O N. 015\/1990<\/font><\/a><\/b><\/div><\/p>\r\n<br>\r\n<p><div align=\"right\"><font color=\"800000\"><strike>Disciplina o uso de ve\u00edculos automotores de transporte rodovi\u00e1rio na UFSM.<\/strike><\/font><\/div><\/p>\r\n<br>\r\n<p><a href=\"https:\/\/www.ufsm.br\/pro-reitorias\/proplan\/resolucao-n-018-1990\/\"><font color=\"blue\">Revogada pela Resolu\u00e7\u00e3o N. 018\/1990<\/font><\/a><\/p>\r\n<br>\r\n<br><div align=\"justify\">\r\n<strike>\r\n<p>O REITOR DA UNIVERSIDADE FEDERAL DE SANTA MARIA, no uso de suas atribui\u00e7\u00f5es legais e estatut\u00e1rias, presente a decis\u00e3o do Egr\u00e9gio Conselho Universit\u00e1rio efetivada na 445\u00aa Sess\u00e3o de 18.05.90, e de acordo com o Processo n\u00ba 23081.6465\/90-15 e:<\/p>\r\n<p>- Considerando o Estabelecido no Art. 207 da <a href=\"http:\/\/www.planalto.gov.br\/ccivil_03\/constituicao\/constituicao.htm\" target=\"_blank\"><font color=\"blue\"><u>Constitui\u00e7\u00e3o Federal<\/u><\/font><\/a> que garante as Universidades autonomia de gest\u00e3o financeira e patrimonial;<\/p>\r\n<p>- Considerando o definido no Estatuto da Universidade Federal de Santa Maria e regulamentado pelo Regimento Geral;<\/p>\r\n<p>- Considerando o estabelecido no <a href=\"http:\/\/www.planalto.gov.br\/ccivil_03\/decreto\/Antigos\/D99188.htm\" target=\"_blank\"><font color=\"blue\"><u>Decreto n\u00ba 99.188 de 17 de mar\u00e7o de 1990<\/u><\/font><\/a>, publicado no DOU de 19.03.90; <a href=\"http:\/\/www.planalto.gov.br\/ccivil_03\/decreto\/Antigos\/D99214.htm\" target=\"_blank\"><font color=\"blue\"><u>Decreto 99.214 de 19.04.90<\/u><\/font><\/a>, publicado no DOU de 20.04.90 e, Instru\u00e7\u00e3o Normativa n\u00ba 04 de 26.04.90 da Secretaria de Administra\u00e7\u00e3o Federal, publicado no DOU de 20.04.90;<\/p>\r\n<p>- Considerando a necessidade de disciplinar procedimentos internos e adequ\u00e1-lo as normas legais vigentes.<\/p>\r\n<br>\r\n<p><b><div align=\"center\">RESOLVE:<\/b><\/div><\/p>\r\n<br>\r\n<p>Disciplinar o uso de ve\u00edculos automotores de transporte rodovi\u00e1rio na Universidade Federal de Santa Maria, os quais passar\u00e3o a se reger pelas seguintes normas: \r\n<br>\r\n<p><b><div align=\"center\">GRUPO IV - VE\u00cdCULOS DE SERVI\u00c7O<\/b><\/div><\/p>\r\n<br>\r\n<p><b>1. GRUPO IV - TRANSPORTE DE SERVIDORES A SERVI\u00c7O:<\/b><\/p>\r\n<br>\r\n<p>1 - VOLKSWAGEM PARATI - PLACAS DC 8914 - Ano 1988<\/p>\r\n<p>2 - VOLKSWAGEM PARATI - PLACAS DC 8876 - Ano 1984<\/p>\r\n<p>3 - CHEVROLET MARAJ\u00d3 - PLACAS DC 8860 - Ano 1984<\/p>\r\n<p>4 - CHEVROLET MARAJ\u00d3 - PLACAS DC 8857 - Ano 1984<\/p>\r\n<p>5 - CHEVROLET MARAJ\u00d3 - PLACAS DC 8858 - Ano 1984<\/p>\r\n<p>6 - CHEVROLET MARAJ\u00d3 - PLACAS DC 8859 - Ano 1984<\/p>\r\n<p>7 - CHEVROLET MARAJ\u00d3 - PLACAS OI 9315 - Ano 1987 (C.A.F.W)<\/p>\r\n<p>8 - BRAS\u00cdLIA VOLKSWAGEM - PLACAS DC 8660 - Ano 1974<\/p>\r\n<p>9 - BRAS\u00cdLIA VOLKSWAGEM - PLACAS DC 8783 - Ano 1981<\/p>\r\n<p>10 - BRAS\u00cdLIA VOLKSWAGEM - PLACAS DC 8717 - Ano 1981<\/p>\r\n<p>11 - BRAS\u00cdLIA VOLKSWAGEM - PLACAS DC 8668 - Ano 1974<\/p>\r\n<p>12 - AUTOM\u00d3VEL VOLKSWAGEM - PLACAS DC 8506 - Ano 1976<\/p>\r\n<br>\r\n<p><b>2. GRUPO IV\/B - TRANSPORTE DE MATERIAL<\/b><\/p>\r\n<p><b>2.1. - GRUPO IV\/B-1 - TRANSPORTE DE CARGA LEVE<\/b><\/p>\r\n<br>\r\n<p>1 - CHEVROLET PICK-UP - PLACAS DC 8570 - Ano 1969<\/p>\r\n<p>2 - CHEVROLET PICK-UP - PLACAS DC 8646 - Ano 1973<\/p>\r\n<p>3 - CHEVROLET PICK-UP PLACAS DC 8598 - Ano 1970<\/p>\r\n<p>4 - CHEVROLET PICK-UP PLACAS 01 9310 - Ano 1983 (C.A.F.W)<\/p>\r\n<p>5 - FIAT FIORINO - PLACAS DC 8735 - Ano 1982<\/p>\r\n<p>6 - FIAT FIORINO - PLACAS DC 8748 - Ano 1982<\/p>\r\n<p>7 - KOMBI VOLKSWAGEM - PLACAS DP 8502 - Ano 1988<\/p>\r\n<p>8 - KOMBI VOLKSWAGEM - PLACAS DC 8719 - Ano 1988<\/p>\r\n<br>\r\n<p><b>2.2. - GRUPO IV\/B-2 - TRANSPORTE DE CARGA PESADA<\/b><\/p>\r\n<br>\r\n<p>1 - CAMINH\u00c3O MERCEDES BENZ - PLACAS DC 8601 - Ano 1966<\/p>\r\n<p>2 - CAMINH\u00c3O MERCEDES BENZ - PLACAS DC 8593 - Ano 1966<\/p>\r\n<p>3 - CAMINH\u00c3O MERCEDES BENZ 608 - PLACAS DC 8625 - Ano 1973<\/p>\r\n<p>4 - CAMINH\u00c3O MERCEDES BENZ 608 - PLACAS DC 8736 - Ano 1982<\/p>\r\n<p>5 - CAMINH\u00c3O MERCEDES BENZ - PLACAS DC 8597 - Ano 1966<\/p>\r\n<p>6 - CAMINH\u00c3O CHEVROLET - PLACAS DC 8594 - Ano 1965<\/p>\r\n<p>7 - CAMINH\u00c3O AGRALE TX - PLACAS DC 8875 - Ano 1984<\/p>\r\n<p>8 - CAMINH\u00c3O VOLKSWAGEM - PLACAS OI 9304 - Ano 1985 (C.A.F.W)<\/p>\r\n<br>\r\n<p><b>3. GRUPO IV\/C - VE\u00cdCULOS DE SERVI\u00c7OS EM ATIVIDADES RELATIVAS A:<\/b><\/p>\r\n<p><b>3.1 - GRUPO IV\/C-2 - SA\u00daDE P\u00daBLICA<\/b><\/p>\r\n<br>\r\n<p>1 - CHEVROLET VERANEIO AMBUL\u00c2NCIA - PLACAS DC 8784 - Ano 1977<\/p>\r\n<p>2 - CHEVROLET VERANEIO AMBUL\u00c2NCIA - PLACAS DC 8664 - Ano 1974<\/p>\r\n<p>3 - CHEVROLET VERANEIO AMBUL\u00c2NCIA - PLACAS DC 8512 - Ano 1990<\/p>\r\n<p>4 - VOLKSWAGEM GOL FURG\u00c3O - PLACAS DC 8892 - Ano 1987<\/p>\r\n<p>5 - CHEVROLET CARAVAN - PLACAS DC 8915 - Ano 1988<\/p>\r\n<p>6 - CHEVROLET CARAVAN - PLACAS DC 8895 - Ano 1987<\/p>\r\n<p>7 - KOMBI VOLKSWAGEM PLACAS DC 8797 - Ano 1980<\/p>\r\n<br>\r\n<p><b>3.2 - GRUPO IV\/C-4 - COLETA DE DADOS<\/b><\/p>\r\n<br>\r\n<p>1 - KOMBI VOLKSWAGEM - PLACAS DC 8781 - Ano 1978<\/p>\r\n<p>2 - KOMBI VOLKSWAGEM - PLACAS DC 8917 - Ano 1988<\/p>\r\n<p>3 - KOMBI VOLKSWAGEM - PLACAS DC 8639 - Ano 1973 (NTAJ)<\/p>\r\n<p>4 - KOMBI VOLKSWAGEM - PLACAS WE 9705 - Ano 1976 (NTAJ)<\/p>\r\n<p>5 - JEEP TOYOTA - PLACAS DC 8563 - Ano 1964<\/p>\r\n<p>6 - CHEVROLET VERANEIO - PLACAS DC 8662 - Ano 1974<\/p>\r\n<p>7 - CHEVROLET VERANEIO - PLACAS DC 8667 - Ano 1974<\/p>\r\n<br>\r\n<p><b>4. GRUPO IV\/D - TRANSPORTE COLETIVO<\/b><\/p>\r\n<br>\r\n<p>1 - \u00d4NIBUS MERCEDES BENZ - PLACAS DC 8514 - Ano 1971<\/p>\r\n<p>2 - \u00d4NIBUS MERCEDES BENZ - PLACAS DC 8574 - Ano 1969<\/p>\r\n<p>3 - \u00d4NIBUS MERCEDES BENZ - PLACAS DC 8575 - Ano 1969<\/p>\r\n<p>4 - \u00d4NIBUS MERCEDES BENZ - PLACAS DC 8576 Ano 1964 (C.A.F.W)<\/p>\r\n<br>\r\n<p><b>5. GRUPO IV\/E - TRANSPORTE INDIVIDUAL<\/b><\/p> \r\n<p><b>5.1 - GRUPO IV\/E-2 - SERVI\u00c7O INDIVIDUAL ESPECIAL<\/b><\/p>\r\n<br>\r\n<p>1 - MOTOCICLETA HONDA CG 125 - PLACAS DR 540 - Ano 1984<\/p>\r\n<p>2 - MOTOCICLETA HONDA CG 125 - PLACAS DR 539 - Ano 1984<\/p>\r\n<p>3 - MOTONETA LAMBRETA - PLACAS DP 741 - Ano 1968<\/p>\r\n<p>4 - MOTONETA CINTHIA - PLACAS DA 731 - Ano 1976<\/p>\r\n<br>\r\n<p><b>6. GRUPO IV\/F - OUTROS VE\u00cdCULOS<\/b><\/p>\r\n<br> \r\n<p>1 - TRATOR AGRALE 4100 - Ano 1982 RP 58.663 (C.A.S.M)<\/p>\r\n<p>2 - TRATOR MASSEY FERGUSON MF 265 - Ano 1976 - RP 32.759 (C.A.S.M)<\/p>\r\n<p>3 - TRATOR MASSEY FERGUSON MF 265 - Ano 1976 - RP 32.758 (C.A.S.M)<\/p>\r\n<p>4 - TRATOR MASSEY FERGUSON MF 295 - Ano 1980 - RP 59.041 (C.A.S.M)<\/p>\r\n<p>5 - TRATOR MASSEY FERGUSON MF 250 - Ano 1976 - RP 31.746 (C.A.S.M)<\/p>\r\n<p>6 - TRATOR VALMET MODELO 360 - Ano 1963 - RP 67.083 (C.A.S.M)<\/p>\r\n<p>7 \u2013 TRATOR MASSEY FERGUSON MF 265 - Ano1987 - RP 73.506 (C.A.F.W)<\/p>\r\n<p>8 \u2013 TRATOR MASSEY FERGUSON MF 285 - Ano 1976 - RP 31.692 (C.A.F.W)<\/p>\r\n<p>9 - TRATOR MASSEY FERGUSON MF 65 - Ano 1974 - RP 23.228 (C.A.F.W)<\/p>\r\n<p>10 - TRATOR MASSEY FERGUSON MF 290 - Ano 1984 - RP 64.919 (C.A.F.W)<\/p>\r\n<p>11 - TRATOR MASSEY FERGUSON MF 65 - Ano 1965 - RP 17.119 (C.A.F.W)<\/p>\r\n<p>12 - TRATOR AGRALE 4100 - Ano 1986 - RP 69.537 (C.A.F.W)<\/p>\r\n<p>13 - TRATOR AGRALE 415 - Ano 1970 - RP 52.578 (N.A.T.J)<\/p>\r\n<p>14 - TRATOR VALMET 65 JD - Ano 1975 - RP 28.200 (N.A.T.J)<\/p>\r\n<p>15 - TRATOR MASSEY FERGUSON MF 65 X \u2013 Ano 1970 \u2013 RP 52.576 (N.A.T.J)<\/p>\r\n<p>16 - TRATOR MASSEY FERGUSON MF 250 \u2013 Ano 1976 - RP 008855 (Depto Zoot.)<\/p>\r\n<p>17 - TRATOR MASSEY FERGUSON MF 50 \u2013 Ano 1975 - RP 62.348 (Depto Zoot.)<\/p>\r\n<p>18 - TRATOR MASSEY FERGUSON MF 250 \u2013 Ano 1976 - RP 013.900 (Depto Zoot.)<\/p>\r\n<p>19 - TRATOR MASSEY FERGUSON MF 290 \u2013 Ano 1987 - RP 074.470 (Depto Zoot.)<\/p>\r\n<p>20 - TRATOR AGRALE 4100 - Ano 1982RP 59.474 (Dept\u00ba Fitotecnia)<\/p>\r\n<p>21 - TRATOR AGRALE 4300 - Ano 1983 - RP 60.955 (Dept\u00ba Fitotecnia)<\/p>\r\n<p>22 - TRATOR CBT Mod. 1095 - Ano 1976 - RP 31.275 (Dept\u00ba Fitotecnia)<\/p>\r\n<p>23 - TRATOR VALMET 65 ID - Ano 1976 - RP 13.903 (DeptO Fitotecnia)<\/p>\r\n<p>24 - TRATOR AGRALE 420 - Ano 1974 - RP 67.084 (DeptO Fitotecnia)<\/p>\r\n<p>25 - TRATOR HOLDER Mod. A55 - Ano 1974 - RP 22.494 (DeptO Eng. Flor.)<\/p>\r\n<p>26 - TRATOR AGRALE 415 - Ano 1968 - RP 71.776 (Dept9 Eng. Flor.)<\/p>\r\n<p>27 - TRATOR MASSEY FERGUSON MF 275 - Ano 1984 - RP 64.959 (Dept\u00ba Solos)<\/p>\r\n<p>28 - TRATOR AGRALE 416 - Ano 1974 - RP 23.937 (Prefeitura)<\/p>\r\n<p>29 - TRATOR AGRALE 420 - Ano 1976 - RP 31.761 (Prefeitura)<\/p>\r\n<p>30 - TRATOR AGRALE 4200 - Ano 1978 - RP 39.862 (Prefeitura)<\/p>\r\n<p>31 - TRATOR AGRALE 4200 - Ano 1981 - RP 54.606 (Prefeitura)<\/p>\r\n<p>32 - MICRO-TRATOR TOBATTA - RP 71914 - (Col.Agr. Santa Maria)<\/p>\r\n<p>33 - MICRO-TRATOR TOBATTA - Ano 1976 - RP 32.020 (C.A.F.W)<\/p>\r\n<p>34 - MICRO-TRATOR TOBATTA - 34.975 - (Depart\u00ba Zootecnia)<\/p>\r\n<p>35 - COLHEITADEIRA MASSEY FERGUSON MF 3.640 A - Ano 1985 - RP 66.813(CASM)<\/p>\r\n<p>36 - COLHEITADEIRA MASSEY FERGUSON MF 220 Ano 1976 - RP 31.691 (CAFW)<\/p>\r\n<p>37 - MOTONIVELADORA HUBER WARCO Mod. 10DM - Ano 1965 - RP 62.895 (Prefeitura)<\/p>\r\n<p>38 - TRATOR DE ESTEIRA CATERPILLAR Mod. D 6 - Ano 1965 - RP 62.905 (Prefeitura)<\/p>\r\n<br>\r\n<p><b><div align=\"center\">NORMAS GERAIS<\/b><\/div><\/p>\r\n<br>\r\n<p>1 - Os Ve\u00edculos Oficiais dever\u00e3o ser utilizados exclusivamente a servi\u00e7o, sendo expressamente proibido o seu uso no transporte pessoal, de acordo com o item 3.1 da Instru\u00e7\u00e3o Normativa n\u00ba 04 publicada no Di\u00e1rio Oficial da Uni\u00e3o de 26.04.90.<\/p>\r\n<p>2 - Todo Ve\u00edculo Oficial dever\u00e1 ser conduzido por <b>\"MOTORISTA OFICIAL\",<\/b> devidamente habilitado.<\/p>\r\n<p>3 - Nenhum ve\u00edculo poder\u00e1 circular sem a <b>\"FICHA CONTROLE DE VE\u00cdCULOS\", <\/b>cujas informa\u00e7\u00f5es dever\u00e3o ser preenchidas diariamente pelo Motorista (Anexo 1).<\/p>\r\n<p>4 - Nenhum ve\u00edculo poder\u00e1 trafegar fora dos limites do <b>\"CAMPUS UNIVERSIT\u00c1RIO\",<\/b> sem que o motorista esteja munido da devida autoriza\u00e7\u00e3o:<\/p>\r\n<p>a) No Munic\u00edpio: <b>\"REQUISI\u00c7\u00c3O DE TRANSPORTE A SERVI\u00c7O\u201d<\/b> conforme modelo em Anexo 2;<\/p>\r\n<p>b) Fora do Munic\u00edpio: <b>\"ORDEM DE TR\u00c2NSITO EM VIAGEM\",<\/b> conforme modelo em Anexo 3.<\/p>\r\n<p><b>OBS.:<\/b> As ordens ser\u00e3o emitidas pela Chefia dos Servi\u00e7os de Transportes, sem Autoriza\u00e7\u00e3o Superior, para deslocamentos dentro do Munic\u00edpio e com Autoriza\u00e7\u00e3o Superior para deslocamentos fora do Munic\u00edpio.<\/p>\r\n\r\n<p>5- Somente poder\u00e3o trafegar os ve\u00edculos que estiverem regularizados com:<\/p>\r\n<p>a) Documenta\u00e7\u00e3o (Certificado de Propriedade, Licenciamento Seguro Obrigat\u00f3rio);<\/p>\r\n<p>b) Equipamentos Obrigat\u00f3rios: (Extintor de Inc\u00eandio, Cintos de Seguran\u00e7a, Triangulo, etc.);<\/p>\r\n<p>c) Boas condi\u00e7\u00f5es mec\u00e2nicas.<\/p>\r\n\r\n<p>6- Todos os Ve\u00edculos Oficiais, no encerramento do expediente di\u00e1rio, dever\u00e3o ser recolhidos \u00e0 garagem ou local de estacionamento oficial, sendo proibida a guarda dos mesmos em outros locais aos n\u00e3o determinados.<\/p>\r\n<p>7- Dever\u00e3o ser devidamente preenchidos os formul\u00e1rios pr\u00f3prios de autoriza\u00e7\u00e3o para utiliza\u00e7\u00e3o de ve\u00edculos da UFSM.<\/p>\r\n<br>\r\n<p><b><div align=\"center\">NORMAS DISCIPLINADORAS DO USO DE VE\u00cdCULOS A SERVI\u00c7O<\/b><\/div><\/p>\r\n<br>\r\n<p><b>I - NOS SERVI\u00c7OS INTERNOS<\/b><\/p>\r\n<br>\r\n<p>Levando-se em considera\u00e7\u00e3o que a maioria dos pedidos de <b>\"SERVI\u00c7OS INTERNOS\"<\/b> partem dos \u00f3rg\u00e3os da Reitoria, no Pr\u00e9dio da Administra\u00e7\u00e3o Central, bastante distanciado do local onde se localiza o Servi\u00e7o de Transportes e com a finalidade de eliminar o tr\u00e2nsito desnecess\u00e1rio de retorno a cada pedido atendido, determinamos o que segue:<\/p>\r\n<br>\r\n<p><b><div align=\"center\">ATENDIMENTOS GERAIS<\/b><\/div><\/p>\r\n<br>\r\n<p>1 - Ficar\u00e3o de plant\u00e3o junto ao Pr\u00e9dio da Administra\u00e7\u00e3o Central, diariamente 02 (dois) ve\u00edculos, com os respectivos motoristas.<\/p>\r\n<p>2 - As solicita\u00e7\u00f5es de ve\u00edculos dever\u00e3o ser feitas atrav\u00e9s de telefone, observando-se o seguinte:<\/p>\r\n<p>a) Efetuada por servidor credenciado junto ao Setor Requisitante (Dirigente do \u00d3rg\u00e3o ou Secretario);<\/p>\r\n<p>b) Os pedidos de ve\u00edculos com destino \u00e0 Imprensa Universit\u00e1ria ou Almoxarifado Central dever\u00e3o ser anotados e atendidos quando da emiss\u00e3o de mais de uma solicita\u00e7\u00e3o para cada destino;<\/p>\r\n<p>c) Os atendimentos individuais somente dever\u00e3o ser efetivados em casos de urg\u00eancia;<\/p>\r\n<p>d) O registro dever\u00e1 ser feito em formul\u00e1rio pr\u00f3prio com assinatura do usu\u00e1rio, conforme modelo proposto Anexo 4.<\/p>\r\n<br>\r\n<p><b><div align=\"center\">SERVI\u00c7O DE PROTOCOLO<\/b><\/div><\/p>\r\n<br>\r\n<p>Os servidores de entrega de Malotes e distribui\u00e7\u00e3o de correspond\u00eancia a Ag\u00eancia dos Correios e Tel\u00e9grafos no Campus Universit\u00e1rio e no Centro da Cidade (Antigo Hospital, DCE, Ex-Reitoria, Museu Educativo e Correios e Tel\u00e9grafos) dever\u00e3o ser atendidos por um ve\u00edculo previamente escalado pela Chefia do Servi\u00e7o de Transporte e Oficinas.<\/p>\r\n<br>\r\n<p><b><div align=\"center\">SERVI\u00c7O DE BANCO A CARGO DO DCF<\/b><\/div><\/p>\r\n<br>\r\n<p>Os servi\u00e7os de banco resultante das atividades do Departamento de Contabilidade e Finan\u00e7as - DCF dever\u00e3o ser atendidos por um ve\u00edculo previamente escalado pela Chefia do Servi\u00e7o de Transporte e Oficinas.<\/p>\r\n<br>\r\n<p><b>II - NOS SERVI\u00c7OS EXTERNOS<\/b><\/p>\r\n<br>\r\n<p>Considera-se <b>\"SERVI\u00c7O EXTERNO\"<\/b> todo servi\u00e7o de transporte realizado fora do Campus Universit\u00e1rio e dentro do Munic\u00edpio. Para atendimento desses servi\u00e7os devera ser observado o seguinte procedimento:<\/p>\r\n<p>1 - A solicita\u00e7\u00e3o devera ser feita mediante a expedi\u00e7\u00e3o do formul\u00e1rio <b>\"REQUISI\u00c7\u00c3O DE TRANSPORTE A SERVI\u00c7O\"<\/b>, assinado pelo Secretario ou Dirigente do \u00f3rg\u00e3o requisitante;<\/p>\r\n<p>2 - Os servi\u00e7os externos dever\u00e3o ser realizados em dias e hor\u00e1rio de expediente normal;<\/p>\r\n<p>3 - Os atendimentos em dias e hor\u00e1rios fora do expediente, somente ser\u00e3o efetivados, quando devidamente autorizados por autoridade competente (Pr\u00f3-Reitor de Administra\u00e7\u00e3o, Prefeito da Cidade Universit\u00e1ria ou Diretor da Divis\u00e3o de Servi\u00e7os Gerais).<\/p>\r\n<br>\r\n<p><b>III - NAS VIAGENS A SERVI\u00c7O<\/b><\/p>\r\n<br>\r\n<p>Considera-se viagens a servi\u00e7o, o deslocamento em ve\u00edculos automotores da Institui\u00e7\u00e3o para fora do Munic\u00edpio, quando dever\u00e1 ser observado o seguinte:<\/p>\r\n<p>1 - Somente poder\u00e3o ser autorizadas viagens a servi\u00e7os em ve\u00edculos oficiais, quando os pedidos vierem acompanhados de justificativa amplamente fundamentada e desde que as viagens n\u00e3o possam ser realizadas atrav\u00e9s dos ve\u00edculos de linhas regulares de transporte coletivo;<\/p>\r\n<p>2- As viagens somente poder\u00e3o ser autorizadas pela Prefeitura da Cidade Universit\u00e1ria, que expedira respectiva Ordem de Transito;<\/p>\r\n<p>3- Com exce\u00e7\u00e3o do Gabinete do Reitor e do Hospital Universit\u00e1rio, em caso de Ambul\u00e2ncia, nenhum outro \u00d3rg\u00e3o da Universidade poder\u00e1 autorizar a sa\u00edda de ve\u00edculos para fora do munic\u00edpio ou emitir \"ORDEM DE TR\u00c2NSITO PARA VIAGEM\";<\/p>\r\n<p>4- As <b>\"ORDENS DE TR\u00c2NSITO PARA VIAGEM\"<\/b> das Ambul\u00e2ncias do Hospital Universit\u00e1rio e do Programa de A\u00e7\u00e3o Social - PAS dever\u00e3o ser fornecidas pela dire\u00e7\u00e3o do Hospital e Servi\u00e7o de Sa\u00fade do PAS, respectivamente.<\/p>\r\n<br>\r\n<p>Para a realiza\u00e7\u00e3o de VIAGENS EM \u00d4NIBUS DA UFSM dever\u00e1 ser observado o que segue:<\/p>\r\n<br>\r\n<p>1 - Somente ser\u00e3o autorizadas viagens que atendam as finalidades e interesses da Universidade, no desenvolvimento das atividades de Ensino, Pesquisa e Extens\u00e3o;<\/p>\r\n<p>2 - O encaminhamento dos pedidos devera observar o prazo m\u00ednimo de 48 (quarenta e oito) horas;<\/p>\r\n<p>3 - Os pedidos ser\u00e3o apreciados observadas as seguintes formalidades:<\/p>\r\n<p>a) encaminhamento de of\u00edcio assinado pelo professor respons\u00e1vel pela disciplina com visto do Chefe do Departamento e \"de acordo\" do Diretor do Centro, no caso de Viagem de Estudo ou do Diretor do \u00d3rg\u00e3o, em caso de viagens <b>\"a servi\u00e7o\"<\/b>, contendo:<\/p>\r\n<p>- ampla justificativa do pedido;<\/p>\r\n<p>- rela\u00e7\u00e3o nominal dos passageiros; - nome do professor ou servidor tecnico-administrativo respons\u00e1vel pela viagem;<\/p>\r\n<p>- destino (itiner\u00e1rio da viagem);<\/p>\r\n<p>- data de sa\u00edda e previs\u00e3o de retorno, com hor\u00e1rio e local de sa\u00edda;<\/p>\r\n<p>- indica\u00e7\u00e3o de recursos para custeio das despesas (di\u00e1rias de motoristas, combust\u00edveis e lubrificantes e eventuais gastos com pe\u00e7as e m\u00e3o-de-obra);<\/p>\r\n<p>b) Assinatura do Termo de Compromisso de Viagem de Estudos pelo Professor respons\u00e1vel, conforme modelo Anexo 5.<\/p>\r\n<br>\r\n<p><b>IV - VE\u00cdCULOS DA \u00c1REA DE SA\u00daDE<\/b><\/p>\r\n<br>\r\n<p><b><div align=\"center\">AMBUL\u00c2NCIAS<\/b><\/div><\/p>\r\n<br>\r\n<p>1 - As ambul\u00e2ncias dever\u00e3o ser utilizadas exclusivamente no transporte de pacientes, sendo expressamente proibido o seu uso para qualquer outra finalidade;<\/p>\r\n<p>2 - As ambul\u00e2ncias dever\u00e3o permanecer em locais previamente determinados pela Dire\u00e7\u00e3o do Hospital Universit\u00e1rio e os deslocamentos ficar\u00e3o sob seu controle;<\/p>\r\n<p>3 - Os deslocamentos nos atendimentos a pacientes dever\u00e3o ser registrados em formul\u00e1rio pr\u00f3prio;<\/p>\r\n<p>4 - Os afastamentos em viagens somente ser\u00e3o efetivado mediante autoriza\u00e7\u00e3o e preenchimento do formul\u00e1rio <b>\"ORDEM DE TR\u00c2NSITO PARA VIAGENS\"<\/b> pela Dire\u00e7\u00e3o do Hospital Universit\u00e1rio;<\/p>\r\n<p>5 - Na sua utiliza\u00e7\u00e3o, as ambul\u00e2ncias dever\u00e3o estar com seus equipamentos em perfeitas condi\u00e7\u00f5es de funcionamento;<\/p>\r\n<p>6 - A utiliza\u00e7\u00e3o da ambul\u00e2ncia do PAS observar\u00e1 normas pr\u00f3prias.<\/p>\r\n<br>\r\n<p><b><div align=\"center\">OUTROS VE\u00cdCULOS<\/b><\/div><\/p>\r\n<br>\r\n<p>1 - Dentro do munic\u00edpio ter\u00e3o livre transito, desde que observada a proibi\u00e7\u00e3o do transporte pessoal, n\u00e3o a servi\u00e7o. O controle di\u00e1rio ser\u00e1 feito pela Dire\u00e7\u00e3o do Hospital, atrav\u00e9s do formul\u00e1rio <b>\"REQUISI\u00c7\u00c3O DE TRANSPORTE A SERVI\u00c7O\"<\/b>;<\/p>\r\n<p>2 - Viagens somente autorizadas pela Prefeitura da Cidade Universit\u00e1ria que expedira a <b>\"ORDEM DE TR\u00c2NSITO PARA VIAGEM\"<\/b>, mediante ampla justificativa e demonstrada a extrema urg\u00eancia;<\/p>\r\n<p>3 - Esses ve\u00edculos atender\u00e3o servi\u00e7os no transporte de materiais e equipamentos hospitalares e no deslocamento de pessoal a servi\u00e7o em casos de urg\u00eancia (M\u00e9dicos, Enfermeiros, etc.).<\/p>\r\n<br>\r\n<p><b>V- VE\u00cdCULOS DE TRANSPORTE DE MATERIAIS<\/b><\/p>\r\n<br>\r\n<p>1 - Esses ve\u00edculos dever\u00e3o ser utilizados exclusivamente no transporte de materiais e equipamentos a servi\u00e7o da Universidade;<\/p>\r\n<p>2 - O transporte somente ser\u00e1 efetivado se a carga transportadora for acompanhada de documento que comprove e autorize o servi\u00e7o.<\/p>\r\n<br>\r\n<p><b><div align=\"center\">DISPOSI\u00c7\u00d5ES FINAIS<\/b><\/div><\/p>\r\n<br>\r\n<p>1- Compete aos \u00d3rg\u00e3os Executivos da Administra\u00e7\u00e3o Superior e a Prefeitura da Cidade Universit\u00e1ria, em especial, como \u00d3rg\u00e3o do Sistema de Servi\u00e7os Gerais a fiscaliza\u00e7\u00e3o e cumprimento das presentes normas.<\/p>\r\n<p>2- Obrigatoriamente dever\u00e1 constar na <b>ORDEM DE TR\u00c2NSITO<\/b> o tem da presente Resolu\u00e7\u00e3o que ampara a autoriza\u00e7\u00e3o de uso.<\/p>\r\n\r\n<p>A presente Resolu\u00e7\u00e3o revoga qualquer dispositivo interno conflitante com suas normas.<\/p>\r\n\r\n<p>GABINETE DO REITOR DA UNIVERSIDADE FEDERAL DE SANTA MARIA, aos seis dias do m\u00eas de junho de mil novecentos e noventa.<\/p>\r\n<\/div>\r\n<p>Prof. Tabajara Ga\u00facho da Costa,<\/p>\r\n<p>Reitor.<\/p>\r\n<\/strike>\r\n<p><font color=\"red0000\">Este texto n\u00e3o substitui o documento original, publicado no Portal de Documentos.<\/font> Dispon\u00edvel em: <a href=\"https:\/\/portal.ufsm.br\/documentos\/publico\/documento.html?id=4519528\"><font color=\"blue\">https:\/\/portal.ufsm.br\/documentos\/publico\/documento.html?id=4519528<\/font><\/a>\r\n\r\n\t\t<\/div>\n\t\t\t\t<\/div>\n\t\t\t\t\t<\/div>\n\t\t<\/div>\n\t\t\t\t\t<\/div>\n\t\t<\/section>\n\t\t\t\t<\/div>\n\t\t","protected":false},"excerpt":{"rendered":"<p>RESOLU\u00c7\u00c3O N. 015\/1990 SERVI\u00c7O P\u00daBLICO FEDERAL RESOLU\u00c7\u00c3O N. 015\/1990 Disciplina o uso de ve\u00edculos automotores de transporte rodovi\u00e1rio na UFSM. Revogada pela Resolu\u00e7\u00e3o N. 018\/1990 O REITOR DA UNIVERSIDADE FEDERAL DE SANTA MARIA, no uso de suas atribui\u00e7\u00f5es legais e estatut\u00e1rias, presente a decis\u00e3o do Egr\u00e9gio Conselho Universit\u00e1rio efetivada na 445\u00aa Sess\u00e3o de 18.05.90, e [&hellip;]<\/p>\n","protected":false},"author":205,"featured_media":0,"parent":0,"menu_order":0,"comment_status":"closed","ping_status":"closed","template":"","meta":{"footnotes":""},"categories":[],"tags":[],"class_list":["post-3561","page","type-page","status-publish","hentry"],"acf":[],"_links":{"self":[{"href":"https:\/\/www.ufsm.br\/pro-reitorias\/proplan\/wp-json\/wp\/v2\/pages\/3561","targetHints":{"allow":["GET"]}}],"collection":[{"href":"https:\/\/www.ufsm.br\/pro-reitorias\/proplan\/wp-json\/wp\/v2\/pages"}],"about":[{"href":"https:\/\/www.ufsm.br\/pro-reitorias\/proplan\/wp-json\/wp\/v2\/types\/page"}],"author":[{"embeddable":true,"href":"https:\/\/www.ufsm.br\/pro-reitorias\/proplan\/wp-json\/wp\/v2\/users\/205"}],"replies":[{"embeddable":true,"href":"https:\/\/www.ufsm.br\/pro-reitorias\/proplan\/wp-json\/wp\/v2\/comments?post=3561"}],"version-history":[{"count":0,"href":"https:\/\/www.ufsm.br\/pro-reitorias\/proplan\/wp-json\/wp\/v2\/pages\/3561\/revisions"}],"wp:attachment":[{"href":"https:\/\/www.ufsm.br\/pro-reitorias\/proplan\/wp-json\/wp\/v2\/media?parent=3561"}],"wp:term":[{"taxonomy":"category","embeddable":true,"href":"https:\/\/www.ufsm.br\/pro-reitorias\/proplan\/wp-json\/wp\/v2\/categories?post=3561"},{"taxonomy":"post_tag","embeddable":true,"href":"https:\/\/www.ufsm.br\/pro-reitorias\/proplan\/wp-json\/wp\/v2\/tags?post=3561"}],"curies":[{"name":"wp","href":"https:\/\/api.w.org\/{rel}","templated":true}]}}