{"id":3565,"date":"2020-04-14T16:58:10","date_gmt":"2020-04-14T19:58:10","guid":{"rendered":"https:\/\/www.ufsm.br\/pro-reitorias\/proplan\/?page_id=3565"},"modified":"2020-05-29T16:32:45","modified_gmt":"2020-05-29T19:32:45","slug":"resolucao-n-018-1990","status":"publish","type":"page","link":"https:\/\/www.ufsm.br\/pro-reitorias\/proplan\/resolucao-n-018-1990","title":{"rendered":"Resolu\u00e7\u00e3o N. 018\/1990"},"content":{"rendered":"\t\t<div data-elementor-type=\"wp-page\" data-elementor-id=\"3565\" class=\"elementor elementor-3565\">\n\t\t\t\t\t\t<section class=\"elementor-section elementor-top-section elementor-element elementor-element-20c4c2d elementor-section-boxed elementor-section-height-default elementor-section-height-default\" data-id=\"20c4c2d\" data-element_type=\"section\">\n\t\t\t\t\t\t<div class=\"elementor-container elementor-column-gap-default\">\n\t\t\t\t\t<div class=\"elementor-column elementor-col-100 elementor-top-column elementor-element elementor-element-74c47ef\" data-id=\"74c47ef\" data-element_type=\"column\">\n\t\t\t<div class=\"elementor-widget-wrap elementor-element-populated\">\n\t\t\t\t\t\t<div class=\"elementor-element elementor-element-3092eec elementor-widget elementor-widget-html\" data-id=\"3092eec\" data-element_type=\"widget\" data-widget_type=\"html.default\">\n\t\t\t\t<div class=\"elementor-widget-container\">\n\t\t\t\r\n\r\n\r\n<title><b>RESOLU\u00c7\u00c3O N. 018\/1990<\/b><\/title>\r\n\r\n\r\n<div align=\"center\"><img decoding=\"async\" src=\"https:\/\/www.ufsm.br\/pro-reitorias\/proplan\/wp-content\/uploads\/sites\/344\/2019\/09\/brasao-da-republica-do-brasil-logo.png\" alt=\"Bras\u00e3o Rep\u00fablica Federativa do Brasil\" width=\"6%\" height=\"6%\"><\/div>    \r\n<h1><font color=\"blue\"><font size=\"5\"><div align=\"center\">SERVI\u00c7O P\u00daBLICO FEDERAL<\/b><\/font><\/font><\/div><\/H1>\r\n\r\n<p><div align=\"center\"><b><a href=\"https:\/\/portal.ufsm.br\/documentos\/publico\/documento.html?id=4519541\"><font color=\"blue\">RESOLU\u00c7\u00c3O N. 018\/1990<\/font><\/a><\/b><\/div><\/p>\r\n<br>\r\n<p><div align=\"right\"><font color=\"800000\"><strike>REVOGA A RESOLU\u00c7\u00c3O NO 15\/90 E DISCIPLINA O USO DE VE\u00cdCULOS AUTOMOTORES DE TRANSPORTE RODOVI\u00c1RIO NA UFSM.<\/strike><\/font><\/div><\/p>\r\n<br>\r\n<p><a href=\"https:\/\/www.ufsm.br\/pro-reitorias\/proplan\/resolucao-n-004-2007\/\"><font color=\"blue\">Revogada pela Resolu\u00e7\u00e3o N. 004\/2007<\/font><\/a><\/p>\r\n<br>\r\n<br><div align=\"justify\">\r\n<strike>\r\n<p>REITOR DA UNIVERSIDADE FEDERAL DE SANTA MARIA, no uso de suas atribui\u00e7\u00f5es legais e estatut\u00e1rias, presente a decis\u00e3o do Egr\u00e9gio Conselho Universit\u00e1rio efetivada na 445\u00aa Sess\u00e3o de 18.05.90, e de acordo com o Processo n\u00ba <a href=\"\t\" target=\"_blank\"><font color=\"blue\"><u>23081.6465\/90-15<\/u><\/font><\/a> e:<\/p>\r\n<p>- Considerando o Estabelecido no Art. 207 da <a href=\"http:\/\/www.planalto.gov.br\/ccivil_03\/constituicao\/constituicao.htm\" target=\"_blank\"><font color=\"blue\"><u>Constitui\u00e7\u00e3o Federal<\/u><\/font><\/a> que garante \u00e0s Universidades autonomia de gest\u00e3o financeira e patrimonial;<\/p>\r\n<p>- Considerando o definido no Estatuto da Universidade Federal de Santa Maria e regulamentado pelo Regimento Geral;<\/p>\r\n<p>- Considerando o estabelecido no <a href=\"http:\/\/www.planalto.gov.br\/ccivil_03\/decreto\/Antigos\/D99188.htm\" target=\"_blank\"><font color=\"blue\"><u>Decreto n\u00ba 99.188 de 17 de mar\u00e7o de 1990<\/u><\/font><\/a>, publicado no DOU de 19.03.90, <a href=\"http:\/\/www.planalto.gov.br\/ccivil_03\/decreto\/Antigos\/D99214.htm\" target=\"_blank\"><font color=\"blue\"><u>Decreto n\u00ba 99.214 de 19.04.90<\/u><\/font><\/a>, publicado no DOU de 20.04.90 e, Instru\u00e7\u00e3o Normativa n\u00ba 04 de 26.04.90 da Secretaria de Administra\u00e7\u00e3o Federal, publicado no DOU de 20.04.90;<\/p>\r\n<p>- Considerando a necessidade de disciplinar procedimentos internos e adequ\u00e1-los as normas legais e vigentes:<\/p>\r\n<br>\r\n<p><b><div align=\"center\">RESOLVE:<\/b><\/div><\/p>\r\n<br>\r\n<p><b>I - CLASSIFICAR OS VE\u00cdCULOS DA UFSM EM VE\u00cdCULOS DE SERVI\u00c7O GRUPO IV DE ACORDO COM O QUE REGULAMENTA A INSTRU\u00c7\u00c3O NORMATIVA N\u00ba 04, DE 26.04.90.<\/b><\/p>\r\n<br>\r\n<p>Art. 1\u00ba S\u00e3o ve\u00edculos de servi\u00e7o destinados ao Transporte de servidores a servi\u00e7o - Grupo IV\/A:<\/p>\r\n<p>1 - VOLKSWAGEM PARATI - PLACAS DC 8914 - Ano 1988<\/p>\r\n<p>2 - VOLKSWAGEM PARATI - PLACAS DC 8876 - Ano 1984<\/p>\r\n<p>3 - CHEVROLET MARAJ\u00d3 - PLACAS DC 8860 - Ano 1984<\/p>\r\n<p>4 - CHEVROLET MARAJ\u00d3 - PLACAS DC 8858 - Ano 1984<\/p>\r\n<p>5 - CHEVROLET MARAJ\u00d3 - PLACAS DC 8859 - Ano 1984<\/p>\r\n<p>6 - CHEVROLET MARAJ\u00d3 - PLACAS OI 9315 - Ano 1987 (C.A.F.W)<\/p>\r\n<p>7 - BRAS\u00cdLIA VOLKSWAGEM - PLACAS DC 8660 - Ano 1974<\/p>\r\n<p>8 - BRAS\u00cdLIA VOLKSWAGEM - PLACAS DC 8717 - Ano 1981<\/p>\r\n<p>9 - AUTOM\u00d3VEL VOLKSWAGEM - PLACAS DC 8506 - Ano 1976<\/p>\r\n\r\n<p>Art. 2\u00ba S\u00e3o ve\u00edculos de servi\u00e7o destinados ao Transporte de Material - Grupo IV\/B:<\/p>\r\n<br>\r\n<p>A - GRUPO IV\/B-1 - Transporte de Carga Leve:<\/p>\r\n<br>\r\n<p>1 - CHEVROLET PICK-UP - PLACAS DC 8570 - Ano 1969<\/p>\r\n<p>2 - CHEVROLET PICK-UP - PLACAS DC 8646 - Ano 1973<\/p>\r\n<p>3 - CHEVROLET PICK-UP PLACAS DC 8598 - Ano 1970<\/p>\r\n<p>4 - CHEVROLET PICK-UP PLACAS 01 9310 - Ano 1983 (C.A.F.W)<\/p>\r\n<p>5 - FIAT FIORINO - PLACAS DC 8735 - Ano 1982<\/p>\r\n<p>6 - FIAT FIORINO - PLACAS DC 8748 - Ano 1982<\/p>\r\n<p>7 - KOMBI VOLKSWAGEM - PLACAS DP 8502 - Ano 1988<\/p>\r\n<p>8 - KOMBI VOLKSWAGEM - PLACAS DC 8719 - Ano 1988<\/p>\r\n<br>\r\n<p>B - GRUPO IV\/B-2 - TRANSPORTE DE CARGA PESADA<\/p>\r\n<br>\r\n<p>1 - CAMINH\u00c3O MERCEDES BENZ - PLACAS DC 8601 - Ano 1966<\/p>\r\n<p>2 - CAMINH\u00c3O MERCEDES BENZ - PLACAS DC 8593 - Ano 1966<\/p>\r\n<p>3 - CAMINH\u00c3O MERCEDES BENZ 608 - PLACAS DC 8625 - Ano 1973<\/p>\r\n<p>4 - CAMINH\u00c3O MERCEDES BENZ 608 - PLACAS DC 8736 - Ano 1982<\/p>\r\n<p>5 - CAMINH\u00c3O MERCEDES BENZ - PLACAS DC 8597 - Ano 1966<\/p>\r\n<p>6 - CAMINH\u00c3O CHEVROLET - PLACAS DC 8594 - Ano 1965<\/p>\r\n<p>7 - CAMINH\u00c3O AGRALE TX - PLACAS DC 8875 - Ano 1984<\/p>\r\n<p>8 - CAMINH\u00c3O VOLKSWAGEM - PLACAS OI 9304 - Ano 1985 (C.A.F.W)<\/p>\r\n\r\n<p>Art. 3\u00ba S\u00e3o ve\u00edculos de servi\u00e7o do Grupo IV\/C aqueles utilizados em atividades relativas a:<\/p>\r\n<br>\r\n<p>A - GRUPO IV\/C-2 - SA\u00daDE P\u00daBLICA<\/p>\r\n<br>\r\n<p>1 - CHEVROLET VERANEIO AMBUL\u00c2NCIA - PLACAS DC 8784 - Ano 1977<\/p>\r\n<p>2 - CHEVROLET VERANEIO AMBUL\u00c2NCIA - PLACAS DC 8664 - Ano 1974<\/p>\r\n<p>3 - CHEVROLET VERANEIO AMBUL\u00c2NCIA - PLACAS DC 8512 - Ano 1990<\/p>\r\n<p>4 - VOLKSWAGEM GOL FURG\u00c3O - PLACAS DC 8892 - Ano 1987<\/p>\r\n<p>5 - CHEVROLET CARAVAN - PLACAS DC 8915 - Ano 1988<\/p>\r\n<p>6 - CHEVROLET CARAVAN - PLACAS DC 8895 - Ano 1987<\/p>\r\n<p>7 - KOMBI VOLKSWAGEM PLACAS DC 8797 - Ano 1980<\/p>\r\n<br>\r\n<p>B - GRUPO IV\/C-4 - COLETA DE DADOS<\/p>\r\n<br>\r\n<p>1 - KOMBI VOLKSWAGEM - PLACAS DC 8781 - Ano 1978<\/p>\r\n<p>2 - KOMBI VOLKSWAGEM - PLACAS DC 8917 - Ano 1988<\/p>\r\n<p>3 - KOMBI VOLKSWAGEM - PLACAS DC 8639 - Ano 1973 (NTAJ)<\/p>\r\n<p>4 - KOMBI VOLKSWAGEM - PLACAS WE 9705 - Ano 1976 (NTAJ)<\/p>\r\n<p>5 - JEEP TOYOTA - PLACAS DC 8563 - Ano 1964<\/p>\r\n<p>6 - CHEVROLET VERANEIO - PLACAS DC 8662 - Ano 1974<\/p>\r\n<p>7 - CHEVROLET VERANEIO - PLACAS DC 8667 - Ano 1974<\/p>\r\n\r\n<p>Art. 4\u00ba S\u00e3o ve\u00edculos de servi\u00e7o destinados ao Transporte Coletivo - Grupo IV\/D:<\/p>\r\n<p>1 - \u00d4NIBUS MERCEDES BENZ - PLACAS DC 8514 - Ano 1971<\/p>\r\n<p>2 - \u00d4NIBUS MERCEDES BENZ - PLACAS DC 8574 - Ano 1969<\/p>\r\n<p>3 - \u00d4NIBUS MERCEDES BENZ - PLACAS DC 8575 - Ano 1969<\/p>\r\n<p>4 - \u00d4NIBUS MERCEDES BENZ - PLACAS DC 8576 Ano 1964 (C.A.F.W)<\/p>\r\n\r\n<p>Art. 5\u00ba S\u00e3o ve\u00edculos destinados ao Transporte Individual Especial - Grupo IV\/E2:<\/p>\r\n<p>1 - MOTOCICLETA HONDA CG 125 - PLACAS DR 540 - Ano 1984<\/p>\r\n<p>2 - MOTOCICLETA HONDA CG 125 - PLACAS DR 539 - Ano 1984<\/p>\r\n<p>3 - MOTONETA LAMBRETA - PLACAS DP 741 - Ano 1968<\/p>\r\n<p>4 - MOTONETA CINTHIA - PLACAS DA 731 - Ano 1976<\/p>\r\n<p>5 - CHEVROLET MARAJ\u00d3 - PLACAS DC 8860 - Ano 1984<\/p>\r\n<p>6 - CHEVROLET MARAJ\u00d3 - PLACAS DC 8857 - Ano 1984<\/p>\r\n\r\n<p>Art. 6\u00ba S\u00e3o ve\u00edculos de servi\u00e7o classificados como outros ve\u00edculos - Grupo IV\/F:<\/p>\r\n<p>1 - TRATOR AGRALE 4100 - Ano 1982 RP 58.663 (C.A.S.M)<\/p>\r\n<p>2 - TRATOR MASSEY FERGUSON MF 265 - Ano 1976 - RP 32.759 (C.A.S.M)<\/p>\r\n<p>3 - TRATOR MASSEY FERGUSON MF 265 - Ano 1976 - RP 32.758 (C.A.S.M)<\/p>\r\n<p>4 - TRATOR MASSEY FERGUSON MF 295 - Ano 1980 - RP 59.041 (C.A.S.M)<\/p>\r\n<p>5 - TRATOR MASSEY FERGUSON MF 250 - Ano 1976 - RP 31.746 (C.A.S.M)<\/p>\r\n<p>6 - TRATOR VALMET MODELO 360 - Ano 1963 - RP 67.083 (C.A.S.M)<\/p>\r\n<p>7 \u2013 TRATOR MASSEY FERGUSON MF 265 - Ano1987 - RP 73.506 (C.A.F.W)<\/p>\r\n<p>8 \u2013 TRATOR MASSEY FERGUSON MF 285 - Ano 1976 - RP 31.692 (C.A.F.W)<\/p>\r\n<p>9 - TRATOR MASSEY FERGUSON MF 65 - Ano 1974 - RP 23.228 (C.A.F.W)<\/p>\r\n<p>10 - TRATOR MASSEY FERGUSON MF 290 - Ano 1984 - RP 64.919 (C.A.F.W)<\/p>\r\n<p>11 - TRATOR MASSEY FERGUSON MF 65 - Ano 1965 - RP 17.119 (C.A.F.W)<\/p>\r\n<p>12 - TRATOR AGRALE 4100 - Ano 1986 - RP 69.537 (C.A.F.W)<\/p>\r\n<p>13 - TRATOR AGRALE 415 - Ano 1970 - RP 52.578 (N.A.T.J)<\/p>\r\n<p>14 - TRATOR VALMET 65 JD - Ano 1975 - RP 28.200 (N.A.T.J)<\/p>\r\n<p>15 - TRATOR MASSEY FERGUSON MF 65 X \u2013 Ano 1970 \u2013 RP 52.576 (N.A.T.J)<\/p>\r\n<p>16 - TRATOR MASSEY FERGUSON MF 250 \u2013 Ano 1976 - RP 008855 (Depto Zoot.)<\/p>\r\n<p>17 - TRATOR MASSEY FERGUSON MF 50 \u2013 Ano 1975 - RP 62.348 (Depto Zoot.)<\/p>\r\n<p>18 - TRATOR MASSEY FERGUSON MF 250 \u2013 Ano 1976 - RP 013.900 (Depto Zoot.)<\/p>\r\n<p>19 - TRATOR MASSEY FERGUSON MF 290 \u2013 Ano 1987 - RP 074.470 (Depto Zoot.)<\/p>\r\n<p>20 - TRATOR AGRALE 4100 - Ano 1982RP 59.474 (Dept\u00ba Fitotecnia)<\/p>\r\n<p>21 - TRATOR AGRALE 4300 - Ano 1983 - RP 60.955 (Dept\u00ba Fitotecnia)<\/p>\r\n<p>22 - TRATOR CBT Mod. 1095 - Ano 1976 - RP 31.275 (Dept\u00ba Fitotecnia)<\/p>\r\n<p>23 - TRATOR VALMET 65 ID - Ano 1976 - RP 13.903 (DeptO Fitotecnia)<\/p> \r\n<p>24 - TRATOR AGRALE 420 - Ano 1974 - RP 67.084 (DeptO Fitotecnia)<\/p>\r\n<p>25 - TRATOR HOLDER Mod. A55 - Ano 1974 - RP 22.494 (DeptO Eng. Flor.)<\/p>\r\n<p>26 - TRATOR AGRALE 415 - Ano 1968 - RP 71.776 (Dept9 Eng. Flor.)<\/p>\r\n<p>27 - TRATOR MASSEY FERGUSON MF 275 - Ano 1984 - RP 64.959 (Dept\u00ba Solos)<\/p>\r\n<p>28 - TRATOR AGRALE 416 - Ano 1974 - RP 23.937 (Prefeitura)<\/p>\r\n<p>29 - TRATOR AGRALE 420 - Ano 1976 - RP 31.761 (Prefeitura)<\/p>\r\n<p>30 - TRATOR AGRALE 4200 - Ano 1978 - RP 39.862 (Prefeitura)<\/p>\r\n<p>31 - TRATOR AGRALE 4200 - Ano 1981 - RP 54.606 (Prefeitura)<\/p>\r\n<p>32 - MICRO-TRATOR TOBATTA - RP 71914 - (Col.Agr. Santa Maria)<\/p>\r\n<p>33 - MICRO-TRATOR TOBATTA - Ano 1976 - RP 32.020 (C.A.F.W)<\/p>\r\n<p>34 - MICRO-TRATOR TOBATTA - 34.975 - (Depart\u00ba Zootecnia)<\/p>\r\n<p>35 - COLHEITADEIRA MASSEY FERGUSON MF 3.640 A - Ano 1985 - RP 66.813(CASM)<\/p>\r\n<p>36 - COLHEITADEIRA MASSEY FERGUSON MF 220 Ano 1976 - RP 31.691 (CAFW)<\/p>\r\n<p>37 - MOTONIVELADORA HUBER WARCO Mod. 10DM - Ano 1965 - RP 62.895 (Prefeitura)<\/p>\r\n<p>38 - TRATOR DE ESTEIRA CATERPILLAR Mod. D 6 - Ano 1965 - RP 62.905 (Prefeitura)<\/p>\r\n<br>\r\n<p><b>II - EXPEDIR NORMAS GERAIS PARA DISCIPLINAR O USO DE VE\u00cdCULOS AUTOMOTORES DE TRANSPORTE RODOVI\u00c1RIO NA UNIVERSIDADE FEDERAL DE SANTA MARIA.<\/b><\/p>\r\n<br>\r\n<p>Art. 7\u00ba Os ve\u00edculos oficiais dever\u00e3o ser utilizados exclusivamente a servi\u00e7o, sendo expressamente proibido o seu uso no transporte pessoal, de acordo com o item 3.1 da Instru\u00e7\u00e3o Normativa n\u00ba 04 publicada Di\u00e1rio Oficial da Uni\u00e3o de 26.04.90.<\/p>\r\n<p>Art. 8\u00ba Todo ve\u00edculo oficial dever\u00e1 ser conduzido por \u201cMOTORISTA OFICIAL\", devidamente habilitado.<\/p>\r\n<p>Art. 9\u00ba Nenhum ve\u00edculo poder\u00e1 circular sem a \u201cFICHA CONTROLE DE VE\u00cdCULOS\", cujas informa\u00e7\u00f5es dever\u00e3o ser preenchidas diariamente pelo Motorista (Anexo 1).<\/p>\r\n<p>Art. 10 Somente poder\u00e3o trafegar os ve\u00edculos que estiverem regularizados com:<\/p>\r\n<p><b>a) <\/b>Documenta\u00e7\u00e3o (Certificado de Propriedade, Licenciamento, Seguro Obrigat\u00f3rio);<\/p>\r\n<p><b>b) <\/b>Equipamentos Obrigat\u00f3rios: (Extintor de Inc\u00eandio, Cintos de Seguran\u00e7a, Tri\u00e2ngulo, etc.);<\/p>\r\n<p><b>c) <\/b>Boas condi\u00e7\u00f5es mec\u00e2nicas.<\/p>\r\n\r\n<p>Art. 11 Todos os ve\u00edculos oficiais, no encerramento do expediente di\u00e1rio, dever\u00e3o ser recolhidos \u00e0 garagem ou local de estacionamento oficial, sendo proibida a guarda dos mesmo em outros locais n\u00e3o determinados.<\/p>\r\n<p>Art. 12 Dever\u00e3o ser devidamente preenchidos os formul\u00e1rios pr\u00f3prios de autoriza\u00e7\u00e3o para utiliza\u00e7\u00e3o de ve\u00edculos da UFSM.<\/p>\r\n<p>Art. 13 A fim de possibilitar coordena\u00e7\u00e3o e controle mais eficazes na utiliza\u00e7\u00e3o de ve\u00edculos automotores da UFSM, os mesmos dever\u00e3o ser centralizados no Servi\u00e7o de Transporte e Oficina da Prefeitura da Cidade Universit\u00e1ria, com exce\u00e7\u00e3o dos ve\u00edculos utilizados pelo:<\/p>\r\n<p><b>a) <\/b>Col\u00e9gio Agr\u00edcola de Frederico Westphalen e N\u00facleo de Treinamento de Jaguari, pela localiza\u00e7\u00e3o distanciada do Campus Universit\u00e1rio;<\/p>\r\n<p><b>b) <\/b>Hospital Universit\u00e1rio de Santa Maria, Hospital de Clinicas Veterin\u00e1rias, Biot\u00e9rio Central, Dire\u00e7\u00e3o do CCR, Almoxarifado Central e Restaurante Universit\u00e1rio, devido as peculiaridades de suas atividades.<\/p>\r\n<p>\u00a7 1\u00ba No caso do CAFW e NTAJ, tanto as requisi\u00e7\u00f5es de transporte a servi\u00e7o, como as ordens de tr\u00e2nsito em viagens ficar\u00e3o sob a responsabilidade dos respectivos diretores.<\/p>\r\n<p>\u00a7 2\u00ba As requisi\u00e7\u00f5es de transporte a servi\u00e7o para o \u00e2mbito do munic\u00edpio, feitas pelos \u00f3rg\u00e3os descritos no item \"b\u201d deste artigo, ficar\u00e3o sob a responsabilidade dos respectivos dirigentes.<\/p>\r\n<p>\u00a7 3\u00ba As ordens de transito para viagens fora do \u00e2mbito do munic\u00edpio ser\u00e3o de responsabilidade da:<\/p>\r\n<p><b>a) <\/b>Dire\u00e7\u00e3o do CCR, quando requisitadas pelo Biot\u00e9rio Central e Hospital Veterin\u00e1rio;<\/p>\r\n<p><b>b) <\/b>Prefeitura da Cidade Universit\u00e1ria, quando requisitadas pelo Almoxarifado Central e Restaurante Universit\u00e1rio;<\/p>\r\n<p><b>c) <\/b>Dire\u00e7\u00e3o-Geral do HUSM, quando requisitadas pelas subunidades do pr\u00f3prio hospital.<\/p>\r\n<p>\u00a7 4\u00ba A perman\u00eancia de ve\u00edculos oficiais \u00e0 disposi\u00e7\u00e3o dos \u00f3rg\u00e3os citados dos itens \"a\" e \"b\u201d deste artigo, n\u00e3o dever\u00e1 pressupor desobriga\u00e7\u00e3o ao cumprimento de normas e atos disciplinares de sua utiliza\u00e7\u00e3o.<\/p>\r\n\r\n<p>Art. 14 Nenhum ve\u00edculo poder\u00e1 trafegar fora dos limites do <b>\u201cCAMPUS UNIVERSIT\u00c1RIO\"<\/b>, ou dos <b>\"CAMPUS DE JAGUARI<\/b> e <b>FREDERICO WESTPHALEN\"<\/b>, sem que o motorista esteja munido da devida autoriza\u00e7\u00e3o:<\/p>\r\n<p><b>a) <\/b>No Munic\u00edpio: <b>\"REQUISI\u00c7\u00c3O DE TRANSPORTE A SERVI\u00c7O\"<\/b> conforme modelo Anexo 2;\r\n<p><b>b) <\/b>Fora do Munic\u00edpio: <b>\"ORDEM DE TR\u00c2NSITO EM VIAGEM\"<\/b>, conforme modelo Anexo 3. \r\n\r\n<p>Art. 15 Para os ve\u00edculos centralizados na Prefeitura da Cidade Universit\u00e1ria, as ordens ser\u00e3o emitidas pela Chefia do Servi\u00e7o de Transporte, sem autoriza\u00e7\u00e3o superior, para deslocamentos dentro do munic\u00edpio e com autoriza\u00e7\u00e3o superior para deslocamentos fora do munic\u00edpio.<\/p>\r\n<p>Art. 16 Para pedidos de <b>\"SERVI\u00c7OS INTERNOS\"<\/b>, provenientes dos \u00f3rg\u00e3os da Reitoria, no pr\u00e9dio da Administra\u00e7\u00e3o Central, bastante distanciado do local onde se localiza o Servi\u00e7o de Transporte, e com a finalidade de eliminar o transito desnecess\u00e1rio de retorno a cada pedido, devera ser observado o seguinte:<\/p>\r\n<p>I - Para atendimentos gerais ficar\u00e3o de plant\u00e3o junto ao pr\u00e9dio da Administra\u00e7\u00e3o Central, diariamente 02 (dois) ve\u00edculos, com os respectivos motoristas, sendo que as solicita\u00e7\u00f5es dever\u00e3o ser feitas atrav\u00e9s de telefone, observando-se o seguinte:<\/p>\r\n<p><b>a) <\/b>Efetuada por servidor credenciado junto ao Setor Requisitante (Dirigente do \u00d3rg\u00e3o ou Secret\u00e1rio);<\/p>\r\n<p><b>b) <\/b>Os pedidos de ve\u00edculos com destino a Imprensa Universit\u00e1ria ou Almoxarifado Central dever\u00e3o ser anotados e atendidos quando da emiss\u00e3o de mais de uma solicita\u00e7\u00e3o para cada destinos;<\/p>\r\n<p><b>c) <\/b>Os atendimentos individuais somente dever\u00e3o ser atendidos em casos de urg\u00eancia.<\/p>\r\n<p><b>d) <\/b>O registra dever\u00e1 ser feito em formul\u00e1rio pr\u00f3prio com assinatura do usu\u00e1rio, conforme modelo proposto Anexo 4.<\/p>\r\n<p>II - Os servi\u00e7os de entrega de malotes e distribui\u00e7\u00e3o de correspond\u00eancia \u00e0 Agencia dos Correios e Tel\u00e9grafos no Campus Universit\u00e1rio e no Centro da Cidade (Antigo Hospital, DCE, Ex-Reitoria, Museu Educativo e Correios e Tel\u00e9grafos) dever\u00e3o ser atendidos por um ve\u00edculo previamente escalado pela Chefia do Servi\u00e7o de Transporte e Oficinas.<\/p>\r\n<p>III - Os servi\u00e7os de banco resultante das atividades do Departamento de Contabilidade e Finan\u00e7as - DCF, dever\u00e3o ser atendidos por um ve\u00edculo previamente escalado pela Chefia do Servi\u00e7o de Transporte e Oficinas.<\/p>\r\n\r\n<p>Art. 17 Para o atendimento a <b>\"SERVI\u00c7OS EXTERNOS\"<\/b> (servi\u00e7os de transporte realizados fora do Campus Universit\u00e1rio e dentro do Munic\u00edpio) dever\u00e1 ser observado o que segue:<\/p>\r\n<p><b>a) <\/b>A solicita\u00e7\u00e3o ao Servi\u00e7o de Transporte e Oficinas da Prefeitura da Cidade Universit\u00e1ria dever\u00e1 ser feita mediante a expedi\u00e7\u00e3o do formul\u00e1rio <b>\"REQUISI\u00c7\u00c3O DE TRANSPORTE A SERVI\u00c7O\"<\/b>, assinado pelo Secret\u00e1rio ou Dirigente do \u00f3rg\u00e3o requisitante;<\/p>\r\n<p><b>b) <\/b>Os servi\u00e7os externos dever\u00e3o ser realizados em dias e hor\u00e1rios de expediente normal; c) Os atendimentos em dias e hor\u00e1rios fora do expediente, somente ser\u00e3o efetivados, quando devidamente autorizados pela Prefeitura da Cidade Universit\u00e1ria.<\/p>\r\n\r\n<p>Art. 18 Para viagens a servi\u00e7o, deslocamento em ve\u00edculos automotores da Institui\u00e7\u00e3o para fora do munic\u00edpio, devera ser observado o seguinte:<\/p>\r\n<p><b>a) <\/b>Somente poder\u00e3o ser autorizados viagens a servi\u00e7os em ve\u00edculos oficiais, quando os pedidos vierem acompanhados de justificativa amplamente fundamentada e desde que as viagens n\u00e3o possam ser realizadas atrav\u00e9s dos ve\u00edculos de linhas regulares de transporte coletivo;<\/p>\r\n<p><b>b) <\/b>As viagens somente poder\u00e3o ser autorizadas pela Prefeitura da Cidade Universit\u00e1ria, que expedir\u00e1 respectiva Ordem de Tr\u00e2nsito exceto para os \u00d3rg\u00e3os previstos nos par\u00e1grafos 1\u00ba e 3\u00ba do Art. 13;<\/p>\r\n<p><b>c) <\/b>Com exce\u00e7\u00e3o do Gabinete do Reitor e do Hospital Universit\u00e1rio, em casos de Ambul\u00e2ncia, nenhum outro \u00d3rg\u00e3o da Universidade poder\u00e1 autorizar a sa\u00edda deste tipo de veiculo para fora do munic\u00edpio ou emitir <b>\"ORDEM \u201cDE TR\u00c2NSHIO PARA VIAGEM\";<\/b><\/p>\r\n<p><b>d) <\/b>As <b>\"ORDENS DE TRANSITO PARA VIAGEM\"<\/b> das Ambul\u00e2ncias do Hospital Universit\u00e1rio e do Programa de A\u00e7\u00e3o Social - PAS dever\u00e3o ser fornecidos pela Dire\u00e7\u00e3o do Hospital e Servi\u00e7o de Sa\u00fade do PAS, respectivamente.<\/p>\r\n\r\n<p>Art. 19 Para a realiza\u00e7\u00e3o de viagens em \u00d4nibus da UFSM devera ser observado o que segue:<\/p>\r\n<p><b>a) <\/b>Somente ser\u00e3o autorizadas viagens que atendam as finalidades e interesses da Universidade, no desenvolvimento das atividades de Ensino, Pesquisa e Extens\u00e3o;<\/p>\r\n<p><b>b) <\/b>O encaminhamento dos pedidos devera observar o prazo m\u00ednimo de 48 (quarenta e oito) horas;<\/p>\r\n<p><b>c) <\/b>Os pedidos ser\u00e3o apreciados observadas as seguintes formalidades:<\/p>\r\n<p>- Encaminhamento de of\u00edcio \u00e0 Prefeitura da Cidade Universit\u00e1ria, assinado pelo professor respons\u00e1vel pela disciplina com visto do Chefe do Departamento e \"de acordo\" do Diretor do Centro quando se tratar de viagem de Estudo, ou assinado por Diretor de \u00f3rg\u00e3o, em caso de viagens \"a servi\u00e7o\", contendo:<\/p>\r\n<p>1 - ampla justificativa do pedido;<\/p>\r\n<p>2 - rela\u00e7\u00e3o nominal dos passageiros;<\/p>\r\n<p>3 - nome do professor ou servidor t\u00e9cnico-administrativo respons\u00e1vel pela viagem;<\/p>\r\n<p>4 - destino (itiner\u00e1rio da viagem);<\/p>\r\n<p>5 - data da sa\u00edda e previs\u00e3o de retorno, com o hor\u00e1rio e local da sa\u00edda;<\/p>\r\n<p>6 - indica\u00e7\u00e3o de recursos para custeios das despesas (di\u00e1rias de motoristas, combust\u00edveis e lubrificantes e eventuais gastos com pe\u00e7as e m\u00e3o-de-obra);<\/p>\r\n\r\n<p>- Assinatura do Termo de Compromisso de viagem de Estudos pelo professor respons\u00e1vel, conforme modelo Anexo 5.<\/p>\r\n\r\n<p>Art. 20 No caso de ve\u00edculos da \u00c1rea de Sa\u00fade - Ambul\u00e2ncias - dever\u00e1 ser observado o seguinte:<\/p>\r\n<p><b>a) <\/b>As ambul\u00e2ncias dever\u00e3o ser utilizadas exclusivamente no transporte de pacientes, sendo expressamente proibido o seu uso para qualquer outra finalidade;<\/p>\r\n<p><b>b) <\/b>As ambul\u00e2ncias dever\u00e3o permanecer em locais previamente determinados pela Dire\u00e7\u00e3o do Hospital Universit\u00e1rio e os deslocamentos ficar\u00e3o sob seu controle;<\/p>\r\n<p><b>c) <\/b>Os deslocamentos nos atendimentos a pacientes dever\u00e3o ser registrados em formul\u00e1rio pr\u00f3prios;<\/p>\r\n<p><b>d) <\/b>Os afastamentos em viagens somente ser\u00e3o efetivado mediante autoriza\u00e7\u00e3o e preenchimento do formul\u00e1rio <b>\"ORDEM DE TR\u00c2NSITO PARA VIAGENS\"<\/b> pela Dire\u00e7\u00e3o do Hospital Universit\u00e1rio;<\/p>\r\n<p><b>e) <\/b>Na sua utiliza\u00e7\u00e3o, as ambul\u00e2ncias dever\u00e3o estar com seus equipamentos em perfeitas condi\u00e7\u00f5es de funcionamento;<\/p>\r\n<p><b>f) <\/b>A utiliza\u00e7\u00e3o da ambul\u00e2ncia do PAS, observar\u00e1 normas pr\u00f3prias.<\/p>\r\n\r\n<p>Art. 21 No caso de outros ve\u00edculos da \u00e1rea de sa\u00fade, devera ser observado o seguinte procedimento:<\/p>\r\n<p><b>a) <\/b>Dentro do munic\u00edpio ter\u00e3o livre tr\u00e2nsito, desde que observada a proibi\u00e7\u00e3o do transporte pessoal, n\u00e3o a servi\u00e7o. O controle di\u00e1rio ser\u00e1 feito pela Dire\u00e7\u00e3o do Hospital, atrav\u00e9s do formul\u00e1rio \"REQUISI\u00c7\u00c3O DE TRANSPORTE A SERVI\u00c7O\u201d;<\/p>\r\n<p><b>b) <\/b>As viagens somente ser\u00e3o autorizadas pela Dire\u00e7\u00e3o do HUSM que expedir\u00e1 a <b>\"ORDEM DE TR\u00c2NSITO PARA VIAGEM\"<\/b>, mediante ampla justificativa e demonstrada a extrema urg\u00eancia;<\/p>\r\n<p><b>c) <\/b>Esses ve\u00edculos atender\u00e3o servi\u00e7os no transporte de materiais equipamentos hospitalares e no deslocamento de pessoal a servi\u00e7o em casos de urg\u00eancia (M\u00e9dicos, Enfermeiros, etc.).<\/p>\r\n\r\n<p>Art. 22 Os ve\u00edculos de Transporte de Materiais dever\u00e3o ser utilizados exclusivamente no transporte de materiais e equipamentos a servi\u00e7o da Universidade.<\/p>\r\n<p>Art. 23 O transporte de materiais somente ser\u00e1 efetivado se a carga transportada for acompanhada de documento que comprove e autorize o servi\u00e7o.<\/p>\r\n<p>Art. 24 Compete aos \u00d3rg\u00e3os da Administra\u00e7\u00e3o Superior e Prefeitura da Cidade Universit\u00e1ria, em especial, como \u00d3rg\u00e3o do Sistema \u201cServi\u00e7os Gerais a fiscaliza\u00e7\u00e3o e cumprimento das presentes normas.<\/p>\r\n<p>Art. 25 Obrigatoriamente dever\u00e1 constar na ORDEM DE TR\u00c2NSITO O item da presente Resolu\u00e7\u00e3o que ampara a autoriza\u00e7\u00e3o de uso. A presente Resolu\u00e7\u00e3o revoga qualquer dispositivo interno conflitante com suas normas.<\/p>\r\n\r\n<p>GABINETE DO REITOR DA UNIVERSIDADE FEDERAL DE SANTA MARIA, aos tr\u00eas dias do m\u00eas de setembro do ano de mil novecentos e noventa.<\/p>\r\n<\/div>\r\n<p>Prof. Tabajara Ga\u00facho da Costa,<\/p>\r\n<p>Reitor.<\/p>\r\n<\/strike>\r\n<p><font color=\"red0000\">Este texto n\u00e3o substitui o documento original, publicado no Portal de Documentos.<\/font> Dispon\u00edvel em: <a href=\"https:\/\/portal.ufsm.br\/documentos\/publico\/documento.html?id=4519541\"><font color=\"blue\">https:\/\/portal.ufsm.br\/documentos\/publico\/documento.html?id=4519541<\/font><\/a>\r\n\r\n\t\t<\/div>\n\t\t\t\t<\/div>\n\t\t\t\t\t<\/div>\n\t\t<\/div>\n\t\t\t\t\t<\/div>\n\t\t<\/section>\n\t\t\t\t<\/div>\n\t\t","protected":false},"excerpt":{"rendered":"<p>RESOLU\u00c7\u00c3O N. 018\/1990 SERVI\u00c7O P\u00daBLICO FEDERAL RESOLU\u00c7\u00c3O N. 018\/1990 REVOGA A RESOLU\u00c7\u00c3O NO 15\/90 E DISCIPLINA O USO DE VE\u00cdCULOS AUTOMOTORES DE TRANSPORTE RODOVI\u00c1RIO NA UFSM. Revogada pela Resolu\u00e7\u00e3o N. 004\/2007 REITOR DA UNIVERSIDADE FEDERAL DE SANTA MARIA, no uso de suas atribui\u00e7\u00f5es legais e estatut\u00e1rias, presente a decis\u00e3o do Egr\u00e9gio Conselho Universit\u00e1rio efetivada na [&hellip;]<\/p>\n","protected":false},"author":205,"featured_media":0,"parent":0,"menu_order":0,"comment_status":"closed","ping_status":"closed","template":"","meta":{"footnotes":""},"categories":[],"tags":[],"class_list":["post-3565","page","type-page","status-publish","hentry"],"acf":[],"_links":{"self":[{"href":"https:\/\/www.ufsm.br\/pro-reitorias\/proplan\/wp-json\/wp\/v2\/pages\/3565","targetHints":{"allow":["GET"]}}],"collection":[{"href":"https:\/\/www.ufsm.br\/pro-reitorias\/proplan\/wp-json\/wp\/v2\/pages"}],"about":[{"href":"https:\/\/www.ufsm.br\/pro-reitorias\/proplan\/wp-json\/wp\/v2\/types\/page"}],"author":[{"embeddable":true,"href":"https:\/\/www.ufsm.br\/pro-reitorias\/proplan\/wp-json\/wp\/v2\/users\/205"}],"replies":[{"embeddable":true,"href":"https:\/\/www.ufsm.br\/pro-reitorias\/proplan\/wp-json\/wp\/v2\/comments?post=3565"}],"version-history":[{"count":0,"href":"https:\/\/www.ufsm.br\/pro-reitorias\/proplan\/wp-json\/wp\/v2\/pages\/3565\/revisions"}],"wp:attachment":[{"href":"https:\/\/www.ufsm.br\/pro-reitorias\/proplan\/wp-json\/wp\/v2\/media?parent=3565"}],"wp:term":[{"taxonomy":"category","embeddable":true,"href":"https:\/\/www.ufsm.br\/pro-reitorias\/proplan\/wp-json\/wp\/v2\/categories?post=3565"},{"taxonomy":"post_tag","embeddable":true,"href":"https:\/\/www.ufsm.br\/pro-reitorias\/proplan\/wp-json\/wp\/v2\/tags?post=3565"}],"curies":[{"name":"wp","href":"https:\/\/api.w.org\/{rel}","templated":true}]}}