{"id":3566,"date":"2020-04-14T16:58:14","date_gmt":"2020-04-14T19:58:14","guid":{"rendered":"https:\/\/www.ufsm.br\/pro-reitorias\/proplan\/?page_id=3566"},"modified":"2020-05-29T16:33:00","modified_gmt":"2020-05-29T19:33:00","slug":"resolucao-n-019-1990","status":"publish","type":"page","link":"https:\/\/www.ufsm.br\/pro-reitorias\/proplan\/resolucao-n-019-1990","title":{"rendered":"Resolu\u00e7\u00e3o N. 019\/1990"},"content":{"rendered":"\t\t<div data-elementor-type=\"wp-page\" data-elementor-id=\"3566\" class=\"elementor elementor-3566\">\n\t\t\t\t\t\t<section class=\"elementor-section elementor-top-section elementor-element elementor-element-e5929da elementor-section-boxed elementor-section-height-default elementor-section-height-default\" data-id=\"e5929da\" data-element_type=\"section\">\n\t\t\t\t\t\t<div class=\"elementor-container elementor-column-gap-default\">\n\t\t\t\t\t<div class=\"elementor-column elementor-col-100 elementor-top-column elementor-element elementor-element-6e5b25e\" data-id=\"6e5b25e\" data-element_type=\"column\">\n\t\t\t<div class=\"elementor-widget-wrap elementor-element-populated\">\n\t\t\t\t\t\t<div class=\"elementor-element elementor-element-32e4b37 elementor-widget elementor-widget-html\" data-id=\"32e4b37\" data-element_type=\"widget\" data-widget_type=\"html.default\">\n\t\t\t\t<div class=\"elementor-widget-container\">\n\t\t\t\r\n\r\n\r\n<title><b>RESOLU\u00c7\u00c3O N. 019\/1990<\/b><\/title>\r\n\r\n\r\n<div align=\"center\"><img decoding=\"async\" src=\"https:\/\/www.ufsm.br\/pro-reitorias\/proplan\/wp-content\/uploads\/sites\/344\/2019\/09\/brasao-da-republica-do-brasil-logo.png\" alt=\"Bras\u00e3o Rep\u00fablica Federativa do Brasil\" width=\"6%\" height=\"6%\"><\/div>    \r\n<h1><font color=\"blue\"><font size=\"5\"><div align=\"center\">SERVI\u00c7O P\u00daBLICO FEDERAL<\/b><\/font><\/font><\/div><\/H1>\r\n\r\n<p><div align=\"center\"><b><a href=\"https:\/\/portal.ufsm.br\/documentos\/publico\/documento.html?id=4519538\"><font color=\"blue\">RESOLU\u00c7\u00c3O N. 019\/1990<\/font><\/a><\/b><\/div><\/p>\r\n<br>\r\n<br><div align=\"justify\">\r\n<p>O REITOR DA UNIVERSIDADE FEDERAL DE SANTA MARIA, no uso de suas atribui\u00e7\u00f5es legais e estatut\u00e1rias e, considerando:<\/p>\r\n<p>- as altera\u00e7\u00f5es constantes do Parecer n\u00ba 05\/90 da Comiss\u00e3o Or\u00e7amento e Reg\u00eancia Patrimonial, que institui o processo n\u00ba <a href=\"https:\/\/portal.ufsm.br\/documentos\/publico\/processo\/documento.html?idDocumento=2038009\" target=\"_blank\"><font color=\"blue\"><u>5395\/90-91<\/u><\/font><\/a>, aprovadas pelo Egr\u00e9gio Conselho Universit\u00e1rio na 450\u00aa sess\u00e3o de 25\/07\/90;<\/p>\r\n<p>- a necessidade de ajustar procedimentos administrativos\/or\u00e7ament\u00e1rios para a execu\u00e7\u00e3o do or\u00e7amento de 1990.<\/p>\r\n<br>\r\n<p><b><div align=\"center\">RESOLVE:<\/b><\/div><\/p>\r\n<br>\r\n<p><b>Art. 1\u00ba - <\/b>Fica o Reitor autorizado ad referendum a receber acrescimos ao or\u00e7amento de qualquer fonte, devendo a sua destina\u00e7\u00e3o ser submetida ao Conselho Universit\u00e1rio.<\/p>\r\n<p><b>Art. 2\u00ba - <\/b>Os recursos pr\u00f3prios a disposi\u00e7\u00e3o da Pr\u00f3-Reitoria de Planejamento ser\u00e3o repassados a fonte geradora, mediante a apresenta\u00e7\u00e3o de um plano de aplica\u00e7\u00e3o.<\/p>\r\n<p><b>Art. 3\u00ba - <\/b>Ser\u00e3o destinados a compra de material bibliogr\u00e1fico para a Biblioteca Central pelo menos 10% (dez por cento) dos recursos pr\u00f3prios da Institui\u00e7\u00e3o arrecadados da data de aprova\u00e7\u00e3o do Or\u00e7amento\/90 ate nova Resolu\u00e7\u00e3o do Conselho Universit\u00e1rio.<\/p>\r\n<p><b>Art. 4\u00ba - <\/b>Do montante dos recursos alocados em Material de Consumo, pelo menos 20% ser\u00e3o destinados ao Almoxarifado Central, ficando a distribui\u00e7\u00e3o do restante a crit\u00e9rio de cada Unidade de Ensino.<\/p>\r\n<p><b>Art. 5\u00ba - <\/b>O montante dos recursos do Tesouro alocados para os Restaurantes Universit\u00e1rios n\u00e3o poder\u00e1 ultrapassar o limite de 8,77% do valor de outros custeios e capital repassados pela Uni\u00e3o.<\/p>\r\n<p><b>Art. 6\u00ba - <\/b>Fica revogada a <a href=\"https:\/\/www.ufsm.br\/pro-reitorias\/proplan\/resolucao-n-049-1989\/\" target=\"_blank\"><font color=\"blue\"><u>Resolu\u00e7\u00e3o n\u00ba 49\/89 de 31\/07\/89<\/u><\/font><\/a>.<\/p>\r\n<p><b>Art. 7\u00ba - <\/b>Esta Resolu\u00e7\u00e3o entrar\u00e1 em vigor na data de sua publica\u00e7\u00e3o, revogadas outras disposi\u00e7\u00f5es em contr\u00e1rio.<\/p>\r\n\r\n<p>GABINETE DO REITOR DA UNIVERSIDADE FEDERAL DE SANTA MARIA, aos dezenove dias do m\u00eas de setembro do ano de mil novecentos e noventa.<\/p>\r\n<\/div>\r\n<p>Prof. Tabajara Ga\u00facho da Costa,<\/p>\r\n<p>Reitor.<\/p>\r\n\r\n<p><font color=\"red0000\">Este texto n\u00e3o substitui o documento original, publicado no Portal de Documentos.<\/font> Dispon\u00edvel em: <a href=\"https:\/\/portal.ufsm.br\/documentos\/publico\/documento.html?id=4519538\"><font color=\"blue\">https:\/\/portal.ufsm.br\/documentos\/publico\/documento.html?id=4519538<\/font><\/a>\r\n\r\n\t\t<\/div>\n\t\t\t\t<\/div>\n\t\t\t\t\t<\/div>\n\t\t<\/div>\n\t\t\t\t\t<\/div>\n\t\t<\/section>\n\t\t\t\t<\/div>\n\t\t","protected":false},"excerpt":{"rendered":"<p>RESOLU\u00c7\u00c3O N. 019\/1990 SERVI\u00c7O P\u00daBLICO FEDERAL RESOLU\u00c7\u00c3O N. 019\/1990 O REITOR DA UNIVERSIDADE FEDERAL DE SANTA MARIA, no uso de suas atribui\u00e7\u00f5es legais e estatut\u00e1rias e, considerando: &#8211; as altera\u00e7\u00f5es constantes do Parecer n\u00ba 05\/90 da Comiss\u00e3o Or\u00e7amento e Reg\u00eancia Patrimonial, que institui o processo n\u00ba 5395\/90-91, aprovadas pelo Egr\u00e9gio Conselho Universit\u00e1rio na 450\u00aa sess\u00e3o [&hellip;]<\/p>\n","protected":false},"author":205,"featured_media":0,"parent":0,"menu_order":0,"comment_status":"closed","ping_status":"closed","template":"","meta":{"footnotes":""},"categories":[],"tags":[],"class_list":["post-3566","page","type-page","status-publish","hentry"],"acf":[],"_links":{"self":[{"href":"https:\/\/www.ufsm.br\/pro-reitorias\/proplan\/wp-json\/wp\/v2\/pages\/3566","targetHints":{"allow":["GET"]}}],"collection":[{"href":"https:\/\/www.ufsm.br\/pro-reitorias\/proplan\/wp-json\/wp\/v2\/pages"}],"about":[{"href":"https:\/\/www.ufsm.br\/pro-reitorias\/proplan\/wp-json\/wp\/v2\/types\/page"}],"author":[{"embeddable":true,"href":"https:\/\/www.ufsm.br\/pro-reitorias\/proplan\/wp-json\/wp\/v2\/users\/205"}],"replies":[{"embeddable":true,"href":"https:\/\/www.ufsm.br\/pro-reitorias\/proplan\/wp-json\/wp\/v2\/comments?post=3566"}],"version-history":[{"count":0,"href":"https:\/\/www.ufsm.br\/pro-reitorias\/proplan\/wp-json\/wp\/v2\/pages\/3566\/revisions"}],"wp:attachment":[{"href":"https:\/\/www.ufsm.br\/pro-reitorias\/proplan\/wp-json\/wp\/v2\/media?parent=3566"}],"wp:term":[{"taxonomy":"category","embeddable":true,"href":"https:\/\/www.ufsm.br\/pro-reitorias\/proplan\/wp-json\/wp\/v2\/categories?post=3566"},{"taxonomy":"post_tag","embeddable":true,"href":"https:\/\/www.ufsm.br\/pro-reitorias\/proplan\/wp-json\/wp\/v2\/tags?post=3566"}],"curies":[{"name":"wp","href":"https:\/\/api.w.org\/{rel}","templated":true}]}}