{"id":3570,"date":"2020-04-14T17:10:27","date_gmt":"2020-04-14T20:10:27","guid":{"rendered":"https:\/\/www.ufsm.br\/pro-reitorias\/proplan\/?page_id=3570"},"modified":"2020-11-11T10:04:42","modified_gmt":"2020-11-11T13:04:42","slug":"resolucao-n-023-1990","status":"publish","type":"page","link":"https:\/\/www.ufsm.br\/pro-reitorias\/proplan\/resolucao-n-023-1990","title":{"rendered":"Resolu\u00e7\u00e3o N. 023\/1990"},"content":{"rendered":"\t\t<div data-elementor-type=\"wp-page\" data-elementor-id=\"3570\" class=\"elementor elementor-3570\">\n\t\t\t\t\t\t<section class=\"elementor-section elementor-top-section elementor-element elementor-element-b2b082f elementor-section-boxed elementor-section-height-default elementor-section-height-default\" data-id=\"b2b082f\" data-element_type=\"section\">\n\t\t\t\t\t\t<div class=\"elementor-container elementor-column-gap-default\">\n\t\t\t\t\t<div class=\"elementor-column elementor-col-100 elementor-top-column elementor-element elementor-element-00956c9\" data-id=\"00956c9\" data-element_type=\"column\">\n\t\t\t<div class=\"elementor-widget-wrap elementor-element-populated\">\n\t\t\t\t\t\t<div class=\"elementor-element elementor-element-91c81c4 elementor-widget elementor-widget-html\" data-id=\"91c81c4\" data-element_type=\"widget\" data-widget_type=\"html.default\">\n\t\t\t\t<div class=\"elementor-widget-container\">\n\t\t\t\r\n\r\n\r\n<title><b>RESOLU\u00c7\u00c3O N. 023\/1990<\/b><\/title>\r\n\r\n\r\n<div align=\"center\"><img decoding=\"async\" src=\"https:\/\/www.ufsm.br\/pro-reitorias\/proplan\/wp-content\/uploads\/sites\/344\/2019\/09\/brasao-da-republica-do-brasil-logo.png\" alt=\"Bras\u00e3o Rep\u00fablica Federativa do Brasil\" width=\"6%\" height=\"6%\"><\/div>    \r\n<h1><font color=\"blue\"><font size=\"5\"><div align=\"center\">SERVI\u00c7O P\u00daBLICO FEDERAL<\/b><\/font><\/font><\/div><\/H1>\r\n\r\n<p><div align=\"center\"><b><a href=\"https:\/\/portal.ufsm.br\/documentos\/publico\/documento.html?id=4519532\"><font color=\"blue\">RESOLU\u00c7\u00c3O N. 023\/1990<\/font><\/a><\/b><\/div><\/p>\r\n<br>\r\n<p><a href=\"https:\/\/www.ufsm.br\/pro-reitorias\/proplan\/resolucao-n-028-2020\/\" target=\"_blank\"><font color=\"blue\">Revogada pela Resolu\u00e7\u00e3o N. 028\/2020<\/font><\/a><\/p>\r\n<br>\r\n<br><div align=\"justify\">\r\n<strike>\r\n<p>O REITOR DA UNIVERSIDADE FEDERAL DE SANTA MARIA, no uso de suas atribui\u00e7\u00f5es legais e estatut\u00e1rias, presente a decis\u00e3o do Egr\u00e9gio Conselho de Ensino, Pesquisa e Extens\u00e3o, efetivada da 378\u00aa Sess\u00e3o de 13.11.90 e, de acordo com o Processo n\u00ba <a href=\"https:\/\/portal.ufsm.br\/documentos\/publico\/processo\/documento.html?idDocumento=2050687\" target=\"_blank\"><font color=\"blue\"><u>23081.015138\/90-95<\/u><\/font><\/a>,<\/p>\r\n<br>\r\n<p><div align=\"center\">RESOLVE:<\/div><\/p>\r\n<br>\r\n<p>Estabelecer crit\u00e9rios para reposi\u00e7\u00e3o de Vagas Docentes.<\/p>\r\n\r\n<p>I - A contar desta data, ate o dia 31 de dezembro do corrente, toda e qualquer reposi\u00e7\u00e3o de vaga docente que venha a ocorrer, dever\u00e1 tomar em considera\u00e7\u00e3o a lota\u00e7\u00e3o por Centro de Ensino;<\/p>\r\n<p>II - Os Centros de Ensino, em decis\u00e3o interna, deliberar\u00e3o quanto a remanejamentos inter-departamentais;<\/p>\r\n<p>III - As vagas j\u00e1 dispon\u00edveis, assim como aquelas que venham a ocorrer, dever\u00e3o ser encaminhadas pela CPPD ao CEPE, conforme disposi\u00e7\u00e3o constante do Cap\u00edtulo II, art. 2\u00ba, letra f, do Regimento Interno do Conselho de Ensino, Pesquisa e Extens\u00e3o;<\/p>\r\n<p>IV - Ap\u00f3s 31 de dezembro, o CEPE dever\u00e1, tomando por base proposi\u00e7\u00e3o da Comiss\u00e3o especialmente formada, regulamentar crit\u00e9rios definitivos a serem adotados para a reposi\u00e7\u00e3o de vagas docentes.<\/p>\r\n<p>V - Esta Resolu\u00e7\u00e3o entre em vigor na data de sua divulga\u00e7\u00e3o, revogadas as disposi\u00e7\u00f5es em contr\u00e1rio.<\/p>\r\n\r\n<p>GABINETE DO REITOR DA UNIVERSIDADE FEDERAL DE SANTA MARIA, aos vinte e tr\u00eas dias do m\u00eas de novembro do ano de mil novecentos e noventa.<\/p>\r\n<\/div>\r\n<p>Prof. Tabajara Ga\u00facho da Costa,<\/p>\r\n<p>Reitor.<\/p>\r\n<\/strike>\r\n<p><font color=\"red0000\">Este texto n\u00e3o substitui o documento original, publicado no Portal de Documentos.<\/font> Dispon\u00edvel em: <a href=\"https:\/\/portal.ufsm.br\/documentos\/publico\/documento.html?id=4519532\"><font color=\"blue\">https:\/\/portal.ufsm.br\/documentos\/publico\/documento.html?id=4519532<\/font><\/a>\r\n\r\n\t\t<\/div>\n\t\t\t\t<\/div>\n\t\t\t\t\t<\/div>\n\t\t<\/div>\n\t\t\t\t\t<\/div>\n\t\t<\/section>\n\t\t\t\t<\/div>\n\t\t","protected":false},"excerpt":{"rendered":"<p>RESOLU\u00c7\u00c3O N. 023\/1990 SERVI\u00c7O P\u00daBLICO FEDERAL RESOLU\u00c7\u00c3O N. 023\/1990 Revogada pela Resolu\u00e7\u00e3o N. 028\/2020 O REITOR DA UNIVERSIDADE FEDERAL DE SANTA MARIA, no uso de suas atribui\u00e7\u00f5es legais e estatut\u00e1rias, presente a decis\u00e3o do Egr\u00e9gio Conselho de Ensino, Pesquisa e Extens\u00e3o, efetivada da 378\u00aa Sess\u00e3o de 13.11.90 e, de acordo com o Processo n\u00ba 23081.015138\/90-95, [&hellip;]<\/p>\n","protected":false},"author":205,"featured_media":0,"parent":0,"menu_order":0,"comment_status":"closed","ping_status":"closed","template":"","meta":{"footnotes":""},"categories":[],"tags":[],"class_list":["post-3570","page","type-page","status-publish","hentry"],"acf":[],"_links":{"self":[{"href":"https:\/\/www.ufsm.br\/pro-reitorias\/proplan\/wp-json\/wp\/v2\/pages\/3570","targetHints":{"allow":["GET"]}}],"collection":[{"href":"https:\/\/www.ufsm.br\/pro-reitorias\/proplan\/wp-json\/wp\/v2\/pages"}],"about":[{"href":"https:\/\/www.ufsm.br\/pro-reitorias\/proplan\/wp-json\/wp\/v2\/types\/page"}],"author":[{"embeddable":true,"href":"https:\/\/www.ufsm.br\/pro-reitorias\/proplan\/wp-json\/wp\/v2\/users\/205"}],"replies":[{"embeddable":true,"href":"https:\/\/www.ufsm.br\/pro-reitorias\/proplan\/wp-json\/wp\/v2\/comments?post=3570"}],"version-history":[{"count":0,"href":"https:\/\/www.ufsm.br\/pro-reitorias\/proplan\/wp-json\/wp\/v2\/pages\/3570\/revisions"}],"wp:attachment":[{"href":"https:\/\/www.ufsm.br\/pro-reitorias\/proplan\/wp-json\/wp\/v2\/media?parent=3570"}],"wp:term":[{"taxonomy":"category","embeddable":true,"href":"https:\/\/www.ufsm.br\/pro-reitorias\/proplan\/wp-json\/wp\/v2\/categories?post=3570"},{"taxonomy":"post_tag","embeddable":true,"href":"https:\/\/www.ufsm.br\/pro-reitorias\/proplan\/wp-json\/wp\/v2\/tags?post=3570"}],"curies":[{"name":"wp","href":"https:\/\/api.w.org\/{rel}","templated":true}]}}