{"id":3575,"date":"2020-04-14T17:14:26","date_gmt":"2020-04-14T20:14:26","guid":{"rendered":"https:\/\/www.ufsm.br\/pro-reitorias\/proplan\/?page_id=3575"},"modified":"2020-04-14T17:25:31","modified_gmt":"2020-04-14T20:25:31","slug":"resolucao-n-028-1990","status":"publish","type":"page","link":"https:\/\/www.ufsm.br\/pro-reitorias\/proplan\/resolucao-n-028-1990","title":{"rendered":"Resolu\u00e7\u00e3o N. 028\/1990"},"content":{"rendered":"\t\t<div data-elementor-type=\"wp-page\" data-elementor-id=\"3575\" class=\"elementor elementor-3575\">\n\t\t\t\t\t\t<section class=\"elementor-section elementor-top-section elementor-element elementor-element-5b11566 elementor-section-boxed elementor-section-height-default elementor-section-height-default\" data-id=\"5b11566\" data-element_type=\"section\">\n\t\t\t\t\t\t<div class=\"elementor-container elementor-column-gap-default\">\n\t\t\t\t\t<div class=\"elementor-column elementor-col-100 elementor-top-column elementor-element elementor-element-5e927da\" data-id=\"5e927da\" data-element_type=\"column\">\n\t\t\t<div class=\"elementor-widget-wrap elementor-element-populated\">\n\t\t\t\t\t\t<div class=\"elementor-element elementor-element-7c9b2ef elementor-widget elementor-widget-html\" data-id=\"7c9b2ef\" data-element_type=\"widget\" data-widget_type=\"html.default\">\n\t\t\t\t<div class=\"elementor-widget-container\">\n\t\t\t\r\n\r\n\r\n<title><b>RESOLU\u00c7\u00c3O N. 028\/1990<\/b><\/title>\r\n\r\n\r\n<div align=\"center\"><img decoding=\"async\" src=\"https:\/\/www.ufsm.br\/pro-reitorias\/proplan\/wp-content\/uploads\/sites\/344\/2019\/09\/brasao-da-republica-do-brasil-logo.png\" alt=\"Bras\u00e3o Rep\u00fablica Federativa do Brasil\" width=\"6%\" height=\"6%\"><\/div>    \r\n<h1><font color=\"blue\"><font size=\"5\"><div align=\"center\">SERVI\u00c7O P\u00daBLICO FEDERAL<\/b><\/font><\/font><\/div><\/H1>\r\n\r\n<p><div align=\"center\"><b><a href=\"https:\/\/portal.ufsm.br\/documentos\/publico\/documento.html?id=4519537\"><font color=\"blue\">RESOLU\u00c7\u00c3O N. 028\/1990<\/font><\/a><\/b><\/div><\/p>\r\n<br>\r\n<p><div align=\"right\"><font color=\"800000\"><strike>Disp\u00f5e sobre o Aproveitamento de Estudos de Disciplinas Cursadas em outras Institui\u00e7\u00f5es de Ensino Superior.<\/strike><\/font><\/div><\/p>\r\n<br>\r\n<p><a href=\"https:\/\/www.ufsm.br\/pro-reitorias\/proplan\/resolucao-n-011-2003\/\"><font color=\"blue\">Revogada pela Resolu\u00e7\u00e3o N. 011\/2003<\/font><\/a><\/p>\r\n<br>\r\n<br><div align=\"justify\">\r\n<strike>\r\n<p>O REITOR DA UNIVERSIDADE FEDERAL DE SANTA MARIA, no uso de suas atribui\u00e7\u00f5es legais e estatut\u00e1rias e,<\/p>\r\n<p>- Considerando, de acordo com o Art. 3\u00ba,item \"e \" do Estatuto da UFSM, que a Universidade pode reger-se a- trav\u00e9s de Resolu\u00e7\u00f5es do Conselho de Ensino, Pesquisa e Extens\u00e3o;<\/p>\r\n<p>- Considerando, de acordo com os itens \u201ca\u201d e \u201cb\u201d do art. 19 do Estatuto da UFSM, que cabe ao Conselho de Ensino, Pesquisa e Extens\u00e3o, entre outras, superintender e coordenar as atividades universit\u00e1rias de ensino, aprovando mat\u00e9ria atinente a Aproveitamento de Estudos;<\/p>\r\n<p>- Considerando a decis\u00e3o do Conselho de Ensino, Pesquisa e Extens\u00e3o, 378\u00aa Sess\u00e3o, de disciplinar o Aproveitamento de Estudos de disciplinas cursadas em outras Institui\u00e7\u00f5es de Ensino Superior;<\/p>\r\n<p>- Considerando o disposto no Parecer n\u00ba 190, de 18 de dezembro de 1990, do Conselho de Ensino, Pesquisa e Extens\u00e3o, aprovado em sua 381\u00aa Sess\u00e3o, regulamentando a mat\u00e9ria da presente Resolu\u00e7\u00e3o,<\/p> \r\n<br>\r\n<p><b><div align=\"center\">RESOLVE:<\/b><\/div><\/p>\r\n<br>\r\n<p><b>Art. 1\u00ba - <\/b>\u00c9 vedado o Aproveitamento de Estudo de disciplinas cursadas em outras Institui\u00e7\u00f5es de Ensino Superior, para efeitos de dispensa de disciplinas integrante da parte fixa dos curr\u00edculos plenos dos Cursos de Gradua\u00e7\u00e3o, quando o per\u00edodo de desenvolvimento das mesmas n\u00e3o corresponder a, no m\u00ednimo, um semestre letivo regular da UFSM.<\/p>\r\n<p><b>Par\u00e1grafo \u00fanico - <\/b>A conceitua\u00e7\u00e3o de parte fixa de um curr\u00edculo pleno de Curso de Gradua\u00e7\u00e3o \u00e9 aquela constante da Resolu\u00e7\u00e3o n\u00ba 0026\/90-UFSM.<\/p>\r\n\r\n<p><b>Art. 2\u00ba - <\/b>Caber\u00e1 a Pr\u00f3-Reitoria de Gradua\u00e7\u00e3o o indeferimento sum\u00e1rio dos pedidos de Aproveitamento de Estudos que contrariem o disposto na presente Resolu\u00e7\u00e3o.<\/p>\r\n<p><b>Art. 3\u00ba - <\/b>Esta Resolu\u00e7\u00e3o entra em vigor na data de sua publica\u00e7\u00e3o, revogadas as disposi\u00e7\u00f5es em contr\u00e1rio.<\/p>\r\n\r\n<p>GABINETE DO REITOR DA UNIVERSIDADE FEDERAL DE SANTA MARIA, aos dezenove dias do m\u00eas de dezembro do ano de mil novecentos e noventa.<\/p>\r\n<\/div>\r\n<p>Prof. Tabajara Ga\u00facho da Costa,<\/p>\r\n<p>Reitor.<\/p>\r\n<\/strike>\r\n<p><font color=\"red0000\">Este texto n\u00e3o substitui o documento original, publicado no Portal de Documentos.<\/font> Dispon\u00edvel em: <a href=\"https:\/\/portal.ufsm.br\/documentos\/publico\/documento.html?id=4519537\"><font color=\"blue\">https:\/\/portal.ufsm.br\/documentos\/publico\/documento.html?id=4519537<\/font><\/a>\r\n\r\n\t\t<\/div>\n\t\t\t\t<\/div>\n\t\t\t\t\t<\/div>\n\t\t<\/div>\n\t\t\t\t\t<\/div>\n\t\t<\/section>\n\t\t\t\t<\/div>\n\t\t","protected":false},"excerpt":{"rendered":"<p>RESOLU\u00c7\u00c3O N. 028\/1990 SERVI\u00c7O P\u00daBLICO FEDERAL RESOLU\u00c7\u00c3O N. 028\/1990 Disp\u00f5e sobre o Aproveitamento de Estudos de Disciplinas Cursadas em outras Institui\u00e7\u00f5es de Ensino Superior. Revogada pela Resolu\u00e7\u00e3o N. 011\/2003 O REITOR DA UNIVERSIDADE FEDERAL DE SANTA MARIA, no uso de suas atribui\u00e7\u00f5es legais e estatut\u00e1rias e, &#8211; Considerando, de acordo com o Art. 3\u00ba,item &#8220;e [&hellip;]<\/p>\n","protected":false},"author":205,"featured_media":0,"parent":0,"menu_order":0,"comment_status":"closed","ping_status":"closed","template":"","meta":{"footnotes":""},"categories":[],"tags":[],"class_list":["post-3575","page","type-page","status-publish","hentry"],"acf":[],"_links":{"self":[{"href":"https:\/\/www.ufsm.br\/pro-reitorias\/proplan\/wp-json\/wp\/v2\/pages\/3575","targetHints":{"allow":["GET"]}}],"collection":[{"href":"https:\/\/www.ufsm.br\/pro-reitorias\/proplan\/wp-json\/wp\/v2\/pages"}],"about":[{"href":"https:\/\/www.ufsm.br\/pro-reitorias\/proplan\/wp-json\/wp\/v2\/types\/page"}],"author":[{"embeddable":true,"href":"https:\/\/www.ufsm.br\/pro-reitorias\/proplan\/wp-json\/wp\/v2\/users\/205"}],"replies":[{"embeddable":true,"href":"https:\/\/www.ufsm.br\/pro-reitorias\/proplan\/wp-json\/wp\/v2\/comments?post=3575"}],"version-history":[{"count":0,"href":"https:\/\/www.ufsm.br\/pro-reitorias\/proplan\/wp-json\/wp\/v2\/pages\/3575\/revisions"}],"wp:attachment":[{"href":"https:\/\/www.ufsm.br\/pro-reitorias\/proplan\/wp-json\/wp\/v2\/media?parent=3575"}],"wp:term":[{"taxonomy":"category","embeddable":true,"href":"https:\/\/www.ufsm.br\/pro-reitorias\/proplan\/wp-json\/wp\/v2\/categories?post=3575"},{"taxonomy":"post_tag","embeddable":true,"href":"https:\/\/www.ufsm.br\/pro-reitorias\/proplan\/wp-json\/wp\/v2\/tags?post=3575"}],"curies":[{"name":"wp","href":"https:\/\/api.w.org\/{rel}","templated":true}]}}