{"id":3576,"date":"2020-04-15T17:14:04","date_gmt":"2020-04-15T20:14:04","guid":{"rendered":"https:\/\/www.ufsm.br\/pro-reitorias\/proplan\/?page_id=3576"},"modified":"2020-07-20T10:24:28","modified_gmt":"2020-07-20T13:24:28","slug":"resolucao-n-046-1989","status":"publish","type":"page","link":"https:\/\/www.ufsm.br\/pro-reitorias\/proplan\/resolucao-n-046-1989","title":{"rendered":"Resolu\u00e7\u00e3o N. 046\/1989"},"content":{"rendered":"\t\t<div data-elementor-type=\"wp-page\" data-elementor-id=\"3576\" class=\"elementor elementor-3576\">\n\t\t\t\t\t\t<section class=\"elementor-section elementor-top-section elementor-element elementor-element-ee6b73c elementor-section-boxed elementor-section-height-default elementor-section-height-default\" data-id=\"ee6b73c\" data-element_type=\"section\">\n\t\t\t\t\t\t<div class=\"elementor-container elementor-column-gap-default\">\n\t\t\t\t\t<div class=\"elementor-column elementor-col-100 elementor-top-column elementor-element elementor-element-c18b442\" data-id=\"c18b442\" data-element_type=\"column\">\n\t\t\t<div class=\"elementor-widget-wrap elementor-element-populated\">\n\t\t\t\t\t\t<div class=\"elementor-element elementor-element-1639887 elementor-widget elementor-widget-html\" data-id=\"1639887\" data-element_type=\"widget\" data-widget_type=\"html.default\">\n\t\t\t\t<div class=\"elementor-widget-container\">\n\t\t\t\r\n\r\n\r\n<title><b>RESOLU\u00c7\u00c3O N. 046\/1989<\/b><\/title>\r\n\r\n\r\n<div align=\"center\"><img decoding=\"async\" src=\"https:\/\/www.ufsm.br\/pro-reitorias\/proplan\/wp-content\/uploads\/sites\/344\/2019\/09\/brasao-da-republica-do-brasil-logo.png\" alt=\"Bras\u00e3o Rep\u00fablica Federativa do Brasil\" width=\"6%\" height=\"6%\"><\/div>    \r\n<h1><font color=\"blue\"><font size=\"5\"><div align=\"center\">SERVI\u00c7O P\u00daBLICO FEDERAL<\/b><\/font><\/font><\/div><\/H1>\r\n<p><div align=\"center\"><b><a href=\"https:\/\/portal.ufsm.br\/documentos\/publico\/documento.html?id=5769806\" target=\"_blank\"><font color=\"blue\">RESOLU\u00c7\u00c3O N. 046\/1989<\/font><\/a><\/b><\/div><\/p>\r\n<br>\r\n<p><strike><div align=\"right\"><font color=\"800000\">Estabelece normas sobre a estrutura da Disserta\u00e7\u00e3o e Teses e sua apresenta\u00e7\u00e3o gr\u00e1fica.<\/strike><\/font><\/div><\/p>\r\n<br>\r\n<p><a href=\"https:\/\/www.ufsm.br\/pro-reitorias\/proplan\/resolucao-n-022-2020\/\" target=\"_blank\"><font color=\"blue\">Revogada pela Resolu\u00e7\u00e3o N. 022\/2020<\/font><\/a><\/p>\r\n<br>\r\n<br><div align=\"justify\">\r\n<strike>\r\n<p>O REITOR DA UNIVERSIDADE FEDERAL DE SANTA MARIA, no uso de suas atribui\u00e7\u00f5es legais e estatut\u00e1rias, e diante da decis\u00e3o do Conselho de Ensino, Pesquisa e Extens\u00e3o, sess\u00e3o n. 341 de 22 de dezembro de 1988,<\/p>\r\n<br>\r\n<p><div align=\"center\">RESOLVE:<\/div><\/p>\r\n<br>\r\n<p>Art. 1\u00ba Expedir a presente resolu\u00e7\u00e3o para tornar oficiais e p\u00fablicas as normas sobre a \"Estrutura da Disserta\u00e7\u00e3o\/Tese e sua Apresenta\u00e7\u00e3o Gr\u00e1fica - 2\u00ba Edi\u00e7\u00e3o\u201d, com o objetivo de padronizar a elabora\u00e7\u00e3o do documento formal, em qualquer n\u00edvel de P\u00f3s-Gradua\u00e7\u00e3o da Universidade Federal de Santa Maria.<\/p> \r\n<p>Par\u00e1grafo \u00danico: A Estrutura da Disserta\u00e7\u00e3o \/Tese e sua Apresenta\u00e7\u00e3o Gr\u00e1fica, obrigatoriamente contemplar\u00e1 os seguintes t\u00edtulos:<\/p> \r\n<p>- Dados Gerais;<\/p> \r\n<p>- Capa;<\/p> \r\n<p>- Elementos pr\u00e9-Textuais;<\/p> \r\n<p>- Texto;<\/p>\r\n<p>- Elementos p\u00f3s-Textuais;<\/p> \r\n<p>- Refer\u00eancia.<\/p>\r\n<p>Art. 2\u00ba Caber\u00e1 \u00e0 Pr\u00f3-Reitoria de P\u00f3s-Gradua\u00e7\u00e3o e Pesquisa a orienta\u00e7\u00e3o em torno dessas normas e a devida divulga\u00e7\u00e3o das mesmas, na melhor forma editorial, visando o fiel cumprimento das disposi\u00e7\u00f5es aprovadas.<\/p> \r\n<p>Art. 3\u00ba Fica revogada a Resolu\u00e7\u00e3o n\u00ba 014\/85 de 08 de outubro de 1985.<\/p>\r\n<p>GABINETE DO REITOR DA UNIVERSIDADE FEDERAL DE SANTA MARIA, aos tr\u00eas dias do m\u00eas de janeiro do ano de 1989.<\/p>\r\n<\/div>\r\n<p>Prof. Gilberto Aquino Benetti,<\/p>\r\n<p>Reitor.<\/p>\r\n<\/strike>\r\n<p><font color=\"red0000\">Este texto n\u00e3o substitui o documento original, publicado no Portal de Documentos.<\/font> Dispon\u00edvel em: <a href=\"https:\/\/portal.ufsm.br\/documentos\/publico\/documento.html?id=5769806\" target=\"_blank\"><font color=\"blue\">https:\/\/portal.ufsm.br\/documentos\/publico\/documento.html?id=5769806<\/font><\/a>\r\n\r\n\t\t<\/div>\n\t\t\t\t<\/div>\n\t\t\t\t\t<\/div>\n\t\t<\/div>\n\t\t\t\t\t<\/div>\n\t\t<\/section>\n\t\t\t\t<\/div>\n\t\t","protected":false},"excerpt":{"rendered":"<p>RESOLU\u00c7\u00c3O N. 046\/1989 SERVI\u00c7O P\u00daBLICO FEDERAL RESOLU\u00c7\u00c3O N. 046\/1989 Estabelece normas sobre a estrutura da Disserta\u00e7\u00e3o e Teses e sua apresenta\u00e7\u00e3o gr\u00e1fica. Revogada pela Resolu\u00e7\u00e3o N. 022\/2020 O REITOR DA UNIVERSIDADE FEDERAL DE SANTA MARIA, no uso de suas atribui\u00e7\u00f5es legais e estatut\u00e1rias, e diante da decis\u00e3o do Conselho de Ensino, Pesquisa e Extens\u00e3o, sess\u00e3o [&hellip;]<\/p>\n","protected":false},"author":205,"featured_media":0,"parent":0,"menu_order":0,"comment_status":"closed","ping_status":"closed","template":"","meta":{"footnotes":""},"categories":[],"tags":[],"class_list":["post-3576","page","type-page","status-publish","hentry"],"acf":[],"_links":{"self":[{"href":"https:\/\/www.ufsm.br\/pro-reitorias\/proplan\/wp-json\/wp\/v2\/pages\/3576","targetHints":{"allow":["GET"]}}],"collection":[{"href":"https:\/\/www.ufsm.br\/pro-reitorias\/proplan\/wp-json\/wp\/v2\/pages"}],"about":[{"href":"https:\/\/www.ufsm.br\/pro-reitorias\/proplan\/wp-json\/wp\/v2\/types\/page"}],"author":[{"embeddable":true,"href":"https:\/\/www.ufsm.br\/pro-reitorias\/proplan\/wp-json\/wp\/v2\/users\/205"}],"replies":[{"embeddable":true,"href":"https:\/\/www.ufsm.br\/pro-reitorias\/proplan\/wp-json\/wp\/v2\/comments?post=3576"}],"version-history":[{"count":0,"href":"https:\/\/www.ufsm.br\/pro-reitorias\/proplan\/wp-json\/wp\/v2\/pages\/3576\/revisions"}],"wp:attachment":[{"href":"https:\/\/www.ufsm.br\/pro-reitorias\/proplan\/wp-json\/wp\/v2\/media?parent=3576"}],"wp:term":[{"taxonomy":"category","embeddable":true,"href":"https:\/\/www.ufsm.br\/pro-reitorias\/proplan\/wp-json\/wp\/v2\/categories?post=3576"},{"taxonomy":"post_tag","embeddable":true,"href":"https:\/\/www.ufsm.br\/pro-reitorias\/proplan\/wp-json\/wp\/v2\/tags?post=3576"}],"curies":[{"name":"wp","href":"https:\/\/api.w.org\/{rel}","templated":true}]}}