{"id":3580,"date":"2020-04-15T17:14:27","date_gmt":"2020-04-15T20:14:27","guid":{"rendered":"https:\/\/www.ufsm.br\/pro-reitorias\/proplan\/?page_id=3580"},"modified":"2021-07-01T13:37:42","modified_gmt":"2021-07-01T16:37:42","slug":"resolucao-n-050-1989","status":"publish","type":"page","link":"https:\/\/www.ufsm.br\/pro-reitorias\/proplan\/resolucao-n-050-1989","title":{"rendered":"Resolu\u00e7\u00e3o N. 050\/1989"},"content":{"rendered":"\t\t<div data-elementor-type=\"wp-page\" data-elementor-id=\"3580\" class=\"elementor elementor-3580\">\n\t\t\t\t\t\t<section class=\"elementor-section elementor-top-section elementor-element elementor-element-0822c23 elementor-section-boxed elementor-section-height-default elementor-section-height-default\" data-id=\"0822c23\" data-element_type=\"section\">\n\t\t\t\t\t\t<div class=\"elementor-container elementor-column-gap-default\">\n\t\t\t\t\t<div class=\"elementor-column elementor-col-100 elementor-top-column elementor-element elementor-element-545c5fd\" data-id=\"545c5fd\" data-element_type=\"column\">\n\t\t\t<div class=\"elementor-widget-wrap elementor-element-populated\">\n\t\t\t\t\t\t<div class=\"elementor-element elementor-element-4052503 elementor-widget elementor-widget-html\" data-id=\"4052503\" data-element_type=\"widget\" data-widget_type=\"html.default\">\n\t\t\t\t<div class=\"elementor-widget-container\">\n\t\t\t\n\n\n<title><b>RESOLU\u00c7\u00c3O N. 050\/1989<\/b><\/title>\n\n\n<div align=\"center\"><img decoding=\"async\" src=\"https:\/\/www.ufsm.br\/pro-reitorias\/proplan\/wp-content\/uploads\/sites\/344\/2019\/09\/brasao-da-republica-do-brasil-logo.png\" alt=\"Bras\u00e3o Rep\u00fablica Federativa do Brasil\" width=\"6%\" height=\"6%\"><\/div>    \n<h1><font color=\"blue\"><font size=\"5\"><div align=\"center\">SERVI\u00c7O P\u00daBLICO FEDERAL<\/b><\/font><\/font><\/div><\/H1>\n<p><div align=\"center\"><b><a href=\"https:\/\/portal.ufsm.br\/documentos\/publico\/documento.html?id=5769819\" target=\"_blank\"><font color=\"blue\">RESOLU\u00c7\u00c3O N. 050\/1989<\/font><\/a><\/b><\/div><\/p>\n<br>\n<p><div align=\"right\"><font color=\"800000\"><strike>Institui o Programa de Est\u00e1gio Supervisionado no \u00e2mbito da Creche\/UFSM.<\/strike><\/font><\/div><\/p>\n<br>\n<br><div align=\"justify\">\n<p><a href=\"https:\/\/www.ufsm.br\/pro-reitorias\/proplan\/resolucao-ufsm-n-055-2021\/\"><font color=\"blue\">Revogado pela Resolu\u00e7\u00e3o N. 055\/2021<\/font><\/a><\/p><\/p>\n<br>\n<strike>\n<p>O REITOR DA UNIVERSIDADE FEDERAL DE SANTA MARIA, no uso de suas atribui\u00e7\u00f5es legais e estatut\u00e1rias e de acordo com o contido no Processo de n\u00ba 23081.007314\/89-27 cumprindo decis\u00e3o do Conselho de Ensino Pesquisa e Extens\u00e3o na 347\u00aa Sess\u00e3o, de 18 de julho de 1989, e:<\/p> \n<p>- considerando, a necessidade de vincula\u00e7\u00e3o das atividades de ensino e extens\u00e3o da UFSM;<\/p> \n<p>- considerando, a defici\u00eancia de pessoal especializado para atuar em atividades de creches;<\/p> \n<p>- considerando, a necessidade de mudan\u00e7a do perfil das atividades mantidas pelas creches em geral, ate ent\u00e3o eminentemente assistencialista; e,<\/p> \n<p>- considerando, a import\u00e2ncia de oportunizar campos de est\u00e1gio para graduados nas \u00e1reas: Sa\u00fade, Educa\u00e7\u00e3o e Psicologia,<\/p> \n<br>\n<p><div align=\"center\">RESOLVE:<\/div><\/p>\n<br>\n<p>1\u00ba Instituir no \u00e2mbito da Creche Pr\u00e9-Escolar \"IP\u00ca AMARELO\" da Universidade Federal de Santa Maria, o Programa de Est\u00e1gio Supervisionado para egressos das \u00c1reas da Sa\u00fade, Educa\u00e7\u00e3o e Psicologia.<\/p> \n<p>2\u00ba Os objetivos do Programa s\u00e3o os de proporcionar aos estagi\u00e1rios atividades voltadas para o desenvolvimento bio-psico-social da crian\u00e7a, vivenciando, na pr\u00e1tica, conhecimentos te\u00f3ricos recebidos nos respectivos Cursos de Gradua\u00e7\u00e3o, oportunamente, demonstrar a necessidade de inclus\u00e3o de disciplinas especificas relacionadas aos trabalhos das creches nos Curr\u00edculos dos Cursos de Sa\u00fade, Educa\u00e7\u00e3o e Psicologia.<\/p>\n<p>3\u00ba Poder\u00e3o candidatar-se ao Est\u00e1gio os portadores de Diploma nas \u00e1reas j\u00e1 referenciadas.<\/p> \n<p>4\u00ba As vagas dispon\u00edveis ser\u00e3o divulgadas periodicamente atrav\u00e9s da Imprensa.<\/p>\n<p>5\u00ba Os candidatos dever\u00e3o inscrever-se junto a COPLACOM\/PRAE\/UFSM mediante a apresenta\u00e7\u00e3o dos seguintes documentos:<\/p> \n<p>a) Copia do Diploma de Gradua\u00e7\u00e3o;<\/p>\n<p>b) Curriculum Vitae;<\/p> \n<p>c) Requerimento de inscri\u00e7\u00e3o dirigido ao Coordenador da COPLACOM\/PRAE\/UFSM, especificando as raz\u00f5es de seu interesse em participar do Programa.<\/p> \n<p>6\u00ba A sele\u00e7\u00e3o dos candidatos ser\u00e1 realizada pela Assessoria T\u00e9cnica da Creche \"IP\u00ca AMARELO\", obedecendo as seguintes fases:<\/p> \n<p>a) Avalia\u00e7\u00e3o Psicol\u00f3gica;<\/p>\n<p>b) Avalia\u00e7\u00e3o de Sa\u00fade;<\/p>\n<p>c) Avalia\u00e7\u00e3o T\u00e9cnico-profissional;<\/p>\n<p>d) Entrevista.<\/p> \n<p>7\u00ba Os candidatos selecionados dever\u00e3o matricular-se no Programa e recolher a taxa de matr\u00edcula correspondente.<\/p>\n<p>8\u00ba Caber\u00e1 a Assessoria T\u00e9cnica da Creche \"IP\u00ca AMARELO\" o estabelecimento das Normas de Est\u00e1gio, submetendo-as ao CEPE para homologa\u00e7\u00e3o.<\/p> \n<p>9\u00ba A dura\u00e7\u00e3o do est\u00e1gio ser\u00e1 de, no m\u00ednimo, seis (6) meses, e m\u00e1ximo de 12 meses exceto nos casos a serem previstos nas Normas de Est\u00e1gio.<\/p>\n<p>10 Nos casos de suspens\u00e3o do Est\u00e1gio, tanto por iniciativa do Estagi\u00e1rio como prevista nas Normas de Est\u00e1gio, dever\u00e1 haver comunica\u00e7\u00e3o com anteced\u00eancia m\u00ednima de trinta (30) dias.<\/p>\n<p>11 Ap\u00f3s a conclus\u00e3o do Est\u00e1gio, ser\u00e1 conferido ao Estagi\u00e1rio um certificado contendo o rol de atividades desenvolvidas, a carga hor\u00e1ria e o per\u00edodo de realiza\u00e7\u00e3o do mesmo. O Certificado ser\u00e1 assinado pelo Diretor da Creche \"IP\u00ca AMARELO\", pelo Coordenador da COPLACOM\/PRAE\/UFSM e pelo Pr\u00f3-Reitor de Assuntos Estudantis.<\/p>\n<p>12 Os casos omissos ser\u00e3o resolvidos pela Assessoria T\u00e9cnica da Creche e homologados pelo Conselho Administrativo da Creche \"IP\u00ca AMARELO\".<\/p>\n<p>GABINETE DO REITOR DA UNIVERSIDADE FEDERAL DE SANTA MARIA, aos quatorze dias do m\u00eas de agosto do ano de mil novecentos e oitenta e nove.<\/p>\n<\/div>\n<p>Prof. Gilberto Aquino Benetti,<\/p>\n<p>Reitor.<\/p>\n<p><font color=\"red0000\">Este texto n\u00e3o substitui o documento original, publicado no Portal de Documentos.<\/font> Dispon\u00edvel em: <a href=\"https:\/\/portal.ufsm.br\/documentos\/publico\/documento.html?id=5769819\" target=\"_blank\"><font color=\"blue\">https:\/\/portal.ufsm.br\/documentos\/publico\/documento.html?id=5769819<\/font><\/a>\n<\/strike>\n\n\t\t<\/div>\n\t\t\t\t<\/div>\n\t\t\t\t\t<\/div>\n\t\t<\/div>\n\t\t\t\t\t<\/div>\n\t\t<\/section>\n\t\t\t\t<\/div>\n\t\t","protected":false},"excerpt":{"rendered":"<p>RESOLU\u00c7\u00c3O N. 050\/1989 SERVI\u00c7O P\u00daBLICO FEDERAL RESOLU\u00c7\u00c3O N. 050\/1989 Institui o Programa de Est\u00e1gio Supervisionado no \u00e2mbito da Creche\/UFSM. Revogado pela Resolu\u00e7\u00e3o N. 055\/2021 O REITOR DA UNIVERSIDADE FEDERAL DE SANTA MARIA, no uso de suas atribui\u00e7\u00f5es legais e estatut\u00e1rias e de acordo com o contido no Processo de n\u00ba 23081.007314\/89-27 cumprindo decis\u00e3o do Conselho [&hellip;]<\/p>\n","protected":false},"author":205,"featured_media":0,"parent":0,"menu_order":0,"comment_status":"closed","ping_status":"closed","template":"","meta":{"footnotes":""},"categories":[],"tags":[],"class_list":["post-3580","page","type-page","status-publish","hentry"],"acf":[],"_links":{"self":[{"href":"https:\/\/www.ufsm.br\/pro-reitorias\/proplan\/wp-json\/wp\/v2\/pages\/3580","targetHints":{"allow":["GET"]}}],"collection":[{"href":"https:\/\/www.ufsm.br\/pro-reitorias\/proplan\/wp-json\/wp\/v2\/pages"}],"about":[{"href":"https:\/\/www.ufsm.br\/pro-reitorias\/proplan\/wp-json\/wp\/v2\/types\/page"}],"author":[{"embeddable":true,"href":"https:\/\/www.ufsm.br\/pro-reitorias\/proplan\/wp-json\/wp\/v2\/users\/205"}],"replies":[{"embeddable":true,"href":"https:\/\/www.ufsm.br\/pro-reitorias\/proplan\/wp-json\/wp\/v2\/comments?post=3580"}],"version-history":[{"count":0,"href":"https:\/\/www.ufsm.br\/pro-reitorias\/proplan\/wp-json\/wp\/v2\/pages\/3580\/revisions"}],"wp:attachment":[{"href":"https:\/\/www.ufsm.br\/pro-reitorias\/proplan\/wp-json\/wp\/v2\/media?parent=3580"}],"wp:term":[{"taxonomy":"category","embeddable":true,"href":"https:\/\/www.ufsm.br\/pro-reitorias\/proplan\/wp-json\/wp\/v2\/categories?post=3580"},{"taxonomy":"post_tag","embeddable":true,"href":"https:\/\/www.ufsm.br\/pro-reitorias\/proplan\/wp-json\/wp\/v2\/tags?post=3580"}],"curies":[{"name":"wp","href":"https:\/\/api.w.org\/{rel}","templated":true}]}}