{"id":3584,"date":"2020-04-15T17:15:57","date_gmt":"2020-04-15T20:15:57","guid":{"rendered":"https:\/\/www.ufsm.br\/pro-reitorias\/proplan\/?page_id=3584"},"modified":"2024-02-01T08:39:18","modified_gmt":"2024-02-01T11:39:18","slug":"resolucao-n-054-1989","status":"publish","type":"page","link":"https:\/\/www.ufsm.br\/pro-reitorias\/proplan\/resolucao-n-054-1989","title":{"rendered":"Resolu\u00e7\u00e3o N. 054\/1989"},"content":{"rendered":"\t\t<div data-elementor-type=\"wp-page\" data-elementor-id=\"3584\" class=\"elementor elementor-3584\">\n\t\t\t\t\t\t<section class=\"elementor-section elementor-top-section elementor-element elementor-element-f4e4b0f elementor-section-boxed elementor-section-height-default elementor-section-height-default\" data-id=\"f4e4b0f\" data-element_type=\"section\">\n\t\t\t\t\t\t<div class=\"elementor-container elementor-column-gap-default\">\n\t\t\t\t\t<div class=\"elementor-column elementor-col-100 elementor-top-column elementor-element elementor-element-01b1d89\" data-id=\"01b1d89\" data-element_type=\"column\">\n\t\t\t<div class=\"elementor-widget-wrap elementor-element-populated\">\n\t\t\t\t\t\t<div class=\"elementor-element elementor-element-5e01cd5 elementor-widget elementor-widget-html\" data-id=\"5e01cd5\" data-element_type=\"widget\" data-widget_type=\"html.default\">\n\t\t\t\t<div class=\"elementor-widget-container\">\n\t\t\t\r\n\r\n\r\n<title><b>RESOLU\u00c7\u00c3O N. 054\/1989<\/b><\/title>\r\n\r\n\r\n<div align=\"center\"><img decoding=\"async\" src=\"https:\/\/www.ufsm.br\/pro-reitorias\/proplan\/wp-content\/uploads\/sites\/344\/2019\/09\/brasao-da-republica-do-brasil-logo.png\" alt=\"Bras\u00e3o Rep\u00fablica Federativa do Brasil\" width=\"6%\" height=\"6%\"><\/div>    \r\n<h1><font color=\"blue\"><font size=\"5\"><div align=\"center\">SERVI\u00c7O P\u00daBLICO FEDERAL<\/b><\/font><\/font><\/div><\/H1>\r\n<p><div align=\"center\"><b><a href=\"https:\/\/portal.ufsm.br\/documentos\/publico\/documento.html?id=5769835\" target=\"_blank\"><font color=\"blue\">RESOLU\u00c7\u00c3O N. 054\/1989<\/font><\/a><\/b><\/div><\/p>\r\n<br>\r\n<p>Revogada pela <a href=\"https:\/\/www.ufsm.br\/pro-reitorias\/proplan\/resolucao-ufsm-n-150\" target=\"_blank\"><font color=\"blue\">Resolu\u00e7\u00e3o UFSM N. 150\/2023<\/font><\/a><\/p>\r\n<br><div align=\"justify\">\r\n<p><s>O REITOR DA UNIVERSIDADE FEDERAL DE SANTA MARIA, no uso de suas atribui\u00e7\u00f5es legais e estatut\u00e1rias e, conforme decis\u00e3o do Egr\u00e9gio Conselho Universit\u00e1rio, 436\u00aa Sess\u00e3o, de 22.11.89, de acordo com o Processo no 23081.021992\/87-86,<\/p> \r\n<br>\r\n<p><div align=\"center\">RESOLVE:<\/div><\/p>\r\n<br>\r\n<p>I - Criar o Departamento de Artes C\u00eanicas, vinculado ao Centro de Artes e Letras.<\/p> \r\n<p>II - O corpo docente e o corpo t\u00e9cnico-administrativo do Departamento de Artes C\u00eanicas ser\u00e3o constitu\u00eddos por servidores remanejados do Departamento de Artes Visuais, conforme as necessidades b\u00e1sicas e o elenco de disciplinas encaminhado no Projeto de Cria\u00e7\u00e3o inclu\u00eddo no Proc. n\u00ba 23081.021992\/87-86.<\/p> \r\n<p>III - \u00c0 Dire\u00e7\u00e3o do Centro de Artes e Letras caber\u00e3o as provid\u00eancias necess\u00e1rias a instala\u00e7\u00e3o do Departamento de Artes C\u00eanicas, definindo espa\u00e7o f\u00edsico, acervo de materiais e recursos humanos a serem vinculados ao Departamento.<\/p>\r\n<p>GABINETE DO REITOR DA UNIVERSIDADE FEDERAL DE SANTA MARIA, aos cinco dias do m\u00eas de dezembro do ano de mil novecentos e oitenta e nove.<\/p>\r\n<\/div>\r\n<p>Prof. Gilberto Aquino Benetti,<\/p>\r\n<p>Reitor.<\/p>\r\n<\/s>\r\n<p><font color=\"red0000\">Este texto n\u00e3o substitui o documento original, publicado no Portal de Documentos.<\/font> Dispon\u00edvel em: <a href=\"https:\/\/portal.ufsm.br\/documentos\/publico\/documento.html?id=5769835\" target=\"_blank\"><font color=\"blue\">https:\/\/portal.ufsm.br\/documentos\/publico\/documento.html?id=5769835<\/font><\/a>\r\n\r\n\t\t<\/div>\n\t\t\t\t<\/div>\n\t\t\t\t\t<\/div>\n\t\t<\/div>\n\t\t\t\t\t<\/div>\n\t\t<\/section>\n\t\t\t\t<\/div>\n\t\t","protected":false},"excerpt":{"rendered":"<p>RESOLU\u00c7\u00c3O N. 054\/1989 SERVI\u00c7O P\u00daBLICO FEDERAL RESOLU\u00c7\u00c3O N. 054\/1989 Revogada pela Resolu\u00e7\u00e3o UFSM N. 150\/2023 O REITOR DA UNIVERSIDADE FEDERAL DE SANTA MARIA, no uso de suas atribui\u00e7\u00f5es legais e estatut\u00e1rias e, conforme decis\u00e3o do Egr\u00e9gio Conselho Universit\u00e1rio, 436\u00aa Sess\u00e3o, de 22.11.89, de acordo com o Processo no 23081.021992\/87-86, RESOLVE: I &#8211; Criar o Departamento [&hellip;]<\/p>\n","protected":false},"author":205,"featured_media":0,"parent":0,"menu_order":0,"comment_status":"closed","ping_status":"closed","template":"","meta":{"footnotes":""},"categories":[],"tags":[],"class_list":["post-3584","page","type-page","status-publish","hentry"],"acf":[],"_links":{"self":[{"href":"https:\/\/www.ufsm.br\/pro-reitorias\/proplan\/wp-json\/wp\/v2\/pages\/3584","targetHints":{"allow":["GET"]}}],"collection":[{"href":"https:\/\/www.ufsm.br\/pro-reitorias\/proplan\/wp-json\/wp\/v2\/pages"}],"about":[{"href":"https:\/\/www.ufsm.br\/pro-reitorias\/proplan\/wp-json\/wp\/v2\/types\/page"}],"author":[{"embeddable":true,"href":"https:\/\/www.ufsm.br\/pro-reitorias\/proplan\/wp-json\/wp\/v2\/users\/205"}],"replies":[{"embeddable":true,"href":"https:\/\/www.ufsm.br\/pro-reitorias\/proplan\/wp-json\/wp\/v2\/comments?post=3584"}],"version-history":[{"count":0,"href":"https:\/\/www.ufsm.br\/pro-reitorias\/proplan\/wp-json\/wp\/v2\/pages\/3584\/revisions"}],"wp:attachment":[{"href":"https:\/\/www.ufsm.br\/pro-reitorias\/proplan\/wp-json\/wp\/v2\/media?parent=3584"}],"wp:term":[{"taxonomy":"category","embeddable":true,"href":"https:\/\/www.ufsm.br\/pro-reitorias\/proplan\/wp-json\/wp\/v2\/categories?post=3584"},{"taxonomy":"post_tag","embeddable":true,"href":"https:\/\/www.ufsm.br\/pro-reitorias\/proplan\/wp-json\/wp\/v2\/tags?post=3584"}],"curies":[{"name":"wp","href":"https:\/\/api.w.org\/{rel}","templated":true}]}}