{"id":3587,"date":"2020-04-17T11:22:41","date_gmt":"2020-04-17T14:22:41","guid":{"rendered":"https:\/\/www.ufsm.br\/pro-reitorias\/proplan\/?page_id=3587"},"modified":"2020-11-11T10:03:09","modified_gmt":"2020-11-11T13:03:09","slug":"resolucao-n-034-1988","status":"publish","type":"page","link":"https:\/\/www.ufsm.br\/pro-reitorias\/proplan\/resolucao-n-034-1988","title":{"rendered":"Resolu\u00e7\u00e3o N. 034\/1988"},"content":{"rendered":"\t\t<div data-elementor-type=\"wp-page\" data-elementor-id=\"3587\" class=\"elementor elementor-3587\">\n\t\t\t\t\t\t<section class=\"elementor-section elementor-top-section elementor-element elementor-element-450237e elementor-section-boxed elementor-section-height-default elementor-section-height-default\" data-id=\"450237e\" data-element_type=\"section\">\n\t\t\t\t\t\t<div class=\"elementor-container elementor-column-gap-default\">\n\t\t\t\t\t<div class=\"elementor-column elementor-col-100 elementor-top-column elementor-element elementor-element-b91f8b5\" data-id=\"b91f8b5\" data-element_type=\"column\">\n\t\t\t<div class=\"elementor-widget-wrap elementor-element-populated\">\n\t\t\t\t\t\t<div class=\"elementor-element elementor-element-c80eca6 elementor-widget elementor-widget-html\" data-id=\"c80eca6\" data-element_type=\"widget\" data-widget_type=\"html.default\">\n\t\t\t\t<div class=\"elementor-widget-container\">\n\t\t\t\r\n\r\n\r\n<title><b>RESOLU\u00c7\u00c3O N. 034\/1988<\/b><\/title>\r\n\r\n\r\n<div align=\"center\"><img decoding=\"async\" src=\"https:\/\/www.ufsm.br\/pro-reitorias\/proplan\/wp-content\/uploads\/sites\/344\/2019\/09\/brasao-da-republica-do-brasil-logo.png\" alt=\"Bras\u00e3o Rep\u00fablica Federativa do Brasil\" width=\"6%\" height=\"6%\"><\/div>    \r\n<h1><font color=\"blue\"><font size=\"5\"><div align=\"center\">SERVI\u00c7O P\u00daBLICO FEDERAL<\/b><\/font><\/font><\/div><\/H1>\r\n<p><div align=\"center\"><b><a href=\"https:\/\/portal.ufsm.br\/documentos\/publico\/documento.html?id=5769752\" target=\"_blank\"><font color=\"blue\">RESOLU\u00c7\u00c3O N. 034\/1988<\/font><\/a><\/b><\/div><\/p>\r\n<br>\r\n<p><div align=\"right\"><font color=\"800000\">Institui o regime de trabalho 40 horas semanais para o Magist\u00e9rio Superior da UFSM em \u00e1reas espec\u00edficas.<\/font><\/div><\/p>\r\n<br>\r\n<p><a href=\"https:\/\/www.ufsm.br\/pro-reitorias\/proplan\/resolucao-n-028-2020\/\" target=\"_blank\"><font color=\"blue\">Revogada pela Resolu\u00e7\u00e3o N. 028\/2020<\/font><\/a><\/p>\r\n<br>\r\n<br><div align=\"justify\">\r\n<strike>\r\n<p>O REITOR DA UNIVERSIDADE FEDERAL DE SANTA MARIA, o no uso de suas atribui\u00e7\u00f5es legais e estatut\u00e1rias e considerando:<\/p>\r\n<p>a) o artigo 14, item II, par\u00e1grafo 2\u00ba do anexo ao <u><a href=\"http:\/\/www.planalto.gov.br\/ccivil_03\/decreto\/antigos\/d94664.htm\" target=\"_blank\"><font color=\"blue\">Decreto n\u00ba 94.664, de 23 de julho de 1987<\/font><\/a><\/u>;<\/p> \r\n<p>b) o artigo 58 e par\u00e1grafo 1\u00ba do anexo ao <u><a href=\"http:\/\/www.planalto.gov.br\/ccivil_03\/decreto\/antigos\/d94664.htm\" target=\"_blank\"><font color=\"blue\">Decreto n\u00ba 94.664, de 23 de julho de 1987<\/font><\/a><\/u>; e<\/p> \r\n<p>c) a decis\u00e3o do Conselho de Ensino, Pesquisa e Extens\u00e3o em sua reuni\u00e3o n\u00ba 532, realizada em 26 de julho de 1987,<\/p> \r\n<br>\r\n<p><div align=\"center\">RESOLVE:<\/div><\/p>\r\n<br>\r\n<p>Art. 1\u00ba - Fica institu\u00eddo na Universidade Federal de Santa Maria o regime de trabalho de 40 (quarenta) horas semanais para o Magist\u00e9rio Superior, em \u00e1reas com caracter\u00edsticas especiais.<\/p> \r\n<p>Art. 2\u00ba - Os Centros de Ensino decidir\u00e3o em reuni\u00e3o de seu Conselho a ado\u00e7\u00e3o pelo mesmo do regime de 40 (quarenta) horas semanais.<\/p> \r\n<p>Art. 3\u00ba - O regime de trabalho de 40 (quarenta) horas semanais obriga a presta\u00e7\u00e3o de 2 (dois) turnos di\u00e1rios completos de trabalho.<\/p> \r\n<p>Art. 4\u00ba - As propostas para a concess\u00e3o do regime de trabalho de 40 (quarenta) horas semanais, nos Departamentos integrantes dos Centros que adotarem a excepcionalidade, dever\u00e3o seguir as normas que regulamentam os crit\u00e9rios para a concess\u00e3o de regimes de trabalho aos docentes da UFSM.<\/p> \r\n<p>Art. 5\u00ba - Os docentes designados para os cargos de coordena\u00e7\u00e3o ou chefia na UFSM e que estejam em regime de 20 (vinte) horas semanais, ser\u00e3o obrigatoriamente transpostos para o regime de 40 (quarenta) horas semanais e facultativamente para o de Dedica\u00e7\u00e3o exclusiva.<\/p> \r\n<p>Art. 6\u00ba - Aos docentes que a data de vig\u00eancia do <u><a href=\"http:\/\/www.planalto.gov.br\/ccivil_03\/decreto\/antigos\/d94664.htm\" target=\"_blank\"><font color=\"blue\">Decreto n\u00ba 94.664\/87<\/font><\/a><\/u>, se encontravam no regime de 40 (quarenta) horas semanais, fica assegurada a manuten\u00e7\u00e3o no mesmo regime, independente da decis\u00e3o de seu Centro de Ensino.<\/p> \r\n<p>Art. 7\u00ba - Esta Resolu\u00e7\u00e3o entra em vigor na data de sua emiss\u00e3o, revogadas as disposi\u00e7\u00f5es e normas em contr\u00e1rio existentes.<\/p> \r\n<p>GABINETE DO REITOR DA UNIVERSIDADE FEDERAL DE SANTA MARIA, aos vinte e sete dias do m\u00eas de julho de mil novecentos e oitenta e oito.<\/p>\r\n<\/div>\r\n<p>Prof. GILBERTO AQUINO BENETTI,<\/p>\r\n<p>Reitor.<\/p>\r\n<\/strike>\r\n<p><font color=\"red0000\">Este texto n\u00e3o substitui o documento original, publicado no Portal de Documentos.<\/font> Dispon\u00edvel em: <a href=\"https:\/\/portal.ufsm.br\/documentos\/publico\/documento.html?id=5769752\" target=\"_blank\"><font color=\"blue\">https:\/\/portal.ufsm.br\/documentos\/publico\/documento.html?id=5769752<\/font><\/a>\r\n\r\n\t\t<\/div>\n\t\t\t\t<\/div>\n\t\t\t\t\t<\/div>\n\t\t<\/div>\n\t\t\t\t\t<\/div>\n\t\t<\/section>\n\t\t\t\t<\/div>\n\t\t","protected":false},"excerpt":{"rendered":"<p>RESOLU\u00c7\u00c3O N. 034\/1988 SERVI\u00c7O P\u00daBLICO FEDERAL RESOLU\u00c7\u00c3O N. 034\/1988 Institui o regime de trabalho 40 horas semanais para o Magist\u00e9rio Superior da UFSM em \u00e1reas espec\u00edficas. Revogada pela Resolu\u00e7\u00e3o N. 028\/2020 O REITOR DA UNIVERSIDADE FEDERAL DE SANTA MARIA, o no uso de suas atribui\u00e7\u00f5es legais e estatut\u00e1rias e considerando: a) o artigo 14, item [&hellip;]<\/p>\n","protected":false},"author":205,"featured_media":0,"parent":0,"menu_order":0,"comment_status":"closed","ping_status":"closed","template":"","meta":{"footnotes":""},"categories":[],"tags":[],"class_list":["post-3587","page","type-page","status-publish","hentry"],"acf":[],"_links":{"self":[{"href":"https:\/\/www.ufsm.br\/pro-reitorias\/proplan\/wp-json\/wp\/v2\/pages\/3587","targetHints":{"allow":["GET"]}}],"collection":[{"href":"https:\/\/www.ufsm.br\/pro-reitorias\/proplan\/wp-json\/wp\/v2\/pages"}],"about":[{"href":"https:\/\/www.ufsm.br\/pro-reitorias\/proplan\/wp-json\/wp\/v2\/types\/page"}],"author":[{"embeddable":true,"href":"https:\/\/www.ufsm.br\/pro-reitorias\/proplan\/wp-json\/wp\/v2\/users\/205"}],"replies":[{"embeddable":true,"href":"https:\/\/www.ufsm.br\/pro-reitorias\/proplan\/wp-json\/wp\/v2\/comments?post=3587"}],"version-history":[{"count":0,"href":"https:\/\/www.ufsm.br\/pro-reitorias\/proplan\/wp-json\/wp\/v2\/pages\/3587\/revisions"}],"wp:attachment":[{"href":"https:\/\/www.ufsm.br\/pro-reitorias\/proplan\/wp-json\/wp\/v2\/media?parent=3587"}],"wp:term":[{"taxonomy":"category","embeddable":true,"href":"https:\/\/www.ufsm.br\/pro-reitorias\/proplan\/wp-json\/wp\/v2\/categories?post=3587"},{"taxonomy":"post_tag","embeddable":true,"href":"https:\/\/www.ufsm.br\/pro-reitorias\/proplan\/wp-json\/wp\/v2\/tags?post=3587"}],"curies":[{"name":"wp","href":"https:\/\/api.w.org\/{rel}","templated":true}]}}