{"id":3590,"date":"2020-04-17T11:23:05","date_gmt":"2020-04-17T14:23:05","guid":{"rendered":"https:\/\/www.ufsm.br\/pro-reitorias\/proplan\/?page_id=3590"},"modified":"2020-07-20T10:17:53","modified_gmt":"2020-07-20T13:17:53","slug":"resolucao-n-038-1988","status":"publish","type":"page","link":"https:\/\/www.ufsm.br\/pro-reitorias\/proplan\/resolucao-n-038-1988","title":{"rendered":"Resolu\u00e7\u00e3o N. 038\/1988"},"content":{"rendered":"\t\t<div data-elementor-type=\"wp-page\" data-elementor-id=\"3590\" class=\"elementor elementor-3590\">\n\t\t\t\t\t\t<section class=\"elementor-section elementor-top-section elementor-element elementor-element-cc10f4c elementor-section-boxed elementor-section-height-default elementor-section-height-default\" data-id=\"cc10f4c\" data-element_type=\"section\">\n\t\t\t\t\t\t<div class=\"elementor-container elementor-column-gap-default\">\n\t\t\t\t\t<div class=\"elementor-column elementor-col-100 elementor-top-column elementor-element elementor-element-fa9601b\" data-id=\"fa9601b\" data-element_type=\"column\">\n\t\t\t<div class=\"elementor-widget-wrap elementor-element-populated\">\n\t\t\t\t\t\t<div class=\"elementor-element elementor-element-85aaf96 elementor-widget elementor-widget-html\" data-id=\"85aaf96\" data-element_type=\"widget\" data-widget_type=\"html.default\">\n\t\t\t\t<div class=\"elementor-widget-container\">\n\t\t\t\r\n\r\n\r\n<title><b>RESOLU\u00c7\u00c3O N. 038\/1988<\/b><\/title>\r\n\r\n\r\n<div align=\"center\"><img decoding=\"async\" src=\"https:\/\/www.ufsm.br\/pro-reitorias\/proplan\/wp-content\/uploads\/sites\/344\/2019\/09\/brasao-da-republica-do-brasil-logo.png\" alt=\"Bras\u00e3o Rep\u00fablica Federativa do Brasil\" width=\"6%\" height=\"6%\"><\/div>    \r\n<h1><font color=\"blue\"><font size=\"5\"><div align=\"center\">SERVI\u00c7O P\u00daBLICO FEDERAL<\/b><\/font><\/font><\/div><\/H1>\r\n<p><div align=\"center\"><b><a href=\"https:\/\/portal.ufsm.br\/documentos\/publico\/documento.html?id=5769775\" target=\"_blank\"><font color=\"blue\">RESOLU\u00c7\u00c3O N. 038\/1988<\/font><\/a><\/b><\/div><\/p>\r\n<br>\r\n<p><strike><div align=\"right\"><font color=\"800000\">Regulamenta a contrata\u00e7\u00e3o de Professores Visitantes, de acordo com o artigo 8\u00ba do anexo ao <u><a href=\"http:\/\/www.planalto.gov.br\/ccivil_03\/decreto\/antigos\/d94664.htm\" target=\"_blank\"><font color=\"blue\">Decreto n\u00ba 94.664 de 23\/07\/1987<\/font><\/a><\/u>.<\/strike><\/font><\/div><\/p>\r\n<br>\r\n<p><a href=\"https:\/\/www.ufsm.br\/pro-reitorias\/proplan\/resolucao-n-022-2020\/\" target=\"_blank\"><font color=\"blue\">Revogada pela Resolu\u00e7\u00e3o N. 022\/2020<\/font><\/a><\/p>\r\n<br>\r\n<br><div align=\"justify\">\r\n<strike>\r\n<p>O REITOR DA UNIVERSIDADE FEDERAL DE SANTA MARIA, no uso de suas atribui\u00e7\u00f5es legais e estatut\u00e1rias, tendo em vista a decis\u00e3o aprovada pelo Conselho de Ensino, Pesquisa e Extens\u00e3o na sess\u00e3o n\u00ba 334 realizada em 16 de agosto de 1988,<\/p>\r\n<br>\r\n<p><div align=\"center\">RESOLVE:<\/div><\/p>\r\n<br>\r\n<p>Declarar que a contrata\u00e7\u00e3o de Professor Visitante por esta Universidade far-se-\u00e1 de acordo com as seguintes norma internas complementares ao que disp\u00f5e o artigo 8\u00ba e seus par\u00e1grafos 1\u00ba e 2\u00ba do anexo ao <u><a href=\"http:\/\/www.planalto.gov.br\/ccivil_03\/decreto\/antigos\/d94664.htm\" target=\"_blank\"><font color=\"blue\">Decreto n\u00ba 94.664, de 23\/07\/1987<\/font><\/a><\/u>:<\/p>\r\n<p>Artigo 1\u00ba - Poder\u00e3o ser contratados Professores Visitantes para atendimento de programas especiais, referentes aos seguintes casos:<\/p>\r\n<p>I - Atividades did\u00e1ticas e de pesquisa em Cursos de P\u00f3s-Gradua\u00e7\u00e3o;<\/p>\r\n<p>II - Atividades em programas de ensino de gradua\u00e7\u00e3o em \u00e1reas de comprovada car\u00eancia de recursos humanos;<\/p>\r\n<p>III - Atividades de inova\u00e7\u00e3o curricular;<\/p>\r\n<p>IV - Programas de aprimoramento de disciplinas e capacita\u00e7\u00e3o de docentes;<\/p>\r\n<p>V - Assessoramento de grupos emergentes de pesquisa.<\/p>\r\n<p>Artigo 2\u00ba - Exceto nas \u00e1reas de comprovada car\u00eancia de recursos humanos, somente ser\u00e3o contratados como Professores Visitantes portadores do t\u00edtulo de Doutor ou de Not\u00f3rio Saber obtido na forma da legisla\u00e7\u00e3o vigente.<\/p>\r\n<p>Artigo 3\u00ba - A contrata\u00e7\u00e3o de Professor Visitante resultar\u00e1 de proposta elaborada pelo Departamento, aprovada pelo Conselho do Centro e homologada pelo Conselho de Ensino, Pesquisa e Extens\u00e3o.<\/p>\r\n<p>Artigo 4\u00ba - Para aprova\u00e7\u00e3o no Conselho do Centro, a proposta deve conter garantia da exist\u00eancia dos recursos necess\u00e1rios, dada pela Administra\u00e7\u00e3o Superior da Universidade.<\/p>\r\n<p>Artigo 5\u00ba - Esta Resolu\u00e7\u00e3o entra em vigor na data de sua divulga\u00e7\u00e3o, revogando-se disposi\u00e7\u00f5es em contr\u00e1rio.<\/p> \r\n<p>GABINETE DO REITOR DA UNIVERSIDADE FEDERAL DE SANTA MARIA, aos vinte e tr\u00eas dias do m\u00eas de agosto de mil novecentos e oitenta e oito.<\/p>\r\n<\/div>\r\n<p>Prof. GILBERTO AQUINO BENETTI,<\/p>\r\n<p>Reitor.<\/p>\r\n<\/strike>\r\n<p><font color=\"red0000\">Este texto n\u00e3o substitui o documento original, publicado no Portal de Documentos.<\/font> Dispon\u00edvel em: <a href=\"https:\/\/portal.ufsm.br\/documentos\/publico\/documento.html?id=5769775\" target=\"_blank\"><font color=\"blue\">https:\/\/portal.ufsm.br\/documentos\/publico\/documento.html?id=5769775<\/font><\/a>\r\n\r\n\t\t<\/div>\n\t\t\t\t<\/div>\n\t\t\t\t\t<\/div>\n\t\t<\/div>\n\t\t\t\t\t<\/div>\n\t\t<\/section>\n\t\t\t\t<\/div>\n\t\t","protected":false},"excerpt":{"rendered":"<p>RESOLU\u00c7\u00c3O N. 038\/1988 SERVI\u00c7O P\u00daBLICO FEDERAL RESOLU\u00c7\u00c3O N. 038\/1988 Regulamenta a contrata\u00e7\u00e3o de Professores Visitantes, de acordo com o artigo 8\u00ba do anexo ao Decreto n\u00ba 94.664 de 23\/07\/1987. Revogada pela Resolu\u00e7\u00e3o N. 022\/2020 O REITOR DA UNIVERSIDADE FEDERAL DE SANTA MARIA, no uso de suas atribui\u00e7\u00f5es legais e estatut\u00e1rias, tendo em vista a decis\u00e3o [&hellip;]<\/p>\n","protected":false},"author":205,"featured_media":0,"parent":0,"menu_order":0,"comment_status":"closed","ping_status":"closed","template":"","meta":{"footnotes":""},"categories":[],"tags":[],"class_list":["post-3590","page","type-page","status-publish","hentry"],"acf":[],"_links":{"self":[{"href":"https:\/\/www.ufsm.br\/pro-reitorias\/proplan\/wp-json\/wp\/v2\/pages\/3590","targetHints":{"allow":["GET"]}}],"collection":[{"href":"https:\/\/www.ufsm.br\/pro-reitorias\/proplan\/wp-json\/wp\/v2\/pages"}],"about":[{"href":"https:\/\/www.ufsm.br\/pro-reitorias\/proplan\/wp-json\/wp\/v2\/types\/page"}],"author":[{"embeddable":true,"href":"https:\/\/www.ufsm.br\/pro-reitorias\/proplan\/wp-json\/wp\/v2\/users\/205"}],"replies":[{"embeddable":true,"href":"https:\/\/www.ufsm.br\/pro-reitorias\/proplan\/wp-json\/wp\/v2\/comments?post=3590"}],"version-history":[{"count":0,"href":"https:\/\/www.ufsm.br\/pro-reitorias\/proplan\/wp-json\/wp\/v2\/pages\/3590\/revisions"}],"wp:attachment":[{"href":"https:\/\/www.ufsm.br\/pro-reitorias\/proplan\/wp-json\/wp\/v2\/media?parent=3590"}],"wp:term":[{"taxonomy":"category","embeddable":true,"href":"https:\/\/www.ufsm.br\/pro-reitorias\/proplan\/wp-json\/wp\/v2\/categories?post=3590"},{"taxonomy":"post_tag","embeddable":true,"href":"https:\/\/www.ufsm.br\/pro-reitorias\/proplan\/wp-json\/wp\/v2\/tags?post=3590"}],"curies":[{"name":"wp","href":"https:\/\/api.w.org\/{rel}","templated":true}]}}