{"id":3591,"date":"2020-04-17T11:23:12","date_gmt":"2020-04-17T14:23:12","guid":{"rendered":"https:\/\/www.ufsm.br\/pro-reitorias\/proplan\/?page_id=3591"},"modified":"2020-07-20T10:21:50","modified_gmt":"2020-07-20T13:21:50","slug":"resolucao-n-039-1988","status":"publish","type":"page","link":"https:\/\/www.ufsm.br\/pro-reitorias\/proplan\/resolucao-n-039-1988","title":{"rendered":"Resolu\u00e7\u00e3o N. 039\/1988"},"content":{"rendered":"\t\t<div data-elementor-type=\"wp-page\" data-elementor-id=\"3591\" class=\"elementor elementor-3591\">\n\t\t\t\t\t\t<section class=\"elementor-section elementor-top-section elementor-element elementor-element-def03b7 elementor-section-boxed elementor-section-height-default elementor-section-height-default\" data-id=\"def03b7\" data-element_type=\"section\">\n\t\t\t\t\t\t<div class=\"elementor-container elementor-column-gap-default\">\n\t\t\t\t\t<div class=\"elementor-column elementor-col-100 elementor-top-column elementor-element elementor-element-1d09fce\" data-id=\"1d09fce\" data-element_type=\"column\">\n\t\t\t<div class=\"elementor-widget-wrap elementor-element-populated\">\n\t\t\t\t\t\t<div class=\"elementor-element elementor-element-eca8365 elementor-widget elementor-widget-html\" data-id=\"eca8365\" data-element_type=\"widget\" data-widget_type=\"html.default\">\n\t\t\t\t<div class=\"elementor-widget-container\">\n\t\t\t\r\n\r\n\r\n<title><b>RESOLU\u00c7\u00c3O N. 039\/1988<\/b><\/title>\r\n\r\n\r\n<div align=\"center\"><img decoding=\"async\" src=\"https:\/\/www.ufsm.br\/pro-reitorias\/proplan\/wp-content\/uploads\/sites\/344\/2019\/09\/brasao-da-republica-do-brasil-logo.png\" alt=\"Bras\u00e3o Rep\u00fablica Federativa do Brasil\" width=\"6%\" height=\"6%\"><\/div>    \r\n<h1><font color=\"blue\"><font size=\"5\"><div align=\"center\">SERVI\u00c7O P\u00daBLICO FEDERAL<\/b><\/font><\/font><\/div><\/H1>\r\n<p><div align=\"center\"><b><a href=\"https:\/\/portal.ufsm.br\/documentos\/publico\/documento.html?id=5769785\" target=\"_blank\"><font color=\"blue\">RESOLU\u00c7\u00c3O N. 039\/1988<\/font><\/a><\/b><\/div><\/p>\r\n<br>\r\n<p><strike><div align=\"right\"><font color=\"800000\">Estabelece crit\u00e9rios para admiss\u00e3o de aluno especial em Cursos de P\u00f3s-Gradua\u00e7\u00e3o.<\/font><\/div><\/strike><\/p>\r\n<br>\r\n<p><a href=\"https:\/\/www.ufsm.br\/pro-reitorias\/proplan\/resolucao-n-022-2020\/\" target=\"_blank\"><font color=\"blue\">Revogada pela Resolu\u00e7\u00e3o N. 022\/2020<\/font><\/a><\/p>\r\n<br>\r\n<br><div align=\"justify\">\r\n<strike>\r\n<p>O REITOR DA UNIVERSIDADE FEDERAL DE SANTA MARIA, no uso de suas atribui\u00e7\u00f5es legais e estatut\u00e1rias e de acordo com o contido no processo n\u00ba 23081.014696\/88-64, cumprindo decis\u00e3o do Colendo Conselho de Ensino, Pesquisa e Extens\u00e3o, em Sess\u00e3o de n\u00ba 335\u00ba de 06 de setembro de 1988,<\/p>\r\n<br>\r\n<p><div align=\"center\">RESOLVE:<\/div><\/p>\r\n<br>\r\n<p>Art. 1\u00ba - Estabelecer, para vig\u00eancia a partir do 2\u00ba Semestre Letivo de 1988, crit\u00e9rios para admiss\u00e3o de alunos especiais, em cursos de P\u00f3s-Gradua\u00e7\u00e3o, - Strictu Sensu -, da Universidade Federal de Santa Maria.<\/p>\r\n<p>Art. 2\u00ba - Ser\u00e1 considerado aluno especial de P\u00f3s-Gradua\u00e7\u00e3o, aquele matriculado em disciplinas isoladas ofertadas semestralmente nos diversos cursos, sujeito \u00e0s exig\u00eancias regimentais de frequ\u00eancia, aproveitamento, cr\u00e9ditos e outros procedimentos vinculados aos alunos regulares.<\/p>\r\n<p>Par\u00e1grafo \u00danico: A vincula\u00e7\u00e3o de aluno especial \u00e0s disciplinas ofertadas, isoladamente, n\u00e3o lhe assegura qualquer v\u00ednculo com outras ofertas, bem como isenta a UFSM de qualquer obriga\u00e7\u00e3o ou garantia de vaga.<\/p>\r\n<p>Art. 3\u00ba - Ter\u00e1 direito a matr\u00edcula em disciplina ofertada isoladamente, candidato que possuir diploma de curso superior ou aquele que estiver frequentando o \u00faltimo se mestre de curso de gradua\u00e7\u00e3o na \u00e1rea objeto do P\u00f3s-Gradua\u00e7\u00e3o sede da disciplina pretendida.<\/p>\r\n<p>Art. 4\u00ba - Os candidatos ser\u00e3o selecionados pela Coordena\u00e7\u00e3o do Curso, de acordo com crit\u00e9rios previamente por estas estabelecidos, e os requerimentos de inscri\u00e7\u00e3o, devidamente deferidos, ser\u00e3o enviados ao Departamento de Registros e Controle Acad\u00eamicos - DERCA -, nos prazos constantes do Calend\u00e1rio Escolar dos Cursos de P\u00f3s-Gradua\u00e7\u00e3o.<\/p>\r\n<p>Art. 5\u00ba - Na hip\u00f3tese do aluno especial vir a ser selecionado como aluno regular, s\u00f3 ser\u00e3o computados os cr\u00e9ditos obtidos naquela condi\u00e7\u00e3o, se conquistados nos \u00faltimos quatro semestres anteriores \u00e0 data de sele\u00e7\u00e3o.<\/p> \r\n<p>GABINETE DO REITOR DA UNIVERSIDADE FEDERAL DE SANTA MARIA, aos 09 dias do m\u00eas de setembro de hum mil novecentos e oitenta e oito.<\/p>\r\n<\/div>\r\n<p>Prof. GILBERTO AQUINO BENETTI,<\/p>\r\n<p>Reitor.<\/p>\r\n<\/strike>\r\n<p><font color=\"red0000\">Este texto n\u00e3o substitui o documento original, publicado no Portal de Documentos.<\/font> Dispon\u00edvel em: <a href=\"https:\/\/portal.ufsm.br\/documentos\/publico\/documento.html?id=5769785\" target=\"_blank\"><font color=\"blue\">https:\/\/portal.ufsm.br\/documentos\/publico\/documento.html?id=5769785<\/font><\/a>\r\n\r\n\t\t<\/div>\n\t\t\t\t<\/div>\n\t\t\t\t\t<\/div>\n\t\t<\/div>\n\t\t\t\t\t<\/div>\n\t\t<\/section>\n\t\t\t\t<\/div>\n\t\t","protected":false},"excerpt":{"rendered":"<p>RESOLU\u00c7\u00c3O N. 039\/1988 SERVI\u00c7O P\u00daBLICO FEDERAL RESOLU\u00c7\u00c3O N. 039\/1988 Estabelece crit\u00e9rios para admiss\u00e3o de aluno especial em Cursos de P\u00f3s-Gradua\u00e7\u00e3o. Revogada pela Resolu\u00e7\u00e3o N. 022\/2020 O REITOR DA UNIVERSIDADE FEDERAL DE SANTA MARIA, no uso de suas atribui\u00e7\u00f5es legais e estatut\u00e1rias e de acordo com o contido no processo n\u00ba 23081.014696\/88-64, cumprindo decis\u00e3o do Colendo [&hellip;]<\/p>\n","protected":false},"author":205,"featured_media":0,"parent":0,"menu_order":0,"comment_status":"closed","ping_status":"closed","template":"","meta":{"footnotes":""},"categories":[],"tags":[],"class_list":["post-3591","page","type-page","status-publish","hentry"],"acf":[],"_links":{"self":[{"href":"https:\/\/www.ufsm.br\/pro-reitorias\/proplan\/wp-json\/wp\/v2\/pages\/3591","targetHints":{"allow":["GET"]}}],"collection":[{"href":"https:\/\/www.ufsm.br\/pro-reitorias\/proplan\/wp-json\/wp\/v2\/pages"}],"about":[{"href":"https:\/\/www.ufsm.br\/pro-reitorias\/proplan\/wp-json\/wp\/v2\/types\/page"}],"author":[{"embeddable":true,"href":"https:\/\/www.ufsm.br\/pro-reitorias\/proplan\/wp-json\/wp\/v2\/users\/205"}],"replies":[{"embeddable":true,"href":"https:\/\/www.ufsm.br\/pro-reitorias\/proplan\/wp-json\/wp\/v2\/comments?post=3591"}],"version-history":[{"count":0,"href":"https:\/\/www.ufsm.br\/pro-reitorias\/proplan\/wp-json\/wp\/v2\/pages\/3591\/revisions"}],"wp:attachment":[{"href":"https:\/\/www.ufsm.br\/pro-reitorias\/proplan\/wp-json\/wp\/v2\/media?parent=3591"}],"wp:term":[{"taxonomy":"category","embeddable":true,"href":"https:\/\/www.ufsm.br\/pro-reitorias\/proplan\/wp-json\/wp\/v2\/categories?post=3591"},{"taxonomy":"post_tag","embeddable":true,"href":"https:\/\/www.ufsm.br\/pro-reitorias\/proplan\/wp-json\/wp\/v2\/tags?post=3591"}],"curies":[{"name":"wp","href":"https:\/\/api.w.org\/{rel}","templated":true}]}}