{"id":3595,"date":"2020-04-17T12:16:49","date_gmt":"2020-04-17T15:16:49","guid":{"rendered":"https:\/\/www.ufsm.br\/pro-reitorias\/proplan\/?page_id=3595"},"modified":"2020-04-17T12:20:10","modified_gmt":"2020-04-17T15:20:10","slug":"resolucao-n-044-1988","status":"publish","type":"page","link":"https:\/\/www.ufsm.br\/pro-reitorias\/proplan\/resolucao-n-044-1988","title":{"rendered":"Resolu\u00e7\u00e3o N. 044\/1988"},"content":{"rendered":"\t\t<div data-elementor-type=\"wp-page\" data-elementor-id=\"3595\" class=\"elementor elementor-3595\">\n\t\t\t\t\t\t<section class=\"elementor-section elementor-top-section elementor-element elementor-element-e1fe348 elementor-section-boxed elementor-section-height-default elementor-section-height-default\" data-id=\"e1fe348\" data-element_type=\"section\">\n\t\t\t\t\t\t<div class=\"elementor-container elementor-column-gap-default\">\n\t\t\t\t\t<div class=\"elementor-column elementor-col-100 elementor-top-column elementor-element elementor-element-8e19fd1\" data-id=\"8e19fd1\" data-element_type=\"column\">\n\t\t\t<div class=\"elementor-widget-wrap elementor-element-populated\">\n\t\t\t\t\t\t<div class=\"elementor-element elementor-element-4f68da4 elementor-widget elementor-widget-html\" data-id=\"4f68da4\" data-element_type=\"widget\" data-widget_type=\"html.default\">\n\t\t\t\t<div class=\"elementor-widget-container\">\n\t\t\t\r\n\r\n\r\n<title><b>RESOLU\u00c7\u00c3O N. 044\/1988<\/b><\/title>\r\n\r\n\r\n<div align=\"center\"><img decoding=\"async\" src=\"https:\/\/www.ufsm.br\/pro-reitorias\/proplan\/wp-content\/uploads\/sites\/344\/2019\/09\/brasao-da-republica-do-brasil-logo.png\" alt=\"Bras\u00e3o Rep\u00fablica Federativa do Brasil\" width=\"6%\" height=\"6%\"><\/div>    \r\n<h1><font color=\"blue\"><font size=\"5\"><div align=\"center\">SERVI\u00c7O P\u00daBLICO FEDERAL<\/b><\/font><\/font><\/div><\/H1>\r\n<p><div align=\"center\"><b><a href=\"https:\/\/portal.ufsm.br\/documentos\/publico\/documento.html?id=5769801\" target=\"_blank\"><font color=\"blue\">RESOLU\u00c7\u00c3O N. 044\/1988<\/font><\/a><\/b><\/div><\/p>\r\n<br>\r\n<strike><p><div align=\"right\"><font color=\"800000\">Regulamenta a Concess\u00e3o do Semestre Sab\u00e1tico aos Docentes de 1\u00ba e 2\u00ba Graus da Universidade Federal de Santa Maria, de acordo com o Anexo do <u><a href=\"http:\/\/www.planalto.gov.br\/ccivil_03\/decreto\/antigos\/d94664.htm\" target=\"_blank\"><font color=\"blue\">Decreto n\u00ba 94.664<\/font><\/a><\/u> e <u><a href=\"https:\/\/legis.sigepe.planejamento.gov.br\/legis\/detalhar\/2919\" target=\"_blank\"><font color=\"blue\">da Portaria n\u00ba 475\/87<\/font><\/a><\/u>.<\/font><\/div><\/p><\/strike>\r\n<br>\r\n<p><u><a href=\"https:\/\/www.ufsm.br\/pro-reitorias\/proplan\/resolucao-n-006-1991\/\" target=\"_blank\"><font color=\"blue\">Revogada pela Resolu\u00e7\u00e3o N. 006\/1991<\/font><\/a><\/u><\/p>\r\n<br>\r\n<br><div align=\"justify\">\r\n<strike><p>O REITOR DA UNIVERSIDADE FEDERAL DE SANTA MARIA, no uso de suas atribui\u00e7\u00f5es legais e estatut\u00e1rias, de acordo com a decis\u00e3o do Conselho de Ensino, Pesquisa e Extens\u00e3o, Sess\u00e3o 337\u00ba de 20 de outubro de 1988, e nos termos do Processo n\u00ba 23081.021167\/88-46:<\/p>\r\n<br>\r\n<p><div align=\"center\">RESOLVE:<\/div><\/p>\r\n<br>\r\n<p>Declarar que a concess\u00e3o do Semestre Sab\u00e1tico por esta Universidade far-se-\u00e1 de acordo com as seguintes normas complementares ao que disp\u00f5e o artigo 48 e seu par\u00e1grafo \u00fanico do anexo ao <u><a href=\"http:\/\/www.planalto.gov.br\/ccivil_03\/decreto\/antigos\/d94664.htm\" target=\"_blank\"><font color=\"blue\">Decreto n\u00ba 94.664 de 23\/07\/1987<\/font><\/a><\/u>, bem como os artigos 32 e 33, com respectivos par\u00e1grafos, da <u><a href=\"https:\/\/legis.sigepe.planejamento.gov.br\/legis\/detalhar\/2919\" target=\"_blank\"><font color=\"blue\">Portaria n\u00ba 475, de 26\/07\/87<\/font><\/a><\/u>, do Minist\u00e9rio da Educa\u00e7\u00e3o.<\/p>\r\n<p>Art. 1\u00ba - Para a concess\u00e3o do semestre sab\u00e1tico, o docente dever\u00e1 encaminhar \u00e0 Chefia do \u00f3rg\u00e3o de lota\u00e7\u00e3o, uma solicita\u00e7\u00e3o contendo os seguintes documentos:<\/p>\r\n<p>A - Of\u00edcio solicitando a concess\u00e3o, indicando as datas de in\u00edcio e t\u00e9rmino, bem como a institui\u00e7\u00e3o onde ir\u00e3 desenvolver as atividades durante o per\u00edodo;<\/p>\r\n<p>B - Programa de trabalho a ser executado durante o semestre sab\u00e1tico, contendo aprova\u00e7\u00e3o da institui\u00e7\u00e3o onde a atividade ser\u00e1 desenvolvida;<\/p>\r\n<p>C - Comprova\u00e7\u00e3o de haver cumprido a exig\u00eancia do semestre sab\u00e1tico anterior.<\/p>\r\n<p>Art. 2\u00ba O programa de trabalho a que se refere o Art. 1\u00ba, letra B, pode ser:<\/p>\r\n<p>A - Um projeto de pesquisa integrado com uma equipe da institui\u00e7\u00e3o que ir\u00e1 receber o solicitante;<\/p>\r\n<p>B - Um projeto de extens\u00e3o a ser desenvolvido na comunidade ou em conv\u00eanio com outra institui\u00e7\u00e3o;<\/p>\r\n<p>C - Um programa de estudos;<\/p>\r\n<p>D - Um est\u00e1gio e\/ou treinamento em institui\u00e7\u00e3o ou empresa afim \u00e0 \u00e1rea de atua\u00e7\u00e3o do solicitante.<\/p>\r\n<p>Art. 3\u00ba Para efeito desta licen\u00e7a, entende-se institui\u00e7\u00e3o receptora de um docente de 2\u00ba Grau, em licen\u00e7a sab\u00e1tica:<\/p>\r\n<p>A - Uma Universidade P\u00fablica ou Privada;<\/p>\r\n<p>B - Uma Institui\u00e7\u00e3o isolada de ensino;<\/p>\r\n<p>C - Uma Institui\u00e7\u00e3o de pesquisa;<\/p>\r\n<p>D - Um estabelecimento de ensino de 1\u00ba e 2\u00ba Graus;<\/p>\r\n<p>E - Um \u00f3rg\u00e3o P\u00fablico Federal, Estadual ou Municipal ou Institui\u00e7\u00e3o particular, ligada \u00e0 \u00e1rea de conhecimento do solicitante, devidamente credenciada pelo Conselho de \u00e1rea 2\u00ba Grau, desta Universidade.<\/p>\r\n<p>Art. 4\u00ba - O m\u00e9rito do programa de trabalho proposto deve ser analisado e aprovado pelo colegiado da Unidade e homologado pelo Conselho de \u00c1rea de Ensino do 2\u00ba Grau.<\/p>\r\n<p>Art. 5\u00ba - Ao t\u00e9rmino do Semestre Sab\u00e1tico, o docente dever\u00e1 apresentar ao \u00f3rg\u00e3o de lota\u00e7\u00e3o, relat\u00f3rio das atividades desenvolvidas, visado pela Dire\u00e7\u00e3o da Institui\u00e7\u00e3o recentora.<\/p>\r\n<p>Art. 6\u00ba - Estas normas entram em vigor na data de sua publica\u00e7\u00e3o, revogando disposi\u00e7\u00f5es em contr\u00e1rio.<\/p> \r\n<p>GABINETE DO REITOR DA UNIVERSIDADE FEDERAL DE SANTA MARIA, aos quatorze dias do m\u00eas de novembro de mil novecentos e oitenta e oito.<\/p>\r\n<\/div>\r\n<p>Prof. GILBERTO AQUINO BENETTI,<\/p>\r\n<p>Reitor.<\/p>\r\n<\/strike>\r\n<p><font color=\"red0000\">Este texto n\u00e3o substitui o documento original, publicado no Portal de Documentos.<\/font> Dispon\u00edvel em: <a href=\"https:\/\/portal.ufsm.br\/documentos\/publico\/documento.html?id=5769801\" target=\"_blank\"><font color=\"blue\">https:\/\/portal.ufsm.br\/documentos\/publico\/documento.html?id=5769801<\/font><\/a>\r\n\r\n\r\n\t\t<\/div>\n\t\t\t\t<\/div>\n\t\t\t\t\t<\/div>\n\t\t<\/div>\n\t\t\t\t\t<\/div>\n\t\t<\/section>\n\t\t\t\t<\/div>\n\t\t","protected":false},"excerpt":{"rendered":"<p>RESOLU\u00c7\u00c3O N. 044\/1988 SERVI\u00c7O P\u00daBLICO FEDERAL RESOLU\u00c7\u00c3O N. 044\/1988 Regulamenta a Concess\u00e3o do Semestre Sab\u00e1tico aos Docentes de 1\u00ba e 2\u00ba Graus da Universidade Federal de Santa Maria, de acordo com o Anexo do Decreto n\u00ba 94.664 e da Portaria n\u00ba 475\/87. Revogada pela Resolu\u00e7\u00e3o N. 006\/1991 O REITOR DA UNIVERSIDADE FEDERAL DE SANTA MARIA, [&hellip;]<\/p>\n","protected":false},"author":205,"featured_media":0,"parent":0,"menu_order":0,"comment_status":"closed","ping_status":"closed","template":"","meta":{"footnotes":""},"categories":[],"tags":[],"class_list":["post-3595","page","type-page","status-publish","hentry"],"acf":[],"_links":{"self":[{"href":"https:\/\/www.ufsm.br\/pro-reitorias\/proplan\/wp-json\/wp\/v2\/pages\/3595","targetHints":{"allow":["GET"]}}],"collection":[{"href":"https:\/\/www.ufsm.br\/pro-reitorias\/proplan\/wp-json\/wp\/v2\/pages"}],"about":[{"href":"https:\/\/www.ufsm.br\/pro-reitorias\/proplan\/wp-json\/wp\/v2\/types\/page"}],"author":[{"embeddable":true,"href":"https:\/\/www.ufsm.br\/pro-reitorias\/proplan\/wp-json\/wp\/v2\/users\/205"}],"replies":[{"embeddable":true,"href":"https:\/\/www.ufsm.br\/pro-reitorias\/proplan\/wp-json\/wp\/v2\/comments?post=3595"}],"version-history":[{"count":0,"href":"https:\/\/www.ufsm.br\/pro-reitorias\/proplan\/wp-json\/wp\/v2\/pages\/3595\/revisions"}],"wp:attachment":[{"href":"https:\/\/www.ufsm.br\/pro-reitorias\/proplan\/wp-json\/wp\/v2\/media?parent=3595"}],"wp:term":[{"taxonomy":"category","embeddable":true,"href":"https:\/\/www.ufsm.br\/pro-reitorias\/proplan\/wp-json\/wp\/v2\/categories?post=3595"},{"taxonomy":"post_tag","embeddable":true,"href":"https:\/\/www.ufsm.br\/pro-reitorias\/proplan\/wp-json\/wp\/v2\/tags?post=3595"}],"curies":[{"name":"wp","href":"https:\/\/api.w.org\/{rel}","templated":true}]}}