{"id":3603,"date":"2020-04-23T10:57:12","date_gmt":"2020-04-23T13:57:12","guid":{"rendered":"https:\/\/www.ufsm.br\/pro-reitorias\/proplan\/?page_id=3603"},"modified":"2020-07-20T10:03:51","modified_gmt":"2020-07-20T13:03:51","slug":"resolucao-n-022-1987","status":"publish","type":"page","link":"https:\/\/www.ufsm.br\/pro-reitorias\/proplan\/resolucao-n-022-1987","title":{"rendered":"Resolu\u00e7\u00e3o N. 022\/1987"},"content":{"rendered":"\t\t<div data-elementor-type=\"wp-page\" data-elementor-id=\"3603\" class=\"elementor elementor-3603\">\n\t\t\t\t\t\t<section class=\"elementor-section elementor-top-section elementor-element elementor-element-5b0e1e9 elementor-section-boxed elementor-section-height-default elementor-section-height-default\" data-id=\"5b0e1e9\" data-element_type=\"section\">\n\t\t\t\t\t\t<div class=\"elementor-container elementor-column-gap-default\">\n\t\t\t\t\t<div class=\"elementor-column elementor-col-100 elementor-top-column elementor-element elementor-element-b511d6d\" data-id=\"b511d6d\" data-element_type=\"column\">\n\t\t\t<div class=\"elementor-widget-wrap elementor-element-populated\">\n\t\t\t\t\t\t<div class=\"elementor-element elementor-element-7775053 elementor-widget elementor-widget-html\" data-id=\"7775053\" data-element_type=\"widget\" data-widget_type=\"html.default\">\n\t\t\t\t<div class=\"elementor-widget-container\">\n\t\t\t\r\n\r\n\r\n<title><b>RESOLU\u00c7\u00c3O N. 022\/1987<\/b><\/title>\r\n\r\n\r\n<div align=\"center\"><img decoding=\"async\" src=\"https:\/\/www.ufsm.br\/pro-reitorias\/proplan\/wp-content\/uploads\/sites\/344\/2019\/09\/brasao-da-republica-do-brasil-logo.png\" alt=\"Bras\u00e3o Rep\u00fablica Federativa do Brasil\" width=\"6%\" height=\"6%\"><\/div>    \r\n<h1><font color=\"blue\"><font size=\"5\"><div align=\"center\">SERVI\u00c7O P\u00daBLICO FEDERAL<\/b><\/font><\/font><\/div><\/H1>\r\n<p><div align=\"center\"><b><a href=\"https:\/\/portal.ufsm.br\/documentos\/publico\/documento.html?id=5769677\" target=\"_blank\"><font color=\"blue\">RESOLU\u00c7\u00c3O N. 022\/1987, DE 15 DE MAIO DE 1987<\/font><\/a><\/b><\/div><\/p>\r\n<br>\r\n<p><strike><div align=\"right\"><font color=\"800000\">Disp\u00f5e sobre o estabelecimento\/ aplica\u00e7\u00e3o de crit\u00e9rios para a concess\u00e3o de vagas para reingresso\/ ingresso em Cursos de Gradua\u00e7\u00e3o da UFSM.<\/strike><\/font><\/div><\/p>\r\n<br>\r\n<p><a href=\"https:\/\/www.ufsm.br\/pro-reitorias\/proplan\/resolucao-n-022-2020\/\" target=\"_blank\"><font color=\"blue\">Revogada pela Resolu\u00e7\u00e3o N. 022\/2020<\/font><\/a><\/p>\r\n<br>\r\n<br><div align=\"justify\">\r\n<strike>\r\n<p>O REITOR DA UNIVERSIDADE FEDERAL DE SANTA MARIA, no uso de suas atribui\u00e7\u00f5es legais e estatut\u00e1rias e,<\/p>\r\n<p>- considerando o que estabelece a <u><a href=\"http:\/\/www.planalto.gov.br\/ccivil_03\/LEIS\/1980-1988\/L7165.htm\" target=\"_blank\"><font color=\"blue\">Lei n\u00ba 7.165, de 14\/12\/83<\/font><\/a><\/u>, a Resolu\u00e7\u00e3o n\u00ba 012 do Conselho Federal de Educa\u00e7\u00e3o, de 02\/07\/84, e o Parecer n\u00ba 224, deste \u00faltimo \u00f3rg\u00e3o, de 10\/04\/84, que deu origem \u00e0 citada Resolu\u00e7\u00e3o, relativamente aos preceitos b\u00e1sicos a serem seguidos para a determina\u00e7\u00e3o do n\u00famero de vagas nos Cursos de Gradua\u00e7\u00e3o;<\/p>\r\n<p>- considerando o que estabelece a al\u00ednea e do artigo 30 do Estatuto da UFSM, que possibilita a Universidade reger-se atrav\u00e9s de Resolu\u00e7\u00f5es do Conselho de Ensino, Pesquisa e Extens\u00e3o;<\/p>\r\n<p>- considerando o disposto no Parecer n\u00ba 23\/86, do Colendo Conselho de Ensino, Pesquisa e Extens\u00e3o, aprovado em sua 298\u00aa sess\u00e3o, disciplinando a mat\u00e9ria referente a vincula\u00e7\u00e3o curricular na UFSM;<\/p>\r\n<p>- considerando as sugest\u00f5es colhidas junto as Coordena\u00e7\u00f5es dos Cursos de Gradua\u00e7\u00e3o e \u00e0 Dire\u00e7\u00e3o do DERCA, em atendimento \u00e0 solicita\u00e7\u00e3o constante do Oficio-Circular n9 010, da Pr\u00f3-Reitoria de Gradua\u00e7\u00e3o, de 26\/04\/85;<\/p>\r\n<p>- considerando o disposto no Parecer n\u00ba 27\/87 do Colendo Conselho de Ensino, Pesquisa e Extens\u00e3o, aprovado em sua 305\u00aa sess\u00e3o;<\/p>\r\n<br>\r\n<p><div align=\"center\">RESOLVE:<\/div><\/p>\r\n<br>\r\n<p>Art. 1\u00ba - O estabelecimento\/ aplica\u00e7\u00e3o dos crit\u00e9rios gerais e espec\u00edficos a serem utilizados para a concess\u00e3o das vagas correspondentes \u00e0s solicita\u00e7\u00f5es de reingresso\/ ingresso em Cursos de Gradua\u00e7\u00e3o da UFSM ser\u00e3o, a partir da data de publica\u00e7\u00e3o da presente Resolu\u00e7\u00e3o, da exclusiva compet\u00eancia dos respectivos Colegiados de Curso.<\/p>\r\n<p>\u00a7 1\u00ba - Os crit\u00e9rios para concess\u00e3o de vagas de que trata o presente artigo, n\u00e3o se aplicam aos casos de transfer\u00eancias compuls\u00f3rias as quais, na forma da lei, s\u00e3o concedidas independentemente da exist\u00eancia de vagas.<\/p>\r\n<p>\u00a7 2\u00ba - A estima\u00e7\u00e3o semestral do n\u00famero de vagas existentes nos Cursos de Gradua\u00e7\u00e3o da UFSM, da compet\u00eancia do DERCA, ser\u00e1 feita com base no disposto na <u><a href=\"http:\/\/www.planalto.gov.br\/ccivil_03\/LEIS\/1980-1988\/L7165.htm\" target=\"_blank\"><font color=\"blue\">Lei n\u00ba 7.165, de 14\/12\/83<\/font><\/a><\/u>, na Resolu\u00e7\u00e3o n\u00ba 012 do Conselho Federal de Educa\u00e7\u00e3o, de 02\/07\/84, no Parecer n\u00ba 224 do Conselho Federal de Educa\u00e7\u00e3o, de 10\/04\/84, e nos regulamentos espec\u00edficos vigentes na UFSM.<\/p>\r\n<p>Art. 2\u00ba - Os crit\u00e9rios para a concess\u00e3o das vagas para reingresso\/ ingresso em cada Curso poder\u00e3o ser alterados a cada semestre letivo, desde que a correspondente aprova\u00e7\u00e3o ocorra com uma anteced\u00eancia m\u00ednima de 07 (sete) dias, contados desde a data inicial do prazo estabelecido em Calend\u00e1rio Escolar para as respectivas solicita\u00e7\u00f5es.<\/p>\r\n<p>\u00a7 1\u00ba - A partir dos 07 (sete) dias que antecedem o prazo destinado as solicita\u00e7\u00f5es de reingresso\/ ingresso, dever\u00e1 haver divulga\u00e7\u00e3o inequ\u00edvoca, no \u00e2mbito dos Cursos, dos respectivos crit\u00e9rios a serem utilizados para a concess\u00e3o das vagas eventualmente existentes.<\/p>\r\n<p>\u00a7 2\u00ba - No caso do n\u00e3o cumprimento dos prazos de aprova\u00e7\u00e3o\/ divulga\u00e7\u00e3o dos crit\u00e9rios de que trata o presente artigo, automaticamente ser\u00e3o considerados validos os \u00faltimos crit\u00e9rios anteriormente vigentes.<\/p>\r\n<p>Art. 3\u00ba - Do Edital de Abertura de Vagas de Reingresso\/ Ingresso, expedido semestralmente pelo DERCA, dever\u00e3o constar as seguintes especifica\u00e7\u00f5es:<\/p>\r\n<p>I - OBRIGATORIAMENTE:<\/p>\r\n<p>a) - Tipos de candidatos de destina\u00e7\u00e3o das vagas.<\/p>\r\n<p>b) - N\u00famero de vagas por Curso\/ Habilita\u00e7\u00e3o\/ Modalidade\/ Op\u00e7\u00e3o.<\/p>\r\n<p>c) - Prazos e rotinas de encaminhamento das solicita\u00e7\u00f5es.<\/p>\r\n<p>d) - Documenta\u00e7\u00e3o exigida.<\/p>\r\n<p>e) - Taxas com respectivas formas e institui\u00e7\u00f5es de recolhimento.<\/p>\r\n<p>f) - Informa\u00e7\u00e3o de que \u00e9 da compet\u00eancia dos Colegiados\/ Cursos o estabelecimento\/ aplica\u00e7\u00e3o\/ divulga\u00e7\u00e3o dos crit\u00e9rios para a concess\u00e3o das vagas.<\/p>\r\n<p>g) - Informa\u00e7\u00e3o de que a UFSM assegura direito de vincula\u00e7\u00e3o apenas ao curr\u00edculo correspondente ao ano de reingresso\/ ingresso.<\/p>\r\n<p>II - COMPLEMENTARMENTE:<\/p>\r\n<p>a) - Testes de Habilita\u00e7\u00e3o, entrevistas ou outras exig\u00eancias equivalentes, com respectivas datas de realiza\u00e7\u00e3o e demais particularidades.<\/p>\r\n<p>b) - Modalidades especiais de vincula\u00e7\u00e3o a determinados Cursos, fun\u00e7\u00e3o da organiza\u00e7\u00e3o das respectivas estruturas curriculares.<\/p>\r\n<p>c) - Outras especifica\u00e7\u00f5es legais pertinentes, na depend\u00eancia de acordo entre PRG\/ DERCA e Cursos interessados.<\/p>\r\n<p>Art. 4\u00ba - A presente Resolu\u00e7\u00e3o entra em vigor na data de sua publica\u00e7\u00e3o, revogadas as disposi\u00e7\u00f5es em contr\u00e1rio.<\/p>\r\n<\/div>\r\n<p>Prof. GILBERTO AQUINO BENETTI,<\/p>\r\n<p>Presidente do Conselho de Ensino, Pesquisa e Extens\u00e3o.<\/p>\r\n<\/strike>\r\n<p><font color=\"red0000\">Este texto n\u00e3o substitui o documento original, publicado no Portal de Documentos.<\/font> Dispon\u00edvel em: <a href=\"https:\/\/portal.ufsm.br\/documentos\/publico\/documento.html?id=5769677\" target=\"_blank\"><font color=\"blue\">https:\/\/portal.ufsm.br\/documentos\/publico\/documento.html?id=5769677<\/font><\/a>\r\n\r\n\t\t<\/div>\n\t\t\t\t<\/div>\n\t\t\t\t\t<\/div>\n\t\t<\/div>\n\t\t\t\t\t<\/div>\n\t\t<\/section>\n\t\t\t\t<\/div>\n\t\t","protected":false},"excerpt":{"rendered":"<p>RESOLU\u00c7\u00c3O N. 022\/1987 SERVI\u00c7O P\u00daBLICO FEDERAL RESOLU\u00c7\u00c3O N. 022\/1987, DE 15 DE MAIO DE 1987 Disp\u00f5e sobre o estabelecimento\/ aplica\u00e7\u00e3o de crit\u00e9rios para a concess\u00e3o de vagas para reingresso\/ ingresso em Cursos de Gradua\u00e7\u00e3o da UFSM. Revogada pela Resolu\u00e7\u00e3o N. 022\/2020 O REITOR DA UNIVERSIDADE FEDERAL DE SANTA MARIA, no uso de suas atribui\u00e7\u00f5es legais [&hellip;]<\/p>\n","protected":false},"author":205,"featured_media":0,"parent":0,"menu_order":0,"comment_status":"closed","ping_status":"closed","template":"","meta":{"footnotes":""},"categories":[],"tags":[],"class_list":["post-3603","page","type-page","status-publish","hentry"],"acf":[],"_links":{"self":[{"href":"https:\/\/www.ufsm.br\/pro-reitorias\/proplan\/wp-json\/wp\/v2\/pages\/3603","targetHints":{"allow":["GET"]}}],"collection":[{"href":"https:\/\/www.ufsm.br\/pro-reitorias\/proplan\/wp-json\/wp\/v2\/pages"}],"about":[{"href":"https:\/\/www.ufsm.br\/pro-reitorias\/proplan\/wp-json\/wp\/v2\/types\/page"}],"author":[{"embeddable":true,"href":"https:\/\/www.ufsm.br\/pro-reitorias\/proplan\/wp-json\/wp\/v2\/users\/205"}],"replies":[{"embeddable":true,"href":"https:\/\/www.ufsm.br\/pro-reitorias\/proplan\/wp-json\/wp\/v2\/comments?post=3603"}],"version-history":[{"count":0,"href":"https:\/\/www.ufsm.br\/pro-reitorias\/proplan\/wp-json\/wp\/v2\/pages\/3603\/revisions"}],"wp:attachment":[{"href":"https:\/\/www.ufsm.br\/pro-reitorias\/proplan\/wp-json\/wp\/v2\/media?parent=3603"}],"wp:term":[{"taxonomy":"category","embeddable":true,"href":"https:\/\/www.ufsm.br\/pro-reitorias\/proplan\/wp-json\/wp\/v2\/categories?post=3603"},{"taxonomy":"post_tag","embeddable":true,"href":"https:\/\/www.ufsm.br\/pro-reitorias\/proplan\/wp-json\/wp\/v2\/tags?post=3603"}],"curies":[{"name":"wp","href":"https:\/\/api.w.org\/{rel}","templated":true}]}}