{"id":3604,"date":"2020-04-23T10:57:36","date_gmt":"2020-04-23T13:57:36","guid":{"rendered":"https:\/\/www.ufsm.br\/pro-reitorias\/proplan\/?page_id=3604"},"modified":"2020-04-23T11:09:57","modified_gmt":"2020-04-23T14:09:57","slug":"resolucao-n-023-1987","status":"publish","type":"page","link":"https:\/\/www.ufsm.br\/pro-reitorias\/proplan\/resolucao-n-023-1987","title":{"rendered":"Resolu\u00e7\u00e3o N. 023\/1987"},"content":{"rendered":"\t\t<div data-elementor-type=\"wp-page\" data-elementor-id=\"3604\" class=\"elementor elementor-3604\">\n\t\t\t\t\t\t<section class=\"elementor-section elementor-top-section elementor-element elementor-element-95058c7 elementor-section-boxed elementor-section-height-default elementor-section-height-default\" data-id=\"95058c7\" data-element_type=\"section\">\n\t\t\t\t\t\t<div class=\"elementor-container elementor-column-gap-default\">\n\t\t\t\t\t<div class=\"elementor-column elementor-col-100 elementor-top-column elementor-element elementor-element-0c46992\" data-id=\"0c46992\" data-element_type=\"column\">\n\t\t\t<div class=\"elementor-widget-wrap elementor-element-populated\">\n\t\t\t\t\t\t<div class=\"elementor-element elementor-element-fcc94ac elementor-widget elementor-widget-html\" data-id=\"fcc94ac\" data-element_type=\"widget\" data-widget_type=\"html.default\">\n\t\t\t\t<div class=\"elementor-widget-container\">\n\t\t\t\r\n\r\n\r\n<title><b>RESOLU\u00c7\u00c3O N. 023\/1987<\/b><\/title>\r\n\r\n\r\n<div align=\"center\"><img decoding=\"async\" src=\"https:\/\/www.ufsm.br\/pro-reitorias\/proplan\/wp-content\/uploads\/sites\/344\/2019\/09\/brasao-da-republica-do-brasil-logo.png\" alt=\"Bras\u00e3o Rep\u00fablica Federativa do Brasil\" width=\"6%\" height=\"6%\"><\/div>    \r\n<h1><font color=\"blue\"><font size=\"5\"><div align=\"center\">SERVI\u00c7O P\u00daBLICO FEDERAL<\/b><\/font><\/font><\/div><\/H1>\r\n<p><div align=\"center\"><b><a href=\"https:\/\/portal.ufsm.br\/documentos\/publico\/documento.html?id=5769681\" target=\"_blank\"><font color=\"blue\">RESOLU\u00c7\u00c3O N. 023\/1987<\/font><\/a><\/b><\/div><\/p>\r\n<br>\r\n<strike><p><div align=\"right\"><font color=\"800000\">Extingue a Comiss\u00e3o Institucional de Lota\u00e7\u00e3o de Disciplinas (CILD).<\/font><\/div><\/p><\/strike>\r\n<br>\r\n<p><u><a href=\"https:\/\/www.ufsm.br\/pro-reitorias\/proplan\/resolucao-n-020-2019\/\" target=\"_blank\"><font color=\"blue\">Revogada pela Resolu\u00e7\u00e3o N. 020\/2019<\/font><\/a><\/u><\/p>\r\n<br>\r\n<br><div align=\"justify\">\r\n<strike>\r\n<p>O REITOR DA UNIVERSIDADE FEDERAL DE SANTA MARIA, no uso de suas atribui\u00e7\u00f5es legais e estatut\u00e1rias, e<\/p>\r\n<\/p>- considerando o que estabelece a al\u00ednea e do artigo 3\u00ba do Estatuto da UFSM, que possibilita a Universidade reger-se atrav\u00e9s de Resolu\u00e7\u00f5es do Conselho de Ensino, Pesquisa e Extens\u00e3o;<\/p>\r\n<\/p>- considerando o disposto no artigo 19 do Estatuto da UFSM e no artigo 9\u00ba do Regimento Interno do Conselho de Ensino, Pesquisa e Extens\u00e3o, que estabelecem, respectivamente, as compet\u00eancias do Conselho de Ensino, Pesquisa e Extens\u00e3o e da Comiss\u00e3o de Ensino e Extens\u00e3o do referido Conselho;<\/p>\r\n<\/p>- considerando o disposto no Parecer n\u00ba 28\/87 do Colendo Conselho de Ensino, Pesquisa e Extens\u00e3o, Processo n\u00ba 37\/87-CEPE, aprovado na 305\u00ba Sess\u00e3o de 12\/05\/87;<\/p>\r\n<br>\r\n<p><div align=\"center\">RESOLVE:<\/div><\/p>\r\n<br>\r\n<p>Art. 1\u00ba - Extinguir a Comiss\u00e3o Institucional de Lota\u00e7\u00e3o de Disciplinas (CILD).<\/p>\r\n<p>Art. 2\u00ba - Que as atribui\u00e7\u00f5es da Comiss\u00e3o Institucional de Lota\u00e7\u00e3o de Disciplinas, relativas a aprecia\u00e7\u00e3o de mat\u00e9rias atinentes a lota\u00e7\u00e3o de disciplinas, passem a ser exercidas doravante, diretamente pela Comiss\u00e3o de Ensino e Extens\u00e3o do Conselho de Ensino, Pesquisa e Extens\u00e3o.<\/p>\r\n<p>Art. 3\u00ba - Revogar todos os atos que colidam com apresente Resolu\u00e7\u00e3o.<\/p> \r\n<p>GABINETE DO REITOR DA UNIVERSIDADE FEDERAL DE SANTA MARIA, aos quinze dias do m\u00eas de maio de mil novecentos e oitenta e sete.<\/p>\r\n<\/div>\r\n<p>Prof. GILBERTO AQUINO BENETTI,<\/p>\r\n<p>Reitor.<\/p>\r\n<\/strike>\r\n<p><font color=\"red0000\">Este texto n\u00e3o substitui o documento original, publicado no Portal de Documentos.<\/font> Dispon\u00edvel em: <a href=\"https:\/\/portal.ufsm.br\/documentos\/publico\/documento.html?id=5769681\" target=\"_blank\"><font color=\"blue\">https:\/\/portal.ufsm.br\/documentos\/publico\/documento.html?id=5769681<\/font><\/a>\r\n\r\n\t\t<\/div>\n\t\t\t\t<\/div>\n\t\t\t\t\t<\/div>\n\t\t<\/div>\n\t\t\t\t\t<\/div>\n\t\t<\/section>\n\t\t\t\t<\/div>\n\t\t","protected":false},"excerpt":{"rendered":"<p>RESOLU\u00c7\u00c3O N. 023\/1987 SERVI\u00c7O P\u00daBLICO FEDERAL RESOLU\u00c7\u00c3O N. 023\/1987 Extingue a Comiss\u00e3o Institucional de Lota\u00e7\u00e3o de Disciplinas (CILD). Revogada pela Resolu\u00e7\u00e3o N. 020\/2019 O REITOR DA UNIVERSIDADE FEDERAL DE SANTA MARIA, no uso de suas atribui\u00e7\u00f5es legais e estatut\u00e1rias, e &#8211; considerando o que estabelece a al\u00ednea e do artigo 3\u00ba do Estatuto da UFSM, [&hellip;]<\/p>\n","protected":false},"author":205,"featured_media":0,"parent":0,"menu_order":0,"comment_status":"closed","ping_status":"closed","template":"","meta":{"footnotes":""},"categories":[],"tags":[],"class_list":["post-3604","page","type-page","status-publish","hentry"],"acf":[],"_links":{"self":[{"href":"https:\/\/www.ufsm.br\/pro-reitorias\/proplan\/wp-json\/wp\/v2\/pages\/3604","targetHints":{"allow":["GET"]}}],"collection":[{"href":"https:\/\/www.ufsm.br\/pro-reitorias\/proplan\/wp-json\/wp\/v2\/pages"}],"about":[{"href":"https:\/\/www.ufsm.br\/pro-reitorias\/proplan\/wp-json\/wp\/v2\/types\/page"}],"author":[{"embeddable":true,"href":"https:\/\/www.ufsm.br\/pro-reitorias\/proplan\/wp-json\/wp\/v2\/users\/205"}],"replies":[{"embeddable":true,"href":"https:\/\/www.ufsm.br\/pro-reitorias\/proplan\/wp-json\/wp\/v2\/comments?post=3604"}],"version-history":[{"count":0,"href":"https:\/\/www.ufsm.br\/pro-reitorias\/proplan\/wp-json\/wp\/v2\/pages\/3604\/revisions"}],"wp:attachment":[{"href":"https:\/\/www.ufsm.br\/pro-reitorias\/proplan\/wp-json\/wp\/v2\/media?parent=3604"}],"wp:term":[{"taxonomy":"category","embeddable":true,"href":"https:\/\/www.ufsm.br\/pro-reitorias\/proplan\/wp-json\/wp\/v2\/categories?post=3604"},{"taxonomy":"post_tag","embeddable":true,"href":"https:\/\/www.ufsm.br\/pro-reitorias\/proplan\/wp-json\/wp\/v2\/tags?post=3604"}],"curies":[{"name":"wp","href":"https:\/\/api.w.org\/{rel}","templated":true}]}}