{"id":3605,"date":"2020-04-23T10:57:33","date_gmt":"2020-04-23T13:57:33","guid":{"rendered":"https:\/\/www.ufsm.br\/pro-reitorias\/proplan\/?page_id=3605"},"modified":"2020-04-23T11:11:19","modified_gmt":"2020-04-23T14:11:19","slug":"resolucao-n-024-1987","status":"publish","type":"page","link":"https:\/\/www.ufsm.br\/pro-reitorias\/proplan\/resolucao-n-024-1987","title":{"rendered":"Resolu\u00e7\u00e3o N. 024\/1987"},"content":{"rendered":"\t\t<div data-elementor-type=\"wp-page\" data-elementor-id=\"3605\" class=\"elementor elementor-3605\">\n\t\t\t\t\t\t<section class=\"elementor-section elementor-top-section elementor-element elementor-element-2e7d6dd elementor-section-boxed elementor-section-height-default elementor-section-height-default\" data-id=\"2e7d6dd\" data-element_type=\"section\">\n\t\t\t\t\t\t<div class=\"elementor-container elementor-column-gap-default\">\n\t\t\t\t\t<div class=\"elementor-column elementor-col-100 elementor-top-column elementor-element elementor-element-604b67d\" data-id=\"604b67d\" data-element_type=\"column\">\n\t\t\t<div class=\"elementor-widget-wrap elementor-element-populated\">\n\t\t\t\t\t\t<div class=\"elementor-element elementor-element-b87779e elementor-widget elementor-widget-html\" data-id=\"b87779e\" data-element_type=\"widget\" data-widget_type=\"html.default\">\n\t\t\t\t<div class=\"elementor-widget-container\">\n\t\t\t\r\n\r\n\r\n<title><b>RESOLU\u00c7\u00c3O N. 024\/1987<\/b><\/title>\r\n\r\n\r\n<div align=\"center\"><img decoding=\"async\" src=\"https:\/\/www.ufsm.br\/pro-reitorias\/proplan\/wp-content\/uploads\/sites\/344\/2019\/09\/brasao-da-republica-do-brasil-logo.png\" alt=\"Bras\u00e3o Rep\u00fablica Federativa do Brasil\" width=\"6%\" height=\"6%\"><\/div>    \r\n<h1><font color=\"blue\"><font size=\"5\"><div align=\"center\">SERVI\u00c7O P\u00daBLICO FEDERAL<\/b><\/font><\/font><\/div><\/H1>\r\n<p><div align=\"center\"><b><a href=\"https:\/\/portal.ufsm.br\/documentos\/publico\/documento.html?id=5769689\" target=\"_blank\"><font color=\"blue\">RESOLU\u00c7\u00c3O N. 024\/1987<\/font><\/a><\/b><\/div><\/p>\r\n<br>\r\n<strike><p><div align=\"right\"><font color=\"800000\">Institui a Comiss\u00e3o Permanente de Pessoal T\u00e9cnico-Administrativo - CPPTA - no \u00e2mbito da UFSM.<\/font><\/div><\/p><\/strike>\r\n<br>\r\n<p><u><a href=\"https:\/\/www.ufsm.br\/pro-reitorias\/proplan\/resolucao-n-020-2019\/\" target=\"_blank\"><font color=\"blue\">Revogada pela Resolu\u00e7\u00e3o N. 020\/2019<\/font><\/a><\/u><\/p>\r\n<br>\r\n<br><div align=\"justify\">\r\n<strike>\r\n<p>O REITOR DA UNIVERSIDADE FEDERAL DE SANTA MARIA, no uso de suas atribui\u00e7\u00f5es legais e estatut\u00e1rias, presente decis\u00e3o do Egr\u00e9gio Conselho Universit\u00e1rio em sua 397\u00aa Sess\u00e3o, realizada em 13 de maio de 1987, e de acordo com o constante no processo no 23081.018989\/86-12,<\/p>\r\n<br>\r\n<p><div align=\"center\">RESOLVE:<\/div><\/p>\r\n<br>\r\n<p>Art. 1\u00ba - Instituir a Comiss\u00e3o Permanente de Pessoal T\u00e9cnico-Administrativo - CPPTA -, diretamente vinculada ao dirigente da Institui\u00e7\u00e3o, como \u00f3rg\u00e3o de assessoramento, acompanhamento e supervis\u00e3o da execu\u00e7\u00e3o da pol\u00edtica de pessoal t\u00e9cnico e administrativo estabelecida pelo Conselho competente.<\/p>\r\n<p>Art. 2\u00ba - A Comiss\u00e3o Permanente de Pessoal T\u00e9cnico-Administrativo ter\u00e1 por atribui\u00e7\u00e3o:<\/p>\r\n<p>I - Opinar sobre assuntos concernentes:<\/p>\r\n<p>a) \u00e0 admiss\u00f5es nos cargos t\u00e9cnicos-administrativos, em car\u00e1ter definitivo, ap\u00f3s transcorrido o per\u00edodo de experi\u00eancia;<\/p>\r\n<p>b) aos processos de acompanhamento e avalia\u00e7\u00e3o para a promo\u00e7\u00e3o e acesso funcional;<\/p>\r\n<p>c) \u00e0s dispensas, exceto volunt\u00e1rios, os afastamentos para realiza\u00e7\u00e3o de cursos de p\u00f3s-gradua\u00e7\u00e3o e as transfer\u00eancias.<\/p>\r\n<p>II - Estabelecer os crit\u00e9rios, de car\u00e1ter geral, necess\u00e1rios a elabora\u00e7\u00e3o das normas espec\u00edficas sobre a realiza\u00e7\u00e3o dos concursos p\u00fablicos.<\/p>\r\n<p>III - Desenvolver estudos e an\u00e1lises, que permitam fornecer subs\u00eddios para a fixa\u00e7\u00e3o, aperfei\u00e7oamento e modifica\u00e7\u00e3o da pol\u00edtica de pessoal t\u00e9cnico e administrativo.<\/p>\r\n<p>IV - Colaborar com os \u00f3rg\u00e3os pr\u00f3prios de Institui\u00e7\u00e3o no planejamento dos programas de treinamento e capacita\u00e7\u00e3o.<\/p>\r\n<p>Art. 3\u00ba - A CPPTA ser\u00e1 constitu\u00edda por seis representantes efetivos e seis suplentes eleitos pelos servidores e um efetivo e um suplente indicados pela Administra\u00e7\u00e3o da UFSM.<\/p>\r\n<p>\u00a7 1\u00ba - Os Grupos Ocupacionais, cada um com direito a dois representantes efetivos e dois suplentes junto \u00e0 Comiss\u00e3o, ter\u00e3o a seguintes composi\u00e7\u00e3o:<\/p>\r\n<p>a) - Grupo de Apoio Operacional \u2013 constitu\u00eddo dos atuais Grupos Ocupacionais:<\/p>\r\n<p>- Artesanato;<\/p>\r\n<p>- Servi\u00e7os Auxiliares;<\/p>\r\n<p>- Servi\u00e7os de Transporte Oficial e Portaria.<\/p>\r\n<p>b) - Grupo T\u00e9cnico de N\u00edvel M\u00e9dio - constitu\u00eddos atuais Grupos Ocupacionais:<\/p>\r\n<p>- Outras atividades de N\u00edvel M\u00e9dio;<\/p>\r\n<p>- Processamento de Dados, com exce\u00e7\u00e3o da categoria funcional de Analista de Sistemas;<\/p>\r\n<p>c) - Grupo T\u00e9cnico de N\u00edvel Superior - constitu\u00eddo dos atuais Grupos Ocupacionais:<\/p>\r\n<p>- Outras Atividades de N\u00edvel Superior;<\/p>\r\n<p>- Pesquisa Cient\u00edfica e Tecnol\u00f3gica;<\/p>\r\n<p>- Planejamento;<\/p>\r\n<p>- Servi\u00e7os Jur\u00eddicos;<\/p>\r\n<p>- Categoria Funcional de Analista de Sistemas.<\/p>\r\n<p>\u00a7 2\u00ba - Os resentantes e respectivos suplentes dos servidores t\u00e9cnicos-administrativos ser\u00e3o eleitos por todos os servidores da Institui\u00e7\u00e3o, dentre candidatos previamente inscritos, cujas inscri\u00e7\u00f5es tenham sido homologada por uma Comiss\u00e3o Eleitoral escolhida em Assembl\u00e9ia Geral dos Servidores, convocada para esse fim.<\/p>\r\n<p>\u00a7 3\u00ba - O presidente da CPPTA ser\u00e1 eleito por seus respectivos membros.<\/p>\r\n<p>\u00a7 4\u00ba - A escolha dos membros da CPPTA n\u00e3o poder\u00e1 recair em servidor que exer\u00e7a outro mandato na Institui\u00e7\u00e3o ou esteja investido em Cargo Comissionado ou Fun\u00e7\u00e3o Gratificada.<\/p>\r\n<p>Art. 4\u00ba - As mat\u00e9rias submetidas \u00e0 CPPTA ser\u00e3o apreciadas com a presen\u00e7a da maioria dos seus membros.<\/p>\r\n<p>Art. 5\u00ba - Os membros da CPPTA e os respectivos suplentes ter\u00e3o mandato de dois anos, com direito a uma reelei\u00e7\u00e3o.<\/p>\r\n<p>Art. 6\u00ba - Esta Resolu\u00e7\u00e3o entrar\u00e1 em vigor na data de sua publica\u00e7\u00e3o, revogadas as disposi\u00e7\u00f5es em contr\u00e1rio.<\/p> \r\n<p>GABINETE DO REITOR DA UNIVERSIDADE FEDERAL DE SANTA MARIA, aos quinze dias do m\u00eas de maio de mil novecentos e oitenta e sete.<\/p>\r\n<\/div>\r\n<p>Prof. GILBERTO AQUINO BENETTI,<\/p>\r\n<p>Reitor.<\/p>\r\n<\/strike>\r\n<p><font color=\"red0000\">Este texto n\u00e3o substitui o documento original, publicado no Portal de Documentos.<\/font> Dispon\u00edvel em: <a href=\"https:\/\/portal.ufsm.br\/documentos\/publico\/documento.html?id=5769689\" target=\"_blank\"><font color=\"blue\">https:\/\/portal.ufsm.br\/documentos\/publico\/documento.html?id=5769689<\/font><\/a>\r\n\r\n\t\t<\/div>\n\t\t\t\t<\/div>\n\t\t\t\t\t<\/div>\n\t\t<\/div>\n\t\t\t\t\t<\/div>\n\t\t<\/section>\n\t\t\t\t<\/div>\n\t\t","protected":false},"excerpt":{"rendered":"<p>RESOLU\u00c7\u00c3O N. 024\/1987 SERVI\u00c7O P\u00daBLICO FEDERAL RESOLU\u00c7\u00c3O N. 024\/1987 Institui a Comiss\u00e3o Permanente de Pessoal T\u00e9cnico-Administrativo &#8211; CPPTA &#8211; no \u00e2mbito da UFSM. Revogada pela Resolu\u00e7\u00e3o N. 020\/2019 O REITOR DA UNIVERSIDADE FEDERAL DE SANTA MARIA, no uso de suas atribui\u00e7\u00f5es legais e estatut\u00e1rias, presente decis\u00e3o do Egr\u00e9gio Conselho Universit\u00e1rio em sua 397\u00aa Sess\u00e3o, realizada [&hellip;]<\/p>\n","protected":false},"author":205,"featured_media":0,"parent":0,"menu_order":0,"comment_status":"closed","ping_status":"closed","template":"","meta":{"footnotes":""},"categories":[],"tags":[],"class_list":["post-3605","page","type-page","status-publish","hentry"],"acf":[],"_links":{"self":[{"href":"https:\/\/www.ufsm.br\/pro-reitorias\/proplan\/wp-json\/wp\/v2\/pages\/3605","targetHints":{"allow":["GET"]}}],"collection":[{"href":"https:\/\/www.ufsm.br\/pro-reitorias\/proplan\/wp-json\/wp\/v2\/pages"}],"about":[{"href":"https:\/\/www.ufsm.br\/pro-reitorias\/proplan\/wp-json\/wp\/v2\/types\/page"}],"author":[{"embeddable":true,"href":"https:\/\/www.ufsm.br\/pro-reitorias\/proplan\/wp-json\/wp\/v2\/users\/205"}],"replies":[{"embeddable":true,"href":"https:\/\/www.ufsm.br\/pro-reitorias\/proplan\/wp-json\/wp\/v2\/comments?post=3605"}],"version-history":[{"count":0,"href":"https:\/\/www.ufsm.br\/pro-reitorias\/proplan\/wp-json\/wp\/v2\/pages\/3605\/revisions"}],"wp:attachment":[{"href":"https:\/\/www.ufsm.br\/pro-reitorias\/proplan\/wp-json\/wp\/v2\/media?parent=3605"}],"wp:term":[{"taxonomy":"category","embeddable":true,"href":"https:\/\/www.ufsm.br\/pro-reitorias\/proplan\/wp-json\/wp\/v2\/categories?post=3605"},{"taxonomy":"post_tag","embeddable":true,"href":"https:\/\/www.ufsm.br\/pro-reitorias\/proplan\/wp-json\/wp\/v2\/tags?post=3605"}],"curies":[{"name":"wp","href":"https:\/\/api.w.org\/{rel}","templated":true}]}}