{"id":3606,"date":"2020-04-23T11:12:02","date_gmt":"2020-04-23T14:12:02","guid":{"rendered":"https:\/\/www.ufsm.br\/pro-reitorias\/proplan\/?page_id=3606"},"modified":"2020-07-30T10:57:42","modified_gmt":"2020-07-30T13:57:42","slug":"resolucao-n-025-1987","status":"publish","type":"page","link":"https:\/\/www.ufsm.br\/pro-reitorias\/proplan\/resolucao-n-025-1987","title":{"rendered":"Resolu\u00e7\u00e3o N. 025\/1987"},"content":{"rendered":"\t\t<div data-elementor-type=\"wp-page\" data-elementor-id=\"3606\" class=\"elementor elementor-3606\">\n\t\t\t\t\t\t<section class=\"elementor-section elementor-top-section elementor-element elementor-element-3b6c0e6 elementor-section-boxed elementor-section-height-default elementor-section-height-default\" data-id=\"3b6c0e6\" data-element_type=\"section\">\n\t\t\t\t\t\t<div class=\"elementor-container elementor-column-gap-default\">\n\t\t\t\t\t<div class=\"elementor-column elementor-col-100 elementor-top-column elementor-element elementor-element-5f2faf5\" data-id=\"5f2faf5\" data-element_type=\"column\">\n\t\t\t<div class=\"elementor-widget-wrap elementor-element-populated\">\n\t\t\t\t\t\t<div class=\"elementor-element elementor-element-5070b66 elementor-widget elementor-widget-html\" data-id=\"5070b66\" data-element_type=\"widget\" data-widget_type=\"html.default\">\n\t\t\t\t<div class=\"elementor-widget-container\">\n\t\t\t\r\n\r\n\r\n<title><b>RESOLU\u00c7\u00c3O N. 025\/1987<\/b><\/title>\r\n\r\n\r\n<div align=\"center\"><img decoding=\"async\" src=\"https:\/\/www.ufsm.br\/pro-reitorias\/proplan\/wp-content\/uploads\/sites\/344\/2019\/09\/brasao-da-republica-do-brasil-logo.png\" alt=\"Bras\u00e3o Rep\u00fablica Federativa do Brasil\" width=\"6%\" height=\"6%\"><\/div>    \r\n<h1><font color=\"blue\"><font size=\"5\"><div align=\"center\">SERVI\u00c7O P\u00daBLICO FEDERAL<\/b><\/font><\/font><\/div><\/H1>\r\n<p><div align=\"center\"><b><a href=\"https:\/\/portal.ufsm.br\/documentos\/publico\/documento.html?id=5769695\" target=\"_blank\"><font color=\"blue\">RESOLU\u00c7\u00c3O N. 025\/1987<\/font><\/a><\/b><\/div><\/p>\r\n<br>\r\n<strike><p><div align=\"right\"><font color=\"800000\">Desativa o Departamento de Divulga\u00e7\u00e3o e d\u00e1 outras provid\u00eancias.<\/font><\/div><\/p><\/strike>\r\n<br>\r\n<p><u><a href=\"https:\/\/www.ufsm.br\/pro-reitorias\/proplan\/resolucao-n-016-1998\/\" target=\"_blank\"><font color=\"blue\">Alterada pela Resolu\u00e7\u00e3o N. 016\/1998<\/font><\/a><\/u><\/p>\r\n<p><u><a href=\"https:\/\/www.ufsm.br\/pro-reitorias\/proplan\/resolucao-n-011-1994\/\" target=\"_blank\"><font color=\"blue\">Revogada pela Resolu\u00e7\u00e3o N. 011\/1994<\/font><\/a><\/u><\/p>\r\n<p><u><a href=\"https:\/\/www.ufsm.br\/pro-reitorias\/proplan\/resolucao-n-012-1991\/\" target=\"_blank\"><font color=\"blue\">Revogada pela Resolu\u00e7\u00e3o N. 012\/1991<\/font><\/a><\/u><\/p>\r\n<br>\r\n<br><div align=\"justify\">\r\n<strike>\r\n<p>O REITOR DA UNIVERSIDADE FEDERAL DE SANTA MARIA, no uso de suas atribui\u00e7\u00f5es legais e regimentais, e:<\/p>\r\n<p>- considerando a atual estrutura e funcionalidade do Departamento de Divulga\u00e7\u00e3o, que se mostra inadequada para o cumprimento de suas finalidades; e<\/p>\r\n<p>-considerando a import\u00e2ncia de manter em plena atividade diversos setores do citado Departamento enquanto se processam estudos visando uma redefini\u00e7\u00e3o da estrutura e atribui\u00e7\u00f5es do mesmo,<\/p>\r\n<br>\r\n<p><div align=\"center\">RESOLVE:<\/div><\/p>\r\n<br>\r\n<p><strike>I ) desativar, temporariamente, o Departamento de Divulga\u00e7\u00e3o;<\/strike> <a href=\"https:\/\/www.ufsm.br\/pro-reitorias\/proplan\/resolucao-n-016-1998\/\" target=\"_blank\"><font color=\"blue\"><u>(Exclu\u00eddos pela Resolu\u00e7\u00e3o N. 016\/1998)<\/u><\/font><\/a><\/p>\r\n<p><strike>II) vincular a R\u00e1dio Universidade e a se\u00e7\u00e3o de Divulga\u00e7\u00e3o \u00e0 Reitoria, sob coordena\u00e7\u00e3o e supervis\u00e3o da Pr\u00f3-Reitoria de Extens\u00e3o;<\/strike> <a href=\"https:\/\/www.ufsm.br\/pro-reitorias\/proplan\/resolucao-n-016-1998\/\" target=\"_blank\"><font color=\"blue\"><u>(Exclu\u00eddos pela Resolu\u00e7\u00e3o N. 016\/1998)<\/u><\/font><\/a><\/p>\r\n\r\n<p>III) vincular a Imprensa Universit\u00e1ria \u00e0 Reitoria, sob coordena\u00e7\u00e3o e supervis\u00e3o da Pr\u00f3-Reitoria de Administra\u00e7\u00e3o;<\/p>\r\n<p>IV) vincular o setor Editorial \u00e0 Reitoria sob coordena\u00e7\u00e3o e supervis\u00e3o da Pr\u00f3-Reitoria de P\u00f3s-Gradua\u00e7\u00e3o e Pesquisa;<\/p>\r\n<p>V) vincular o setor Fotogr\u00e1fico e de Rela\u00e7\u00f5es P\u00fablicas ao Gabinete do Reitor;<\/p>\r\n<p>VI) alterar a reda\u00e7\u00e3o do Art. 4\u00ba Resolu\u00e7\u00e3o n\u00ba 117, de 22\/10\/81, que passa a vigorar com o texto abaixo transcrito:<\/p>\r\n\r\n<p>\"Art. 4 - O Conselho Editorial ser\u00e1 constitu\u00eddo:<\/p>\r\n<p>a) por oito membros, docentes, indicados pela Dire\u00e7\u00e3o de cada Centro e designados pelo Reitor, para um mandato de dois (2) anos, sendo permitida uma recondu\u00e7\u00e3o;<\/p>\r\n<p>b) dois representantes do Reitor;<\/p>\r\n<p>c) a presid\u00eancia do Conselho Editorial ser\u00e1 exercida por um de seus membros.\"<\/p>\r\n<\/p>GABINETE DO REITOR DA UNIVERSIDADE FEDERAL DE SANTA MARIA, aos quinze dias do m\u00eas de maio de mil novecentos e oitenta e sete.<\/p>\r\n<\/div>\r\n<p>Prof. GILBERTO AQUINO BENETTI,<\/p>\r\n<p>Reitor.<\/p>\r\n<\/strike>\r\n<p><font color=\"red0000\">Este texto n\u00e3o substitui o documento original, publicado no Portal de Documentos.<\/font> Dispon\u00edvel em: <a href=\"https:\/\/portal.ufsm.br\/documentos\/publico\/documento.html?id=5769695\" target=\"_blank\"><font color=\"blue\">https:\/\/portal.ufsm.br\/documentos\/publico\/documento.html?id=5769695<\/font><\/a>\r\n\r\n\t\t<\/div>\n\t\t\t\t<\/div>\n\t\t\t\t\t<\/div>\n\t\t<\/div>\n\t\t\t\t\t<\/div>\n\t\t<\/section>\n\t\t\t\t<\/div>\n\t\t","protected":false},"excerpt":{"rendered":"<p>RESOLU\u00c7\u00c3O N. 025\/1987 SERVI\u00c7O P\u00daBLICO FEDERAL RESOLU\u00c7\u00c3O N. 025\/1987 Desativa o Departamento de Divulga\u00e7\u00e3o e d\u00e1 outras provid\u00eancias. Alterada pela Resolu\u00e7\u00e3o N. 016\/1998 Revogada pela Resolu\u00e7\u00e3o N. 011\/1994 Revogada pela Resolu\u00e7\u00e3o N. 012\/1991 O REITOR DA UNIVERSIDADE FEDERAL DE SANTA MARIA, no uso de suas atribui\u00e7\u00f5es legais e regimentais, e: &#8211; considerando a atual estrutura [&hellip;]<\/p>\n","protected":false},"author":205,"featured_media":0,"parent":0,"menu_order":0,"comment_status":"closed","ping_status":"closed","template":"","meta":{"footnotes":""},"categories":[],"tags":[],"class_list":["post-3606","page","type-page","status-publish","hentry"],"acf":[],"_links":{"self":[{"href":"https:\/\/www.ufsm.br\/pro-reitorias\/proplan\/wp-json\/wp\/v2\/pages\/3606","targetHints":{"allow":["GET"]}}],"collection":[{"href":"https:\/\/www.ufsm.br\/pro-reitorias\/proplan\/wp-json\/wp\/v2\/pages"}],"about":[{"href":"https:\/\/www.ufsm.br\/pro-reitorias\/proplan\/wp-json\/wp\/v2\/types\/page"}],"author":[{"embeddable":true,"href":"https:\/\/www.ufsm.br\/pro-reitorias\/proplan\/wp-json\/wp\/v2\/users\/205"}],"replies":[{"embeddable":true,"href":"https:\/\/www.ufsm.br\/pro-reitorias\/proplan\/wp-json\/wp\/v2\/comments?post=3606"}],"version-history":[{"count":0,"href":"https:\/\/www.ufsm.br\/pro-reitorias\/proplan\/wp-json\/wp\/v2\/pages\/3606\/revisions"}],"wp:attachment":[{"href":"https:\/\/www.ufsm.br\/pro-reitorias\/proplan\/wp-json\/wp\/v2\/media?parent=3606"}],"wp:term":[{"taxonomy":"category","embeddable":true,"href":"https:\/\/www.ufsm.br\/pro-reitorias\/proplan\/wp-json\/wp\/v2\/categories?post=3606"},{"taxonomy":"post_tag","embeddable":true,"href":"https:\/\/www.ufsm.br\/pro-reitorias\/proplan\/wp-json\/wp\/v2\/tags?post=3606"}],"curies":[{"name":"wp","href":"https:\/\/api.w.org\/{rel}","templated":true}]}}