{"id":3610,"date":"2020-04-23T11:12:34","date_gmt":"2020-04-23T14:12:34","guid":{"rendered":"https:\/\/www.ufsm.br\/pro-reitorias\/proplan\/?page_id=3610"},"modified":"2020-04-23T11:17:16","modified_gmt":"2020-04-23T14:17:16","slug":"resolucao-n-030-1987","status":"publish","type":"page","link":"https:\/\/www.ufsm.br\/pro-reitorias\/proplan\/resolucao-n-030-1987","title":{"rendered":"Resolu\u00e7\u00e3o N. 030\/1987"},"content":{"rendered":"\t\t<div data-elementor-type=\"wp-page\" data-elementor-id=\"3610\" class=\"elementor elementor-3610\">\n\t\t\t\t\t\t<section class=\"elementor-section elementor-top-section elementor-element elementor-element-607ab56 elementor-section-boxed elementor-section-height-default elementor-section-height-default\" data-id=\"607ab56\" data-element_type=\"section\">\n\t\t\t\t\t\t<div class=\"elementor-container elementor-column-gap-default\">\n\t\t\t\t\t<div class=\"elementor-column elementor-col-100 elementor-top-column elementor-element elementor-element-e730562\" data-id=\"e730562\" data-element_type=\"column\">\n\t\t\t<div class=\"elementor-widget-wrap elementor-element-populated\">\n\t\t\t\t\t\t<div class=\"elementor-element elementor-element-46aadd8 elementor-widget elementor-widget-html\" data-id=\"46aadd8\" data-element_type=\"widget\" data-widget_type=\"html.default\">\n\t\t\t\t<div class=\"elementor-widget-container\">\n\t\t\t\r\n\r\n\r\n<title><b>RESOLU\u00c7\u00c3O N. 030\/1987<\/b><\/title>\r\n\r\n\r\n<div align=\"center\"><img decoding=\"async\" src=\"https:\/\/www.ufsm.br\/pro-reitorias\/proplan\/wp-content\/uploads\/sites\/344\/2019\/09\/brasao-da-republica-do-brasil-logo.png\" alt=\"Bras\u00e3o Rep\u00fablica Federativa do Brasil\" width=\"6%\" height=\"6%\"><\/div>    \r\n<h1><font color=\"blue\"><font size=\"5\"><div align=\"center\">SERVI\u00c7O P\u00daBLICO FEDERAL<\/b><\/font><\/font><\/div><\/H1>\r\n<p><div align=\"center\"><b><a href=\"https:\/\/portal.ufsm.br\/documentos\/publico\/documento.html?id=5769722\" target=\"_blank\"><font color=\"blue\">RESOLU\u00c7\u00c3O N. 030\/1987, DE 17 DE AGOSTO DE 1987<\/font><\/a><\/b><\/div><\/p>\r\n<br>\r\n<strike><p><div align=\"right\"><font color=\"800000\">Disp\u00f5e sobre a matr\u00edcula\/ vincula\u00e7\u00e3o simult\u00e2nea a mais de um curso da UFSM.<\/font><\/div><\/p><\/strike>\r\n<br>\r\n<p><u><a href=\"https:\/\/www.ufsm.br\/pro-reitorias\/proplan\/resolucao-n-017-1993\/\" target=\"_blank\"><font color=\"blue\">Revogada pela Resolu\u00e7\u00e3o N. 017\/1993<\/font><\/a><\/u><\/p>\r\n<br>\r\n<br><div align=\"justify\">\r\n<strike>\r\n<p>O REITOR DA UNIVERSIDADE FEDERAL DE SANTA MARIA, no uso de suas atribui\u00e7\u00f5es legais e estatut\u00e1rias, e<\/p> \r\n<p>- considerando a autonomia did\u00e1tico-cientifica-administrativa assegurada \u00e0 Universidade pelo artigo 3\u00ba da <u><a href=\"http:\/\/www.planalto.gov.br\/ccivil_03\/leis\/L5540.htm\" target=\"_blank\"><font color=\"blue\">Lei n\u00ba 5.540, de 28 de novembro de 1968<\/font><\/a><\/u>, e pelo artigo 2\u00ba de seu Estatuto;<\/p>\r\n<p>- considerando que \u00e9 de interesse social evitar a realiza\u00e7\u00e3o simult\u00e2nea de mais de um curso universit\u00e1rio pelo mesmo aluno, para que maior n\u00famero de pessoas tenha acesso aos estudos superiores;<\/p>\r\n<p>- considerando o que estabelece a al\u00ednea e do artigo 3\u00ba do Estatuto da UFSM, que possibilita a Universidade reger-se a traves de Resolu\u00e7\u00f5es do Conselho de Ensino, Pesquisa e Extens\u00e3o;<\/p>\r\n<p>- considerando o disposto no Parecer n\u00ba 71, de 10 de agosto de 1997, do Conselho de Ensino, Pesquisa e Extens\u00e3o, aprovado em sua 211\u00aa sess\u00e3o, regulamentando a mat\u00e9ria objeto da presente Resolu\u00e7\u00e3o,<\/p>\r\n<\/p>\r\n<br>\r\n<p><div align=\"center\">RESOLVE:<\/div><\/p>\r\n<br>\r\n<p>Art. 1\u00ba - A partir do ano de 1988, n\u00e3o ser\u00e1 permitida a matr\u00edcula\/vincula\u00e7\u00e3o simult\u00e2nea de um aluno a mais de um Curso, Habilita\u00e7\u00e3o, Modalidade ou Op\u00e7\u00e3o, qualquer que seja o respectivo processo de obten\u00e7\u00e3o de vaga.<\/p>\r\n<p>\u00a7 1\u00ba - Ficam ressalvados os casos expressamente previstos em legisla\u00e7\u00e3o espec\u00edfica que permita a matr\u00edcula\/ vincula\u00e7\u00e3o simult\u00e2nea a mais de uma Habilita\u00e7\u00e3o, Modalidade ou Op\u00e7\u00e3o de um mesmo Curso.<\/p>\r\n<p>\u00a7 2\u00ba - A matr\u00edcula\/ vincula\u00e7\u00e3o de um aluno a um Curso, Habilita\u00e7\u00e3o, Modalidade ou Op\u00e7\u00e3o diverso daquele ou daqueles a que eventualmente esteja vinculado, ficara condicionada a previa e expressa solicita\u00e7\u00e3o de desist\u00eancia de todas as vincula\u00e7\u00f5es anteriores, a ser formalizada atrav\u00e9s do processo de desligamento\/ cancelamento de matr\u00edcula.<\/p>\r\n<p>Art. 2\u00ba - E assegurado o direito dos alunos que ingressaram na UFSM at\u00e9 o ano de 1987 e j\u00e1 vinculados a mais de um Curso, Habilita\u00e7\u00e3o, Modalidade ou Op\u00e7\u00e3o, enquanto n\u00e3o houver perda de direito \u00e0s respectivas vincula\u00e7\u00f5es, consoante normas vigentes.<\/p>\r\n<p>Par\u00e1grafo \u00danico - Aos alunos de que trata o presente artigo n\u00e3o ser\u00e1 permitida a vincula\u00e7\u00e3o a novos Cursos, Habilita\u00e7\u00f5es, Modalidades ou Op\u00e7\u00f5es, al\u00e9m daqueles correspondentes \u00e0 situa\u00e7\u00e3o existente em 1997, a menos que os mesmos desistam das vincula\u00e7\u00f5es anteriores, em conson\u00e2ncia com o estabelecido no \u00a7 2\u00ba do artigo 1\u00ba da presente Resolu\u00e7\u00e3o.<\/p>\r\n<p>Art. 3\u00ba - Esta Resolu\u00e7\u00e3o entrara em vigor na data de sua publica\u00e7\u00e3o, revogadas as disposi\u00e7\u00f5es em contr\u00e1rio.<\/p>\r\n<\/div>\r\n<p>Prof. GILBERTO AQUINO BENETTI,<\/p>\r\n<p>Reitor.<\/p>\r\n<\/strike>\r\n<p><font color=\"red0000\">Este texto n\u00e3o substitui o documento original, publicado no Portal de Documentos.<\/font> Dispon\u00edvel em: <a href=\"https:\/\/portal.ufsm.br\/documentos\/publico\/documento.html?id=5769722\" target=\"_blank\"><font color=\"blue\">https:\/\/portal.ufsm.br\/documentos\/publico\/documento.html?id=5769722<\/font><\/a>\r\n\r\n\t\t<\/div>\n\t\t\t\t<\/div>\n\t\t\t\t\t<\/div>\n\t\t<\/div>\n\t\t\t\t\t<\/div>\n\t\t<\/section>\n\t\t\t\t<\/div>\n\t\t","protected":false},"excerpt":{"rendered":"<p>RESOLU\u00c7\u00c3O N. 030\/1987 SERVI\u00c7O P\u00daBLICO FEDERAL RESOLU\u00c7\u00c3O N. 030\/1987, DE 17 DE AGOSTO DE 1987 Disp\u00f5e sobre a matr\u00edcula\/ vincula\u00e7\u00e3o simult\u00e2nea a mais de um curso da UFSM. Revogada pela Resolu\u00e7\u00e3o N. 017\/1993 O REITOR DA UNIVERSIDADE FEDERAL DE SANTA MARIA, no uso de suas atribui\u00e7\u00f5es legais e estatut\u00e1rias, e &#8211; considerando a autonomia did\u00e1tico-cientifica-administrativa [&hellip;]<\/p>\n","protected":false},"author":205,"featured_media":0,"parent":0,"menu_order":0,"comment_status":"closed","ping_status":"closed","template":"","meta":{"footnotes":""},"categories":[],"tags":[],"class_list":["post-3610","page","type-page","status-publish","hentry"],"acf":[],"_links":{"self":[{"href":"https:\/\/www.ufsm.br\/pro-reitorias\/proplan\/wp-json\/wp\/v2\/pages\/3610","targetHints":{"allow":["GET"]}}],"collection":[{"href":"https:\/\/www.ufsm.br\/pro-reitorias\/proplan\/wp-json\/wp\/v2\/pages"}],"about":[{"href":"https:\/\/www.ufsm.br\/pro-reitorias\/proplan\/wp-json\/wp\/v2\/types\/page"}],"author":[{"embeddable":true,"href":"https:\/\/www.ufsm.br\/pro-reitorias\/proplan\/wp-json\/wp\/v2\/users\/205"}],"replies":[{"embeddable":true,"href":"https:\/\/www.ufsm.br\/pro-reitorias\/proplan\/wp-json\/wp\/v2\/comments?post=3610"}],"version-history":[{"count":0,"href":"https:\/\/www.ufsm.br\/pro-reitorias\/proplan\/wp-json\/wp\/v2\/pages\/3610\/revisions"}],"wp:attachment":[{"href":"https:\/\/www.ufsm.br\/pro-reitorias\/proplan\/wp-json\/wp\/v2\/media?parent=3610"}],"wp:term":[{"taxonomy":"category","embeddable":true,"href":"https:\/\/www.ufsm.br\/pro-reitorias\/proplan\/wp-json\/wp\/v2\/categories?post=3610"},{"taxonomy":"post_tag","embeddable":true,"href":"https:\/\/www.ufsm.br\/pro-reitorias\/proplan\/wp-json\/wp\/v2\/tags?post=3610"}],"curies":[{"name":"wp","href":"https:\/\/api.w.org\/{rel}","templated":true}]}}