{"id":3615,"date":"2020-04-24T07:43:44","date_gmt":"2020-04-24T10:43:44","guid":{"rendered":"https:\/\/www.ufsm.br\/pro-reitorias\/proplan\/?page_id=3615"},"modified":"2025-08-28T16:35:10","modified_gmt":"2025-08-28T19:35:10","slug":"resolucao-n-008-2020","status":"publish","type":"page","link":"https:\/\/www.ufsm.br\/pro-reitorias\/proplan\/resolucao-n-008-2020","title":{"rendered":"RESOLU\u00c7\u00c3O N. 008\/2020"},"content":{"rendered":"\t\t<div data-elementor-type=\"wp-page\" data-elementor-id=\"3615\" class=\"elementor elementor-3615\">\n\t\t\t\t\t\t<section class=\"elementor-section elementor-top-section elementor-element elementor-element-7a2491a elementor-section-boxed elementor-section-height-default elementor-section-height-default\" data-id=\"7a2491a\" data-element_type=\"section\">\n\t\t\t\t\t\t<div class=\"elementor-container elementor-column-gap-default\">\n\t\t\t\t\t<div class=\"elementor-column elementor-col-100 elementor-top-column elementor-element elementor-element-5a1627b\" data-id=\"5a1627b\" data-element_type=\"column\">\n\t\t\t<div class=\"elementor-widget-wrap elementor-element-populated\">\n\t\t\t\t\t\t<div class=\"elementor-element elementor-element-a93f971 elementor-widget elementor-widget-html\" data-id=\"a93f971\" data-element_type=\"widget\" data-widget_type=\"html.default\">\n\t\t\t\t<div class=\"elementor-widget-container\">\n\t\t\t\r\n\r\n\r\n<title><b>RESOLU\u00c7\u00c3O N. 008\/2020<\/b><\/title>\r\n\r\n\r\n<div align=\"center\"><img decoding=\"async\" src=\"https:\/\/www.ufsm.br\/pro-reitorias\/proplan\/wp-content\/uploads\/sites\/344\/2019\/09\/brasao-da-republica-do-brasil-logo.png\" alt=\"Bras\u00e3o Rep\u00fablica Federativa do Brasil\" width=\"6%\" height=\"6%\"><\/div>    \r\n<h1><font color=\"blue\"><font size=\"5\"><div align=\"center\">MINIST\u00c9RIO DA EDUCA\u00c7\u00c3O<\/b><\/font><\/font><\/div><\/H1>\r\n<p><b><font color=\"0000blue\"><div align=\"center\">UNIVERSIDADE FEDERAL DE SANTA MARIA<\/b><\/font><\/div><\/p>\r\n<p><div align=\"center\"><b><a href=\"https:\/\/portal.ufsm.br\/documentos\/publico\/documento.html?id=13044422\" target=\"_blank\"><font color=\"blue\">RESOLU\u00c7\u00c3O N. 008\/2020<\/font><\/a><\/b><\/div><\/p>\r\n<br>\r\n   <div style=\"color: #800000;width: 60%;margin-left: auto;margin-right: 0;text-align: justify;font-weight: normal\">Aprova a revoga\u00e7\u00e3o expressa das Resolu\u00e7\u00f5es j\u00e1 revogadas tacitamente ou cujos efeitos tenham se exaurido no tempo em decorr\u00eancia do disposto no <a href=\"http:\/\/www.planalto.gov.br\/ccivil_03\/_ato2019-2022\/2019\/decreto\/D10139.htm\" target=\"_blank\"><font color=\"blue\"><u>Decreto N. 10.139, de 28 de novembro de 2019<\/u><\/font><\/a>, na Universidade Federal de Santa Maria (UFSM).<\/font><\/div><\/p>\r\n<br><div align=\"justify\">\r\n<p>O REITOR DA UNIVERSIDADE FEDERAL DE SANTA MARIA, no uso de suas atribui\u00e7\u00f5es legais e estatut\u00e1rias e considerando:<\/p>\r\n<p>- a <a href=\"http:\/\/www.planalto.gov.br\/ccivil_03\/leis\/lcp\/lcp95.htm\" target=\"_blank\"><font color=\"blue\"><u>Lei Complementar N. 85, de 26 de fevereiro de 1998<\/u><\/font><\/a>, que disp\u00f5es sobre a elabora\u00e7\u00e3o, a reda\u00e7\u00e3o, a altera\u00e7\u00e3o e a consolida\u00e7\u00e3o das leis, conforme determina o Par\u00e1grafo \u00danico do Art. 59 da <a href=\"http:\/\/www.planalto.gov.br\/ccivil_03\/constituicao\/constituicao.htm\" target=\"_blank\"><font color=\"blue\"><u>Constitui\u00e7\u00e3o Federal<\/u><\/font><\/a>, e estabelece normas para a consolida\u00e7\u00e3o dos atos normativos que menciona;<\/p>\r\n<p>- o <a href=\"http:\/\/www.planalto.gov.br\/ccivil_03\/_ato2019-2022\/2019\/decreto\/D10139.htm\" target=\"_blank\"><font color=\"blue\"><u>Decreto N. 10.139, de 28 de novembro de 2019<\/u><\/font><\/a>, que disp\u00f5e sobre a revis\u00e3o e a consolida\u00e7\u00e3o de atos normativos inferiores a decreto;<\/p>\r\n<p>- o <a href=\"http:\/\/www.planalto.gov.br\/ccivil_03\/_ato2015-2018\/2017\/decreto\/D9191.htm\" target=\"_blank\"><font color=\"blue\"><u>Decreto N. 9.191, de 1\u00ba de novembro de 2017<\/u><\/font><\/a>, que estabelece as normas e as diretrizes para elabora\u00e7\u00e3o, reda\u00e7\u00e3o, altera\u00e7\u00e3o, consolida\u00e7\u00e3o e encaminhamento de propostas de atos normativos ao Presidente da Rep\u00fablica pelos Ministros de Estado;<\/p>\r\n<p>- o <a href=\"https:\/\/portal.ufsm.br\/documentos\/publico\/processo\/documento.html?idDocumento=7067204\" target=\"_blank\"><font color=\"blue\">Processo N. 23081.009850\/2015-19<\/font><\/a>, que juntamente com o Instituto Federal Farroupilha solicita provid\u00eancias necess\u00e1rias para a migra\u00e7\u00e3o do CAFW da UFSM para o I. F. Farroupilha;<\/p>\r\n<p>- a <a href=\"https:\/\/www.ufsm.br\/pro-reitorias\/proplan\/resolucao-n-022-2015\/\" target=\"_blank\"><font color=\"blue\"><u>Resolu\u00e7\u00e3o N. 022\/2015, de 06 de outubro de 2015<\/u><\/font><\/a>, que aprova a cria\u00e7\u00e3o do Campus de Palmeira das Miss\u00f5es por meio do desmembramento do Centro de Educa\u00e7\u00e3o Superior Norte - RS\/UFSM (CESNORS-UFSM) e d\u00e1 outras Provid\u00eancias;<\/p>\r\n<p>- a <a href=\"https:\/\/www.ufsm.br\/pro-reitorias\/proplan\/resolucao-n-008-2016\/\" target=\"_blank\"><font color=\"blue\"><u>Resolu\u00e7\u00e3o N. 008\/2016, de 08 de mar\u00e7o de 2016<\/u><\/font><\/a>, que institui o Campus da Universidade Federal de Santa Maria - Frederico Westphalen (UFSM-FW) na estrutura organizacional da UFSM e d\u00e1 outras provid\u00eancias;<\/p>\r\n<p>- a <a href=\"https:\/\/www.ufsm.br\/pro-reitorias\/proplan\/resolucao-n-014-2017\/\/\" target=\"_blank\"><font color=\"blue\"><u>Resolu\u00e7\u00e3o N. 014\/2017, de 05 de outubro de 2017<\/u><\/font><\/a>, que aprova a extin\u00e7\u00e3o da Unidade Descentralizada de Educa\u00e7\u00e3o Superior da Universidade Federal de Santa Maria, em Silveira Martins (UDESSM);<\/p>\r\n<p>- o Parecer ad referendum da Comiss\u00e3o de Legisla\u00e7\u00e3o e Normas (CLN), Conselho de Ensino, Pesquisa e Extens\u00e3o (CEPE), referente ao <a href=\"https:\/\/portal.ufsm.br\/documentos\/publico\/processo\/documento.html?idDocumento=12914410\" target=\"_blank\"><font color=\"blue\">Processo N. 23081.001921\/2020-94<\/font><\/a>;<\/p>\r\n<p>- o Parecer ad referendum da Comiss\u00e3o de Legisla\u00e7\u00e3o e Regimentos (CLR), Conselho Universit\u00e1rio (CONSU), referente ao <a href=\"https:\/\/portal.ufsm.br\/documentos\/publico\/processo\/documento.html?idDocumento=12914410\" target=\"_blank\"><font color=\"blue\">Processo N. 23081.001921\/2020-94<\/font><\/a>.<\/p>\r\n<br>\r\n<p>RESOLVE:<\/p>\r\n<br>\r\n<p>Art. 1\u00ba Aprovar a revoga\u00e7\u00e3o expressa das Resolu\u00e7\u00f5es, constantes no <a href=\"https:\/\/www.ufsm.br\/pro-reitorias\/proplan\/resolucao-n-008-2020-anexo\/\" target=\"_blank\"><font color=\"blue\"><u>Anexo I<\/u><\/font><\/a>, j\u00e1 revogadas tacitamente ou cujos efeitos tenham se exaurido no tempo em decorr\u00eancia do disposto no <a href=\"http:\/\/www.planalto.gov.br\/ccivil_03\/_ato2019-2022\/2019\/decreto\/D10139.htm\" target=\"_blank\"><font color=\"blue\"><u>Decreto N. 10.139, de 28 de novembro de 2019<\/u><\/font><\/a>, na estrutura organizacional da Universidade Federal de Santa Maria (UFSM).<\/p>\r\n<p>Par\u00e1grafo \u00fanico. Os atos de que trata o caput deste artigo ser\u00e3o considerados n\u00e3o vigentes e ficar\u00e3o dispon\u00edveis no <a href=\"https:\/\/portal.ufsm.br\/documentos\/mainMenu.html\" target=\"_blank\"><font color=\"blue\"><u>Portal de Documentos da UFSM<\/u><\/font><\/a> como reposit\u00f3rio para fins de consulta, pesquisa e registro hist\u00f3rico.<\/p>\r\n<p>Art. 2\u00ba Esta resolu\u00e7\u00e3o entra em vigor uma semana ap\u00f3s a data de sua publica\u00e7\u00e3o e sempre no primeiro dia do m\u00eas ou em seu primeiro dia \u00fatil, revogando as disposi\u00e7\u00f5es em contr\u00e1rio.<\/p>\r\n<p>\u00a71\u00ba O disposto neste artigo n\u00e3o se aplica \u00e0s hip\u00f3teses de urg\u00eancia justi\ufb01cada no expediente administrativo.<\/p>\r\n<p>\u00a72\u00ba Havendo qualquer modifica\u00e7\u00e3o legislativa, ou ainda, havendo qualquer situa\u00e7\u00e3o legal que impacte na legalidade da presente Resolu\u00e7\u00e3o, a mesma se aplica de imediato.<\/p>\r\n<p>GABINETE DO REITOR DA UNIVERSIDADE FEDERAL DE SANTA MARIA, aos 14 dias do m\u00eas de abril do ano 2020.<\/p>\r\n<\/div>\r\n<BR>\r\n<p>Paulo Afonso Burmann,\r\n<p>Reitor.<\/p>\r\n<p><font color=\"red0000\">Este texto n\u00e3o substitui o documento original, publicado no DOU em 24-04-2020.<\/font> Dispon\u00edvel em: <a href=\"http:\/\/www.in.gov.br\/en\/web\/dou\/-\/resolucao-n-8-de-14-de-abril-de-2020-253754791\" target=\"_blank\"><font color=\"blue\">http:\/\/www.in.gov.br\/en\/web\/dou\/-\/resolucao-n-8-de-14-de-abril-de-2020-253754791<\/font><\/a> e no Portal de Documentos.<\/font> Dispon\u00edvel em: <a href=\"https:\/\/portal.ufsm.br\/documentos\/publico\/documento.html?id=13044422\" target=\"_blank\"><font color=\"blue\">https:\/\/portal.ufsm.br\/documentos\/publico\/documento.html?id=13044422<\/font><\/a>\r\n\r\n\t\t<\/div>\n\t\t\t\t<\/div>\n\t\t\t\t\t<\/div>\n\t\t<\/div>\n\t\t\t\t\t<\/div>\n\t\t<\/section>\n\t\t\t\t<\/div>\n\t\t","protected":false},"excerpt":{"rendered":"<p>RESOLU\u00c7\u00c3O N. 008\/2020 MINIST\u00c9RIO DA EDUCA\u00c7\u00c3O UNIVERSIDADE FEDERAL DE SANTA MARIA RESOLU\u00c7\u00c3O N. 008\/2020 Aprova a revoga\u00e7\u00e3o expressa das Resolu\u00e7\u00f5es j\u00e1 revogadas tacitamente ou cujos efeitos tenham se exaurido no tempo em decorr\u00eancia do disposto no Decreto N. 10.139, de 28 de novembro de 2019, na Universidade Federal de Santa Maria (UFSM). O REITOR DA [&hellip;]<\/p>\n","protected":false},"author":205,"featured_media":0,"parent":0,"menu_order":0,"comment_status":"closed","ping_status":"closed","template":"","meta":{"footnotes":""},"categories":[],"tags":[],"class_list":["post-3615","page","type-page","status-publish","hentry"],"acf":[],"_links":{"self":[{"href":"https:\/\/www.ufsm.br\/pro-reitorias\/proplan\/wp-json\/wp\/v2\/pages\/3615","targetHints":{"allow":["GET"]}}],"collection":[{"href":"https:\/\/www.ufsm.br\/pro-reitorias\/proplan\/wp-json\/wp\/v2\/pages"}],"about":[{"href":"https:\/\/www.ufsm.br\/pro-reitorias\/proplan\/wp-json\/wp\/v2\/types\/page"}],"author":[{"embeddable":true,"href":"https:\/\/www.ufsm.br\/pro-reitorias\/proplan\/wp-json\/wp\/v2\/users\/205"}],"replies":[{"embeddable":true,"href":"https:\/\/www.ufsm.br\/pro-reitorias\/proplan\/wp-json\/wp\/v2\/comments?post=3615"}],"version-history":[{"count":0,"href":"https:\/\/www.ufsm.br\/pro-reitorias\/proplan\/wp-json\/wp\/v2\/pages\/3615\/revisions"}],"wp:attachment":[{"href":"https:\/\/www.ufsm.br\/pro-reitorias\/proplan\/wp-json\/wp\/v2\/media?parent=3615"}],"wp:term":[{"taxonomy":"category","embeddable":true,"href":"https:\/\/www.ufsm.br\/pro-reitorias\/proplan\/wp-json\/wp\/v2\/categories?post=3615"},{"taxonomy":"post_tag","embeddable":true,"href":"https:\/\/www.ufsm.br\/pro-reitorias\/proplan\/wp-json\/wp\/v2\/tags?post=3615"}],"curies":[{"name":"wp","href":"https:\/\/api.w.org\/{rel}","templated":true}]}}