{"id":3627,"date":"2020-04-27T17:03:03","date_gmt":"2020-04-27T20:03:03","guid":{"rendered":"https:\/\/www.ufsm.br\/pro-reitorias\/proplan\/?page_id=3627"},"modified":"2023-03-02T08:25:00","modified_gmt":"2023-03-02T11:25:00","slug":"resolucao-n-001-1986","status":"publish","type":"page","link":"https:\/\/www.ufsm.br\/pro-reitorias\/proplan\/resolucao-n-001-1986","title":{"rendered":"Resolu\u00e7\u00e3o N. 001\/1986"},"content":{"rendered":"\t\t<div data-elementor-type=\"wp-page\" data-elementor-id=\"3627\" class=\"elementor elementor-3627\">\n\t\t\t\t\t\t<section class=\"elementor-section elementor-top-section elementor-element elementor-element-1b4e848 elementor-section-boxed elementor-section-height-default elementor-section-height-default\" data-id=\"1b4e848\" data-element_type=\"section\">\n\t\t\t\t\t\t<div class=\"elementor-container elementor-column-gap-default\">\n\t\t\t\t\t<div class=\"elementor-column elementor-col-100 elementor-top-column elementor-element elementor-element-1acd7c1\" data-id=\"1acd7c1\" data-element_type=\"column\">\n\t\t\t<div class=\"elementor-widget-wrap elementor-element-populated\">\n\t\t\t\t\t\t<div class=\"elementor-element elementor-element-98cc193 elementor-widget elementor-widget-html\" data-id=\"98cc193\" data-element_type=\"widget\" data-widget_type=\"html.default\">\n\t\t\t\t<div class=\"elementor-widget-container\">\n\t\t\t\r\n\r\n\r\n<title><b>RESOLU\u00c7\u00c3O N. 001\/1986<\/b><\/title>\r\n\r\n\r\n<div align=\"center\"><img decoding=\"async\" src=\"https:\/\/www.ufsm.br\/pro-reitorias\/proplan\/wp-content\/uploads\/sites\/344\/2019\/09\/brasao-da-republica-do-brasil-logo.png\" alt=\"Bras\u00e3o Rep\u00fablica Federativa do Brasil\" width=\"6%\" height=\"6%\"><\/div>    \r\n<h1><font color=\"blue\"><font size=\"5\"><div align=\"center\">SERVI\u00c7O P\u00daBLICO FEDERAL<\/b><\/font><\/font><\/div><\/H1>\r\n<p><div align=\"center\"><b><a href=\"https:\/\/portal.ufsm.br\/documentos\/publico\/documento.html?id=5769533\" target=\"_blank\"><font color=\"blue\">RESOLU\u00c7\u00c3O N. 001\/1986<\/font><\/a><\/b><\/div><\/p>\r\n<br>\r\n<p><div align=\"right\"><font color=\"800000\">Define mecanismos internos para cumprimento do Conv\u00eanio CNPq - ON - UFSM.<\/font><\/div><\/p>\r\n<br>\r\n<p><a href=\"https:\/\/www.ufsm.br\/pro-reitorias\/proplan?page_id=5264\" target=\"_blank\"><font color=\"blue\">Revogada pela Resolu\u00e7\u00e3o UFSM N. 116\/2023<\/font><\/a><\/p>\r\n<br><div align=\"justify\">\r\n<s>\r\n<p>O Reitor da Universidade Federal de Santa Maria, no uso de suas atribui\u00e7\u00f5es legais e estatut\u00e1rias, presente o Termo de Conv\u00eanio n\u00ba 870.1.031.0\/85, de 04 de dezembro de 1985, celebrado entre o Conselho Nacional de Desenvolvimento Cient\u00edfico e Tecnol\u00f3gico (CNPq), Observat\u00f3rio Nacional (ON) e Universidade Federal de Santa Maria (UFSM) relativo a implementa\u00e7\u00e3o conjunta do Projeto Radioastronomia - Desenvolvimento e Instala\u00e7\u00e3o de Instrumental Radioastron\u00f4mico,<\/p>\r\n<br>\r\n<p><div align=\"center\">RESOLVE:<\/div><\/p>\r\n<br>\r\n<p>Art. 1\u00ba - Atribuir, ao N\u00facleo de Estudos e Pesquisas Aeroespaciais - NEPAE\/CT - \u00d3rg\u00e3o Suplementar Setorial da Universidade Federal de Santa Maria, vinculado ao Centro de Tecnologia, a Execu\u00e7\u00e3o do Projeto RA - Desenvolvimento e Instala\u00e7\u00e3o de Instrumental Radioastron\u00f4mico, Conv\u00eanio CNPq\/ON\/UFSM.<\/p>\r\n<p>Art. 2\u00ba - Delegar ao Pesquisador Associado N\u00edvel E, Nelson Jorge Schuch, componente do quadro de pessoal do Conselho Nacional de Desenvolvimento Cientifico e Tecnol\u00f3gico - Observat\u00f3rio Nacional, a tarefa de Coordenador do Projeto RA - Desenvolvimento e Instala\u00e7\u00e3o de Instrumental Radioastronomico, nos termos da clausula segunda do convencionado, facultando-lhe gest\u00f5es que asseguram e garantam efic\u00e1cia as atividades necess\u00e1rias a implementa\u00e7\u00e3o e desempenho do Projeto RA.<\/p>\r\n<p>Gabinete do Reitor da Universidade Federal de Santa Maria, aos seis dias do m\u00eas de janeiro de 1986.<\/p>\r\n<\/div>\r\n<p>Prof. GILBERTO AQUINO BENETTI,<\/p>\r\n<p>Reitor.<\/p>\r\n<\/s>\r\n<p><font color=\"red0000\">Este texto n\u00e3o substitui o documento original, publicado no Portal de Documentos.<\/font> Dispon\u00edvel em: <a href=\"https:\/\/portal.ufsm.br\/documentos\/publico\/documento.html?id=5769533\" target=\"_blank\"><font color=\"blue\">https:\/\/portal.ufsm.br\/documentos\/publico\/documento.html?id=5769533<\/font><\/a>\r\n\r\n\t\t<\/div>\n\t\t\t\t<\/div>\n\t\t\t\t\t<\/div>\n\t\t<\/div>\n\t\t\t\t\t<\/div>\n\t\t<\/section>\n\t\t\t\t<\/div>\n\t\t","protected":false},"excerpt":{"rendered":"<p>RESOLU\u00c7\u00c3O N. 001\/1986 SERVI\u00c7O P\u00daBLICO FEDERAL RESOLU\u00c7\u00c3O N. 001\/1986 Define mecanismos internos para cumprimento do Conv\u00eanio CNPq &#8211; ON &#8211; UFSM. Revogada pela Resolu\u00e7\u00e3o UFSM N. 116\/2023 O Reitor da Universidade Federal de Santa Maria, no uso de suas atribui\u00e7\u00f5es legais e estatut\u00e1rias, presente o Termo de Conv\u00eanio n\u00ba 870.1.031.0\/85, de 04 de dezembro de [&hellip;]<\/p>\n","protected":false},"author":205,"featured_media":0,"parent":0,"menu_order":0,"comment_status":"closed","ping_status":"closed","template":"","meta":{"footnotes":""},"categories":[],"tags":[],"class_list":["post-3627","page","type-page","status-publish","hentry"],"acf":[],"_links":{"self":[{"href":"https:\/\/www.ufsm.br\/pro-reitorias\/proplan\/wp-json\/wp\/v2\/pages\/3627","targetHints":{"allow":["GET"]}}],"collection":[{"href":"https:\/\/www.ufsm.br\/pro-reitorias\/proplan\/wp-json\/wp\/v2\/pages"}],"about":[{"href":"https:\/\/www.ufsm.br\/pro-reitorias\/proplan\/wp-json\/wp\/v2\/types\/page"}],"author":[{"embeddable":true,"href":"https:\/\/www.ufsm.br\/pro-reitorias\/proplan\/wp-json\/wp\/v2\/users\/205"}],"replies":[{"embeddable":true,"href":"https:\/\/www.ufsm.br\/pro-reitorias\/proplan\/wp-json\/wp\/v2\/comments?post=3627"}],"version-history":[{"count":0,"href":"https:\/\/www.ufsm.br\/pro-reitorias\/proplan\/wp-json\/wp\/v2\/pages\/3627\/revisions"}],"wp:attachment":[{"href":"https:\/\/www.ufsm.br\/pro-reitorias\/proplan\/wp-json\/wp\/v2\/media?parent=3627"}],"wp:term":[{"taxonomy":"category","embeddable":true,"href":"https:\/\/www.ufsm.br\/pro-reitorias\/proplan\/wp-json\/wp\/v2\/categories?post=3627"},{"taxonomy":"post_tag","embeddable":true,"href":"https:\/\/www.ufsm.br\/pro-reitorias\/proplan\/wp-json\/wp\/v2\/tags?post=3627"}],"curies":[{"name":"wp","href":"https:\/\/api.w.org\/{rel}","templated":true}]}}