{"id":3628,"date":"2020-04-27T17:03:10","date_gmt":"2020-04-27T20:03:10","guid":{"rendered":"https:\/\/www.ufsm.br\/pro-reitorias\/proplan\/?page_id=3628"},"modified":"2020-04-27T17:13:33","modified_gmt":"2020-04-27T20:13:33","slug":"resolucao-n-002-1986","status":"publish","type":"page","link":"https:\/\/www.ufsm.br\/pro-reitorias\/proplan\/resolucao-n-002-1986","title":{"rendered":"Resolu\u00e7\u00e3o N. 002\/1986"},"content":{"rendered":"\t\t<div data-elementor-type=\"wp-page\" data-elementor-id=\"3628\" class=\"elementor elementor-3628\">\n\t\t\t\t\t\t<section class=\"elementor-section elementor-top-section elementor-element elementor-element-7ca3070 elementor-section-boxed elementor-section-height-default elementor-section-height-default\" data-id=\"7ca3070\" data-element_type=\"section\">\n\t\t\t\t\t\t<div class=\"elementor-container elementor-column-gap-default\">\n\t\t\t\t\t<div class=\"elementor-column elementor-col-100 elementor-top-column elementor-element elementor-element-11f71cb\" data-id=\"11f71cb\" data-element_type=\"column\">\n\t\t\t<div class=\"elementor-widget-wrap elementor-element-populated\">\n\t\t\t\t\t\t<div class=\"elementor-element elementor-element-38a910a elementor-widget elementor-widget-html\" data-id=\"38a910a\" data-element_type=\"widget\" data-widget_type=\"html.default\">\n\t\t\t\t<div class=\"elementor-widget-container\">\n\t\t\t\r\n\r\n\r\n<title><b>RESOLU\u00c7\u00c3O N. 002\/1986<\/b><\/title>\r\n\r\n\r\n<div align=\"center\"><img decoding=\"async\" src=\"https:\/\/www.ufsm.br\/pro-reitorias\/proplan\/wp-content\/uploads\/sites\/344\/2019\/09\/brasao-da-republica-do-brasil-logo.png\" alt=\"Bras\u00e3o Rep\u00fablica Federativa do Brasil\" width=\"6%\" height=\"6%\"><\/div>    \r\n<h1><font color=\"blue\"><font size=\"5\"><div align=\"center\">SERVI\u00c7O P\u00daBLICO FEDERAL<\/b><\/font><\/font><\/div><\/H1>\r\n<p><div align=\"center\"><b><a href=\"https:\/\/portal.ufsm.br\/documentos\/publico\/documento.html?id=5769546\" target=\"_blank\"><font color=\"blue\">RESOLU\u00c7\u00c3O N. 002\/1986<\/font><\/a><\/b><\/div><\/p>\r\n<br>\r\n<strike><p><div align=\"right\"><font color=\"800000\">Fixa os valores de taxas e emolumentos a vigorarem no primeiro semestre de 1986.<\/font><\/div><\/p><\/strike>\r\n<br>\r\n<p><u><a href=\"https:\/\/www.ufsm.br\/pro-reitorias\/proplan\/resolucao-n-008-2020\/\" target=\"_blank\"><font color=\"blue\">Revogada pela Resolu\u00e7\u00e3o N. 008\/2020<\/font><\/a><\/u><\/p>\r\n<br>\r\n<br><div align=\"justify\">\r\n<strike>\r\n<p>O Reitor da Universidade Federal de Santa Maria, no uso de suas atribui\u00e7\u00f5es legais e estatut\u00e1rias, presente a decis\u00e3o do Egr\u00e9gio Conselho Universit\u00e1rio, tomada em sua 372\u00aa Sess\u00e3o, realizada em 30 de dezembro de 1985, e nos termos da Resolu\u00e7\u00e3o do CFE n\u00ba 16 de 13\/12\/84 e conforme parecer n\u00ba 09\/84 do Conselho de Curadores, ratificado na Reuni\u00e3o n\u00ba 75 de 27\/12\/85,<\/p>\r\n<br>\r\n<p><div align=\"center\">RESOLVE:<\/div><\/p>\r\n<br>\r\n<p>Art. 1\u00ba- Fixar os seguintes valores a vigorarem no primeiro semestre letivo de 1986 para as cobran\u00e7as de taxas e emolumentos, conforme discrimina\u00e7\u00e3o:<\/p>\r\n<br>\r\n<p>a - TAXAS<\/p>\r\n<br>\r\n<p>01. Matr\u00edcula por disciplina em Cursos de Gradua\u00e7\u00e3o ...................................................................................................... Cr$ 5,330<\/p>\r\n<p>02. Transfer\u00eancia (por guia) .................................................................................................................................................................. Cr$ 15.600<\/p>\r\n<p>03. Expedi\u00e7\u00e3o de Diploma ..................................................................................................................................................................  Cr$ 22.300<\/p>\r\n<p>04. Revalida\u00e7\u00e3o e Reconhecimento de Diploma ....................................v...................................................................... Cr$334.400<\/p>\r\n<p>05. Inscri\u00e7\u00e3o em Concurso P\u00fablico e Provas de Sele\u00e7\u00e3o - Valor conforme Art. 3\u00ba do <a href=\"http:\/\/www.planalto.gov.br\/ccivil_03\/decreto\/Antigos\/D86364.htm\" target=\"_blank\"><font color=\"blue\"><u>Decreto n\u00ba 86.364\/81<\/u><\/font><\/a>.<\/p>\r\n<p>06. Matr\u00edcula por disciplina isolada em Curso de Gradua\u00e7\u00e3o (Aluno Especial) ........................................ Cr$ 31.000<\/p>\r\n<p>07. Matr\u00edcula por disciplina em Curso de P\u00f3s-Gradua\u00e7\u00e3o (Aluno Especial) .............................................. Cr$123.300<\/p>\r\n<p>08. Inscri\u00e7\u00e3o em Concurso de Habilita\u00e7\u00e3o \u00e0 Livre Doc\u00eancia (Candidatos da UFSM) ........................ Cr$445. 800<\/p>\r\n<p>09. Inscri\u00e7\u00e3o \u00e0 Sele\u00e7\u00e3o p\/Curso de P\u00f3s-Gradua\u00e7\u00e3o:\r\nMestrado, Resid\u00eancia M\u00e9dica e para Cursos de Especializa\u00e7\u00e3o e Aperfei\u00e7oamento .................................................................................................................................................................................... Cr$ 26.800<\/p>\r\n<p>10. Matr\u00edcula por Disciplina em Cursos de P\u00f3s-Gradua\u00e7\u00e3o em n\u00edvel de Mestrado ............................... Cr$ 35.900<\/p>\r\n<p>11. Matr\u00edcula por Disciplina em Cursos de Especializa\u00e7\u00e3o (permanentes) ....................................................  Cr$ 26.900<\/p>\r\n<p>12. Taxa de Elabora\u00e7\u00e3o de Tese de Mestrado\/Disserta\u00e7\u00e3o (Semestral) .......................................................... Cr$ 16.300<\/p>\r\n<p>13. Taxa de Elabora\u00e7\u00e3o de Monografia (Semestral) ............................................................................................................ Cr$ 9.700<\/p>\r\n<p>14. Registro de Diploma (Cursos fora de Santa Maria) .................................................................................................... Cr$ 16.600<\/p>\r\n<p>15. Taxa de Profici\u00eancia em L\u00edngua Estrangeira .................................................................................................................. Cr$ 26.800<\/p>\r\n<p>16. Expedi\u00e7\u00e3o de 2\u00aa via do Diploma ........................................................................................................................................... Cr$ 111.800<\/p>\r\n<p>17. Apostila de Diploma .......................................................................................................................................................................... Cr$ 11.200<\/p>\r\n<p>18. Rematr\u00edcula (reajuste de matr\u00edcula) por semestre .................................................................................................... Cr$ 17.900<\/p>\r\n<p>19. Matr\u00edcula no Curso\/Trancamento\/Total, por semestre ...................................................................................... Cr$ 26.900<\/p>\r\n<p>20. Inscri\u00e7\u00e3o \u00e0 sele\u00e7\u00e3o para habilita\u00e7\u00e3o especifica a n\u00edvel de gradua\u00e7\u00e3o .................................................... Cr$ 33.500<\/p>\r\n<p>21. Inscri\u00e7\u00e3o \u00e0 sele\u00e7\u00e3o para Cursos Extraordin\u00e1rios (valor m\u00ednimo) .................................................................... Cr$ 22.300<\/p>\r\n<p>22. Inscri\u00e7\u00e3o \u00e0 sele\u00e7\u00e3o para ingresso e\/ou reingresso aos Cursos de Gradua\u00e7\u00e3o que possu\u00edrem vagas .................................................................................................................................................................................................................................... Cr$ 11.200<\/p>\r\n<p>23. Matr\u00edcula Resid\u00eancia M\u00e9dica (Rl e R2 por semestre) ........................................................................................... Cr$ 53.700<\/p>\r\n<p>24. Inscri\u00e7\u00e3o em Concurso Vestibular \u2013 valor ser\u00e1 estipulado pelo Conselho Federal de Educa\u00e7\u00e3o.<\/p>\r\n<br>\r\n<p>b - EMOLUMENTOS<\/p>\r\n<br>\r\n<p>01. Atestados .................................................................................................................................................................................................. Cr$ 2.200<\/p>\r\n<p>02. Certid\u00f5es de Expedi\u00e7\u00e3o de Diploma ................................................................................................................................. Cr$ 3.300<\/p>\r\n<p>03. Certificados (por folha) ................................................................................................................................................................... Cr$ 2.200<\/p>\r\n<p>04. Hist\u00f3rico Escolar para aluno da UFSM .............................................................................................................................. Cr$ 2.200<\/p>\r\n<p>05. Hist\u00f3rico Escolar para diplomados ....................................................................................................................................... Cr$ 5.500<\/p>\r\n<p>06. Programas Did\u00e1ticos ....................................................................................................................................................................... Cr$ 1.000<\/p>\r\n<p>07. Programa Vestibular ......................................................................................................................................................................... Cr$ 2.200<\/p>\r\n<p>08. Quadro Demonstrativo de Equival\u00eancia de Disciplinas ........................................................................................ Cr$ 2.200<\/p>\r\n<br>\r\n<p>Art. 2\u00ba - Esta Resolu\u00e7\u00e3o entra em vigor nesta data, revogadas as disposi\u00e7\u00f5es em contr\u00e1rio.<\/p>\r\n<p>GABINETE DO REITOR DA UNIVERSIDADE FEDERAL DE SANTA MARIA, aos tr\u00eas dias do m\u00eas de janeiro de mil novecentos e oitenta e seis.<\/p>\r\n<\/div>\r\n<p>Prof. GILBERTO AQUINO BENETTI,<\/p>\r\n<p>Reitor.<\/p>\r\n<\/strike>\r\n<p><font color=\"red0000\">Este texto n\u00e3o substitui o documento original, publicado no Portal de Documentos.<\/font> Dispon\u00edvel em: <a href=\"https:\/\/portal.ufsm.br\/documentos\/publico\/documento.html?id=5769546\" target=\"_blank\"><font color=\"blue\">https:\/\/portal.ufsm.br\/documentos\/publico\/documento.html?id=5769546<\/font><\/a>\r\n\r\n\t\t<\/div>\n\t\t\t\t<\/div>\n\t\t\t\t\t<\/div>\n\t\t<\/div>\n\t\t\t\t\t<\/div>\n\t\t<\/section>\n\t\t\t\t<\/div>\n\t\t","protected":false},"excerpt":{"rendered":"<p>RESOLU\u00c7\u00c3O N. 002\/1986 SERVI\u00c7O P\u00daBLICO FEDERAL RESOLU\u00c7\u00c3O N. 002\/1986 Fixa os valores de taxas e emolumentos a vigorarem no primeiro semestre de 1986. Revogada pela Resolu\u00e7\u00e3o N. 008\/2020 O Reitor da Universidade Federal de Santa Maria, no uso de suas atribui\u00e7\u00f5es legais e estatut\u00e1rias, presente a decis\u00e3o do Egr\u00e9gio Conselho Universit\u00e1rio, tomada em sua 372\u00aa [&hellip;]<\/p>\n","protected":false},"author":205,"featured_media":0,"parent":0,"menu_order":0,"comment_status":"closed","ping_status":"closed","template":"","meta":{"footnotes":""},"categories":[],"tags":[],"class_list":["post-3628","page","type-page","status-publish","hentry"],"acf":[],"_links":{"self":[{"href":"https:\/\/www.ufsm.br\/pro-reitorias\/proplan\/wp-json\/wp\/v2\/pages\/3628","targetHints":{"allow":["GET"]}}],"collection":[{"href":"https:\/\/www.ufsm.br\/pro-reitorias\/proplan\/wp-json\/wp\/v2\/pages"}],"about":[{"href":"https:\/\/www.ufsm.br\/pro-reitorias\/proplan\/wp-json\/wp\/v2\/types\/page"}],"author":[{"embeddable":true,"href":"https:\/\/www.ufsm.br\/pro-reitorias\/proplan\/wp-json\/wp\/v2\/users\/205"}],"replies":[{"embeddable":true,"href":"https:\/\/www.ufsm.br\/pro-reitorias\/proplan\/wp-json\/wp\/v2\/comments?post=3628"}],"version-history":[{"count":0,"href":"https:\/\/www.ufsm.br\/pro-reitorias\/proplan\/wp-json\/wp\/v2\/pages\/3628\/revisions"}],"wp:attachment":[{"href":"https:\/\/www.ufsm.br\/pro-reitorias\/proplan\/wp-json\/wp\/v2\/media?parent=3628"}],"wp:term":[{"taxonomy":"category","embeddable":true,"href":"https:\/\/www.ufsm.br\/pro-reitorias\/proplan\/wp-json\/wp\/v2\/categories?post=3628"},{"taxonomy":"post_tag","embeddable":true,"href":"https:\/\/www.ufsm.br\/pro-reitorias\/proplan\/wp-json\/wp\/v2\/tags?post=3628"}],"curies":[{"name":"wp","href":"https:\/\/api.w.org\/{rel}","templated":true}]}}