{"id":3630,"date":"2020-04-27T17:03:17","date_gmt":"2020-04-27T20:03:17","guid":{"rendered":"https:\/\/www.ufsm.br\/pro-reitorias\/proplan\/?page_id=3630"},"modified":"2020-07-20T09:42:36","modified_gmt":"2020-07-20T12:42:36","slug":"resolucao-n-004-1986","status":"publish","type":"page","link":"https:\/\/www.ufsm.br\/pro-reitorias\/proplan\/resolucao-n-004-1986","title":{"rendered":"Resolu\u00e7\u00e3o N. 004\/1986"},"content":{"rendered":"\t\t<div data-elementor-type=\"wp-page\" data-elementor-id=\"3630\" class=\"elementor elementor-3630\">\n\t\t\t\t\t\t<section class=\"elementor-section elementor-top-section elementor-element elementor-element-97b8b1e elementor-section-boxed elementor-section-height-default elementor-section-height-default\" data-id=\"97b8b1e\" data-element_type=\"section\">\n\t\t\t\t\t\t<div class=\"elementor-container elementor-column-gap-default\">\n\t\t\t\t\t<div class=\"elementor-column elementor-col-100 elementor-top-column elementor-element elementor-element-eaa0c9e\" data-id=\"eaa0c9e\" data-element_type=\"column\">\n\t\t\t<div class=\"elementor-widget-wrap elementor-element-populated\">\n\t\t\t\t\t\t<div class=\"elementor-element elementor-element-74f8441 elementor-widget elementor-widget-html\" data-id=\"74f8441\" data-element_type=\"widget\" data-widget_type=\"html.default\">\n\t\t\t\t<div class=\"elementor-widget-container\">\n\t\t\t\r\n\r\n\r\n<title><b>RESOLU\u00c7\u00c3O N. 004\/1986<\/b><\/title>\r\n\r\n\r\n<div align=\"center\"><img decoding=\"async\" src=\"https:\/\/www.ufsm.br\/pro-reitorias\/proplan\/wp-content\/uploads\/sites\/344\/2019\/09\/brasao-da-republica-do-brasil-logo.png\" alt=\"Bras\u00e3o Rep\u00fablica Federativa do Brasil\" width=\"6%\" height=\"6%\"><\/div>    \r\n<h1><font color=\"blue\"><font size=\"5\"><div align=\"center\">SERVI\u00c7O P\u00daBLICO FEDERAL<\/b><\/font><\/font><\/div><\/H1>\r\n<p><div align=\"center\"><b><a href=\"https:\/\/portal.ufsm.br\/documentos\/publico\/documento.html?id=5769577\" target=\"_blank\"><font color=\"blue\">RESOLU\u00c7\u00c3O N. 004\/1986<\/font><\/a><\/b><\/div><\/p>\r\n<br>\r\n<p><a href=\"https:\/\/www.ufsm.br\/pro-reitorias\/proplan\/resolucao-n-022-2020\/\" target=\"_blank\"><font color=\"blue\">Revogada pela Resolu\u00e7\u00e3o N. 022\/2020<\/font><\/a><\/p>\r\n<br>\r\n<br><div align=\"justify\">\r\n<strike>\r\n<p>O REITOR DA UNIVERSIDADE FEDERAL DE SANTA MARIA, no uso de suas atribui\u00e7\u00f5es legais e estatut\u00e1rias, e<\/p>\r\n<p>- considerando o disposto nos Pareceres de n\u00ba 20\/85 e 120\/85, aprovados, respectivamente, nas sess\u00f5es 276\u00aa e 286\u00aa do Colendo Conselho de Ensino, Pesquisa e Extens\u00e3o,<\/p>\r\n<br>\r\n<p><div align=\"center\">RESOLVE:<\/div><\/p>\r\n<br>\r\n<p>Art. 1\u00ba - Os curr\u00edculos de cursos de gradua\u00e7\u00e3o, implementados a partir do ano de 1986, dever\u00e3o, necessariamente, ser avaliados, de forma sistem\u00e1tica, com base no processo de avalia\u00e7\u00e3o preconizado no Guia de Organiza\u00e7\u00e3o Curricular\/ 85 \u2013 Documento A.<\/p>\r\n<p>Art. 2\u00ba - Qualquer curr\u00edculo de curso de gradua\u00e7\u00e3o, para ser reformulado, devera pressupor um decurso de prazo, a partir de sua implanta\u00e7\u00e3o, no m\u00ednimo igual ao Termo M\u00e9dio de dura\u00e7\u00e3o do curso.<\/p>\r\n<p>Art. 3\u00ba - A autoriza\u00e7\u00e3o para se proceder a reformula\u00e7\u00f5es curriculares, da compet\u00eancia do Conselho de Ensino, Pesquisa e Extens\u00e3o, somente ser\u00e1 concedida a partir da aprecia\u00e7\u00e3o de exposi\u00e7\u00e3o de motivos fundamentada nos resultados de pertinente avalia\u00e7\u00e3o curricular.<\/p>\r\n<p>Art. 4\u00ba - Os curr\u00edculos implementados em anos anteriores a 1986 e que n\u00e3o tiverem sido avaliados de maneira sistem\u00e1tica, nos moldes descritos na presente Resolu\u00e7\u00e3o, para terem suas reformula\u00e7\u00f5es autorizadas, dever\u00e3o, emergencialmente, ser avaliados atrav\u00e9s de plano especial, de aplica\u00e7\u00e3o \u00fanica, o qual dever\u00e1 abordar, entretanto, os aspectos descritos no Art. 5\u00ba abaixo.<\/p>\r\n<p>Art. 5\u00ba - A avalia\u00e7\u00e3o curricular, independentemente de como os itens avaliados se situarem no contexto estrutural do processo avaliativo, devera, obrigatoriamente, ser realizada abordando os aspectos de:<\/p>\r\n<p>- exig\u00eancias legais;<\/p>\r\n<p>- desempenho docente, discente e de egressos;<\/p>\r\n<p>- disponibilidade de recursos humanos, materiais e financeiros;<\/p>\r\n<p>- adequa\u00e7\u00e3o de objetivos de curso, de linhas curriculares e de disciplinas, de const\u00e2ncia e repetitividade de conte\u00fados program\u00e1ticos, de pr\u00e9-requisitos e d\u00ea dimensionamento de cargas hor\u00e1rias.<\/p>\r\n<p>Art. 6\u00ba - Os planos espec\u00edficos de avalia\u00e7\u00e3o, assim como os instrumentos a serem utilizados, ser\u00e3o estabelecidos em comum acordo entre as partes interessadas e a Pr\u00f3-Reitoria de Gradua\u00e7\u00e3o, em atendimento as necessidades\/particularidades de cada caso.<\/p>\r\n<p>Art. 7\u00ba - Os resultados da avalia\u00e7\u00e3o curricular dever\u00e3o ser apreciados, obrigatoriamente, pela comunidade interessada, atrav\u00e9s da realiza\u00e7\u00e3o de:<\/p>\r\n<p>a) um ou mais semin\u00e1rios envolvendo representantes de empregadores, de entidades classistas e de egressos, o Colegiado do Curso e, se houver, a comiss\u00e3o de organiza\u00e7\u00e3o curricular;<\/p> \r\n<p>b) um ou mais semin\u00e1rios envolvendo toda a comunidade acad\u00eamica docente, discente e t\u00e9cnico-administrativa ligada ao Curso.<\/p>\r\n<p>Art. 8\u00ba - Os cursos com reformula\u00e7\u00e3o curricular autorizada pelo Parecer n\u00ba 20\/85\/CEPE dever\u00e3o cumprir, como condi\u00e7\u00e3o m\u00ednima de enquadramento \u00e0 presente Resolu\u00e7\u00e3o, com o estabelecido no Art. 7\u00ba, independentemente do tipo de avalia\u00e7\u00e3o curricular realizada.<\/p>\r\n<p>Art. 9\u00ba - A autoriza\u00e7\u00e3o de cria\u00e7\u00e3o de curso de gradua\u00e7\u00e3o na UFSM fica, tamb\u00e9m, condicionada a apresenta\u00e7\u00e3o\/aprecia\u00e7\u00e3o dos resultados de avalia\u00e7\u00e3o diagnostica, em moldes semelhantes aos preconizados no Guia de Organiza\u00e7\u00e3o Curricular\/ 85 - Documento A, que comprovem o real interesse\/possibilidade de viabiliza\u00e7\u00e3o da proposta.<\/p>\r\n<p>Art. 10\u00ba - Esta Resolu\u00e7\u00e3o entrara em vigor na data de sua publica\u00e7\u00e3o, revogadas as disposi\u00e7\u00f5es em contr\u00e1rio.<\/p>\r\n<p>GABINETE DO REITOR DA UNIVERSIDADE FEDERAL DE SANTA MARIA, aos 23 dias do m\u00eas de Janeiro de mil novecentos e oitenta e seis.<\/p>\r\n<\/div>\r\n<p>Prof. GILBERTO AQUINO BENETTI,<\/p>\r\n<p>Reitor.<\/p>\r\n<\/strike>\r\n<p><font color=\"red0000\">Este texto n\u00e3o substitui o documento original, publicado no Portal de Documentos.<\/font> Dispon\u00edvel em: <a href=\"https:\/\/portal.ufsm.br\/documentos\/publico\/documento.html?id=5769577\" target=\"_blank\"><font color=\"blue\">https:\/\/portal.ufsm.br\/documentos\/publico\/documento.html?id=5769577<\/font><\/a>\r\n\r\n\t\t<\/div>\n\t\t\t\t<\/div>\n\t\t\t\t\t<\/div>\n\t\t<\/div>\n\t\t\t\t\t<\/div>\n\t\t<\/section>\n\t\t\t\t<\/div>\n\t\t","protected":false},"excerpt":{"rendered":"<p>RESOLU\u00c7\u00c3O N. 004\/1986 SERVI\u00c7O P\u00daBLICO FEDERAL RESOLU\u00c7\u00c3O N. 004\/1986 Revogada pela Resolu\u00e7\u00e3o N. 022\/2020 O REITOR DA UNIVERSIDADE FEDERAL DE SANTA MARIA, no uso de suas atribui\u00e7\u00f5es legais e estatut\u00e1rias, e &#8211; considerando o disposto nos Pareceres de n\u00ba 20\/85 e 120\/85, aprovados, respectivamente, nas sess\u00f5es 276\u00aa e 286\u00aa do Colendo Conselho de Ensino, Pesquisa [&hellip;]<\/p>\n","protected":false},"author":205,"featured_media":0,"parent":0,"menu_order":0,"comment_status":"closed","ping_status":"closed","template":"","meta":{"footnotes":""},"categories":[],"tags":[],"class_list":["post-3630","page","type-page","status-publish","hentry"],"acf":[],"_links":{"self":[{"href":"https:\/\/www.ufsm.br\/pro-reitorias\/proplan\/wp-json\/wp\/v2\/pages\/3630","targetHints":{"allow":["GET"]}}],"collection":[{"href":"https:\/\/www.ufsm.br\/pro-reitorias\/proplan\/wp-json\/wp\/v2\/pages"}],"about":[{"href":"https:\/\/www.ufsm.br\/pro-reitorias\/proplan\/wp-json\/wp\/v2\/types\/page"}],"author":[{"embeddable":true,"href":"https:\/\/www.ufsm.br\/pro-reitorias\/proplan\/wp-json\/wp\/v2\/users\/205"}],"replies":[{"embeddable":true,"href":"https:\/\/www.ufsm.br\/pro-reitorias\/proplan\/wp-json\/wp\/v2\/comments?post=3630"}],"version-history":[{"count":0,"href":"https:\/\/www.ufsm.br\/pro-reitorias\/proplan\/wp-json\/wp\/v2\/pages\/3630\/revisions"}],"wp:attachment":[{"href":"https:\/\/www.ufsm.br\/pro-reitorias\/proplan\/wp-json\/wp\/v2\/media?parent=3630"}],"wp:term":[{"taxonomy":"category","embeddable":true,"href":"https:\/\/www.ufsm.br\/pro-reitorias\/proplan\/wp-json\/wp\/v2\/categories?post=3630"},{"taxonomy":"post_tag","embeddable":true,"href":"https:\/\/www.ufsm.br\/pro-reitorias\/proplan\/wp-json\/wp\/v2\/tags?post=3630"}],"curies":[{"name":"wp","href":"https:\/\/api.w.org\/{rel}","templated":true}]}}