{"id":3637,"date":"2020-04-27T17:32:33","date_gmt":"2020-04-27T20:32:33","guid":{"rendered":"https:\/\/www.ufsm.br\/pro-reitorias\/proplan\/?page_id=3637"},"modified":"2020-07-20T09:57:59","modified_gmt":"2020-07-20T12:57:59","slug":"resolucao-n-011-1986","status":"publish","type":"page","link":"https:\/\/www.ufsm.br\/pro-reitorias\/proplan\/resolucao-n-011-1986","title":{"rendered":"Resolu\u00e7\u00e3o N. 011\/1986"},"content":{"rendered":"\t\t<div data-elementor-type=\"wp-page\" data-elementor-id=\"3637\" class=\"elementor elementor-3637\">\n\t\t\t\t\t\t<section class=\"elementor-section elementor-top-section elementor-element elementor-element-26cd22a elementor-section-boxed elementor-section-height-default elementor-section-height-default\" data-id=\"26cd22a\" data-element_type=\"section\">\n\t\t\t\t\t\t<div class=\"elementor-container elementor-column-gap-default\">\n\t\t\t\t\t<div class=\"elementor-column elementor-col-100 elementor-top-column elementor-element elementor-element-fddd22f\" data-id=\"fddd22f\" data-element_type=\"column\">\n\t\t\t<div class=\"elementor-widget-wrap elementor-element-populated\">\n\t\t\t\t\t\t<div class=\"elementor-element elementor-element-e0d8727 elementor-widget elementor-widget-html\" data-id=\"e0d8727\" data-element_type=\"widget\" data-widget_type=\"html.default\">\n\t\t\t\t<div class=\"elementor-widget-container\">\n\t\t\t\r\n\r\n\r\n<title><b>RESOLU\u00c7\u00c3O N. 011\/1986<\/b><\/title>\r\n\r\n\r\n<div align=\"center\"><img decoding=\"async\" src=\"https:\/\/www.ufsm.br\/pro-reitorias\/proplan\/wp-content\/uploads\/sites\/344\/2019\/09\/brasao-da-republica-do-brasil-logo.png\" alt=\"Bras\u00e3o Rep\u00fablica Federativa do Brasil\" width=\"6%\" height=\"6%\"><\/div>    \r\n<h1><font color=\"blue\"><font size=\"5\"><div align=\"center\">SERVI\u00c7O P\u00daBLICO FEDERAL<\/b><\/font><\/font><\/div><\/H1>\r\n<p><div align=\"center\"><b><a href=\"https:\/\/portal.ufsm.br\/documentos\/publico\/documento.html?id=5769614\" target=\"_blank\"><font color=\"blue\">RESOLU\u00c7\u00c3O N. 011\/1986<\/font><\/a><\/b><\/div><\/p>\r\n<br>\r\n<br><div align=\"justify\">\r\n<p><a href=\"https:\/\/www.ufsm.br\/pro-reitorias\/proplan\/resolucao-n-022-2020\/\" target=\"_blank\"><font color=\"blue\">Revogada pela Resolu\u00e7\u00e3o N. 022\/2020<\/font><\/a><\/p>\r\n<br>\r\n<br><div align=\"justify\">\r\n<strike>\r\n<p>O REITOR DA UNIVERSIDADE FEDERAL DE SANTA MARIA, no uso de suas atribui\u00e7\u00f5es legais e estatut\u00e1rias, e:\r\n<p>- Considerando o que consta do Processo n\u00ba 23081.025231\/85-50;<\/p>\r\n<p>- Considerando que \"Substitui\u00e7\u00e3o autom\u00e1tica \u00e9 aquela que, por for\u00e7a legal ou regimental, est\u00e1, de modo expresso, destinada a identificados ocupantes de chefias inferiores\u201d;<\/p>\r\n<p>- Considerando o Art. 4\u00ba da <u><a href=\"http:\/\/www.planalto.gov.br\/ccivil_03\/leis\/1950-1969\/L1711.htm\" target=\"_blank\"><font color=\"blue\">Lei n\u00ba 1711\/52<\/font><\/a><\/u> que disp\u00f5e: \"\u00c9 vedada a presta\u00e7\u00e3o de servi\u00e7os gratuitos\u201d;<\/p>\r\n<p>- Considerando que, nesta Universidade, Subchefe de Departamento e alguns Vice-Diretores de Centro n\u00e3o s\u00e3o ocupantes de Chefias uma vez que n\u00e3o tem atribui\u00e7\u00f5es permanentes de dire\u00e7\u00e3o e, portanto, n\u00e3o percebem gratifica\u00e7\u00e3o;<\/p>\r\n<br>\r\n<p><div align=\"center\">RESOLVE:<\/div><\/p>\r\n<br>\r\n<p>1. Expedir a presente Resolu\u00e7\u00e3o para declarar que a Resolu\u00e7\u00e3o n\u00ba 24\/83, que fixa normas para as designa\u00e7\u00f5es e retribui\u00e7\u00e3o pecuni\u00e1ria de substitutos de titulares de Cargos em Comiss\u00e3o, Fun\u00e7\u00e3o de Confian\u00e7a e Gratifica\u00e7\u00e3o de Fun\u00e7\u00e3o de Magist\u00e9rio, fica alterada no que segue:<\/p>\r\n<p><u>DAS SUBSTITUI\u00c7\u00d5ES AUTOM\u00c1TICAS<\/u><\/p>\r\n<p>5.3 - A do Vice-Diretor no exerc\u00edcio da Dire\u00e7\u00e3o do Centro (\u00a7 1\u00ba do Art. 34 do Estatuto), exceto os Vice-Diretores que n\u00e3o percebem permanentemente a Gratifica\u00e7\u00e3o de Fun\u00e7\u00e3o de Magist\u00e9rio.<\/p>\r\n<p>5.5 - Revogado.<\/p>\r\n<p><u>DAS SUBSTITUI\u00c7\u00d5ES DEPENDENTES DE ATO<\/u><\/p>\r\n<p>10 - As designa\u00e7\u00f5es do substituto de Coordenador de Curso e de Subchefe de Departamento s\u00e3o designa\u00e7\u00f5es de pendentes de ato.<\/p>\r\n<p>2. Esta Resolu\u00e7\u00e3o, revogadas as disposi\u00e7\u00f5es em contr\u00e1rio, entra em vigor na data de sua publica\u00e7\u00e3o.<\/p>\r\n<p>GABINETE DO REITOR DA UNIVERSIDADE FEDERAL DE SANTA MARIA, aos oito dias do m\u00eas de agosto de mil novecentos e oitenta e seis.<\/p>\r\n<\/div>\r\n<p>Prof. GILBERTO AQUINO BENETTI,<\/p>\r\n<p>Reitor.<\/p>\r\n<\/strike>\r\n<p><font color=\"red0000\">Este texto n\u00e3o substitui o documento original, publicado no Portal de Documentos.<\/font> Dispon\u00edvel em: <a href=\"https:\/\/portal.ufsm.br\/documentos\/publico\/documento.html?id=5769614\" target=\"_blank\"><font color=\"blue\">https:\/\/portal.ufsm.br\/documentos\/publico\/documento.html?id=5769614<\/font><\/a>\r\n\r\n\t\t<\/div>\n\t\t\t\t<\/div>\n\t\t\t\t\t<\/div>\n\t\t<\/div>\n\t\t\t\t\t<\/div>\n\t\t<\/section>\n\t\t\t\t<\/div>\n\t\t","protected":false},"excerpt":{"rendered":"<p>RESOLU\u00c7\u00c3O N. 011\/1986 SERVI\u00c7O P\u00daBLICO FEDERAL RESOLU\u00c7\u00c3O N. 011\/1986 Revogada pela Resolu\u00e7\u00e3o N. 022\/2020 O REITOR DA UNIVERSIDADE FEDERAL DE SANTA MARIA, no uso de suas atribui\u00e7\u00f5es legais e estatut\u00e1rias, e: &#8211; Considerando o que consta do Processo n\u00ba 23081.025231\/85-50; &#8211; Considerando que &#8220;Substitui\u00e7\u00e3o autom\u00e1tica \u00e9 aquela que, por for\u00e7a legal ou regimental, est\u00e1, de [&hellip;]<\/p>\n","protected":false},"author":205,"featured_media":0,"parent":0,"menu_order":0,"comment_status":"closed","ping_status":"closed","template":"","meta":{"footnotes":""},"categories":[],"tags":[],"class_list":["post-3637","page","type-page","status-publish","hentry"],"acf":[],"_links":{"self":[{"href":"https:\/\/www.ufsm.br\/pro-reitorias\/proplan\/wp-json\/wp\/v2\/pages\/3637","targetHints":{"allow":["GET"]}}],"collection":[{"href":"https:\/\/www.ufsm.br\/pro-reitorias\/proplan\/wp-json\/wp\/v2\/pages"}],"about":[{"href":"https:\/\/www.ufsm.br\/pro-reitorias\/proplan\/wp-json\/wp\/v2\/types\/page"}],"author":[{"embeddable":true,"href":"https:\/\/www.ufsm.br\/pro-reitorias\/proplan\/wp-json\/wp\/v2\/users\/205"}],"replies":[{"embeddable":true,"href":"https:\/\/www.ufsm.br\/pro-reitorias\/proplan\/wp-json\/wp\/v2\/comments?post=3637"}],"version-history":[{"count":0,"href":"https:\/\/www.ufsm.br\/pro-reitorias\/proplan\/wp-json\/wp\/v2\/pages\/3637\/revisions"}],"wp:attachment":[{"href":"https:\/\/www.ufsm.br\/pro-reitorias\/proplan\/wp-json\/wp\/v2\/media?parent=3637"}],"wp:term":[{"taxonomy":"category","embeddable":true,"href":"https:\/\/www.ufsm.br\/pro-reitorias\/proplan\/wp-json\/wp\/v2\/categories?post=3637"},{"taxonomy":"post_tag","embeddable":true,"href":"https:\/\/www.ufsm.br\/pro-reitorias\/proplan\/wp-json\/wp\/v2\/tags?post=3637"}],"curies":[{"name":"wp","href":"https:\/\/api.w.org\/{rel}","templated":true}]}}