{"id":3638,"date":"2020-04-27T17:32:38","date_gmt":"2020-04-27T20:32:38","guid":{"rendered":"https:\/\/www.ufsm.br\/pro-reitorias\/proplan\/?page_id=3638"},"modified":"2022-09-01T12:03:05","modified_gmt":"2022-09-01T15:03:05","slug":"resolucao-n-012-1986","status":"publish","type":"page","link":"https:\/\/www.ufsm.br\/pro-reitorias\/proplan\/resolucao-n-012-1986","title":{"rendered":"Resolu\u00e7\u00e3o N. 012\/1986"},"content":{"rendered":"\t\t<div data-elementor-type=\"wp-page\" data-elementor-id=\"3638\" class=\"elementor elementor-3638\">\n\t\t\t\t\t\t<section class=\"elementor-section elementor-top-section elementor-element elementor-element-aba1e85 elementor-section-boxed elementor-section-height-default elementor-section-height-default\" data-id=\"aba1e85\" data-element_type=\"section\">\n\t\t\t\t\t\t<div class=\"elementor-container elementor-column-gap-default\">\n\t\t\t\t\t<div class=\"elementor-column elementor-col-100 elementor-top-column elementor-element elementor-element-825198f\" data-id=\"825198f\" data-element_type=\"column\">\n\t\t\t<div class=\"elementor-widget-wrap elementor-element-populated\">\n\t\t\t\t\t\t<div class=\"elementor-element elementor-element-cfa219c elementor-widget elementor-widget-html\" data-id=\"cfa219c\" data-element_type=\"widget\" data-widget_type=\"html.default\">\n\t\t\t\t<div class=\"elementor-widget-container\">\n\t\t\t\r\n\r\n\r\n<title><b>RESOLU\u00c7\u00c3O N. 012\/1986<\/b><\/title>\r\n\r\n\r\n<div align=\"center\"><img decoding=\"async\" src=\"https:\/\/www.ufsm.br\/pro-reitorias\/proplan\/wp-content\/uploads\/sites\/344\/2019\/09\/brasao-da-republica-do-brasil-logo.png\" alt=\"Bras\u00e3o Rep\u00fablica Federativa do Brasil\" width=\"6%\" height=\"6%\"><\/div>    \r\n<h1><font color=\"blue\"><font size=\"5\"><div align=\"center\">SERVI\u00c7O P\u00daBLICO FEDERAL<\/b><\/font><\/font><\/div><\/H1>\r\n<p><div align=\"center\"><b><a href=\"https:\/\/portal.ufsm.br\/documentos\/publico\/documento.html?id=5735973\" target=\"_blank\"><font color=\"blue\">RESOLU\u00c7\u00c3O N. 012\/1986<\/font><\/a><\/b><\/div><\/p>\r\n<br>\r\n<a href=\"https:\/\/www.ufsm.br\/pro-reitorias\/proplan\/?page_id=5044\" target=\"_blank\"><font color=\"blue\"><u>(Revogada pela Resolu\u00e7\u00e3o UFSM N. 100\/2022)<\/u><\/font><\/a>\r\n<br>\r\n<s>\r\n<br><div align=\"justify\">\r\n<p>O REITOR DA UNIVERSIDADE FEDERAL DE SANTA MARIA, no uso de suas atribui\u00e7\u00f5es legais e estatut\u00e1rias e,<\/p>\r\n<p>Considerando o disposto no Par\u00e1grafo \u00danico do Art. 158 da <u><a href=\"http:\/\/www.planalto.gov.br\/ccivil_03\/leis\/1950-1969\/L1711.htm\" target=\"_blank\"><font color=\"blue\">Lei n\u00ba 1.711 de 28.10.52<\/font><\/a><\/u>, Estatuto dos Funcion\u00e1rios P\u00fablicos Civis da Uni\u00e3o, que assim estabelece:<\/p>\r\n<p>- \"Ao funcion\u00e1rio estudante ser\u00e1 permitido faltar ao servi\u00e7o, sem preju\u00edzo dos vencimentos ou outras vantagens, nos dias de prova ou exame\";<\/p>\r\n<p>- Considerando o disposto no Manual do Servidor Celetista\/UFSM, p\u00e1gina 55, que permite ao servidor faltar ao servi\u00e7o em dia de prova;<\/p>\r\n<p>- Considerando a necessidade de dar tratamento equ\u00e2nime entre os regimes estatut\u00e1rio e celetista;<\/p>\r\n<br>\r\n<p><div align=\"center\">RESOLVE:<\/div><\/p>\r\n<br>\r\n<p>Expedir a presente Resolu\u00e7\u00e3o, para estabelecer o que segue:<\/p>\r\n<p>1. Al\u00e9m do servidor estudante de Curso Superior, amparado pela Resolu\u00e7\u00e3o 20\/83, os demais poder\u00e3o faltar ao servi\u00e7o nos dias de prova para Concurso P\u00fablico, Concurso Vestibular e Provas ou Exames de Ensino de 1\u00ba, 2\u00ba e 3\u00ba Grau ou P\u00f3s-Gradua\u00e7\u00e3o que frequentar.<\/p>\r\n<p>2. A autoriza\u00e7\u00e3o de falta, em ambos os casos refere-se exclusivamente ao per\u00edodo da Prova ou Exame, ou seja, manh\u00e3, tarde ou noite.<\/p>\r\n<p>3. Dever\u00e1 haver um planejamento pr\u00e9vio no setor em que o servidor estiver lotado, para que nos dias de prova, a sua aus\u00eancia n\u00e3o acarrete solu\u00e7\u00e3o de continuidade \u00e0s atividades desse \u00d3rg\u00e3o.<\/p>\r\n<p>4. Para auferir este direito o servidor dever\u00e1 requerer antecipadamente a sua Chefia Imediata e, comprovar, posteriormente, que esteve realizando prova no dia de sua aus\u00eancia ao servi\u00e7o.<\/p>\r\n<p>5. Na folha de frequ\u00eancia mensal, remetida ao Departamento de Pessoal, esses dias dever\u00e3o ser considerados como de efetivo exerc\u00edcio.<\/p>\r\n<p>6. Fica revogada a Resolu\u00e7\u00e3o 13\/85.<\/p>\r\n<p>GABINETE DO REITOR DA UNIVERSIDADE FEDERAL DE SANTA MARIA, aos tr\u00eas dias do m\u00eas de setembro de 1986.<\/p>\r\n<\/div>\r\n<p>Prof. GILBERTO AQUINO BENETTI,<\/p>\r\n<p>Reitor.<\/p>\r\n<\/s>\r\n<p><font color=\"red0000\">Este texto n\u00e3o substitui o documento original, publicado no Portal de Documentos.<\/font> Dispon\u00edvel em: <a href=\"https:\/\/portal.ufsm.br\/documentos\/publico\/documento.html?id=5735973\" target=\"_blank\"><font color=\"blue\">https:\/\/portal.ufsm.br\/documentos\/publico\/documento.html?id=5735973<\/font><\/a>\r\n\r\n\t\t<\/div>\n\t\t\t\t<\/div>\n\t\t\t\t\t<\/div>\n\t\t<\/div>\n\t\t\t\t\t<\/div>\n\t\t<\/section>\n\t\t\t\t<\/div>\n\t\t","protected":false},"excerpt":{"rendered":"<p>RESOLU\u00c7\u00c3O N. 012\/1986 SERVI\u00c7O P\u00daBLICO FEDERAL RESOLU\u00c7\u00c3O N. 012\/1986 (Revogada pela Resolu\u00e7\u00e3o UFSM N. 100\/2022) O REITOR DA UNIVERSIDADE FEDERAL DE SANTA MARIA, no uso de suas atribui\u00e7\u00f5es legais e estatut\u00e1rias e, Considerando o disposto no Par\u00e1grafo \u00danico do Art. 158 da Lei n\u00ba 1.711 de 28.10.52, Estatuto dos Funcion\u00e1rios P\u00fablicos Civis da Uni\u00e3o, que [&hellip;]<\/p>\n","protected":false},"author":205,"featured_media":0,"parent":0,"menu_order":0,"comment_status":"closed","ping_status":"closed","template":"","meta":{"footnotes":""},"categories":[],"tags":[],"class_list":["post-3638","page","type-page","status-publish","hentry"],"acf":[],"_links":{"self":[{"href":"https:\/\/www.ufsm.br\/pro-reitorias\/proplan\/wp-json\/wp\/v2\/pages\/3638","targetHints":{"allow":["GET"]}}],"collection":[{"href":"https:\/\/www.ufsm.br\/pro-reitorias\/proplan\/wp-json\/wp\/v2\/pages"}],"about":[{"href":"https:\/\/www.ufsm.br\/pro-reitorias\/proplan\/wp-json\/wp\/v2\/types\/page"}],"author":[{"embeddable":true,"href":"https:\/\/www.ufsm.br\/pro-reitorias\/proplan\/wp-json\/wp\/v2\/users\/205"}],"replies":[{"embeddable":true,"href":"https:\/\/www.ufsm.br\/pro-reitorias\/proplan\/wp-json\/wp\/v2\/comments?post=3638"}],"version-history":[{"count":0,"href":"https:\/\/www.ufsm.br\/pro-reitorias\/proplan\/wp-json\/wp\/v2\/pages\/3638\/revisions"}],"wp:attachment":[{"href":"https:\/\/www.ufsm.br\/pro-reitorias\/proplan\/wp-json\/wp\/v2\/media?parent=3638"}],"wp:term":[{"taxonomy":"category","embeddable":true,"href":"https:\/\/www.ufsm.br\/pro-reitorias\/proplan\/wp-json\/wp\/v2\/categories?post=3638"},{"taxonomy":"post_tag","embeddable":true,"href":"https:\/\/www.ufsm.br\/pro-reitorias\/proplan\/wp-json\/wp\/v2\/tags?post=3638"}],"curies":[{"name":"wp","href":"https:\/\/api.w.org\/{rel}","templated":true}]}}