{"id":3639,"date":"2020-04-27T17:32:42","date_gmt":"2020-04-27T20:32:42","guid":{"rendered":"https:\/\/www.ufsm.br\/pro-reitorias\/proplan\/?page_id=3639"},"modified":"2020-04-27T17:34:40","modified_gmt":"2020-04-27T20:34:40","slug":"resolucao-n-013-1986","status":"publish","type":"page","link":"https:\/\/www.ufsm.br\/pro-reitorias\/proplan\/resolucao-n-013-1986","title":{"rendered":"Resolu\u00e7\u00e3o N. 013\/1986"},"content":{"rendered":"\t\t<div data-elementor-type=\"wp-page\" data-elementor-id=\"3639\" class=\"elementor elementor-3639\">\n\t\t\t\t\t\t<section class=\"elementor-section elementor-top-section elementor-element elementor-element-a2e553b elementor-section-boxed elementor-section-height-default elementor-section-height-default\" data-id=\"a2e553b\" data-element_type=\"section\">\n\t\t\t\t\t\t<div class=\"elementor-container elementor-column-gap-default\">\n\t\t\t\t\t<div class=\"elementor-column elementor-col-100 elementor-top-column elementor-element elementor-element-6dafc04\" data-id=\"6dafc04\" data-element_type=\"column\">\n\t\t\t<div class=\"elementor-widget-wrap elementor-element-populated\">\n\t\t\t\t\t\t<div class=\"elementor-element elementor-element-9eb096a elementor-widget elementor-widget-html\" data-id=\"9eb096a\" data-element_type=\"widget\" data-widget_type=\"html.default\">\n\t\t\t\t<div class=\"elementor-widget-container\">\n\t\t\t\r\n\r\n\r\n<title><b>RESOLU\u00c7\u00c3O N. 013\/1986<\/b><\/title>\r\n\r\n\r\n<div align=\"center\"><img decoding=\"async\" src=\"https:\/\/www.ufsm.br\/pro-reitorias\/proplan\/wp-content\/uploads\/sites\/344\/2019\/09\/brasao-da-republica-do-brasil-logo.png\" alt=\"Bras\u00e3o Rep\u00fablica Federativa do Brasil\" width=\"6%\" height=\"6%\"><\/div>    \r\n<h1><font color=\"blue\"><font size=\"5\"><div align=\"center\">SERVI\u00c7O P\u00daBLICO FEDERAL<\/b><\/font><\/font><\/div><\/H1>\r\n<p><div align=\"center\"><b><a href=\"https:\/\/portal.ufsm.br\/documentos\/publico\/documento.html?id=5769627\" target=\"_blank\"><font color=\"blue\">RESOLU\u00c7\u00c3O N. 013\/1986<\/font><\/a><\/b><\/div><\/p>\r\n<br>\r\n<strike><p><div align=\"right\"><font color=\"800000\">Adita procedimentos vinculados aos Restaurantes Universit\u00e1rios em complemento \u00e0 Resolu\u00e7\u00e3o n\u00ba 006\/86.<\/font><\/div><\/p><\/strike>\r\n<br>\r\n<p><u><a href=\"https:\/\/www.ufsm.br\/pro-reitorias\/proplan\/resolucao-n-008-2020\/\" target=\"_blank\"><font color=\"blue\">Revogada pela Resolu\u00e7\u00e3o N. 008\/2020<\/font><\/a><\/u><\/p>\r\n<p><u><a href=\"https:\/\/www.ufsm.br\/pro-reitorias\/proplan\/resolucao-n-032-1988\/\" target=\"_blank\"><font color=\"blue\">Alterada pela Resolu\u00e7\u00e3o N. 032\/1988<\/font><\/a><\/u><\/p>\r\n<br>\r\n<br><div align=\"justify\">\r\n<strike>\r\n<p>O REITOR DA UNIVERSIDADE FEDERAL DE SANTA MARIA, no uso de suas atribui\u00e7\u00f5es legais e estatut\u00e1rias e de acordo com o decidido e aprovado na 3852 Sess\u00e3o do Egr\u00e9gio Conselho Universit\u00e1rio:<\/p>\r\n<br>\r\n<p><div align=\"center\">RESOLVE:<\/div><\/p>\r\n<br>\r\n<p>Art. 1\u00ba - O funcionamento dos Restaurantes Universit\u00e1rios ser\u00e1 mantido de acordo com as restri\u00e7\u00f5es emergenciais normatizadas pela Resolu\u00e7\u00e3o n\u00ba 006\/86, aditando-se as seguintes decis\u00f5es referentes exclusivamente aos Cursos sediados e os com maior parte do curr\u00edculo regular ministrado na cidade:<\/p>\r\n<p>a) Os alunos n\u00e3o carentes dos Cursos de Administra\u00e7\u00e3o, Arquivologia, Direito, Geografia, Hist\u00f3ria e Odontologia o ter\u00e3o direito ao almo\u00e7o no Restaurante Universit\u00e1rio Centro;<\/p>\r\n<p>b) Os alunos n\u00e3o carentes dos Cursos de Ci\u00eancias Cont\u00e1beis e Economia, ter\u00e3o direito ao jantar no Restaurante Universit\u00e1rio Centro;<\/p>\r\n<p>c) Permanece expressamente vedada a utiliza\u00e7\u00e3o dos Restaurantes Universit\u00e1rios por servidores T\u00e9cnico-Administrativos de N\u00edvel Superior e pelos Professores.<\/p>\r\n<p>Art. 2\u00ba - Haver\u00e1 rigorosa e consistente fiscaliza\u00e7\u00e3o, cabendo aos usu\u00e1rios parcela de contribui\u00e7\u00e3o, sendo adotado o seguinte procedimento complementar \u00e0s normas do item b, do art. 3\u00ba da Resolu\u00e7\u00e3o n\u00ba 006\/86:<\/p>\r\n<p>- \"Ao usu\u00e1rio n\u00e3o carente, abrangido pela presente norma complementar, caber\u00e1 comprovar sua vincula\u00e7\u00e3o ao respectivo Curso, conforme a indica\u00e7\u00e3o do artigo anterior\u201d.<\/p>\r\n<p>GABINETE DO REITOR DA UNIVERSIDADE FEDERAL DE SANTA MARIA, aos dezoito dias do m\u00eas de setembro de mil nove centos e oitenta e seis.<\/p>\r\n<\/div>\r\n<p>Prof. GILBERTO AQUINO BENETTI,<\/p>\r\n<p>Reitor.<\/p>\r\n<\/strike>\r\n<p><font color=\"red0000\">Este texto n\u00e3o substitui o documento original, publicado no Portal de Documentos.<\/font> Dispon\u00edvel em: <a href=\"https:\/\/portal.ufsm.br\/documentos\/publico\/documento.html?id=5769627\" target=\"_blank\"><font color=\"blue\">https:\/\/portal.ufsm.br\/documentos\/publico\/documento.html?id=5769627<\/font><\/a>\r\n\r\n\t\t<\/div>\n\t\t\t\t<\/div>\n\t\t\t\t\t<\/div>\n\t\t<\/div>\n\t\t\t\t\t<\/div>\n\t\t<\/section>\n\t\t\t\t<\/div>\n\t\t","protected":false},"excerpt":{"rendered":"<p>RESOLU\u00c7\u00c3O N. 013\/1986 SERVI\u00c7O P\u00daBLICO FEDERAL RESOLU\u00c7\u00c3O N. 013\/1986 Adita procedimentos vinculados aos Restaurantes Universit\u00e1rios em complemento \u00e0 Resolu\u00e7\u00e3o n\u00ba 006\/86. Revogada pela Resolu\u00e7\u00e3o N. 008\/2020 Alterada pela Resolu\u00e7\u00e3o N. 032\/1988 O REITOR DA UNIVERSIDADE FEDERAL DE SANTA MARIA, no uso de suas atribui\u00e7\u00f5es legais e estatut\u00e1rias e de acordo com o decidido e aprovado [&hellip;]<\/p>\n","protected":false},"author":205,"featured_media":0,"parent":0,"menu_order":0,"comment_status":"closed","ping_status":"closed","template":"","meta":{"footnotes":""},"categories":[],"tags":[],"class_list":["post-3639","page","type-page","status-publish","hentry"],"acf":[],"_links":{"self":[{"href":"https:\/\/www.ufsm.br\/pro-reitorias\/proplan\/wp-json\/wp\/v2\/pages\/3639","targetHints":{"allow":["GET"]}}],"collection":[{"href":"https:\/\/www.ufsm.br\/pro-reitorias\/proplan\/wp-json\/wp\/v2\/pages"}],"about":[{"href":"https:\/\/www.ufsm.br\/pro-reitorias\/proplan\/wp-json\/wp\/v2\/types\/page"}],"author":[{"embeddable":true,"href":"https:\/\/www.ufsm.br\/pro-reitorias\/proplan\/wp-json\/wp\/v2\/users\/205"}],"replies":[{"embeddable":true,"href":"https:\/\/www.ufsm.br\/pro-reitorias\/proplan\/wp-json\/wp\/v2\/comments?post=3639"}],"version-history":[{"count":0,"href":"https:\/\/www.ufsm.br\/pro-reitorias\/proplan\/wp-json\/wp\/v2\/pages\/3639\/revisions"}],"wp:attachment":[{"href":"https:\/\/www.ufsm.br\/pro-reitorias\/proplan\/wp-json\/wp\/v2\/media?parent=3639"}],"wp:term":[{"taxonomy":"category","embeddable":true,"href":"https:\/\/www.ufsm.br\/pro-reitorias\/proplan\/wp-json\/wp\/v2\/categories?post=3639"},{"taxonomy":"post_tag","embeddable":true,"href":"https:\/\/www.ufsm.br\/pro-reitorias\/proplan\/wp-json\/wp\/v2\/tags?post=3639"}],"curies":[{"name":"wp","href":"https:\/\/api.w.org\/{rel}","templated":true}]}}