{"id":3649,"date":"2020-04-29T13:05:15","date_gmt":"2020-04-29T16:05:15","guid":{"rendered":"https:\/\/www.ufsm.br\/pro-reitorias\/proplan\/?page_id=3649"},"modified":"2020-04-29T13:11:09","modified_gmt":"2020-04-29T16:11:09","slug":"resolucao-n-005-1985","status":"publish","type":"page","link":"https:\/\/www.ufsm.br\/pro-reitorias\/proplan\/resolucao-n-005-1985","title":{"rendered":"Resolu\u00e7\u00e3o N. 005\/1985"},"content":{"rendered":"\t\t<div data-elementor-type=\"wp-page\" data-elementor-id=\"3649\" class=\"elementor elementor-3649\">\n\t\t\t\t\t\t<section class=\"elementor-section elementor-top-section elementor-element elementor-element-c9ca3cc elementor-section-boxed elementor-section-height-default elementor-section-height-default\" data-id=\"c9ca3cc\" data-element_type=\"section\">\n\t\t\t\t\t\t<div class=\"elementor-container elementor-column-gap-default\">\n\t\t\t\t\t<div class=\"elementor-column elementor-col-100 elementor-top-column elementor-element elementor-element-9a615e5\" data-id=\"9a615e5\" data-element_type=\"column\">\n\t\t\t<div class=\"elementor-widget-wrap elementor-element-populated\">\n\t\t\t\t\t\t<div class=\"elementor-element elementor-element-54d0d80 elementor-widget elementor-widget-html\" data-id=\"54d0d80\" data-element_type=\"widget\" data-widget_type=\"html.default\">\n\t\t\t\t<div class=\"elementor-widget-container\">\n\t\t\t\r\n\r\n\r\n<title><b>RESOLU\u00c7\u00c3O N. 005\/1985<\/b><\/title>\r\n\r\n\r\n<div align=\"center\"><img decoding=\"async\" src=\"https:\/\/www.ufsm.br\/pro-reitorias\/proplan\/wp-content\/uploads\/sites\/344\/2019\/09\/brasao-da-republica-do-brasil-logo.png\" alt=\"Bras\u00e3o Rep\u00fablica Federativa do Brasil\" width=\"6%\" height=\"6%\"><\/div>    \r\n<h1><font color=\"blue\"><font size=\"5\"><div align=\"center\">SERVI\u00c7O P\u00daBLICO FEDERAL<\/b><\/font><\/font><\/div><\/H1>\r\n<p><div align=\"center\"><b><a href=\"https:\/\/portal.ufsm.br\/documentos\/publico\/documento.html?id=5761872\" target=\"_blank\"><font color=\"blue\">RESOLU\u00c7\u00c3O N. 005\/1985<\/font><\/a><\/b><\/div><\/p>\r\n<br>\r\n<strike><p><div align=\"right\"><font color=\"800000\">Institui a Comiss\u00e3o Especial que dever\u00e1 definir a Pol\u00edtica de Pessoal Docente da Universidade Federal de Santa Marta e d\u00e1 outras provid\u00eancias.<\/font><\/div><\/p><\/strike>\r\n<br>\r\n<p><u><a href=\"https:\/\/www.ufsm.br\/pro-reitorias\/proplan\/resolucao-n-020-2019\/\" target=\"_blank\"><font color=\"blue\">Revogada pela Resolu\u00e7\u00e3o N. 020\/2019<\/font><\/a><\/u><\/p>\r\n<br>\r\n<br><div align=\"justify\">\r\n<strike>\r\n<p>O REITOR DA UNIVERSIDADE FEDERAL DE SANTA MARIA, no uso de suas atribui\u00e7\u00f5es legais e estatut\u00e1rias, e<\/p>\r\n<p>- considerando a iniciativa da Douta Comiss\u00e3o Permanente de Pessoal Docente ao solicitar ao Colendo Conselho de Ensino, Pesquisa e Extens\u00e3o diretrizes que possibilitem o surgimento de prioridades a n\u00edvel do universo da Institui\u00e7\u00e3o;<\/p>\r\n<p>- considerando que na Universidade Federal de Santa Maria n\u00e3o existe uma pol\u00edtica de prioridades nas \u00e1reas de ensino, corporificada, capaz de definir as necessidades inadi\u00e1veis de distribui\u00e7\u00e3o do regime de trabalho dos docentes da Institui\u00e7\u00e3o, e<\/p>\r\n<p>- considerando a decis\u00e3o do Colendo Conselho de Ensino, Pesquisa e Extens\u00e3o acolhendo a manifesta\u00e7\u00e3o da Douta Comiss\u00e3o de Pessoal Docente, adotada em sua em sua 274\u00aa reuni\u00e3o, realizada a 30 de maio do ano corrente,<\/p>\r\n<br>\r\n<p><div align=\"center\">RESOLVE:<\/div><\/p>\r\n<br>\r\n<p>Art. 1\u00ba - \u00c9 institu\u00edda na Universidade Federal de Santa Maria a Comiss\u00e3o Especial que dever\u00e1 definir a Pol\u00edtica de Pessoal Docente da Institui\u00e7\u00e3o, em acordo com a decis\u00e3o do Colendo Conselho de Ensino, Pesquisa e Extens\u00e3o, adotada 274\u00aa reuni\u00e3o, realizada no dia 30\/04\/1985.<\/p>\r\n<p>Art. 2\u00ba - Essa Comiss\u00e3o, eleita pelo CEPE, \u00e9 integrada pelos seguintes Professores: Ayrton Fiqueiredo Martins Carlos Alessio Rossato, Elony Terezinha Cerezer Martins, Elvira Kersting Machado e Renan Maximiliano Sampedro, cuja presid\u00eancia dever\u00e1 ser eleita por seus membros, diretamente.<\/p>\r\n<p>Art. 3\u00ba - A comiss\u00e3o mencionada no art. 2\u00ba tem o prazo de 06 (seis) meses, a contar desta data, para apresentar o plano de Pol\u00edtica de Pessoal Docente da UFSM.<\/p>\r\n<p>Art. 4\u00ba - Esta Resolu\u00e7\u00e3o entra em vigor nesta data, revogadas as disposi\u00e7\u00f5es em contr\u00e1rio.<\/p>\r\n<p>Gabinete do Reitor da Universidade Federal de Santa Maria, aos dois dias do m\u00eas de maio do ano de mil novecentos e oitenta e cinco.<\/p>\r\n<\/div>\r\n<p>Prof. Prof. Armando Vallandro,<\/p>\r\n<p>Reitor.<\/p>\r\n<\/strike>\r\n<p><font color=\"red0000\">Este texto n\u00e3o substitui o documento original, publicado no Portal de Documentos.<\/font> Dispon\u00edvel em: <a href=\"https:\/\/portal.ufsm.br\/documentos\/publico\/documento.html?id=5761872\" target=\"_blank\"><font color=\"blue\">https:\/\/portal.ufsm.br\/documentos\/publico\/documento.html?id=5761872<\/font><\/a>\r\n\r\n\t\t<\/div>\n\t\t\t\t<\/div>\n\t\t\t\t\t<\/div>\n\t\t<\/div>\n\t\t\t\t\t<\/div>\n\t\t<\/section>\n\t\t\t\t<\/div>\n\t\t","protected":false},"excerpt":{"rendered":"<p>RESOLU\u00c7\u00c3O N. 005\/1985 SERVI\u00c7O P\u00daBLICO FEDERAL RESOLU\u00c7\u00c3O N. 005\/1985 Institui a Comiss\u00e3o Especial que dever\u00e1 definir a Pol\u00edtica de Pessoal Docente da Universidade Federal de Santa Marta e d\u00e1 outras provid\u00eancias. Revogada pela Resolu\u00e7\u00e3o N. 020\/2019 O REITOR DA UNIVERSIDADE FEDERAL DE SANTA MARIA, no uso de suas atribui\u00e7\u00f5es legais e estatut\u00e1rias, e &#8211; considerando [&hellip;]<\/p>\n","protected":false},"author":205,"featured_media":0,"parent":0,"menu_order":0,"comment_status":"closed","ping_status":"closed","template":"","meta":{"footnotes":""},"categories":[],"tags":[],"class_list":["post-3649","page","type-page","status-publish","hentry"],"acf":[],"_links":{"self":[{"href":"https:\/\/www.ufsm.br\/pro-reitorias\/proplan\/wp-json\/wp\/v2\/pages\/3649","targetHints":{"allow":["GET"]}}],"collection":[{"href":"https:\/\/www.ufsm.br\/pro-reitorias\/proplan\/wp-json\/wp\/v2\/pages"}],"about":[{"href":"https:\/\/www.ufsm.br\/pro-reitorias\/proplan\/wp-json\/wp\/v2\/types\/page"}],"author":[{"embeddable":true,"href":"https:\/\/www.ufsm.br\/pro-reitorias\/proplan\/wp-json\/wp\/v2\/users\/205"}],"replies":[{"embeddable":true,"href":"https:\/\/www.ufsm.br\/pro-reitorias\/proplan\/wp-json\/wp\/v2\/comments?post=3649"}],"version-history":[{"count":0,"href":"https:\/\/www.ufsm.br\/pro-reitorias\/proplan\/wp-json\/wp\/v2\/pages\/3649\/revisions"}],"wp:attachment":[{"href":"https:\/\/www.ufsm.br\/pro-reitorias\/proplan\/wp-json\/wp\/v2\/media?parent=3649"}],"wp:term":[{"taxonomy":"category","embeddable":true,"href":"https:\/\/www.ufsm.br\/pro-reitorias\/proplan\/wp-json\/wp\/v2\/categories?post=3649"},{"taxonomy":"post_tag","embeddable":true,"href":"https:\/\/www.ufsm.br\/pro-reitorias\/proplan\/wp-json\/wp\/v2\/tags?post=3649"}],"curies":[{"name":"wp","href":"https:\/\/api.w.org\/{rel}","templated":true}]}}