{"id":3651,"date":"2020-04-29T13:05:24","date_gmt":"2020-04-29T16:05:24","guid":{"rendered":"https:\/\/www.ufsm.br\/pro-reitorias\/proplan\/?page_id=3651"},"modified":"2025-10-01T12:52:37","modified_gmt":"2025-10-01T15:52:37","slug":"resolucao-n-007-1985","status":"publish","type":"page","link":"https:\/\/www.ufsm.br\/pro-reitorias\/proplan\/resolucao-n-007-1985","title":{"rendered":"Resolu\u00e7\u00e3o N. 007\/1985"},"content":{"rendered":"\t\t<div data-elementor-type=\"wp-page\" data-elementor-id=\"3651\" class=\"elementor elementor-3651\">\n\t\t\t\t\t\t<section class=\"elementor-section elementor-top-section elementor-element elementor-element-1cfd654 elementor-section-boxed elementor-section-height-default elementor-section-height-default\" data-id=\"1cfd654\" data-element_type=\"section\">\n\t\t\t\t\t\t<div class=\"elementor-container elementor-column-gap-default\">\n\t\t\t\t\t<div class=\"elementor-column elementor-col-100 elementor-top-column elementor-element elementor-element-4912e2a\" data-id=\"4912e2a\" data-element_type=\"column\">\n\t\t\t<div class=\"elementor-widget-wrap elementor-element-populated\">\n\t\t\t\t\t\t<div class=\"elementor-element elementor-element-6b4a767 elementor-widget elementor-widget-html\" data-id=\"6b4a767\" data-element_type=\"widget\" data-widget_type=\"html.default\">\n\t\t\t\t<div class=\"elementor-widget-container\">\n\t\t\t<br><div align=\"justify\"><font color=\"black\">\r\n<div align=\"center\">\r\n<img decoding=\"async\" src=\"https:\/\/www.ufsm.br\/pro-reitorias\/proplan\/wp-content\/uploads\/sites\/344\/2019\/09\/brasao-da-republica-do-brasil-logo.png\" alt=\"Bras\u00e3o Rep\u00fablica Federativa do Brasil\" width=\"6%\" height=\"6%\" style=\"text-align: justify\">\r\n<\/div>    \r\n<h1 style=\"text-align: justify\">\r\n<font color=\"blue\">\r\n<font size=\"5\">\r\n<\/font>\r\n<\/font>\r\n<div align=\"center\">\r\n<font color=\"blue\" style=\"text-align: justify\">\r\n<font size=\"5\">SERVI\u00c7O P\u00daBLICO FEDERAL<\/font>\r\n<\/font>\r\n<\/div>\r\n<\/h1>\r\n<p>\r\n<\/p>\r\n<div align=\"center\">\r\n<b style=\"text-align: justify\">\r\n<a href=\"https:\/\/portal.ufsm.br\/documentos\/publico\/documento.html?id=5761927\" style=\"color: blue !important;text-decoration: underline !important\" data-elementor-preserved=\"true\" target=\"_blank\">\r\n<font color=\"blue\">RESOLU\u00c7\u00c3O N. 007\/1985<\/font>\r\n<\/a>\r\n<\/b>\r\n<\/div>\r\n<p>\r\n<\/p>\r\n<br>\r\n<p>\r\n<\/p>\r\n<div align=\"right\">\r\n<font color=\"800000\" style=\"text-align: justify\">Implanta, oficialmente, no Centro de Educa\u00e7\u00e3o, como \u00d3rg\u00e3o Suplementar, o Laborat\u00f3rio de Ensino e Instru\u00e7\u00e3o, LEICE, e d\u00e1 outras provid\u00eancias.<\/font>\r\n<\/div>\r\n<p>\r\n<\/p>\r\n<div>\r\n<br>\r\n<\/div>Revogada pela <a href=\"https:\/\/www.ufsm.br\/pro-reitorias\/proplan\/resolucao-ufsm-n-231-2025\" style=\"color: blue !important;text-decoration: underline !important\" data-elementor-preserved=\"true\">Resolu\u00e7\u00e3o UFSM N. 231\/2025<\/a>\r\n<br>\r\n<br>\r\n<div align=\"justify\">\r\n<p>\r\n<strike>\r\n<b>O REITOR DA UNIVERSIDADE FEDERAL DE SANTA MARIA<\/b>, no uso de suas atribui\u00e7\u00f5es legais e estatut\u00e1rias, e presente a decis\u00e3o unanime do Egr\u00e9gio Conselho Universit\u00e1rio, adotada em sua 360\u00aa sess\u00e3o, de 03\/04\/85, frente ao constante no Parecer n\u00ba 05\/85 da Comiss\u00e3o de Legisla\u00e7\u00e3o e Regimento, e,<\/strike>\r\n<\/p>\r\n<p>\r\n<strike>- considerando a conveni\u00eancia de melhorar constantemente o processo de ensino-aprendizagem pela atualiza\u00e7\u00e3o de recursos t\u00e9cnicos e aplica\u00e7\u00e3o da Tecnologia Educacional;<\/strike>\r\n<\/p>\r\n<p>\r\n<strike>- considerando a necessidade de oportunizar aos alunos do Programa de Mestrado, na disciplina de Tecnologia Educacional, conhecimento t\u00e9cnico e aplica\u00e7\u00e3o pratica da referida disciplina na educa\u00e7\u00e3o;<\/strike>\r\n<\/p>\r\n<p>\r\n<strike>- considerando a conveni\u00eancia de proporcionar aos discentes da Gradua\u00e7\u00e3o apresenta\u00e7\u00f5es de programa\u00e7\u00f5es instrucionais e facilitadoras da aprendizagem;<\/strike>\r\n<\/p>\r\n<p>\r\n<strike>- considerando a validade de assessoramento de docentes do Centro de Educa\u00e7\u00e3o e da UFSN na produ\u00e7\u00e3o e elabora\u00e7\u00e3o de materiais instrucionais;<\/strike>\r\n<\/p>\r\n<p>\r\n<strike>- considerando a necessidade da realiza\u00e7\u00e3o de pesquisas que se relacionem ao uso de metodologia e tecnologia diretamente vinculadas \u00e0 Tecnologia Educacional; e<\/strike>\r\n<\/p>\r\n<p>\r\n<strike>- considerando a validade de atender-se solicita\u00e7\u00f5es da comunidade \u00e0 medida em que for se desenvolvendo a capacidade de atendimento,<\/strike>\r\n<\/p>\r\n<strike>\r\n<br>\r\n<\/strike>\r\n<p>\r\n<\/p>\r\n<div align=\"center\">\r\n<strike>RESOLVE:<\/strike>\r\n<\/div>\r\n<p>\r\n<\/p>\r\n<strike>\r\n<br>\r\n<\/strike>\r\n<p>\r\n<strike>Art. 1\u00ba - Fica implantado, oficialmente, no Centro de Educa\u00e7\u00e3o da Universidade Federal de Santa Maria, o Laborat\u00f3rio de Ensino e Instru\u00e7\u00e3o-LEICE.<\/strike>\r\n<\/p>\r\n<p>\r\n<strike>Art. 2\u00ba - O Laborat\u00f3rio de Ensino e Instru\u00e7\u00e3o-LEICE, enquanto vigir o atual Estatuto da Universidade Federal de Santa Maria, se constituir\u00e1 em \u00d3rg\u00e3o Suplementar do Centro de Educa\u00e7\u00e3o.<\/strike>\r\n<\/p>\r\n<p>\r\n<strike>Art. 3\u00ba - A presente Resolu\u00e7\u00e3o entra em vigor nesta data, revogada a de <a href=\"https:\/\/www.ufsm.br\/pro-reitorias\/proplan\/resolucao-n-004-1985\/\" style=\"color: blue !important;text-decoration: underline !important\" data-elementor-preserved=\"true\" target=\"_blank\">\r\n<font color=\"blue\">n\u00ba 004\/85, de 29 de abril de 1985<\/font>\r\n<\/a>.<\/strike>\r\n<\/p>\r\n<p>\r\n<strike>GABINETE DO REITOR DA UNIVERSIDADE FEDERAL DE SANTA MARIA, 17 DE JUNHO DE 1985.<\/strike>\r\n<\/p>\r\n<\/div>\r\n<p>\r\n<strike>Prof. Prof. Armando Vallandro,<\/strike>\r\n<\/p>\r\n<p>\r\n<strike>Reitor.<\/strike>\r\n<\/p>\r\n<p>\r\n<strike>\r\n<font color=\"red0000\">Este texto n\u00e3o substitui o documento original, publicado no Portal de Documentos.<\/font> Dispon\u00edvel em: <a href=\"https:\/\/portal.ufsm.br\/documentos\/publico\/documento.html?id=5761927\" style=\"color: blue !important;text-decoration: underline !important\" data-elementor-preserved=\"true\" target=\"_blank\">\r\n<font color=\"blue\">https:\/\/portal.ufsm.br\/documentos\/publico\/documento.html?id=5761927<\/font>\r\n<\/a>\r\n<\/strike>\r\n<\/p>\r\n<\/font><\/div>\t\t<\/div>\n\t\t\t\t<\/div>\n\t\t\t\t\t<\/div>\n\t\t<\/div>\n\t\t\t\t\t<\/div>\n\t\t<\/section>\n\t\t\t\t<\/div>\n\t\t","protected":false},"excerpt":{"rendered":"<p>SERVI\u00c7O P\u00daBLICO FEDERAL RESOLU\u00c7\u00c3O N. 007\/1985 Implanta, oficialmente, no Centro de Educa\u00e7\u00e3o, como \u00d3rg\u00e3o Suplementar, o Laborat\u00f3rio de Ensino e Instru\u00e7\u00e3o, LEICE, e d\u00e1 outras provid\u00eancias. Revogada pela Resolu\u00e7\u00e3o UFSM N. 231\/2025 O REITOR DA UNIVERSIDADE FEDERAL DE SANTA MARIA, no uso de suas atribui\u00e7\u00f5es legais e estatut\u00e1rias, e presente a decis\u00e3o unanime do Egr\u00e9gio [&hellip;]<\/p>\n","protected":false},"author":205,"featured_media":0,"parent":0,"menu_order":0,"comment_status":"closed","ping_status":"closed","template":"","meta":{"footnotes":""},"categories":[],"tags":[],"class_list":["post-3651","page","type-page","status-publish","hentry"],"acf":[],"_links":{"self":[{"href":"https:\/\/www.ufsm.br\/pro-reitorias\/proplan\/wp-json\/wp\/v2\/pages\/3651","targetHints":{"allow":["GET"]}}],"collection":[{"href":"https:\/\/www.ufsm.br\/pro-reitorias\/proplan\/wp-json\/wp\/v2\/pages"}],"about":[{"href":"https:\/\/www.ufsm.br\/pro-reitorias\/proplan\/wp-json\/wp\/v2\/types\/page"}],"author":[{"embeddable":true,"href":"https:\/\/www.ufsm.br\/pro-reitorias\/proplan\/wp-json\/wp\/v2\/users\/205"}],"replies":[{"embeddable":true,"href":"https:\/\/www.ufsm.br\/pro-reitorias\/proplan\/wp-json\/wp\/v2\/comments?post=3651"}],"version-history":[{"count":0,"href":"https:\/\/www.ufsm.br\/pro-reitorias\/proplan\/wp-json\/wp\/v2\/pages\/3651\/revisions"}],"wp:attachment":[{"href":"https:\/\/www.ufsm.br\/pro-reitorias\/proplan\/wp-json\/wp\/v2\/media?parent=3651"}],"wp:term":[{"taxonomy":"category","embeddable":true,"href":"https:\/\/www.ufsm.br\/pro-reitorias\/proplan\/wp-json\/wp\/v2\/categories?post=3651"},{"taxonomy":"post_tag","embeddable":true,"href":"https:\/\/www.ufsm.br\/pro-reitorias\/proplan\/wp-json\/wp\/v2\/tags?post=3651"}],"curies":[{"name":"wp","href":"https:\/\/api.w.org\/{rel}","templated":true}]}}