{"id":3653,"date":"2020-04-29T13:18:24","date_gmt":"2020-04-29T16:18:24","guid":{"rendered":"https:\/\/www.ufsm.br\/pro-reitorias\/proplan\/?page_id=3653"},"modified":"2023-12-26T14:57:33","modified_gmt":"2023-12-26T17:57:33","slug":"resolucao-n-009-1985","status":"publish","type":"page","link":"https:\/\/www.ufsm.br\/pro-reitorias\/proplan\/resolucao-n-009-1985","title":{"rendered":"Resolu\u00e7\u00e3o N. 009\/1985"},"content":{"rendered":"\t\t<div data-elementor-type=\"wp-page\" data-elementor-id=\"3653\" class=\"elementor elementor-3653\">\n\t\t\t\t\t\t<section class=\"elementor-section elementor-top-section elementor-element elementor-element-449a745 elementor-section-boxed elementor-section-height-default elementor-section-height-default\" data-id=\"449a745\" data-element_type=\"section\">\n\t\t\t\t\t\t<div class=\"elementor-container elementor-column-gap-default\">\n\t\t\t\t\t<div class=\"elementor-column elementor-col-100 elementor-top-column elementor-element elementor-element-71b4178\" data-id=\"71b4178\" data-element_type=\"column\">\n\t\t\t<div class=\"elementor-widget-wrap elementor-element-populated\">\n\t\t\t\t\t\t<div class=\"elementor-element elementor-element-f2dedf8 elementor-widget elementor-widget-html\" data-id=\"f2dedf8\" data-element_type=\"widget\" data-widget_type=\"html.default\">\n\t\t\t\t<div class=\"elementor-widget-container\">\n\t\t\t\r\n\r\n\r\n<title><b>RESOLU\u00c7\u00c3O N. 009\/1985<\/b><\/title>\r\n\r\n\r\n<div align=\"center\"><img decoding=\"async\" src=\"https:\/\/www.ufsm.br\/pro-reitorias\/proplan\/wp-content\/uploads\/sites\/344\/2019\/09\/brasao-da-republica-do-brasil-logo.png\" alt=\"Bras\u00e3o Rep\u00fablica Federativa do Brasil\" width=\"6%\" height=\"6%\"><\/div>    \r\n<h1><font color=\"blue\"><font size=\"5\"><div align=\"center\">SERVI\u00c7O P\u00daBLICO FEDERAL<\/b><\/font><\/font><\/div><\/H1>\r\n<p><div align=\"center\"><b><a href=\"https:\/\/portal.ufsm.br\/documentos\/publico\/documento.html?id=5762130\" target=\"_blank\"><font color=\"blue\">RESOLU\u00c7\u00c3O N. 009\/1985<\/font><\/a><\/b><\/div><\/p>\r\n<br>\r\n<p><div align=\"right\"><font color=\"800000\">Implanta, oficialmente, no Centro de Tecnologia, como \u00d3rg\u00e3o Suplementar, o N\u00facleo Setorial de Inform\u00e1tica e d\u00e1 outras provid\u00eancias.<\/font><\/div><\/p>\r\n<br>\r\n<br>\r\n<br>\r\n<p><a href=\"https:\/\/www.ufsm.br\/pro-reitorias\/proplan\/resolucao-ufsm-n-094-2022\" target=\"_blank\"><font color=\"blue\">Revogada pela Resolu\u00e7\u00e3o UFSM N. 094\/2022<\/font><\/a><\/p>\r\n<br>\r\n<strike>\r\n<br><div align=\"justify\">\r\n<p>O REITOR DA UNIVERSIDADE FEDERAL DE SANTA MARIA, no uso de suas atribui\u00e7\u00f5es legais e estatut\u00e1rias, e presente a decis\u00e3o do Egr\u00e9gio Conselho Universit\u00e1rio, adotada em sua 355\u00aa sess\u00e3o, de 07\/11\/1984, frente ao Parecer n\u00ba 15\/84 da Comiss\u00e3o de Legisla\u00e7\u00e3o e Regimentos, e<\/p>\r\n<p>- considerando a conveni\u00eancia de proporcionar f\u00e1cil acesso e orienta\u00e7\u00e3o aos alunos de Gradua\u00e7\u00e3o e P\u00f3s-Gradua\u00e7\u00e3o, que necessitem da Computa\u00e7\u00e3o Eletr\u00f4nica em suas disciplinas,<\/p>\r\n<p>- considerando a conveni\u00eancia de oferecer suporte \u00e0s atividades cient\u00edficas inerentes \u00e0s pesquisas, teses, conv\u00eanios e trabalhos de origem docente ou discente, bem como ministrar Cursos Extra-curriculares, e<\/p>\r\n<p>-considerando a necessidade de prover a Universidade Federal de Santa Maria de um sistema de integra\u00e7\u00e3o com a comunidade, consolidando a sua estrutura de projetos e extens\u00e3o,<\/p>\r\n<br>\r\n<p><div align=\"center\">RESOLVE:<\/div><\/p>\r\n<br>\r\n<p>Art. 1\u00ba - Fica implantado, oficialmente, no Centro de Tecnologia o N\u00facleo Setorial de Inform\u00e1tica.<\/p>\r\n<p>Art. 2\u00ba - O N\u00facleo Setorial de Inform\u00e1tica, enquanto vigir o atual Estatuto da Universidade Federal de Santa Maria se constituir\u00e1 em \u00d3rg\u00e3o Suplementar do Centro de Tecnologia.<\/p>\r\n<p>Art. 3\u00ba - Esta Resolu\u00e7\u00e3o entra em vigor nesta data, revogadas as disposi\u00e7\u00f5es em contr\u00e1rio.<\/p>\r\n<p>Gabinete do Reitor da Universidade Federal de Santa Maria, 02 de julho de 1985.<\/p>\r\n\r\n<\/div>\r\n<p>Prof. Prof. Armando Vallandro,<\/p>\r\n<p>Reitor.<\/p>\r\n<\/strike>\r\n<p><font color=\"red0000\">Este texto n\u00e3o substitui o documento original, publicado no Portal de Documentos.<\/font> Dispon\u00edvel em: <a href=\"https:\/\/portal.ufsm.br\/documentos\/publico\/documento.html?id=5762130\" target=\"_blank\"><font color=\"blue\">https:\/\/portal.ufsm.br\/documentos\/publico\/documento.html?id=5762130<\/font><\/a>\r\n\r\n\t\t<\/div>\n\t\t\t\t<\/div>\n\t\t\t\t\t<\/div>\n\t\t<\/div>\n\t\t\t\t\t<\/div>\n\t\t<\/section>\n\t\t\t\t<\/div>\n\t\t","protected":false},"excerpt":{"rendered":"<p>RESOLU\u00c7\u00c3O N. 009\/1985 SERVI\u00c7O P\u00daBLICO FEDERAL RESOLU\u00c7\u00c3O N. 009\/1985 Implanta, oficialmente, no Centro de Tecnologia, como \u00d3rg\u00e3o Suplementar, o N\u00facleo Setorial de Inform\u00e1tica e d\u00e1 outras provid\u00eancias. Revogada pela Resolu\u00e7\u00e3o UFSM N. 094\/2022 O REITOR DA UNIVERSIDADE FEDERAL DE SANTA MARIA, no uso de suas atribui\u00e7\u00f5es legais e estatut\u00e1rias, e presente a decis\u00e3o do Egr\u00e9gio [&hellip;]<\/p>\n","protected":false},"author":205,"featured_media":0,"parent":0,"menu_order":0,"comment_status":"closed","ping_status":"closed","template":"","meta":{"footnotes":""},"categories":[],"tags":[],"class_list":["post-3653","page","type-page","status-publish","hentry"],"acf":[],"_links":{"self":[{"href":"https:\/\/www.ufsm.br\/pro-reitorias\/proplan\/wp-json\/wp\/v2\/pages\/3653","targetHints":{"allow":["GET"]}}],"collection":[{"href":"https:\/\/www.ufsm.br\/pro-reitorias\/proplan\/wp-json\/wp\/v2\/pages"}],"about":[{"href":"https:\/\/www.ufsm.br\/pro-reitorias\/proplan\/wp-json\/wp\/v2\/types\/page"}],"author":[{"embeddable":true,"href":"https:\/\/www.ufsm.br\/pro-reitorias\/proplan\/wp-json\/wp\/v2\/users\/205"}],"replies":[{"embeddable":true,"href":"https:\/\/www.ufsm.br\/pro-reitorias\/proplan\/wp-json\/wp\/v2\/comments?post=3653"}],"version-history":[{"count":0,"href":"https:\/\/www.ufsm.br\/pro-reitorias\/proplan\/wp-json\/wp\/v2\/pages\/3653\/revisions"}],"wp:attachment":[{"href":"https:\/\/www.ufsm.br\/pro-reitorias\/proplan\/wp-json\/wp\/v2\/media?parent=3653"}],"wp:term":[{"taxonomy":"category","embeddable":true,"href":"https:\/\/www.ufsm.br\/pro-reitorias\/proplan\/wp-json\/wp\/v2\/categories?post=3653"},{"taxonomy":"post_tag","embeddable":true,"href":"https:\/\/www.ufsm.br\/pro-reitorias\/proplan\/wp-json\/wp\/v2\/tags?post=3653"}],"curies":[{"name":"wp","href":"https:\/\/api.w.org\/{rel}","templated":true}]}}