{"id":3658,"date":"2020-04-29T13:18:54","date_gmt":"2020-04-29T16:18:54","guid":{"rendered":"https:\/\/www.ufsm.br\/pro-reitorias\/proplan\/?page_id=3658"},"modified":"2020-04-29T13:26:16","modified_gmt":"2020-04-29T16:26:16","slug":"resolucao-n-014-1985","status":"publish","type":"page","link":"https:\/\/www.ufsm.br\/pro-reitorias\/proplan\/resolucao-n-014-1985","title":{"rendered":"Resolu\u00e7\u00e3o N. 014\/1985"},"content":{"rendered":"\t\t<div data-elementor-type=\"wp-page\" data-elementor-id=\"3658\" class=\"elementor elementor-3658\">\n\t\t\t\t\t\t<section class=\"elementor-section elementor-top-section elementor-element elementor-element-ce000eb elementor-section-boxed elementor-section-height-default elementor-section-height-default\" data-id=\"ce000eb\" data-element_type=\"section\">\n\t\t\t\t\t\t<div class=\"elementor-container elementor-column-gap-default\">\n\t\t\t\t\t<div class=\"elementor-column elementor-col-100 elementor-top-column elementor-element elementor-element-100d937\" data-id=\"100d937\" data-element_type=\"column\">\n\t\t\t<div class=\"elementor-widget-wrap elementor-element-populated\">\n\t\t\t\t\t\t<div class=\"elementor-element elementor-element-1b7e338 elementor-widget elementor-widget-html\" data-id=\"1b7e338\" data-element_type=\"widget\" data-widget_type=\"html.default\">\n\t\t\t\t<div class=\"elementor-widget-container\">\n\t\t\t\r\n\r\n\r\n<title><b>RESOLU\u00c7\u00c3O N. 014\/1985<\/b><\/title>\r\n\r\n\r\n<div align=\"center\"><img decoding=\"async\" src=\"https:\/\/www.ufsm.br\/pro-reitorias\/proplan\/wp-content\/uploads\/sites\/344\/2019\/09\/brasao-da-republica-do-brasil-logo.png\" alt=\"Bras\u00e3o Rep\u00fablica Federativa do Brasil\" width=\"6%\" height=\"6%\"><\/div>    \r\n<h1><font color=\"blue\"><font size=\"5\"><div align=\"center\">SERVI\u00c7O P\u00daBLICO FEDERAL<\/b><\/font><\/font><\/div><\/H1>\r\n<p><div align=\"center\"><b><a href=\"https:\/\/portal.ufsm.br\/documentos\/publico\/documento.html?id=5762196\" target=\"_blank\"><font color=\"blue\">RESOLU\u00c7\u00c3O N. 014\/1985<\/font><\/a><\/b><\/div><\/p>\r\n<br>\r\n<p><u><a href=\"https:\/\/www.ufsm.br\/pro-reitorias\/proplan\/resolucao-n-046-1989\/\" target=\"_blank\"><font color=\"blue\">Revogada pela Resolu\u00e7\u00e3o N. 046\/1989<\/font><\/a><\/u><\/p>\r\n<br>\r\n<br><div align=\"justify\">\r\n<strike>\r\n<p>O REITOR DA UNIVERSIDADE FEDERAL DE SANTA MARIA, na condi\u00e7\u00e3o de Presidente do Conselho de Ensino, Pesquisa e Extens\u00e3o,<\/p>\r\n<p>- considerando o que foi aprovado na 279\u00aa sess\u00e3o do Conselho de Ensino, Pesquisa e Extens\u00e3o, ao apreciar o Processo n\u00ba 153\/85, referente \u00e0s normas sobre Estrutura da Disserta\u00e7\u00e3o\/Tese e sua Apresenta\u00e7\u00e3o Gr\u00e1fica;<\/p>\r\n<p>- considerando a necessidade de tornar p\u00fablica aquela decis\u00e3o, para efeitos de direito,<\/p>\r\n<br>\r\n<p><div align=\"center\">RESOLVE:<\/div><\/p>\r\n<br>\r\n<p>Art. 1\u00ba - Expedir a presente Resolu\u00e7\u00e3o para tornar oficiais e p\u00fablicas as normas sobre a Estrutura da Disserta\u00e7\u00e3o\/Tese e sua Apresenta\u00e7\u00e3o Gr\u00e1fica, objetivando um \u00fanico sistema para os Cursos de P\u00f3s-Gradua\u00e7\u00e3o na Universidade Federal de Santa Maria, sejam eles em n\u00edvel de Doutorado, Mestrado, Especializa\u00e7\u00e3o (permanentes ou eventuais), e a Resid\u00eancia M\u00e9dica.<\/p>\r\n<p>Art. 2\u00ba - Caber\u00e1 \u00e0 Pr\u00f3-Reitoria de P\u00f3s-Gradua\u00e7\u00e3o e Pesquisa a orienta\u00e7\u00e3o em torno dessas normas e a devida divulga\u00e7\u00e3o das mesmas, na melhor forma editorial, visando a medida o fiel cumprimento das disposi\u00e7\u00f5es aprovadas.<\/p>\r\n<p>Art. 3\u00ba - Os casos omissos ser\u00e3o dirimidos pelo Conselho de Ensino, Pesquisa e Extens\u00e3o.<\/p>\r\n<p>Art. 4\u00ba - Esta Resolu\u00e7\u00e3o entra em vigor nesta data, revogadas as disposi\u00e7\u00f5es em contr\u00e1rio.<\/p>\r\n<p>GABINETE DO REITOR DA UNIVERSIDADE FEDERAL DE SANTA MARIA, 08 de outubro de 1985.<\/p>\r\n<\/div>\r\n<p>Prof. Prof. Armando Vallandro,<\/p>\r\n<p>Reitor.<\/p>\r\n<\/strike>\r\n<p><font color=\"red0000\">Este texto n\u00e3o substitui o documento original, publicado no Portal de Documentos.<\/font> \r\nDispon\u00edvel em: <a href=\"https:\/\/portal.ufsm.br\/documentos\/publico\/documento.html?id=5762196\" target=\"_blank\"><font color=\"blue\">https:\/\/portal.ufsm.br\/documentos\/publico\/documento.html?id=5762196<\/font><\/a>\r\n\r\n\t\t<\/div>\n\t\t\t\t<\/div>\n\t\t\t\t\t<\/div>\n\t\t<\/div>\n\t\t\t\t\t<\/div>\n\t\t<\/section>\n\t\t\t\t<\/div>\n\t\t","protected":false},"excerpt":{"rendered":"<p>RESOLU\u00c7\u00c3O N. 014\/1985 SERVI\u00c7O P\u00daBLICO FEDERAL RESOLU\u00c7\u00c3O N. 014\/1985 Revogada pela Resolu\u00e7\u00e3o N. 046\/1989 O REITOR DA UNIVERSIDADE FEDERAL DE SANTA MARIA, na condi\u00e7\u00e3o de Presidente do Conselho de Ensino, Pesquisa e Extens\u00e3o, &#8211; considerando o que foi aprovado na 279\u00aa sess\u00e3o do Conselho de Ensino, Pesquisa e Extens\u00e3o, ao apreciar o Processo n\u00ba 153\/85, [&hellip;]<\/p>\n","protected":false},"author":205,"featured_media":0,"parent":0,"menu_order":0,"comment_status":"closed","ping_status":"closed","template":"","meta":{"footnotes":""},"categories":[],"tags":[],"class_list":["post-3658","page","type-page","status-publish","hentry"],"acf":[],"_links":{"self":[{"href":"https:\/\/www.ufsm.br\/pro-reitorias\/proplan\/wp-json\/wp\/v2\/pages\/3658","targetHints":{"allow":["GET"]}}],"collection":[{"href":"https:\/\/www.ufsm.br\/pro-reitorias\/proplan\/wp-json\/wp\/v2\/pages"}],"about":[{"href":"https:\/\/www.ufsm.br\/pro-reitorias\/proplan\/wp-json\/wp\/v2\/types\/page"}],"author":[{"embeddable":true,"href":"https:\/\/www.ufsm.br\/pro-reitorias\/proplan\/wp-json\/wp\/v2\/users\/205"}],"replies":[{"embeddable":true,"href":"https:\/\/www.ufsm.br\/pro-reitorias\/proplan\/wp-json\/wp\/v2\/comments?post=3658"}],"version-history":[{"count":0,"href":"https:\/\/www.ufsm.br\/pro-reitorias\/proplan\/wp-json\/wp\/v2\/pages\/3658\/revisions"}],"wp:attachment":[{"href":"https:\/\/www.ufsm.br\/pro-reitorias\/proplan\/wp-json\/wp\/v2\/media?parent=3658"}],"wp:term":[{"taxonomy":"category","embeddable":true,"href":"https:\/\/www.ufsm.br\/pro-reitorias\/proplan\/wp-json\/wp\/v2\/categories?post=3658"},{"taxonomy":"post_tag","embeddable":true,"href":"https:\/\/www.ufsm.br\/pro-reitorias\/proplan\/wp-json\/wp\/v2\/tags?post=3658"}],"curies":[{"name":"wp","href":"https:\/\/api.w.org\/{rel}","templated":true}]}}