{"id":3665,"date":"2020-04-29T13:29:17","date_gmt":"2020-04-29T16:29:17","guid":{"rendered":"https:\/\/www.ufsm.br\/pro-reitorias\/proplan\/?page_id=3665"},"modified":"2020-04-29T13:34:17","modified_gmt":"2020-04-29T16:34:17","slug":"resolucao-n-021-1985","status":"publish","type":"page","link":"https:\/\/www.ufsm.br\/pro-reitorias\/proplan\/resolucao-n-021-1985","title":{"rendered":"Resolu\u00e7\u00e3o N. 021\/1985"},"content":{"rendered":"\t\t<div data-elementor-type=\"wp-page\" data-elementor-id=\"3665\" class=\"elementor elementor-3665\">\n\t\t\t\t\t\t<section class=\"elementor-section elementor-top-section elementor-element elementor-element-951a9a2 elementor-section-boxed elementor-section-height-default elementor-section-height-default\" data-id=\"951a9a2\" data-element_type=\"section\">\n\t\t\t\t\t\t<div class=\"elementor-container elementor-column-gap-default\">\n\t\t\t\t\t<div class=\"elementor-column elementor-col-100 elementor-top-column elementor-element elementor-element-689039c\" data-id=\"689039c\" data-element_type=\"column\">\n\t\t\t<div class=\"elementor-widget-wrap elementor-element-populated\">\n\t\t\t\t\t\t<div class=\"elementor-element elementor-element-053961f elementor-widget elementor-widget-html\" data-id=\"053961f\" data-element_type=\"widget\" data-widget_type=\"html.default\">\n\t\t\t\t<div class=\"elementor-widget-container\">\n\t\t\t\r\n\r\n\r\n<title><b>RESOLU\u00c7\u00c3O N. 021\/1985<\/b><\/title>\r\n\r\n\r\n<div align=\"center\"><img decoding=\"async\" src=\"https:\/\/www.ufsm.br\/pro-reitorias\/proplan\/wp-content\/uploads\/sites\/344\/2019\/09\/brasao-da-republica-do-brasil-logo.png\" alt=\"Bras\u00e3o Rep\u00fablica Federativa do Brasil\" width=\"6%\" height=\"6%\"><\/div>    \r\n<h1><font color=\"blue\"><font size=\"5\"><div align=\"center\">SERVI\u00c7O P\u00daBLICO FEDERAL<\/b><\/font><\/font><\/div><\/H1>\r\n<p><div align=\"center\"><b><a href=\"https:\/\/portal.ufsm.br\/documentos\/publico\/documento.html?id=5736052\" target=\"_blank\"><font color=\"blue\">RESOLU\u00c7\u00c3O N. 021\/1985<\/font><\/a><\/b><\/div><\/p>\r\n<br>\r\n<p><div align=\"right\"><font color=\"800000\">Destina o pr\u00e9dio n\u00ba 81 da rua do Acampamento, de propriedade da UFSM, para sede dos Museus \"Gama d'E\u00e7a\" e \"Victor Bersani\" e a Sala n\u00ba 203 da Biblioteca Central para sede do Instituto de Preserva\u00e7\u00e3o da Mem\u00f3ria Cultural de Santa Maria e Regi\u00e3o e d\u00e1 outras provid\u00eancias.<\/font><\/div><\/p>\r\n<br>\r\n<br><div align=\"justify\">\r\n<p>O REITOR DA UNIVERSIDADE FEDERAL DE SANTA MARIA, no uso de suas atribui\u00e7\u00f5es legais e estatut\u00e1rias e,<\/p>\r\n<p>- considerando a conveni\u00eancia de situar em local central da cidade os Museus \"Gama d'E\u00e7a\" e \"Victor Bersani\", da Universidade Federal de Santa Maria;<\/p>\r\n<p>- considerando a conveni\u00eancia de designar local para sede do Instituto de Preserva\u00e7\u00e3o da Mem\u00f3ria Cultural de Santa Maria e Regi\u00e3o; e<\/p>\r\n<p>- considerando a economia que resultar\u00e1 para a Institui\u00e7\u00e3o localizar em pr\u00e9dios pr\u00f3prios os \u00f3rg\u00e3os aqui mencionados;<\/p>\r\n<br>\r\n<p><div align=\"center\">RESOLVE:<\/div><\/p>\r\n<br>\r\n<p>Art. 1\u00ba - Fica designado como sede dos Museus \"Gama d'E\u00e7a\" e \"Victor Bersani\", da Universidade Federal de Santa Maria, o pr\u00e9dio n\u00ba 81 da rua do Acampamento, nesta cidade, de propriedade desta Institui\u00e7\u00e3o de Ensino Superior.<\/p>\r\n<p>Art. 2\u00ba - O Instituto de Preserva\u00e7\u00e3o da Mem\u00f3ria Cultural de Santa Maria e Regi\u00e3o, ter\u00e1 como sede a Sala n\u00ba 203 da Biblioteca Central da UFSM.<\/p>\r\n<p>Art. 3\u00ba - Fica revogada, para todos os efeitos, a <u><a href=\"https:\/\/www.ufsm.br\/pro-reitorias\/proplan\/resolucao-n-003-1985\/\" target=\"_blank\"><font color=\"blue\">Resolu\u00e7\u00e3o n\u00ba 003\/85, de 22 de mar\u00e7o de 1985<\/font><\/a><\/u>.<\/p>\r\n<p>Art. 4\u00ba - Esta Resolu\u00e7\u00e3o entra em vigor nesta data.<\/p>\r\n<p>Gabinete do Reitor da Universidade Federal de Santa Maria, 09 de dezembro de 1985.<\/p>\r\n<\/div>\r\n<p>Prof. Prof. Armando Vallandro,<\/p>\r\n<p>Reitor.<\/p>\r\n<p><font color=\"red0000\">Este texto n\u00e3o substitui o documento original, publicado no Portal de Documentos.<\/font> \r\nDispon\u00edvel em: <a href=\"https:\/\/portal.ufsm.br\/documentos\/publico\/documento.html?id=5736052\" target=\"_blank\"><font color=\"blue\">https:\/\/portal.ufsm.br\/documentos\/publico\/documento.html?id=5736052<\/font><\/a>\r\n\r\n\t\t<\/div>\n\t\t\t\t<\/div>\n\t\t\t\t\t<\/div>\n\t\t<\/div>\n\t\t\t\t\t<\/div>\n\t\t<\/section>\n\t\t\t\t<\/div>\n\t\t","protected":false},"excerpt":{"rendered":"<p>RESOLU\u00c7\u00c3O N. 021\/1985 SERVI\u00c7O P\u00daBLICO FEDERAL RESOLU\u00c7\u00c3O N. 021\/1985 Destina o pr\u00e9dio n\u00ba 81 da rua do Acampamento, de propriedade da UFSM, para sede dos Museus &#8220;Gama d&#8217;E\u00e7a&#8221; e &#8220;Victor Bersani&#8221; e a Sala n\u00ba 203 da Biblioteca Central para sede do Instituto de Preserva\u00e7\u00e3o da Mem\u00f3ria Cultural de Santa Maria e Regi\u00e3o e d\u00e1 [&hellip;]<\/p>\n","protected":false},"author":205,"featured_media":0,"parent":0,"menu_order":0,"comment_status":"closed","ping_status":"closed","template":"","meta":{"footnotes":""},"categories":[],"tags":[],"class_list":["post-3665","page","type-page","status-publish","hentry"],"acf":[],"_links":{"self":[{"href":"https:\/\/www.ufsm.br\/pro-reitorias\/proplan\/wp-json\/wp\/v2\/pages\/3665","targetHints":{"allow":["GET"]}}],"collection":[{"href":"https:\/\/www.ufsm.br\/pro-reitorias\/proplan\/wp-json\/wp\/v2\/pages"}],"about":[{"href":"https:\/\/www.ufsm.br\/pro-reitorias\/proplan\/wp-json\/wp\/v2\/types\/page"}],"author":[{"embeddable":true,"href":"https:\/\/www.ufsm.br\/pro-reitorias\/proplan\/wp-json\/wp\/v2\/users\/205"}],"replies":[{"embeddable":true,"href":"https:\/\/www.ufsm.br\/pro-reitorias\/proplan\/wp-json\/wp\/v2\/comments?post=3665"}],"version-history":[{"count":0,"href":"https:\/\/www.ufsm.br\/pro-reitorias\/proplan\/wp-json\/wp\/v2\/pages\/3665\/revisions"}],"wp:attachment":[{"href":"https:\/\/www.ufsm.br\/pro-reitorias\/proplan\/wp-json\/wp\/v2\/media?parent=3665"}],"wp:term":[{"taxonomy":"category","embeddable":true,"href":"https:\/\/www.ufsm.br\/pro-reitorias\/proplan\/wp-json\/wp\/v2\/categories?post=3665"},{"taxonomy":"post_tag","embeddable":true,"href":"https:\/\/www.ufsm.br\/pro-reitorias\/proplan\/wp-json\/wp\/v2\/tags?post=3665"}],"curies":[{"name":"wp","href":"https:\/\/api.w.org\/{rel}","templated":true}]}}