{"id":3674,"date":"2020-04-30T18:34:50","date_gmt":"2020-04-30T21:34:50","guid":{"rendered":"https:\/\/www.ufsm.br\/pro-reitorias\/proplan\/?page_id=3674"},"modified":"2020-04-30T18:40:42","modified_gmt":"2020-04-30T21:40:42","slug":"resolucao-n-003-1984","status":"publish","type":"page","link":"https:\/\/www.ufsm.br\/pro-reitorias\/proplan\/resolucao-n-003-1984","title":{"rendered":"Resolu\u00e7\u00e3o N. 003\/1984"},"content":{"rendered":"\t\t<div data-elementor-type=\"wp-page\" data-elementor-id=\"3674\" class=\"elementor elementor-3674\">\n\t\t\t\t\t\t<section class=\"elementor-section elementor-top-section elementor-element elementor-element-235d840 elementor-section-boxed elementor-section-height-default elementor-section-height-default\" data-id=\"235d840\" data-element_type=\"section\">\n\t\t\t\t\t\t<div class=\"elementor-container elementor-column-gap-default\">\n\t\t\t\t\t<div class=\"elementor-column elementor-col-100 elementor-top-column elementor-element elementor-element-94fb4b1\" data-id=\"94fb4b1\" data-element_type=\"column\">\n\t\t\t<div class=\"elementor-widget-wrap elementor-element-populated\">\n\t\t\t\t\t\t<div class=\"elementor-element elementor-element-30528f0 elementor-widget elementor-widget-html\" data-id=\"30528f0\" data-element_type=\"widget\" data-widget_type=\"html.default\">\n\t\t\t\t<div class=\"elementor-widget-container\">\n\t\t\t\r\n\r\n\r\n<title><b>RESOLU\u00c7\u00c3O N. 003\/1984<\/b><\/title>\r\n\r\n\r\n<div align=\"center\"><img decoding=\"async\" src=\"https:\/\/www.ufsm.br\/pro-reitorias\/proplan\/wp-content\/uploads\/sites\/344\/2019\/09\/brasao-da-republica-do-brasil-logo.png\" alt=\"Bras\u00e3o Rep\u00fablica Federativa do Brasil\" width=\"6%\" height=\"6%\"><\/div>    \r\n<h1><font color=\"blue\"><font size=\"5\"><div align=\"center\">SERVI\u00c7O P\u00daBLICO FEDERAL<\/b><\/font><\/font><\/div><\/H1>\r\n<p><div align=\"center\"><b><a href=\"https:\/\/portal.ufsm.br\/documentos\/publico\/documento.html?id=5761770\" target=\"_blank\"><font color=\"blue\">RESOLU\u00c7\u00c3O N. 003\/1984<\/font><\/a><\/b><\/div><\/p>\r\n<br>\r\n<strike><p><div align=\"right\"><font color=\"800000\">Fixa os pre\u00e7os das refei\u00e7\u00f5es nos Restaurantes Universit\u00e1rios da UFSM e d\u00e1 outras provid\u00eancias.<\/font><\/div><\/p><\/strike>\r\n<br>\r\n<p><u><a href=\"https:\/\/www.ufsm.br\/pro-reitorias\/proplan\/resolucao-n-008-2020\/\" target=\"_blank\"><font color=\"blue\">Revogada pela Resolu\u00e7\u00e3o N. 008\/2020<\/font><\/a><\/u><\/p>\r\n<br>\r\n<br><div align=\"justify\">\r\n<strike>\r\n<p>O VICE-REITOR DA UNIVERSIDADE FEDERAL DE SANTA MARIA, no exerc\u00edcio da Reitoria, usando de suas atribui\u00e7\u00f5es legais e estatut\u00e1rias, e<\/p>\r\n<p>- considerando a decis\u00e3o do Egr\u00e9gio Conselho Universit\u00e1rio aprovando a administra\u00e7\u00e3o direta dos Restaurantes Universit\u00e1rios pela Institui\u00e7\u00e3o, decis\u00e3o essa tomada em suas Sess\u00f5es n\u00bas 346\/83 e 347\/84;<\/p>\r\n<p>- considerando o que consta na Portaria Ministerial n\u00ba 62\/84, de 15.02.84, firmada pela Exma. Sra. Ministro da Educa\u00e7\u00e3o e Cultura;<\/p>\r\n<p>- considerando a manifesta\u00e7\u00e3o unanime dos Diretores dos Centros da UFSM, em reuni\u00e3o realizada no Gabinete do Reitor, no dia 27.02.84, quando foi aprovado o estudo relativo a custos e respectiva fixa\u00e7\u00e3o de pre\u00e7os das refei\u00e7\u00f5es nos Restaurantes Universit\u00e1rios, para o 10\u00ba semestre do ano corrente, conforme Processo n\u00ba 23081.003993\/84-9, e\r\n<p>- considerando os termos do Parecer n\u00ba 01\/84 da Procuradoria Jur\u00eddica da Universidade,<\/p>\r\n<br>\r\n<p><div align=\"center\">RESOLVE:<\/div><\/p>\r\n<br>\r\n<p>Art. 1\u00ba - Fixar o per\u00edodo de funcionamento dos Restaurantes Universit\u00e1rios da UFSM - Centro e Campus - de 2\u00aa feira a s\u00e1bado, para fornecimento de desjejum, almo\u00e7o e jantar.<\/p> \r\n<p>Art. 2\u00ba - Fixar os seguintes pre\u00e7os, a vigorarem no 1\u00ba semestre de 1984, e a partir de 08.03.84:<\/p>\r\n<br>\r\n<p><u>DESJEJUM<\/u><\/p>\r\n<br>\r\n<p>a) Estudantes carentes, cadastrados na PRAE ..................................................................................................................................................................... Cr$ 70,00<\/p>\r\n<p>b) Servidores de baixa renda, cadastrados na Coordenadoria de Planejamento Comunit\u00e1rio - PRAE ................................... Cr$ 70,00<\/p>\r\n<p>c) Estudantes, docentes e funcion\u00e1rios da UFSM e alunos da FIC e FACEM, todos devidamente identificados .......... Cr$ 210,00<\/p>\r\n<br>\r\n<p><u>ALMO\u00c7O OU JANTAR<\/u><\/p>\r\n<br>\r\n<p>a) Estudantes carentes, cadastrados na PRAE ................................................................................................................................................................. Cr$ 300,00<\/p>\r\n<p>b) Servidores de baixa renda, cadastrados na Coordenadoria de Planejamento Comunit\u00e1rio - PRAE ............................... Cr$ 300,00<\/p>\r\n<p>c) Estudantes, docentes e funcion\u00e1rios da UFSM e alunos da FIC e FACEM, todos devidamente identificados ........ Cr$ 870,00<\/p>\r\n<br>\r\n<p>Art. 3\u00ba - Usufruir\u00e3o dos Restaurantes Universit\u00e1rios, na categoria de ESTUDANTE e SERVIDOR CARENTES, somente aqueles que, efetivamente na \u00e9poca oportuna determinada pela PRAE, tenham solicitado ou renovado pedidos para desfrute desse benef\u00edcio, dentro da determina\u00e7\u00e3o Ministerial do \u00cdndice de Car\u00eancia.<\/p>\r\n<p> Par\u00e1grafo \u00fanico - Os casos excepcionais ser\u00e3o analisados e resolvidos pela Comiss\u00e3o nomeada pela Portaria n\u00ba 14.910\/82.<\/p>\r\n<p>Art. 4\u00ba - Esta Resolu\u00e7\u00e3o entra em vigor nesta data, revogadas as disposi\u00e7\u00f5es em contr\u00e1rio.<\/p>\r\n<p>GABINETE DO REITOR DA UNIVERSIDADE FEDERAL DE SANTA MARIA, ao primeiro dia do m\u00eas de mar\u00e7o de mil novecentos e oitenta e quatro.<\/p>\r\n<\/div>\r\n<p>Prof. OLINDO ANTONIO TOALDO,<\/p>\r\n<p>Vice-Reitor, no exerc\u00edcio da Reitoria.<\/p>\r\n<\/strike>\r\n<p><font color=\"red0000\">Este texto n\u00e3o substitui o documento original, publicado no Portal de Documentos.<\/font> Dispon\u00edvel em: <a href=\"https:\/\/portal.ufsm.br\/documentos\/publico\/documento.html?id=5761770\" target=\"_blank\"><font color=\"blue\">https:\/\/portal.ufsm.br\/documentos\/publico\/documento.html?id=5761770<\/font><\/a>\r\n\r\n\t\t<\/div>\n\t\t\t\t<\/div>\n\t\t\t\t\t<\/div>\n\t\t<\/div>\n\t\t\t\t\t<\/div>\n\t\t<\/section>\n\t\t\t\t<\/div>\n\t\t","protected":false},"excerpt":{"rendered":"<p>RESOLU\u00c7\u00c3O N. 003\/1984 SERVI\u00c7O P\u00daBLICO FEDERAL RESOLU\u00c7\u00c3O N. 003\/1984 Fixa os pre\u00e7os das refei\u00e7\u00f5es nos Restaurantes Universit\u00e1rios da UFSM e d\u00e1 outras provid\u00eancias. Revogada pela Resolu\u00e7\u00e3o N. 008\/2020 O VICE-REITOR DA UNIVERSIDADE FEDERAL DE SANTA MARIA, no exerc\u00edcio da Reitoria, usando de suas atribui\u00e7\u00f5es legais e estatut\u00e1rias, e &#8211; considerando a decis\u00e3o do Egr\u00e9gio Conselho [&hellip;]<\/p>\n","protected":false},"author":205,"featured_media":0,"parent":0,"menu_order":0,"comment_status":"closed","ping_status":"closed","template":"","meta":{"footnotes":""},"categories":[],"tags":[],"class_list":["post-3674","page","type-page","status-publish","hentry"],"acf":[],"_links":{"self":[{"href":"https:\/\/www.ufsm.br\/pro-reitorias\/proplan\/wp-json\/wp\/v2\/pages\/3674","targetHints":{"allow":["GET"]}}],"collection":[{"href":"https:\/\/www.ufsm.br\/pro-reitorias\/proplan\/wp-json\/wp\/v2\/pages"}],"about":[{"href":"https:\/\/www.ufsm.br\/pro-reitorias\/proplan\/wp-json\/wp\/v2\/types\/page"}],"author":[{"embeddable":true,"href":"https:\/\/www.ufsm.br\/pro-reitorias\/proplan\/wp-json\/wp\/v2\/users\/205"}],"replies":[{"embeddable":true,"href":"https:\/\/www.ufsm.br\/pro-reitorias\/proplan\/wp-json\/wp\/v2\/comments?post=3674"}],"version-history":[{"count":0,"href":"https:\/\/www.ufsm.br\/pro-reitorias\/proplan\/wp-json\/wp\/v2\/pages\/3674\/revisions"}],"wp:attachment":[{"href":"https:\/\/www.ufsm.br\/pro-reitorias\/proplan\/wp-json\/wp\/v2\/media?parent=3674"}],"wp:term":[{"taxonomy":"category","embeddable":true,"href":"https:\/\/www.ufsm.br\/pro-reitorias\/proplan\/wp-json\/wp\/v2\/categories?post=3674"},{"taxonomy":"post_tag","embeddable":true,"href":"https:\/\/www.ufsm.br\/pro-reitorias\/proplan\/wp-json\/wp\/v2\/tags?post=3674"}],"curies":[{"name":"wp","href":"https:\/\/api.w.org\/{rel}","templated":true}]}}