{"id":3677,"date":"2020-04-30T18:36:32","date_gmt":"2020-04-30T21:36:32","guid":{"rendered":"https:\/\/www.ufsm.br\/pro-reitorias\/proplan\/?page_id=3677"},"modified":"2020-04-30T18:43:14","modified_gmt":"2020-04-30T21:43:14","slug":"resolucao-n-006-1984","status":"publish","type":"page","link":"https:\/\/www.ufsm.br\/pro-reitorias\/proplan\/resolucao-n-006-1984","title":{"rendered":"Resolu\u00e7\u00e3o N. 006\/1984"},"content":{"rendered":"\t\t<div data-elementor-type=\"wp-page\" data-elementor-id=\"3677\" class=\"elementor elementor-3677\">\n\t\t\t\t\t\t<section class=\"elementor-section elementor-top-section elementor-element elementor-element-fa26e98 elementor-section-boxed elementor-section-height-default elementor-section-height-default\" data-id=\"fa26e98\" data-element_type=\"section\">\n\t\t\t\t\t\t<div class=\"elementor-container elementor-column-gap-default\">\n\t\t\t\t\t<div class=\"elementor-column elementor-col-100 elementor-top-column elementor-element elementor-element-8b3c68d\" data-id=\"8b3c68d\" data-element_type=\"column\">\n\t\t\t<div class=\"elementor-widget-wrap elementor-element-populated\">\n\t\t\t\t\t\t<div class=\"elementor-element elementor-element-1274b0c elementor-widget elementor-widget-html\" data-id=\"1274b0c\" data-element_type=\"widget\" data-widget_type=\"html.default\">\n\t\t\t\t<div class=\"elementor-widget-container\">\n\t\t\t\r\n\r\n\r\n<title><b>RESOLU\u00c7\u00c3O N. 006\/1984<\/b><\/title>\r\n\r\n\r\n<div align=\"center\"><img decoding=\"async\" src=\"https:\/\/www.ufsm.br\/pro-reitorias\/proplan\/wp-content\/uploads\/sites\/344\/2019\/09\/brasao-da-republica-do-brasil-logo.png\" alt=\"Bras\u00e3o Rep\u00fablica Federativa do Brasil\" width=\"6%\" height=\"6%\"><\/div>    \r\n<h1><font color=\"blue\"><font size=\"5\"><div align=\"center\">SERVI\u00c7O P\u00daBLICO FEDERAL<\/b><\/font><\/font><\/div><\/H1>\r\n<p><div align=\"center\"><b><a href=\"https:\/\/portal.ufsm.br\/documentos\/publico\/documento.html?id=5761813\" target=\"_blank\"><font color=\"blue\">RESOLU\u00c7\u00c3O N. 006\/1984<\/font><\/a><\/b><\/div><\/p>\r\n<br>\r\n<strike><p><div align=\"right\"><font color=\"800000\">Estabelece hor\u00e1rio especial para atividades internas na Universidade Federal de Santa Maria e d\u00e1 outras provid\u00eancias.<\/font><\/div><\/p><\/strike>\r\n<br>\r\n<p><u><a href=\"https:\/\/www.ufsm.br\/pro-reitorias\/proplan\/resolucao-n-002-1985\/\" target=\"_blank\"><font color=\"blue\">Revogada pela Resolu\u00e7\u00e3o N. 002\/1985<\/font><\/a><\/u><\/p>\r\n<br>\r\n<br><div align=\"justify\">\r\n<strike>\r\n<p>O REITOR DA UNIVERSIDADE FEDERAL DE SANTA MARIA, no uso de suas atribui\u00e7\u00f5es legais e estatut\u00e1rias, e tendo em vista decis\u00e3o adotada em reuni\u00e3o realizada em data de 22 do corrente, com a participa\u00e7\u00e3o do Prof. Vice-Reitor, dos Professores Diretores de Centros e Professores Pr\u00f3-Reitores, e<\/p>\r\n<p>- considerando a constante eleva\u00e7\u00e3o do custo do transporte dos Servidores da Universidade Federal de Santa Maria, que se deslocam, diariamente, ao Campus Universit\u00e1rio;<\/p>\r\n<p>- considerando a necessidade de ampliar o uso do espa\u00e7o f\u00edsico dos pr\u00e9dios localizados no Campus, sem gerar maior demanda de pessoal;<\/p>\r\n<p>- considerando que o estabelecimento de um hor\u00e1rio interno e necess\u00e1rio para o desempenho das atividades pr\u00f3prias de cada \u00f3rg\u00e3o, e<\/p>\r\n<p>- considerando, finalmente, que um hor\u00e1rio para expediente interno contribuir\u00e1 para que as Chefias possam promover reuni\u00f5es internas, com a finalidade de aprimorar o ato administrativo, a moderniza\u00e7\u00e3o das t\u00e9cnicas de trabalho e a pronta tomada de decis\u00f5es,<\/p>\r\n<\/p>\r\n<br>\r\n<p><div align=\"center\">RESOLVE:<\/div><\/p>\r\n<br>\r\n<p>Art. 1\u00ba - Fixar o seguinte hor\u00e1rio de funcionamento da Universidade Federal de Santa Maria, a partir de 02 de abril de 1984:<\/p>\r\n<p>- das 07h30min \u00e0s 23h30min<\/p>\r\n<p>Art. 2\u00b0 - O hor\u00e1rio de atendimento externo na Reitoria e em seus \u00f3rg\u00e3os administrativos fica estabelecido entre:<\/p>\r\n<p>- 12h30min e 18h30min<\/p>\r\n<p>Art. 3\u00ba - As demais Unidades Universit\u00e1rias, atendendo programa\u00e7\u00f5es did\u00e1ticas e administrativas, bem como necessidades t\u00e9cnicas, far\u00e3o escalonamento de hor\u00e1rios de modo que o hor\u00e1rio a ser cumprido pelos seus servidores esteja inclu\u00eddo no previsto no Art. 1\u00ba desta Resolu\u00e7\u00e3o.<\/p>\r\n<p>Art. 4\u00ba - Os servidores t\u00e9cnico-administrativos cumprir\u00e3o seu hor\u00e1rio de trabalho em turno corrido.<\/p>\r\n<p>Art. 5\u00ba - Os Servidores detentores de Fun\u00e7\u00f5es Gratificadas, (DAS e DAI), permanecem sujeitos a dois turnos, bem como o Corpo Docente, com regime de 40 horas, inclusive os Professores que exercem fun\u00e7\u00f5es exclusivamente t\u00e9cnico-administrativas.<\/p>\r\n<p>Art. 6\u00ba - A presente fixa\u00e7\u00e3o de hor\u00e1rio, em car\u00e1ter experimental, vigorara at\u00e9 ulterior delibera\u00e7\u00e3o.<\/p>\r\n<p>Art. 7\u00ba - Revogam-se as disposi\u00e7\u00f5es em contr\u00e1rio.<\/p>\r\n<p>GABINETE DO REITOR DA UNIVERSIDADE FEDERAL DE SANTA MARIA, aos vinte e tr\u00eas dias do m\u00eas de marco de mil novecentos e oitenta e quatro.<\/p>\r\n<\/div>\r\n<p>Prof. ARMANDO VALLANDRO,<\/p>\r\n<p>Reitor.<\/p>\r\n<\/strike>\r\n<p><font color=\"red0000\">Este texto n\u00e3o substitui o documento original, publicado no Portal de Documentos.<\/font> Dispon\u00edvel em: <a href=\"https:\/\/portal.ufsm.br\/documentos\/publico\/documento.html?id=5761813\" target=\"_blank\"><font color=\"blue\">https:\/\/portal.ufsm.br\/documentos\/publico\/documento.html?id=5761813<\/font><\/a>\r\n\r\n\t\t<\/div>\n\t\t\t\t<\/div>\n\t\t\t\t\t<\/div>\n\t\t<\/div>\n\t\t\t\t\t<\/div>\n\t\t<\/section>\n\t\t\t\t<\/div>\n\t\t","protected":false},"excerpt":{"rendered":"<p>RESOLU\u00c7\u00c3O N. 006\/1984 SERVI\u00c7O P\u00daBLICO FEDERAL RESOLU\u00c7\u00c3O N. 006\/1984 Estabelece hor\u00e1rio especial para atividades internas na Universidade Federal de Santa Maria e d\u00e1 outras provid\u00eancias. Revogada pela Resolu\u00e7\u00e3o N. 002\/1985 O REITOR DA UNIVERSIDADE FEDERAL DE SANTA MARIA, no uso de suas atribui\u00e7\u00f5es legais e estatut\u00e1rias, e tendo em vista decis\u00e3o adotada em reuni\u00e3o realizada [&hellip;]<\/p>\n","protected":false},"author":205,"featured_media":0,"parent":0,"menu_order":0,"comment_status":"closed","ping_status":"closed","template":"","meta":{"footnotes":""},"categories":[],"tags":[],"class_list":["post-3677","page","type-page","status-publish","hentry"],"acf":[],"_links":{"self":[{"href":"https:\/\/www.ufsm.br\/pro-reitorias\/proplan\/wp-json\/wp\/v2\/pages\/3677","targetHints":{"allow":["GET"]}}],"collection":[{"href":"https:\/\/www.ufsm.br\/pro-reitorias\/proplan\/wp-json\/wp\/v2\/pages"}],"about":[{"href":"https:\/\/www.ufsm.br\/pro-reitorias\/proplan\/wp-json\/wp\/v2\/types\/page"}],"author":[{"embeddable":true,"href":"https:\/\/www.ufsm.br\/pro-reitorias\/proplan\/wp-json\/wp\/v2\/users\/205"}],"replies":[{"embeddable":true,"href":"https:\/\/www.ufsm.br\/pro-reitorias\/proplan\/wp-json\/wp\/v2\/comments?post=3677"}],"version-history":[{"count":0,"href":"https:\/\/www.ufsm.br\/pro-reitorias\/proplan\/wp-json\/wp\/v2\/pages\/3677\/revisions"}],"wp:attachment":[{"href":"https:\/\/www.ufsm.br\/pro-reitorias\/proplan\/wp-json\/wp\/v2\/media?parent=3677"}],"wp:term":[{"taxonomy":"category","embeddable":true,"href":"https:\/\/www.ufsm.br\/pro-reitorias\/proplan\/wp-json\/wp\/v2\/categories?post=3677"},{"taxonomy":"post_tag","embeddable":true,"href":"https:\/\/www.ufsm.br\/pro-reitorias\/proplan\/wp-json\/wp\/v2\/tags?post=3677"}],"curies":[{"name":"wp","href":"https:\/\/api.w.org\/{rel}","templated":true}]}}