{"id":3680,"date":"2020-04-30T18:53:01","date_gmt":"2020-04-30T21:53:01","guid":{"rendered":"https:\/\/www.ufsm.br\/pro-reitorias\/proplan\/?page_id=3680"},"modified":"2022-06-01T08:42:44","modified_gmt":"2022-06-01T11:42:44","slug":"resolucao-n-010-1984","status":"publish","type":"page","link":"https:\/\/www.ufsm.br\/pro-reitorias\/proplan\/resolucao-n-010-1984","title":{"rendered":"Resolu\u00e7\u00e3o N. 010\/1984"},"content":{"rendered":"\t\t<div data-elementor-type=\"wp-page\" data-elementor-id=\"3680\" class=\"elementor elementor-3680\">\n\t\t\t\t\t\t<section class=\"elementor-section elementor-top-section elementor-element elementor-element-c06c5eb elementor-section-boxed elementor-section-height-default elementor-section-height-default\" data-id=\"c06c5eb\" data-element_type=\"section\">\n\t\t\t\t\t\t<div class=\"elementor-container elementor-column-gap-default\">\n\t\t\t\t\t<div class=\"elementor-column elementor-col-100 elementor-top-column elementor-element elementor-element-7a2ece2\" data-id=\"7a2ece2\" data-element_type=\"column\">\n\t\t\t<div class=\"elementor-widget-wrap elementor-element-populated\">\n\t\t\t\t\t\t<div class=\"elementor-element elementor-element-ac13562 elementor-widget elementor-widget-html\" data-id=\"ac13562\" data-element_type=\"widget\" data-widget_type=\"html.default\">\n\t\t\t\t<div class=\"elementor-widget-container\">\n\t\t\t\r\n\r\n\r\n<title><b>RESOLU\u00c7\u00c3O N. 010\/1984<\/b><\/title>\r\n\r\n\r\n<div align=\"center\"><img decoding=\"async\" src=\"https:\/\/www.ufsm.br\/pro-reitorias\/proplan\/wp-content\/uploads\/sites\/344\/2019\/09\/brasao-da-republica-do-brasil-logo.png\" alt=\"Bras\u00e3o Rep\u00fablica Federativa do Brasil\" width=\"6%\" height=\"6%\"><\/div>    \r\n<h1><font color=\"blue\"><font size=\"5\"><div align=\"center\">SERVI\u00c7O P\u00daBLICO FEDERAL<\/b><\/font><\/font><\/div><\/H1>\r\n<p><div align=\"center\"><b><a href=\"https:\/\/portal.ufsm.br\/documentos\/publico\/documento.html?id=5761695\" target=\"_blank\"><font color=\"blue\">RESOLU\u00c7\u00c3O N. 010\/1984<\/font><\/a><\/b><\/div><\/p>\r\n<br>\r\n<p><a href=\"https:\/\/www.ufsm.br\/pro-reitorias\/proplan\/resolucao-ufsm-n-087-2022\/\" target=\"_blank\"><font color=\"blue\">Revogada pela Resolu\u00e7\u00e3o UFSM N. 087\/2022<\/font><\/a><\/p>\r\n<br>\r\n<br><div align=\"justify\">\r\n<strike>\r\n<p>O REITOR DA UNIVERSIDADE FEDERAL DE SANTA MARIA, no uso de suas atribui\u00e7\u00f5es legais e estatut\u00e1rias, e em vista da decis\u00e3o do Egr\u00e9gio Conselho Universit\u00e1rio tomada em sua 351\u00aa Sess\u00e3o, realizada em 15\/08\/1984,<\/p>\r\n<br>\r\n<p><div align=\"center\">RESOLVE:<\/div><\/p>\r\n<br>\r\n<p>Art. 1\u00ba - Ficam unificados os Departamentos de Direito P\u00fablico e o Departamento de Direito Privado, do Centro de Ci\u00eancias Sociais e Humanas, da Universidade Federal de Santa Maria, sob a denomina\u00e7\u00e3o de \"Departamento de Direito\u201d.<\/p>\r\n<p>Art. 2\u00ba - O Anexo do Estatuto da Universidade Federal de Santa Maria, no referente ao Centro de Ci\u00eancias Sociais e Humanas, Item IV, passa a conter 08 (oito) sub-itens, constando do 5\u00ba, apenas a palavra \"Direito\".<\/p>\r\n<p>Art. 3\u00ba - Para todos os efeitos operacionais do sistema acad\u00eamico, enquanto nao houver homologa\u00e7\u00e3o do novo Anexo do Estatuto, por parte do Conselho Federal de Educa\u00e7\u00e3o, ficam mantidos os antigos C\u00f3digos das disciplinas lotadas nos Departamentos de origem.<\/p>\r\n<p>Art. 4\u00ba - Para os efeitos de lota\u00e7\u00e3o, sejam remetidas c\u00f3pias desta Resolu\u00e7\u00e3o ao Departamento de Pessoal da UFSM e Comiss\u00e3o Permanente do Pessoal Docente \u2014 CPPD.<\/p>\r\n<p>Art. 5\u00ba - Esta Resolu\u00e7\u00e3o entra em vigor nesta data, revogadas as disposi\u00e7\u00f5es em contr\u00e1rio.<\/p>\r\n<p>GABINETE DO REITOR da Universidade Federal de Santa Maria, aos vinte e nove dias do m\u00eas de agosto de mil novecentos e oitenta e quatro.<\/p>\r\n<\/div>\r\n<p>Prof. ARMANDO VALLANDRO,<\/p>\r\n<p>Reitor.<\/p>\r\n<\/strike>\r\n<\/p><font color=\"red0000\">Este texto n\u00e3o substitui o documento original, publicado no Portal de Documentos.<\/font> Dispon\u00edvel em: <a href=\"https:\/\/portal.ufsm.br\/documentos\/publico\/documento.html?id=5761695\" target=\"_blank\"><font color=\"blue\">https:\/\/portal.ufsm.br\/documentos\/publico\/documento.html?id=5761695<\/font><\/a>\r\n\r\n\t\t<\/div>\n\t\t\t\t<\/div>\n\t\t\t\t\t<\/div>\n\t\t<\/div>\n\t\t\t\t\t<\/div>\n\t\t<\/section>\n\t\t\t\t<\/div>\n\t\t","protected":false},"excerpt":{"rendered":"<p>RESOLU\u00c7\u00c3O N. 010\/1984 SERVI\u00c7O P\u00daBLICO FEDERAL RESOLU\u00c7\u00c3O N. 010\/1984 Revogada pela Resolu\u00e7\u00e3o UFSM N. 087\/2022 O REITOR DA UNIVERSIDADE FEDERAL DE SANTA MARIA, no uso de suas atribui\u00e7\u00f5es legais e estatut\u00e1rias, e em vista da decis\u00e3o do Egr\u00e9gio Conselho Universit\u00e1rio tomada em sua 351\u00aa Sess\u00e3o, realizada em 15\/08\/1984, RESOLVE: Art. 1\u00ba &#8211; Ficam unificados os [&hellip;]<\/p>\n","protected":false},"author":205,"featured_media":0,"parent":0,"menu_order":0,"comment_status":"closed","ping_status":"closed","template":"","meta":{"footnotes":""},"categories":[],"tags":[],"class_list":["post-3680","page","type-page","status-publish","hentry"],"acf":[],"_links":{"self":[{"href":"https:\/\/www.ufsm.br\/pro-reitorias\/proplan\/wp-json\/wp\/v2\/pages\/3680","targetHints":{"allow":["GET"]}}],"collection":[{"href":"https:\/\/www.ufsm.br\/pro-reitorias\/proplan\/wp-json\/wp\/v2\/pages"}],"about":[{"href":"https:\/\/www.ufsm.br\/pro-reitorias\/proplan\/wp-json\/wp\/v2\/types\/page"}],"author":[{"embeddable":true,"href":"https:\/\/www.ufsm.br\/pro-reitorias\/proplan\/wp-json\/wp\/v2\/users\/205"}],"replies":[{"embeddable":true,"href":"https:\/\/www.ufsm.br\/pro-reitorias\/proplan\/wp-json\/wp\/v2\/comments?post=3680"}],"version-history":[{"count":0,"href":"https:\/\/www.ufsm.br\/pro-reitorias\/proplan\/wp-json\/wp\/v2\/pages\/3680\/revisions"}],"wp:attachment":[{"href":"https:\/\/www.ufsm.br\/pro-reitorias\/proplan\/wp-json\/wp\/v2\/media?parent=3680"}],"wp:term":[{"taxonomy":"category","embeddable":true,"href":"https:\/\/www.ufsm.br\/pro-reitorias\/proplan\/wp-json\/wp\/v2\/categories?post=3680"},{"taxonomy":"post_tag","embeddable":true,"href":"https:\/\/www.ufsm.br\/pro-reitorias\/proplan\/wp-json\/wp\/v2\/tags?post=3680"}],"curies":[{"name":"wp","href":"https:\/\/api.w.org\/{rel}","templated":true}]}}