{"id":3681,"date":"2020-04-30T18:53:07","date_gmt":"2020-04-30T21:53:07","guid":{"rendered":"https:\/\/www.ufsm.br\/pro-reitorias\/proplan\/?page_id=3681"},"modified":"2020-07-17T13:56:54","modified_gmt":"2020-07-17T16:56:54","slug":"resolucao-n-011-1984","status":"publish","type":"page","link":"https:\/\/www.ufsm.br\/pro-reitorias\/proplan\/resolucao-n-011-1984","title":{"rendered":"Resolu\u00e7\u00e3o N. 011\/1984"},"content":{"rendered":"\t\t<div data-elementor-type=\"wp-page\" data-elementor-id=\"3681\" class=\"elementor elementor-3681\">\n\t\t\t\t\t\t<section class=\"elementor-section elementor-top-section elementor-element elementor-element-f4b4a24 elementor-section-boxed elementor-section-height-default elementor-section-height-default\" data-id=\"f4b4a24\" data-element_type=\"section\">\n\t\t\t\t\t\t<div class=\"elementor-container elementor-column-gap-default\">\n\t\t\t\t\t<div class=\"elementor-column elementor-col-100 elementor-top-column elementor-element elementor-element-6e15805\" data-id=\"6e15805\" data-element_type=\"column\">\n\t\t\t<div class=\"elementor-widget-wrap elementor-element-populated\">\n\t\t\t\t\t\t<div class=\"elementor-element elementor-element-4b4101a elementor-widget elementor-widget-html\" data-id=\"4b4101a\" data-element_type=\"widget\" data-widget_type=\"html.default\">\n\t\t\t\t<div class=\"elementor-widget-container\">\n\t\t\t\r\n\r\n\r\n<title><b>RESOLU\u00c7\u00c3O N. 011\/1984<\/b><\/title>\r\n\r\n\r\n<div align=\"center\"><img decoding=\"async\" src=\"https:\/\/www.ufsm.br\/pro-reitorias\/proplan\/wp-content\/uploads\/sites\/344\/2019\/09\/brasao-da-republica-do-brasil-logo.png\" alt=\"Bras\u00e3o Rep\u00fablica Federativa do Brasil\" width=\"6%\" height=\"6%\"><\/div>    \r\n<h1><font color=\"blue\"><font size=\"5\"><div align=\"center\">SERVI\u00c7O P\u00daBLICO FEDERAL<\/b><\/font><\/font><\/div><\/H1>\r\n<p><div align=\"center\"><b><a href=\"https:\/\/portal.ufsm.br\/documentos\/publico\/documento.html?id=5761691\" target=\"_blank\"><font color=\"blue\">RESOLU\u00c7\u00c3O N. 011\/1984<\/font><\/a><\/b><\/div><\/p>\r\n<br>\r\n<p><a href=\"https:\/\/www.ufsm.br\/pro-reitorias\/proplan\/resolucao-n-022-2020\/\" target=\"_blank\"><font color=\"blue\">Revogada pela Resolu\u00e7\u00e3o N. 022\/2020<\/font><\/a><\/p>\r\n<br>\r\n<br><div align=\"justify\">\r\n<strike>\r\n<p>O REITOR DA UNIVERSIDADE FEDERAL DE SANTA MARIA, no uso de suas atribui\u00e7\u00f5es legais e estatut\u00e1rias, tendo em vista o que consta do Processo n\u00ba 23081.017332\/84-5:<\/p>\r\n<p>- considerando a necessidade de estabelecer normas que disciplinem a realiza\u00e7\u00e3o de est\u00e1gios curriculares de gradua\u00e7\u00e3o, atendendo ao que disciplina o Art. 4\u00ba do <u><a href=\"http:\/\/www.planalto.gov.br\/ccivil_03\/decreto\/D87497.htm\" target=\"_blank\"><font color=\"blue\">Decreto n\u00ba 87.497, de 18 de agosto de 1982<\/font><\/a><\/u>;<\/p>\r\n<p>- considerando a urgente necessidade de criar condi\u00e7\u00f5es que possibilitem o enquadramento no referido Decreto, visando \u00e0 forma\u00e7\u00e3o e ao aperfei\u00e7oamento t\u00e9cnico-profissional, nos moldes e especialidades reclamados pelo desenvolvimento Universit\u00e1rio; e<\/p>\r\n<p>- considerando os termos do Parecer n\u00ba 47\/84, da Comiss\u00e3o de Legisla\u00e7\u00e3o e Normas, aprovado pelo Conselho de Ensino, Pesquisa e Extens\u00e3o, em sua 265\u00aa Sess\u00e3o, em 11\/09\/1984;<\/p>\r\n<br>\r\n<p><div align=\"center\">RESOLVE:<\/div><\/p>\r\n<br>\r\n<p>Art. 1\u00ba - A disciplina EST\u00c1GIO poder\u00e1 ser desenvolvida durante o semestre letivo regular, ou semestre letivo condensado, ou outro per\u00edodo estabelecido em normas pelo Colegiado de Curso e aprovado pelo CEPE.<\/p>\r\n<p>Art. 2\u00ba - A conclus\u00e3o da programa\u00e7\u00e3o da disciplina EST\u00c1GIO poder\u00e1 ocorrer fora do (s) per\u00edodo (s) letivo (s) estabelecido (s) nas normas de EST\u00c1GIO, por\u00e9m n\u00e3o poder\u00e1 ultrapassar o semestre letivo subsequente.<\/p>\r\n<p>Art. 3\u00ba - A amplia\u00e7\u00e3o do semestre letivo regular, ser\u00e1 facultada \u00e0 disciplina EST\u00c1GIO, que necessitar maior carga hor\u00e1ria, dura\u00e7\u00e3o e jornada de estagio, fun\u00e7\u00e3o da programa\u00e7\u00e3o cu de dispositivos legais espec\u00edficos.<\/p>\r\n<p>Art. 4\u00ba - Tratando-se de EST\u00c1GIO do tipo Departamental ou Interdepartamental, caber\u00e1 ao Departamento Did\u00e1tico ou Curso de Gradua\u00e7\u00e3o, informar ao DERCA, fatos de registro no semestre correspondente ao da matr\u00edcula do aluno.<\/p>\r\n<p>Art. 5\u00ba - Esta Resolu\u00e7\u00e3o entrar\u00e1 em vigor a partir desta data revogada a Resolu\u00e7\u00e3o n\u00ba 02\/76 de 23\/07\/1976.<\/p>\r\n<p><b>Gabinete do Reitor da Universidade Federal de Santa Maria<\/b>, aos vinte dias do m\u00eas de setembro de mil novecentos e oitenta e quatro.<\/p>\r\n<\/div>\r\n<p>Prof. ARMANDO VALLANDRO,<\/p>\r\n<p>Reitor.<\/p>\r\n<\/strike>\r\n<p><font color=\"red0000\">Este texto n\u00e3o substitui o documento original, publicado no Portal de Documentos.<\/font> Dispon\u00edvel em: <a href=\"https:\/\/portal.ufsm.br\/documentos\/publico\/documento.html?id=5761691\" target=\"_blank\"><font color=\"blue\">https:\/\/portal.ufsm.br\/documentos\/publico\/documento.html?id=5761691<\/font><\/a>\r\n\r\n\t\t<\/div>\n\t\t\t\t<\/div>\n\t\t\t\t\t<\/div>\n\t\t<\/div>\n\t\t\t\t\t<\/div>\n\t\t<\/section>\n\t\t\t\t<\/div>\n\t\t","protected":false},"excerpt":{"rendered":"<p>RESOLU\u00c7\u00c3O N. 011\/1984 SERVI\u00c7O P\u00daBLICO FEDERAL RESOLU\u00c7\u00c3O N. 011\/1984 Revogada pela Resolu\u00e7\u00e3o N. 022\/2020 O REITOR DA UNIVERSIDADE FEDERAL DE SANTA MARIA, no uso de suas atribui\u00e7\u00f5es legais e estatut\u00e1rias, tendo em vista o que consta do Processo n\u00ba 23081.017332\/84-5: &#8211; considerando a necessidade de estabelecer normas que disciplinem a realiza\u00e7\u00e3o de est\u00e1gios curriculares de [&hellip;]<\/p>\n","protected":false},"author":205,"featured_media":0,"parent":0,"menu_order":0,"comment_status":"closed","ping_status":"closed","template":"","meta":{"footnotes":""},"categories":[],"tags":[],"class_list":["post-3681","page","type-page","status-publish","hentry"],"acf":[],"_links":{"self":[{"href":"https:\/\/www.ufsm.br\/pro-reitorias\/proplan\/wp-json\/wp\/v2\/pages\/3681","targetHints":{"allow":["GET"]}}],"collection":[{"href":"https:\/\/www.ufsm.br\/pro-reitorias\/proplan\/wp-json\/wp\/v2\/pages"}],"about":[{"href":"https:\/\/www.ufsm.br\/pro-reitorias\/proplan\/wp-json\/wp\/v2\/types\/page"}],"author":[{"embeddable":true,"href":"https:\/\/www.ufsm.br\/pro-reitorias\/proplan\/wp-json\/wp\/v2\/users\/205"}],"replies":[{"embeddable":true,"href":"https:\/\/www.ufsm.br\/pro-reitorias\/proplan\/wp-json\/wp\/v2\/comments?post=3681"}],"version-history":[{"count":0,"href":"https:\/\/www.ufsm.br\/pro-reitorias\/proplan\/wp-json\/wp\/v2\/pages\/3681\/revisions"}],"wp:attachment":[{"href":"https:\/\/www.ufsm.br\/pro-reitorias\/proplan\/wp-json\/wp\/v2\/media?parent=3681"}],"wp:term":[{"taxonomy":"category","embeddable":true,"href":"https:\/\/www.ufsm.br\/pro-reitorias\/proplan\/wp-json\/wp\/v2\/categories?post=3681"},{"taxonomy":"post_tag","embeddable":true,"href":"https:\/\/www.ufsm.br\/pro-reitorias\/proplan\/wp-json\/wp\/v2\/tags?post=3681"}],"curies":[{"name":"wp","href":"https:\/\/api.w.org\/{rel}","templated":true}]}}