{"id":3682,"date":"2020-04-30T18:53:15","date_gmt":"2020-04-30T21:53:15","guid":{"rendered":"https:\/\/www.ufsm.br\/pro-reitorias\/proplan\/?page_id=3682"},"modified":"2020-04-30T18:55:52","modified_gmt":"2020-04-30T21:55:52","slug":"resolucao-n-012-1984","status":"publish","type":"page","link":"https:\/\/www.ufsm.br\/pro-reitorias\/proplan\/resolucao-n-012-1984","title":{"rendered":"Resolu\u00e7\u00e3o N. 012\/1984"},"content":{"rendered":"\t\t<div data-elementor-type=\"wp-page\" data-elementor-id=\"3682\" class=\"elementor elementor-3682\">\n\t\t\t\t\t\t<section class=\"elementor-section elementor-top-section elementor-element elementor-element-52f1dbc elementor-section-boxed elementor-section-height-default elementor-section-height-default\" data-id=\"52f1dbc\" data-element_type=\"section\">\n\t\t\t\t\t\t<div class=\"elementor-container elementor-column-gap-default\">\n\t\t\t\t\t<div class=\"elementor-column elementor-col-100 elementor-top-column elementor-element elementor-element-bced52a\" data-id=\"bced52a\" data-element_type=\"column\">\n\t\t\t<div class=\"elementor-widget-wrap elementor-element-populated\">\n\t\t\t\t\t\t<div class=\"elementor-element elementor-element-e703841 elementor-widget elementor-widget-html\" data-id=\"e703841\" data-element_type=\"widget\" data-widget_type=\"html.default\">\n\t\t\t\t<div class=\"elementor-widget-container\">\n\t\t\t\r\n\r\n\r\n<title><b>RESOLU\u00c7\u00c3O N. 012\/1984<\/b><\/title>\r\n\r\n\r\n<div align=\"center\"><img decoding=\"async\" src=\"https:\/\/www.ufsm.br\/pro-reitorias\/proplan\/wp-content\/uploads\/sites\/344\/2019\/09\/brasao-da-republica-do-brasil-logo.png\" alt=\"Bras\u00e3o Rep\u00fablica Federativa do Brasil\" width=\"6%\" height=\"6%\"><\/div>    \r\n<h1><font color=\"blue\"><font size=\"5\"><div align=\"center\">SERVI\u00c7O P\u00daBLICO FEDERAL<\/b><\/font><\/font><\/div><\/H1>\r\n<p><div align=\"center\"><b><a href=\"https:\/\/portal.ufsm.br\/documentos\/publico\/documento.html?id=5761676\" target=\"_blank\"><font color=\"blue\">RESOLU\u00c7\u00c3O N. 012\/1984<\/font><\/a><\/b><\/div><\/p>\r\n<br>\r\n<p><u><a href=\"https:\/\/www.ufsm.br\/pro-reitorias\/proplan\/resolucao-n-008-2020\/\" target=\"_blank\"><font color=\"blue\">Revogada pela Resolu\u00e7\u00e3o N. 008\/2020<\/font><\/a><\/u><\/p>\r\n<br>\r\n<br><div align=\"justify\">\r\n<strike>\r\n<p>O REITOR DA UNIVERSIDADE FEDERAL DE SANTA MARIA, no uso de suas atribui\u00e7\u00f5es legais e estatut\u00e1rias, e<\/p>\r\n<p>- considerando o que consta na Portaria Ministerial n\u00ba 62\/84, de 15\/02\/84, firmada pela Exma. Sra. Ministro da Educa\u00e7\u00e3o e Cultura;<\/p>\r\n<p>- considerando os termos do Parecer n\u00ba 01\/84 da Procuradoria Jur\u00eddica da Universidade; e<\/p>\r\n<p>- considerando o que consta dos Processos n\u00bas 20379\/84 e 19144\/84;<\/p>\r\n<br>\r\n<p><div align=\"center\">RESOLVE:<\/div><\/p>\r\n<br>\r\n<p>Art. 1 - Fixar os seguintes pre\u00e7os, a vigorarem no 2\u00ba semestre letivo de 1984, e a partir de 08.10.84 nos Restaurantes Universit\u00e1rios:<\/p>\r\n<table><table width=\"75%\">\r\n<tr><td><div align=\"center\"><\/div><\/td><td><div align=\"center\"><strike>DESJEJUM<\/strike><\/div><\/td><td><div align=\"center\"><strike>ALMO\u00c7O OU JANTAR<\/strike><\/div><\/td><\/tr>\r\n<tr><td><strike>a)-Estudantes carentes, cadastrados na PRAE<\/strike><\/td><td><div align=\"center\"><strike>Cr$ 120<\/strike><\/div><\/td><td><div align=\"center\"><strike>Cr$ 480<\/strike><\/div><\/td><\/tr>\r\n<tr><td><strike>b)-Servidores de baixa renda, cadastrados na Coordenadoria de Planejamento Comunit\u00e1rio - PRAE<\/strike><\/td><td><div align=\"center\"><strike>Cr$ 120<\/strike><\/div><\/td><td><div align=\"center\"><strike>Cr$ 480<\/strike><\/div><\/td><\/tr>\r\n<tr><td><strike>c)-Estudantes, docentes e funcion\u00e1rios da UFSM; alunos da FIC e FACEM, todos devidamente identificados<\/strike><\/td><td><div align=\"center\"><strike>Cr$ 350<\/strike><\/div><\/td><td><div align=\"center\"><strike>Cr$ 1.400<\/strike><\/div><\/td><\/tr>\r\n<\/table>\r\n<p>Art. 2 - Usufruir\u00e3o dos Restaurantes Universit\u00e1rios, na Categoria de ESTUDANTE e SERVIDOR CARENTES, somente aqueles que, efetivamente na \u00e9poca oportuna determinada pela PRAE, tenham solicitado ou renovado pedidos para desfrute desse benef\u00edcio, dentro da determina\u00e7\u00e3o Ministerial do \u00cdndice de Car\u00eancia.<\/p>\r\n<p>\u00a7 \u00fanico - Os casos excepcionais ser\u00e3o analisados e resolvidos nela Comiss\u00e3o nomeada pela Portaria n\u00ba 14.910\/82.<\/p>\r\n<p>Art. 3 - Esta Resolu\u00e7\u00e3o entra em vigor nesta data.<\/p>\r\n<p>GABINETE DO REITOR DA UNIVERSIDADE FEDERAL DE SANTA MARIA, aos vinte e seis dias do m\u00eas de setembro de mil novecentos e oitenta e quatro.<\/p>\r\n<\/div>\r\n<p>Prof. ARMANDO VALLANDRO,<\/p>\r\n<p>Reitor.<\/p>\r\n<\/strike>\r\n<p><font color=\"red0000\">Este texto n\u00e3o substitui o documento original, publicado no Portal de Documentos.<\/font> Dispon\u00edvel em: <a href=\"https:\/\/portal.ufsm.br\/documentos\/publico\/documento.html?id=5761676\" target=\"_blank\"><font color=\"blue\">https:\/\/portal.ufsm.br\/documentos\/publico\/documento.html?id=5761676<\/font><\/a>\r\n\r\n\t\t<\/div>\n\t\t\t\t<\/div>\n\t\t\t\t\t<\/div>\n\t\t<\/div>\n\t\t\t\t\t<\/div>\n\t\t<\/section>\n\t\t\t\t<\/div>\n\t\t","protected":false},"excerpt":{"rendered":"<p>RESOLU\u00c7\u00c3O N. 012\/1984 SERVI\u00c7O P\u00daBLICO FEDERAL RESOLU\u00c7\u00c3O N. 012\/1984 Revogada pela Resolu\u00e7\u00e3o N. 008\/2020 O REITOR DA UNIVERSIDADE FEDERAL DE SANTA MARIA, no uso de suas atribui\u00e7\u00f5es legais e estatut\u00e1rias, e &#8211; considerando o que consta na Portaria Ministerial n\u00ba 62\/84, de 15\/02\/84, firmada pela Exma. Sra. Ministro da Educa\u00e7\u00e3o e Cultura; &#8211; considerando os [&hellip;]<\/p>\n","protected":false},"author":205,"featured_media":0,"parent":0,"menu_order":0,"comment_status":"closed","ping_status":"closed","template":"","meta":{"footnotes":""},"categories":[],"tags":[],"class_list":["post-3682","page","type-page","status-publish","hentry"],"acf":[],"_links":{"self":[{"href":"https:\/\/www.ufsm.br\/pro-reitorias\/proplan\/wp-json\/wp\/v2\/pages\/3682","targetHints":{"allow":["GET"]}}],"collection":[{"href":"https:\/\/www.ufsm.br\/pro-reitorias\/proplan\/wp-json\/wp\/v2\/pages"}],"about":[{"href":"https:\/\/www.ufsm.br\/pro-reitorias\/proplan\/wp-json\/wp\/v2\/types\/page"}],"author":[{"embeddable":true,"href":"https:\/\/www.ufsm.br\/pro-reitorias\/proplan\/wp-json\/wp\/v2\/users\/205"}],"replies":[{"embeddable":true,"href":"https:\/\/www.ufsm.br\/pro-reitorias\/proplan\/wp-json\/wp\/v2\/comments?post=3682"}],"version-history":[{"count":0,"href":"https:\/\/www.ufsm.br\/pro-reitorias\/proplan\/wp-json\/wp\/v2\/pages\/3682\/revisions"}],"wp:attachment":[{"href":"https:\/\/www.ufsm.br\/pro-reitorias\/proplan\/wp-json\/wp\/v2\/media?parent=3682"}],"wp:term":[{"taxonomy":"category","embeddable":true,"href":"https:\/\/www.ufsm.br\/pro-reitorias\/proplan\/wp-json\/wp\/v2\/categories?post=3682"},{"taxonomy":"post_tag","embeddable":true,"href":"https:\/\/www.ufsm.br\/pro-reitorias\/proplan\/wp-json\/wp\/v2\/tags?post=3682"}],"curies":[{"name":"wp","href":"https:\/\/api.w.org\/{rel}","templated":true}]}}