{"id":3683,"date":"2020-04-30T18:53:22","date_gmt":"2020-04-30T21:53:22","guid":{"rendered":"https:\/\/www.ufsm.br\/pro-reitorias\/proplan\/?page_id=3683"},"modified":"2020-04-30T18:56:14","modified_gmt":"2020-04-30T21:56:14","slug":"resolucao-n-013-1984","status":"publish","type":"page","link":"https:\/\/www.ufsm.br\/pro-reitorias\/proplan\/resolucao-n-013-1984","title":{"rendered":"Resolu\u00e7\u00e3o N. 013\/1984"},"content":{"rendered":"\t\t<div data-elementor-type=\"wp-page\" data-elementor-id=\"3683\" class=\"elementor elementor-3683\">\n\t\t\t\t\t\t<section class=\"elementor-section elementor-top-section elementor-element elementor-element-6f9bcf9 elementor-section-boxed elementor-section-height-default elementor-section-height-default\" data-id=\"6f9bcf9\" data-element_type=\"section\">\n\t\t\t\t\t\t<div class=\"elementor-container elementor-column-gap-default\">\n\t\t\t\t\t<div class=\"elementor-column elementor-col-100 elementor-top-column elementor-element elementor-element-335dd03\" data-id=\"335dd03\" data-element_type=\"column\">\n\t\t\t<div class=\"elementor-widget-wrap elementor-element-populated\">\n\t\t\t\t\t\t<div class=\"elementor-element elementor-element-515bfa1 elementor-widget elementor-widget-html\" data-id=\"515bfa1\" data-element_type=\"widget\" data-widget_type=\"html.default\">\n\t\t\t\t<div class=\"elementor-widget-container\">\n\t\t\t\r\n\r\n\r\n<title><b>RESOLU\u00c7\u00c3O N. 013\/1984<\/b><\/title>\r\n\r\n\r\n<div align=\"center\"><img decoding=\"async\" src=\"https:\/\/www.ufsm.br\/pro-reitorias\/proplan\/wp-content\/uploads\/sites\/344\/2019\/09\/brasao-da-republica-do-brasil-logo.png\" alt=\"Bras\u00e3o Rep\u00fablica Federativa do Brasil\" width=\"6%\" height=\"6%\"><\/div>    \r\n<h1><font color=\"blue\"><font size=\"5\"><div align=\"center\">SERVI\u00c7O P\u00daBLICO FEDERAL<\/b><\/font><\/font><\/div><\/H1>\r\n<p><div align=\"center\"><b><a href=\"https:\/\/portal.ufsm.br\/documentos\/publico\/documento.html?id=5761674\" target=\"_blank\"><font color=\"blue\">RESOLU\u00c7\u00c3O N. 013\/1984<\/font><\/a><\/b><\/div><\/p>\r\n<br>\r\n<br><div align=\"justify\">\r\n<p>O REITOR DA UNIVERSIDADE FEDERAL DE SANTA MARIA, no uso de suas atribui\u00e7\u00f5es legais e estatut\u00e1rias, e tendo em vista o que consta do Processo n\u00ba 010933\/83-5, aprovado pela Coordenadoria de Ensino de 2\u00ba Grau,<\/p>\r\n<br>\r\n<p><div align=\"center\">RESOLVE:<\/div><\/p>\r\n<br>\r\n<p>Fixar normas para o exerc\u00edcio nas fun\u00e7\u00f5es de alunos monitores das Escolas de 2\u00ba Grau da UFSM:<\/p>\r\n<br>\r\n<p>Cap\u00edtulo I<\/p>\r\n<p><u>DA INSCRI\u00c7\u00c3O<\/u><\/p>\r\n<br>\r\n<p>Art. 1\u00ba - A monitoria destina-se aos alunos que j\u00e1 tenham cursado o 1\u00ba ano letivo.<\/p>\r\n<p>Art. 2\u00ba - Haver\u00e1 monitoria, nas disciplinas de forma\u00e7\u00e3o especial (t\u00e9cnica) e de educa\u00e7\u00e3o geral (forma\u00e7\u00e3o especial).<\/p>\r\n<p>Art. 3\u00ba - Alunos com problemas disciplinares n\u00e3o poder\u00e3o fazer a inscri\u00e7\u00e3o para a monitoria.<\/p>\r\n<br>\r\n<p>Cap\u00edtulo II<\/p>\r\n<p><u>DA SELE\u00c7\u00c3O<\/u><\/p>\r\n<br>\r\n<p>Art. 4\u00ba - Se o n\u00famero de candidatos for superior ao de vagas oferecidas na disciplina, ser\u00e1 realizada, pela Escola, uma sele\u00e7\u00e3o, atrav\u00e9s de Comiss\u00e3o de Professores especialmente designada para este fim.<\/p>\r\n<p>Art. 5\u00ba - A sele\u00e7\u00e3o ser\u00e1 feita mediante prova te\u00f3rica e pr\u00e1tica, espec\u00edfica na disciplina objeto de monitoria.<\/p>\r\n<p>Art. 6\u00ba - Caber\u00e1 ao Colegiado da Escola a homologa\u00e7\u00e3o dos resultados da sele\u00e7\u00e3o.<\/p>\r\n<p>Par\u00e1grafo \u00danico: Ser\u00e1 classificado o candidato que obtiver a maior nota na m\u00e9dia aritm\u00e9tica entre as provas te\u00f3rica e pr\u00e1tica.<\/p>\r\n<br>\r\n<p>Cap\u00edtulo III<\/p>\r\n<p><u>DOS OBJETIVOS<\/u><\/p>\r\n<br>\r\n<p>Art. 7\u00ba - Os objetivos da monitoria s\u00e3o:<\/p>\r\n<p>a) Criar condi\u00e7\u00f5es para que o aluno possa melhor desenvolver o senso de responsabilidade, a capacidade de lideran\u00e7a, a seguran\u00e7a no trabalho, a iniciativa pr\u00f3pria, a organiza\u00e7\u00e3o, o espirito cr\u00edtico, a criatividade, o relacionamento e a ger\u00eancia de projetos;<\/p>\r\n<p>b) Oportunizar uma viv\u00eancia pr\u00e1tica nos setores de agropecu\u00e1ria e industrial, atrav\u00e9s do desempenho das atividades di\u00e1rias, bem como melhor desenvolver o entrosamento Professor-Aluno;<\/p>\r\n<p>c) Assegurar coopera\u00e7\u00e3o do corpo discente ao corpo docente nas atividades de ensino, pesquisa e extens\u00e3o;<\/p>\r\n<p>d) Assegurar coopera\u00e7\u00e3o do corpo discente nas atividades julgadas importantes pela administra\u00e7\u00e3o da Escola.<\/p>\r\n<br>\r\n<p>Cap\u00edtulo IV<\/p>\r\n<p><u>DAS ATRIBUI\u00c7\u00d5ES<\/u><\/p>\r\n<br>\r\n<p>Art. 8\u00ba - As atribui\u00e7\u00f5es do aluno monitor constituem-se, entre outras, das seguintes atividades:<\/p>\r\n<p>a) Auxiliar os professores em tarefas did\u00e1ticas inclusive na prepara\u00e7\u00e3o de aulas pr\u00e1ticas e trabalhos escolares;<\/p>\r\n<p>b) Auxiliar os professores em tarefas de pesquisas e extens\u00e3o, compat\u00edvel com seu grau de conhecimento;<\/p>\r\n<p>c) Facilitar o rendimento entre alunos e professores, na execu\u00e7\u00e3o dos planos de ensino da disciplina;<\/p>\r\n<p>d) Auxiliar os Professores na elabora\u00e7\u00e3o, acompanhamento e avalia\u00e7\u00e3o dos projetos espec\u00edficos da disciplina;<\/p>\r\n<p>e) Auxiliar \u00e0 Escola em atividades por ela consideradas importantes.<\/p>\r\n<br>\r\n<p>Cap\u00edtulo V<\/p>\r\n<p><u>DO REGIME DE TRABALHO<\/u><\/p>\r\n<br>\r\n<p>Art. 9\u00ba - Cada monitor exercer\u00e1 suas atividades sob orienta\u00e7\u00e3o do professor da disciplina.<\/p>\r\n<p>Art. 10\u00ba - Cabe ao professor orientador pronunciar-se semestralmente sobre o desempenho do monitor.<\/p>\r\n<p>Art. 11\u00ba - O hor\u00e1rio das atividades do monitor n\u00e3o poder\u00e1 em hip\u00f3tese alguma, prejudicar o hor\u00e1rio das atividades a que o aluno estiver obrigado como discente.<\/p>\r\n<p>Art. 12\u00ba - As atividades do monitor obedecer\u00e3o a um plano anual elaborado pelo professor orientador, aprovado pelo respectivo Colegiado da Escola.<\/p> \r\n<p>Art. 13\u00ba - Os monitores exercer\u00e3o suas atividades sem qualquer v\u00ednculo empregat\u00edcio com a Institui\u00e7\u00e3o, em regime de 8(oito) a 12(doze) horas semanais de efetivo trabalho, a crit\u00e9rio da Escola.<\/p>\r\n<br>\r\n<p>Cap\u00edtulo VI<\/p>\r\n<p><u>DA BOLSA DE MONITORIA<\/u><\/p>\r\n<br>\r\n<p>Art. 14\u00ba - Enquanto no exerc\u00edcio de suas fun\u00e7\u00f5es o monitor receber\u00e1 uma bolsa, cujo valor ser\u00e1 fixado pelo Conselho de Ensino e Pesquisa.<\/p>\r\n<p>Art. 15\u00ba - A bolsa ter\u00e1 a dura\u00e7\u00e3o de l(um) ano letivo, n\u00e3o podendo ser prorrogada havendo a necessidade de um exame de sele\u00e7\u00e3o para fazer jus a nova oportunidade.<\/p>\r\n<p>Art. 16\u00ba - A bolsa de monitoria n\u00e3o poder\u00e1 ser acumulada com a bolsa de trabalho e\/ou de pesquisa e\/ou extens\u00e3o.<\/p>\r\n<br>\r\n<p>Cap\u00edtulo VII<\/p>\r\n<p><u>DO CONTROLE DA MONITORIA<\/u><\/p>\r\n<br>\r\n<p>Art. 17\u00ba - Cabe \u00e0s Escolas fazer o controle de hor\u00e1rio e frequ\u00eancia dos monitores, de acordo com as normas da Institui\u00e7\u00e3o.<\/p>\r\n<p>Art. 18\u00ba - A Escola far\u00e1 o controle semestral das atividades dos monitores atrav\u00e9s de relat\u00f3rios por estes apresentados sobre as atividades exercidas no per\u00edodo.<\/p>\r\n<p>Art. 19\u00ba - O relat\u00f3rio do monitor dever\u00e1 conter a aprecia\u00e7\u00e3o do professor orientador, devendo ser aprovado e homologado pelo Colegiado da Escola.<\/p>\r\n<p>Par\u00e1grafo \u00danico: A monitoria poder\u00e1 ser suspensa em qualquer \u00e9poca do ano, se o monitor n\u00e3o estiver correspondendo satisfatoriamente.<\/p>\r\n<br>\r\n<p>Cap\u00edtulo VIII<\/p>\r\n<p><u>DO \u00d3RG\u00c3O RESPONS\u00c1VEL PELA MONITORIA<\/u><\/p>\r\n<br>\r\n<p>Art. 20\u00ba - O \u00f3rg\u00e3o respons\u00e1vel pela monitoria \u00e9 a Escola.<\/p>\r\n<br>\r\n<p>Cap\u00edtulo IX<\/p>\r\n<p><u>DAS VAGAS<\/u><\/p>\r\n<br>\r\n<p>Art. 21\u00ba - A distribui\u00e7\u00e3o das vagas de monitoria por Escola ser\u00e1 de responsabilidade da Coordenadoria de Ensino de 2\u00ba Grau.<\/p>\r\n<p>Art. 22\u00ba - A distribui\u00e7\u00e3o das vagas por disciplina ser\u00e1 feita pela Escola.<\/p>\r\n<br>\r\n<p>Cap\u00edtulo X<\/p>\r\n<p><u>DAS DISPOSI\u00c7\u00d5ES FINAIS E TRANSIT\u00d3RIAS<\/u><\/p>\r\n<br>\r\n<p>Art. 23\u00ba - No in\u00edcio de cada ano letivo a Escola providenciar\u00e1 no Edital para a sele\u00e7\u00e3o de alunos monitores de acordo com as vagas existentes.<\/p>\r\n<p>Art. 24\u00ba - Caber\u00e1 ao CEPE, no in\u00edcio de cada ano, fixar o valor da bolsa dentro dos limites m\u00e1ximo e m\u00ednimo estabelecidos pelo MEC.<\/p>\r\n<p>Art. 25\u00ba - Estas normas foram aprovadas pelo Conselho de \u00c1rea do Ensino de 2\u00ba Grau e entram em vigor a partir do dia 16 de mar\u00e7o de 1984.<\/p>\r\n<p>GABINETE DO REITOR DA UNIVERSIDADE FEDERAL DE SANTA MARIA, aos vinte e oito dias do m\u00eas de setembro de mil novecentos e oitenta e quatro.<\/p>\r\n<\/div>\r\n<p>Prof. ARMANDO VALLANDRO,<\/p>\r\n<p>Reitor.<\/p>\r\n<p><font color=\"red0000\">Este texto n\u00e3o substitui o documento original, publicado no Portal de Documentos.<\/font> Dispon\u00edvel em: <a href=\"https:\/\/portal.ufsm.br\/documentos\/publico\/documento.html?id=5761674\" target=\"_blank\"><font color=\"blue\">https:\/\/portal.ufsm.br\/documentos\/publico\/documento.html?id=5761674<\/font><\/a>\r\n\r\n\t\t<\/div>\n\t\t\t\t<\/div>\n\t\t\t\t\t<\/div>\n\t\t<\/div>\n\t\t\t\t\t<\/div>\n\t\t<\/section>\n\t\t\t\t<\/div>\n\t\t","protected":false},"excerpt":{"rendered":"<p>RESOLU\u00c7\u00c3O N. 013\/1984 SERVI\u00c7O P\u00daBLICO FEDERAL RESOLU\u00c7\u00c3O N. 013\/1984 O REITOR DA UNIVERSIDADE FEDERAL DE SANTA MARIA, no uso de suas atribui\u00e7\u00f5es legais e estatut\u00e1rias, e tendo em vista o que consta do Processo n\u00ba 010933\/83-5, aprovado pela Coordenadoria de Ensino de 2\u00ba Grau, RESOLVE: Fixar normas para o exerc\u00edcio nas fun\u00e7\u00f5es de alunos monitores [&hellip;]<\/p>\n","protected":false},"author":205,"featured_media":0,"parent":0,"menu_order":0,"comment_status":"closed","ping_status":"closed","template":"","meta":{"footnotes":""},"categories":[],"tags":[],"class_list":["post-3683","page","type-page","status-publish","hentry"],"acf":[],"_links":{"self":[{"href":"https:\/\/www.ufsm.br\/pro-reitorias\/proplan\/wp-json\/wp\/v2\/pages\/3683","targetHints":{"allow":["GET"]}}],"collection":[{"href":"https:\/\/www.ufsm.br\/pro-reitorias\/proplan\/wp-json\/wp\/v2\/pages"}],"about":[{"href":"https:\/\/www.ufsm.br\/pro-reitorias\/proplan\/wp-json\/wp\/v2\/types\/page"}],"author":[{"embeddable":true,"href":"https:\/\/www.ufsm.br\/pro-reitorias\/proplan\/wp-json\/wp\/v2\/users\/205"}],"replies":[{"embeddable":true,"href":"https:\/\/www.ufsm.br\/pro-reitorias\/proplan\/wp-json\/wp\/v2\/comments?post=3683"}],"version-history":[{"count":0,"href":"https:\/\/www.ufsm.br\/pro-reitorias\/proplan\/wp-json\/wp\/v2\/pages\/3683\/revisions"}],"wp:attachment":[{"href":"https:\/\/www.ufsm.br\/pro-reitorias\/proplan\/wp-json\/wp\/v2\/media?parent=3683"}],"wp:term":[{"taxonomy":"category","embeddable":true,"href":"https:\/\/www.ufsm.br\/pro-reitorias\/proplan\/wp-json\/wp\/v2\/categories?post=3683"},{"taxonomy":"post_tag","embeddable":true,"href":"https:\/\/www.ufsm.br\/pro-reitorias\/proplan\/wp-json\/wp\/v2\/tags?post=3683"}],"curies":[{"name":"wp","href":"https:\/\/api.w.org\/{rel}","templated":true}]}}